{"id":5158,"date":"2023-04-04T22:03:35","date_gmt":"2023-04-04T22:03:35","guid":{"rendered":"https:\/\/paxspain.com\/product\/flex-u-2-650-pivotante-momento-ii\/"},"modified":"2026-02-26T18:57:35","modified_gmt":"2026-02-26T17:57:35","slug":"flex-u-2-650-pivotante-momento-ii","status":"publish","type":"product","link":"https:\/\/paxspain.com\/pt-pt\/produto\/flex-u-2-650-pivotante-momento-ii\/","title":{"rendered":"Flex U 2\/650 Momento II"},"content":{"rendered":"<p data-start=\"2070\" data-end=\"2414\">O <strong data-start=\"2074\" data-end=\"2114\">PAX Flex U 2 650 Basculante Momento II<\/strong> \u00e9 um toalheiro aquecido moderno, concebido para o uso di\u00e1rio na casa de banho. Com dois bra\u00e7os em U de 650 mm, este modelo permite que cada bra\u00e7o bascule de forma independente. Este design simples, mas eficaz, melhora a circula\u00e7\u00e3o de ar \u00e0 volta das toalhas, ajudando-as a secar mais depressa e de forma mais uniforme do que em toalheiros fixos. Os bra\u00e7os basculantes tamb\u00e9m facilitam colocar e retirar as toalhas, especialmente em casas de banho compactas onde o espa\u00e7o \u00e9 limitado.   <\/p>\n<p data-start=\"2575\" data-end=\"2831\">O <strong>sistema de controlo Momento II<\/strong> integrado d\u00e1-lhe controlo preciso sobre quando e durante quanto tempo o toalheiro aquece. Pode utilizar o toalheiro manualmente ou lig\u00e1-lo \u00e0 app PAX Connect para criar hor\u00e1rios que se ajustam \u00e0 sua rotina. Defina ciclos curtos de secagem ap\u00f3s o duche ou programe o toalheiro para aquecer as toalhas de manh\u00e3 e \u00e0 noite! Aquecer apenas quando necess\u00e1rio ajuda a evitar consumos de energia desnecess\u00e1rios, mantendo as toalhas confort\u00e1veis e secas.   <\/p>\n<p data-start=\"3085\" data-end=\"3381\">Este toalheiro aquecido destina-se a instala\u00e7\u00e3o mural em casas de banho. O seu perfil fino mant\u00e9m o toalheiro pr\u00f3ximo da parede, preservando um aspeto limpo e organizado. A orienta\u00e7\u00e3o de montagem flex\u00edvel permite a instala\u00e7\u00e3o em qualquer um dos lados, facilitando o posicionamento junto de equipamentos existentes.  <\/p>\n<p data-start=\"3383\" data-end=\"3517\">O design privilegia a praticidade do dia a dia em vez da decora\u00e7\u00e3o, tornando-o adequado tanto para interiores de casa de banho modernos como cl\u00e1ssicos.<\/p>\n<p><strong>Informa\u00e7\u00e3o do Produto:<\/strong><\/p>\n<p>N\u00famero de artigo<br \/>\n26-1019<\/p>\n<p>Alimenta\u00e7\u00e3o el\u00e9ctrica Fase<br \/>\n1-Fase<\/p>\n<p>Prote\u00e7\u00e3o IP<br \/>\nIP 44<\/p>\n<p>Classe de Isolamento<br \/>\nII<\/p>\n<p>Material<br \/>\nA\u00e7o inoxid\u00e1vel, pl\u00e1stico<\/p>\n<p>Largura (mm)<br \/>\n654<\/p>\n<p>Profundidade (mm)<br \/>\n112<\/p>\n<p>Altura (mm)<br \/>\n549<\/p>\n<p>Tipo de instala\u00e7\u00e3o<br \/>\nParede<\/p>\n<p>Nome do produto<br \/>\nFlex U 2\/650 basculante Momento II<\/p>\n<p>Consumo de energia (W)<br \/>\n43<\/p>\n<p>Fun\u00e7\u00f5es<br \/>\nFunciona com temporizador, temporizador repetitivo, controlo de pot\u00eancia<\/p>\n<p>Tens\u00e3o de alimenta\u00e7\u00e3o (V)<br \/>\n230V AC<\/p>\n<p>Op\u00e7\u00e3o Sem Fios<br \/>\nBluetooth LE<\/p>\n<p>Detalhe do material pl\u00e1stico<br \/>\nABS<\/p>\n<p>C\u00f3digo Etim<br \/>\nEC003624<\/p>\n<p>EAN 13<br \/>\n7391477610209<\/p>\n","protected":false},"excerpt":{"rendered":"<p>O <strong data-start=\"1392\" data-end=\"1450\">toalheiro aquecido PAX Flex U 2 650 Basculante Momento II<\/strong> foi concebido para casas de banho onde a flexibilidade e o controlo s\u00e3o importantes. Dois bra\u00e7os basculantes de 650 mm permitem que as toalhas fiquem penduradas livremente, melhorando o fluxo de ar e ajudando-as a secar de forma mais uniforme. <\/p>\n<p>O <strong data-start=\"1636\" data-end=\"1656\">temporizador Momento II<\/strong> integrado permite aquecer as toalhas apenas quando necess\u00e1rio, manualmente ou atrav\u00e9s de controlo por app com a PAX Connect. O design limpo e moderno adapta-se a uma vasta gama de estilos de casa de banho, enquanto a posi\u00e7\u00e3o ajust\u00e1vel dos bra\u00e7os facilita a adapta\u00e7\u00e3o \u00e0 sua rotina di\u00e1ria. Um aquecedor de toalhas pr\u00e1tico que oferece calor, conveni\u00eancia e um acabamento mural cuidado.  <\/p>\n","protected":false},"featured_media":4744,"comment_status":"open","ping_status":"closed","template":"","meta":{"_et_pb_use_builder":"","_et_pb_old_content":"","_et_gb_content_width":""},"product_brand":[133],"product_cat":[77],"product_tag":[],"class_list":{"0":"post-5158","1":"product","2":"type-product","3":"status-publish","4":"has-post-thumbnail","6":"product_brand-pax","7":"product_cat-aquecedores-de-toalhas","8":"product_shipping_class-aquecedor-de-toalhas-envio-gratuito","9":"pa_product-type-toalheiro-aquecido","11":"first","12":"instock","13":"taxable","14":"shipping-taxable","15":"purchasable","16":"product-type-simple"},"jetpack_sharing_enabled":true,"_links":{"self":[{"href":"https:\/\/paxspain.com\/pt-pt\/wp-json\/wp\/v2\/product\/5158","targetHints":{"allow":["GET"]}}],"collection":[{"href":"https:\/\/paxspain.com\/pt-pt\/wp-json\/wp\/v2\/product"}],"about":[{"href":"https:\/\/paxspain.com\/pt-pt\/wp-json\/wp\/v2\/types\/product"}],"replies":[{"embeddable":true,"href":"https:\/\/paxspain.com\/pt-pt\/wp-json\/wp\/v2\/comments?post=5158"}],"wp:featuredmedia":[{"embeddable":true,"href":"https:\/\/paxspain.com\/pt-pt\/wp-json\/wp\/v2\/media\/4744"}],"wp:attachment":[{"href":"https:\/\/paxspain.com\/pt-pt\/wp-json\/wp\/v2\/media?parent=5158"}],"wp:term":[{"taxonomy":"product_brand","embeddable":true,"href":"https:\/\/paxspain.com\/pt-pt\/wp-json\/wp\/v2\/product_brand?post=5158"},{"taxonomy":"product_cat","embeddable":true,"href":"https:\/\/paxspain.com\/pt-pt\/wp-json\/wp\/v2\/product_cat?post=5158"},{"taxonomy":"product_tag","embeddable":true,"href":"https:\/\/paxspain.com\/pt-pt\/wp-json\/wp\/v2\/product_tag?post=5158"}],"curies":[{"name":"wp","href":"https:\/\/api.w.org\/{rel}","templated":true}]}}