{"id":5166,"date":"2023-04-04T22:03:55","date_gmt":"2023-04-04T22:03:55","guid":{"rendered":"https:\/\/paxspain.com\/product\/flex-i-6-550-pivotante-momento-ii\/"},"modified":"2026-02-26T18:57:43","modified_gmt":"2026-02-26T17:57:43","slug":"flex-i-6-550-pivotante-momento-ii","status":"publish","type":"product","link":"https:\/\/paxspain.com\/pt-pt\/produto\/flex-i-6-550-pivotante-momento-ii\/","title":{"rendered":"Flex I 6\/550 Momento II"},"content":{"rendered":"<p data-start=\"1998\" data-end=\"2433\">O<strong> aquecedor de toalhas el\u00e9trico PAX Flex I 6\/550 Pivotante Momento II <\/strong>foi concebido para casas onde as toalhas s\u00e3o usadas constantemente. Com seis bra\u00e7os pivotantes, oferece a maior capacidade de secagem da gama Flex I, sendo ideal para casas de banho familiares grandes, espa\u00e7os partilhados ou im\u00f3veis com utiliza\u00e7\u00e3o frequente do duche. Apesar da sua capacidade, mant\u00e9m um perfil fino, montado na parede, que evita sobrecarregar a divis\u00e3o.  <\/p>\n<p data-start=\"1998\" data-end=\"2433\">Cada bra\u00e7o roda de forma independente at\u00e9 180\u00b0, permitindo espa\u00e7ar as toalhas para melhorar a circula\u00e7\u00e3o de ar e acelerar a secagem. Assim, \u00e9 f\u00e1cil secar toalhas de banho, toalhas de m\u00e3os e roup\u00f5es ao mesmo tempo, sem empilhar nem sobrepor. Quando n\u00e3o estiver a ser utilizado, os bra\u00e7os podem ser dobrados de forma organizada contra a parede para reduzir a desordem visual e libertar espa\u00e7o.  <\/p>\n<p data-start=\"1998\" data-end=\"2433\">O sistema de controlo integrado <strong data-start=\"2873\" data-end=\"2903\">Momento II&#x2122;<\/strong> d\u00e1-lhe controlo total sobre os tempos de aquecimento e os n\u00edveis de pot\u00eancia. Com a app PAX via Bluetooth, pode criar hor\u00e1rios que se ajustam \u00e0 sua rotina di\u00e1ria, garantindo toalhas quentes quando necess\u00e1rio, sem que o toalheiro funcione continuamente. Tamb\u00e9m est\u00e1 dispon\u00edvel controlo manual para aquecimento r\u00e1pido, a pedido. O sistema pode ser emparelhado com ventiladores de casa de banho PAX compat\u00edveis para automatizar o aquecimento com base nos n\u00edveis de humidade ap\u00f3s o duche.   <\/p>\n<p data-start=\"1998\" data-end=\"2433\">Concebido especificamente para secar toalhas e n\u00e3o para aquecer a divis\u00e3o, o<strong> toalheiro el\u00e9trico Flex I 6\/550 <\/strong>oferece calor consistente, mantendo-se econ\u00f3mico. Ajuda as toalhas a secarem mais depressa e a manterem-se mais frescas entre utiliza\u00e7\u00f5es, melhorando o conforto di\u00e1rio sem consumo de energia desnecess\u00e1rio. <\/p>\n<p data-start=\"1998\" data-end=\"2433\">Adequado para ambientes h\u00famidos, este toalheiro el\u00e9trico aquecido foi concebido para utiliza\u00e7\u00e3o di\u00e1ria na casa de banho. O formato de montagem na parede mant\u00e9m o ch\u00e3o livre e a instala\u00e7\u00e3o flex\u00edvel \u00e0 esquerda ou \u00e0 direita facilita a integra\u00e7\u00e3o numa vasta gama de layouts de casa de banho. <\/p>\n<p><strong>Informa\u00e7\u00e3o do Produto:<\/strong><\/p>\n<p>N\u00famero de artigo<br \/>\n26-2034<\/p>\n<p>Alimenta\u00e7\u00e3o el\u00e9ctrica Fase<br \/>\n1-Fase<\/p>\n<p>Prote\u00e7\u00e3o IP<br \/>\nIP 44<\/p>\n<p>Classe de Isolamento<br \/>\nII<\/p>\n<p>Material<br \/>\nA\u00e7o inoxid\u00e1vel, pl\u00e1stico<\/p>\n<p>Largura (mm)<br \/>\n559<\/p>\n<p>Profundidade (mm)<br \/>\n112<\/p>\n<p>Altura (mm)<br \/>\n677<\/p>\n<p>Tipo de instala\u00e7\u00e3o<br \/>\nParede<\/p>\n<p>Nome do produto<br \/>\nFlex I 6\/550, pivotante Momento II<\/p>\n<p>Consumo de energia (W)<br \/>\n60<\/p>\n<p>Fun\u00e7\u00f5es<br \/>\nFuncionamento com temporizador, Temporizador repetitivo, Controlo de pot\u00eancia<\/p>\n<p>Tens\u00e3o de alimenta\u00e7\u00e3o (V)<br \/>\n230V AC<\/p>\n<p>Op\u00e7\u00e3o Sem Fios<br \/>\nBluetooth LE<\/p>\n<p>Detalhe do material pl\u00e1stico<br \/>\nABS<\/p>\n<p>C\u00f3digo Etim<br \/>\nEC003624<\/p>\n<p>EAN 13<br \/>\n7391477620147<\/p>\n","protected":false},"excerpt":{"rendered":"<p>O <strong data-start=\"1380\" data-end=\"1420\">toalheiro aquecido PAX Flex I 6\/550 Pivotante Momento II<\/strong> foi concebido para casas de banho onde a capacidade de secagem \u00e9 essencial. Com <strong data-start=\"1505\" data-end=\"1540\">seis bra\u00e7os pivotantes independentes<\/strong>, oferece espa\u00e7o generoso para v\u00e1rias toalhas, mantendo uma presen\u00e7a compacta, montada na parede. O <strong data-start=\"1657\" data-end=\"1678\">temporizador Momento II&#x2122;<\/strong> integrado permite controlar o aquecimento atrav\u00e9s da app PAX ou por opera\u00e7\u00e3o manual simples. Adequado para ambientes de casa de banho e utiliza\u00e7\u00e3o di\u00e1ria, este aquecedor de toalhas el\u00e9trico garante secagem eficiente, utiliza\u00e7\u00e3o flex\u00edvel e conforto fi\u00e1vel para agregados familiares grandes ou casas de banho partilhadas.   <\/p>\n<p>&nbsp;<\/p>\n<ul data-start=\"3969\" data-end=\"4218\">\n<li data-start=\"3969\" data-end=\"4028\">\n<p data-start=\"3971\" data-end=\"4028\">Toalheiro el\u00e9trico aquecido com capacidade m\u00e1xima de secagem<\/p>\n<\/li>\n<li data-start=\"4029\" data-end=\"4079\">\n<p data-start=\"4031\" data-end=\"4079\">Seis bra\u00e7os pivotantes para coloca\u00e7\u00e3o flex\u00edvel das toalhas<\/p>\n<\/li>\n<li data-start=\"4080\" data-end=\"4134\">\n<p data-start=\"4082\" data-end=\"4134\">Temporizador inteligente Momento II com controlo por aplica\u00e7\u00e3o e manual<\/p>\n<\/li>\n<li data-start=\"4135\" data-end=\"4167\">\n<p data-start=\"4137\" data-end=\"4167\">Design compacto de montagem na parede<\/p>\n<\/li>\n<li data-start=\"4168\" data-end=\"4218\">\n<p data-start=\"4170\" data-end=\"4218\">Aquecimento el\u00e9trico eficiente de toalhas para utiliza\u00e7\u00e3o di\u00e1ria<\/p>\n<\/li>\n<\/ul>\n","protected":false},"featured_media":4754,"comment_status":"open","ping_status":"closed","template":"","meta":{"_et_pb_use_builder":"","_et_pb_old_content":"","_et_gb_content_width":""},"product_brand":[133],"product_cat":[77],"product_tag":[],"class_list":{"0":"post-5166","1":"product","2":"type-product","3":"status-publish","4":"has-post-thumbnail","6":"product_brand-pax","7":"product_cat-aquecedores-de-toalhas","8":"pa_product-type-toalheiro-aquecido","10":"first","11":"instock","12":"taxable","13":"shipping-taxable","14":"purchasable","15":"product-type-simple"},"jetpack_sharing_enabled":true,"_links":{"self":[{"href":"https:\/\/paxspain.com\/pt-pt\/wp-json\/wp\/v2\/product\/5166","targetHints":{"allow":["GET"]}}],"collection":[{"href":"https:\/\/paxspain.com\/pt-pt\/wp-json\/wp\/v2\/product"}],"about":[{"href":"https:\/\/paxspain.com\/pt-pt\/wp-json\/wp\/v2\/types\/product"}],"replies":[{"embeddable":true,"href":"https:\/\/paxspain.com\/pt-pt\/wp-json\/wp\/v2\/comments?post=5166"}],"wp:featuredmedia":[{"embeddable":true,"href":"https:\/\/paxspain.com\/pt-pt\/wp-json\/wp\/v2\/media\/4754"}],"wp:attachment":[{"href":"https:\/\/paxspain.com\/pt-pt\/wp-json\/wp\/v2\/media?parent=5166"}],"wp:term":[{"taxonomy":"product_brand","embeddable":true,"href":"https:\/\/paxspain.com\/pt-pt\/wp-json\/wp\/v2\/product_brand?post=5166"},{"taxonomy":"product_cat","embeddable":true,"href":"https:\/\/paxspain.com\/pt-pt\/wp-json\/wp\/v2\/product_cat?post=5166"},{"taxonomy":"product_tag","embeddable":true,"href":"https:\/\/paxspain.com\/pt-pt\/wp-json\/wp\/v2\/product_tag?post=5166"}],"curies":[{"name":"wp","href":"https:\/\/api.w.org\/{rel}","templated":true}]}}