{"id":5169,"date":"2023-04-04T22:03:57","date_gmt":"2023-04-04T22:03:57","guid":{"rendered":"https:\/\/paxspain.com\/product\/flex-i-5-550-pivotante-momento-ii\/"},"modified":"2026-02-26T18:57:50","modified_gmt":"2026-02-26T17:57:50","slug":"flex-i-5-550-pivotante-momento-ii","status":"publish","type":"product","link":"https:\/\/paxspain.com\/pt-pt\/produto\/flex-i-5-550-pivotante-momento-ii\/","title":{"rendered":"Flex I 5\/550 Momento II"},"content":{"rendered":"<p data-start=\"1964\" data-end=\"2347\">O <strong>PAX Flex I 5\/550 Girat\u00f3rio Momento II<\/strong> \u00e9 ideal para casas de banho familiares, espa\u00e7os partilhados ou casas com elevada utiliza\u00e7\u00e3o de toalhas. Ao adicionar um quinto bra\u00e7o girat\u00f3rio, maximiza a capacidade de secagem sem aumentar a desordem na parede. Apesar da maior capacidade, o toalheiro mant\u00e9m um perfil fino, de montagem na parede, adequado tanto para casas de banho grandes como compactas.  <\/p>\n<p data-start=\"1964\" data-end=\"2347\">Cada bra\u00e7o roda de forma independente at\u00e9 180\u00b0, permitindo espa\u00e7ar as toalhas de forma uniforme para melhorar o fluxo de ar e acelerar a secagem. Esta flexibilidade facilita secar toalhas de banho, toalhas de m\u00e3os e roup\u00f5es ao mesmo tempo. Quando o toalheiro n\u00e3o est\u00e1 a ser utilizado, os bra\u00e7os podem ser dobrados de forma organizada contra a parede para reduzir o impacto visual e libertar espa\u00e7o.  <\/p>\n<p data-start=\"1964\" data-end=\"2347\">O sistema de controlo <strong data-start=\"2778\" data-end=\"2808\">Momento II&#x2122;<\/strong> integrado oferece controlo preciso dos tempos de aquecimento e dos n\u00edveis de pot\u00eancia. Utilize a app PAX via Bluetooth para definir hor\u00e1rios que se ajustem \u00e0 sua rotina di\u00e1ria, garantindo toalhas quentes quando necess\u00e1rio sem o toalheiro a funcionar o dia todo. Tamb\u00e9m est\u00e1 dispon\u00edvel controlo manual para um aquecimento simples e imediato. O sistema pode ser emparelhado com ventiladores de casa de banho PAX compat\u00edveis para automatizar o aquecimento com base nos n\u00edveis de humidade.   <\/p>\n<p data-start=\"1964\" data-end=\"2347\">Concebido especificamente para secar toalhas e n\u00e3o para aquecer a divis\u00e3o, o<strong> aquecedor de toalhas el\u00e9trico Flex I 5\/550<\/strong> fornece um calor est\u00e1vel e consistente com um consumo de energia moderado. Ajuda as toalhas a secarem mais depressa e a manterem-se mais frescas entre utiliza\u00e7\u00f5es, melhorando o conforto e mantendo os custos de funcionamento sob controlo. <\/p>\n<p data-start=\"1964\" data-end=\"2347\">Adequado para ambientes h\u00famidos, este toalheiro el\u00e9trico aquecido foi concebido para utiliza\u00e7\u00e3o di\u00e1ria na casa de banho. O formato de montagem na parede mant\u00e9m o ch\u00e3o livre e a instala\u00e7\u00e3o flex\u00edvel \u00e0 esquerda ou \u00e0 direita facilita a integra\u00e7\u00e3o numa ampla variedade de layouts de casa de banho. <\/p>\n<p><strong>Informa\u00e7\u00e3o do Produto:<\/strong><\/p>\n<p>N\u00famero de artigo<br \/>\n26-2033<\/p>\n<p>Alimenta\u00e7\u00e3o el\u00e9ctrica Fase<br \/>\n1-Fase<\/p>\n<p>Prote\u00e7\u00e3o IP<br \/>\nIP 44<\/p>\n<p>Classe de Isolamento<br \/>\nII<\/p>\n<p>Material<br \/>\nA\u00e7o inoxid\u00e1vel, pl\u00e1stico<\/p>\n<p>Largura (mm)<br \/>\n559<\/p>\n<p>Profundidade (mm)<br \/>\n112<\/p>\n<p>Altura (mm)<br \/>\n588<\/p>\n<p>Tipo de instala\u00e7\u00e3o<br \/>\nParede<\/p>\n<p>Nome do produto<br \/>\nFlex I 5\/550, girat\u00f3rio Momento II<\/p>\n<p>Consumo de energia (W)<br \/>\n50<\/p>\n<p>Fun\u00e7\u00f5es<br \/>\nFuncionamento com temporizador, Temporizador repetitivo, Controlo de pot\u00eancia<\/p>\n<p>Tens\u00e3o de alimenta\u00e7\u00e3o (V)<br \/>\n230V AC<\/p>\n<p>Op\u00e7\u00e3o Sem Fios<br \/>\nBluetooth LE<\/p>\n<p>Detalhe do material pl\u00e1stico<br \/>\nABS<\/p>\n<p>C\u00f3digo Etim<br \/>\nEC003624<\/p>\n<p>EAN 13<br \/>\n7391477620130<\/p>\n","protected":false},"excerpt":{"rendered":"<p>O toalheiro aquecido <strong data-start=\"1386\" data-end=\"1426\">PAX Flex I 5\/550 Girat\u00f3rio Momento II<\/strong> foi concebido para casas de banho onde a capacidade de secagem \u00e9 uma prioridade. Com <strong data-start=\"1513\" data-end=\"1549\">cinco bra\u00e7os girat\u00f3rios independentes<\/strong>, oferece espa\u00e7o generoso para v\u00e1rias toalhas, mantendo uma pegada compacta, de montagem na parede. O <strong data-start=\"1660\" data-end=\"1681\">temporizador Momento II&#x2122;<\/strong> integrado permite uma programa\u00e7\u00e3o precisa atrav\u00e9s da app PAX ou um simples controlo manual. Adequado para ambientes de casa de banho e para utiliza\u00e7\u00e3o di\u00e1ria, este aquecedor de toalhas el\u00e9trico proporciona secagem eficiente, utiliza\u00e7\u00e3o flex\u00edvel e conforto fi\u00e1vel para agregados familiares movimentados.   <\/p>\n<p>&nbsp;<\/p>\n<ul>\n<li data-start=\"3861\" data-end=\"3920\">\n<p data-start=\"3863\" data-end=\"3920\">Toalheiro el\u00e9trico aquecido com capacidade m\u00e1xima de secagem<\/p>\n<\/li>\n<li data-start=\"3921\" data-end=\"3972\">\n<p data-start=\"3923\" data-end=\"3972\">Cinco bra\u00e7os girat\u00f3rios para coloca\u00e7\u00e3o flex\u00edvel das toalhas<\/p>\n<\/li>\n<li data-start=\"3973\" data-end=\"4027\">\n<p data-start=\"3975\" data-end=\"4027\">Temporizador inteligente Momento II com controlo por aplica\u00e7\u00e3o e manual<\/p>\n<\/li>\n<li data-start=\"4028\" data-end=\"4060\">\n<p data-start=\"4030\" data-end=\"4060\">Design compacto de montagem na parede<\/p>\n<\/li>\n<li data-start=\"4061\" data-end=\"4111\">\n<p data-start=\"4063\" data-end=\"4111\">Aquecimento el\u00e9trico eficiente de toalhas para utiliza\u00e7\u00e3o di\u00e1ria<\/p>\n<\/li>\n<\/ul>\n","protected":false},"featured_media":4756,"comment_status":"open","ping_status":"closed","template":"","meta":{"_et_pb_use_builder":"","_et_pb_old_content":"","_et_gb_content_width":""},"product_brand":[133],"product_cat":[77],"product_tag":[],"class_list":{"0":"post-5169","1":"product","2":"type-product","3":"status-publish","4":"has-post-thumbnail","6":"product_brand-pax","7":"product_cat-aquecedores-de-toalhas","8":"product_shipping_class-aquecedor-de-toalhas-envio-gratuito","9":"pa_product-type-toalheiro-aquecido","11":"first","12":"instock","13":"taxable","14":"shipping-taxable","15":"purchasable","16":"product-type-simple"},"jetpack_sharing_enabled":true,"_links":{"self":[{"href":"https:\/\/paxspain.com\/pt-pt\/wp-json\/wp\/v2\/product\/5169","targetHints":{"allow":["GET"]}}],"collection":[{"href":"https:\/\/paxspain.com\/pt-pt\/wp-json\/wp\/v2\/product"}],"about":[{"href":"https:\/\/paxspain.com\/pt-pt\/wp-json\/wp\/v2\/types\/product"}],"replies":[{"embeddable":true,"href":"https:\/\/paxspain.com\/pt-pt\/wp-json\/wp\/v2\/comments?post=5169"}],"wp:featuredmedia":[{"embeddable":true,"href":"https:\/\/paxspain.com\/pt-pt\/wp-json\/wp\/v2\/media\/4756"}],"wp:attachment":[{"href":"https:\/\/paxspain.com\/pt-pt\/wp-json\/wp\/v2\/media?parent=5169"}],"wp:term":[{"taxonomy":"product_brand","embeddable":true,"href":"https:\/\/paxspain.com\/pt-pt\/wp-json\/wp\/v2\/product_brand?post=5169"},{"taxonomy":"product_cat","embeddable":true,"href":"https:\/\/paxspain.com\/pt-pt\/wp-json\/wp\/v2\/product_cat?post=5169"},{"taxonomy":"product_tag","embeddable":true,"href":"https:\/\/paxspain.com\/pt-pt\/wp-json\/wp\/v2\/product_tag?post=5169"}],"curies":[{"name":"wp","href":"https:\/\/api.w.org\/{rel}","templated":true}]}}