{"id":5173,"date":"2023-04-04T22:03:57","date_gmt":"2023-04-04T22:03:57","guid":{"rendered":"https:\/\/paxspain.com\/product\/flex-i-4-550-pivotante-momento-ii\/"},"modified":"2026-02-26T18:57:48","modified_gmt":"2026-02-26T17:57:48","slug":"flex-i-4-550-pivotante-momento-ii","status":"publish","type":"product","link":"https:\/\/paxspain.com\/pt-pt\/produto\/flex-i-4-550-pivotante-momento-ii\/","title":{"rendered":"Flex I 4\/550 Momento II"},"content":{"rendered":"<p data-start=\"1984\" data-end=\"2369\">O PAX Flex I 4\/550 Girat\u00f3rio Momento II \u00e9 ideal para casas de banho familiares ou habita\u00e7\u00f5es onde \u00e9 necess\u00e1rio secar v\u00e1rias toalhas ao mesmo tempo. Ao adicionar um quarto bra\u00e7o girat\u00f3rio, maximiza o espa\u00e7o \u00fatil de secagem sem aumentar a \u00e1rea total ocupada pelo toalheiro. O resultado \u00e9 um toalheiro aquecido inteligente, compacto e pensado para a rotina di\u00e1ria.  <\/p>\n<p data-start=\"1984\" data-end=\"2369\">Cada um dos quatro bra\u00e7os roda de forma independente at\u00e9 180\u00b0, permitindo espa\u00e7ar as toalhas para melhorar a circula\u00e7\u00e3o de ar e acelerar a secagem. Quando n\u00e3o est\u00e1 a ser utilizado, os bra\u00e7os podem ser dobrados de forma discreta junto \u00e0 parede, mantendo a casa de banho arrumada e sem desordem. Este design girat\u00f3rio tamb\u00e9m facilita pendurar e retirar as toalhas, mesmo com o toalheiro totalmente carregado.  <\/p>\n<p data-start=\"1984\" data-end=\"2369\">O sistema de controlo integrado <strong data-start=\"2818\" data-end=\"2848\">Momento II&#x2122;<\/strong> oferece-lhe controlo preciso dos tempos de aquecimento e dos n\u00edveis de pot\u00eancia. Com a app PAX via Bluetooth, pode criar hor\u00e1rios que se ajustam \u00e0 sua rotina di\u00e1ria, garantindo toalhas quentes quando necess\u00e1rio, sem consumo de energia desnecess\u00e1rio. Tamb\u00e9m est\u00e1 dispon\u00edvel controlo manual para uma utiliza\u00e7\u00e3o simples e imediata. O sistema pode ser emparelhado com ventiladores de casa de banho PAX compat\u00edveis para automatizar o aquecimento com base nos n\u00edveis de humidade.   <\/p>\n<p data-start=\"1984\" data-end=\"2369\">Concebido especificamente para secar toalhas e n\u00e3o para aquecer o espa\u00e7o, o Flex I 4\/550 proporciona calor consistente, mantendo-se econ\u00f3mico. Ajuda as toalhas a secarem mais depressa e a manterem-se mais frescas entre utiliza\u00e7\u00f5es, melhorando o conforto sem custos energ\u00e9ticos desnecess\u00e1rios. <\/p>\n<p data-start=\"1984\" data-end=\"2369\">Concebido para ambientes h\u00famidos, este toalheiro el\u00e9trico aquecido \u00e9 adequado para instala\u00e7\u00e3o em casas de banho e utiliza\u00e7\u00e3o di\u00e1ria. O formato de montagem na parede mant\u00e9m o ch\u00e3o livre e as op\u00e7\u00f5es de instala\u00e7\u00e3o flex\u00edveis permitem integr\u00e1-lo facilmente numa ampla variedade de layouts de casa de banho. <\/p>\n<p><strong>Informa\u00e7\u00e3o do Produto:<\/strong><\/p>\n<p>N\u00famero de artigo<br \/>\n26-2032<\/p>\n<p>Alimenta\u00e7\u00e3o el\u00e9ctrica Fase<br \/>\n1-Fase<\/p>\n<p>Prote\u00e7\u00e3o IP<br \/>\nIP 44<\/p>\n<p>Classe de Isolamento<br \/>\nII<\/p>\n<p>Material<br \/>\nA\u00e7o inoxid\u00e1vel, pl\u00e1stico<\/p>\n<p>Largura (mm)<br \/>\n559<\/p>\n<p>Profundidade (mm)<br \/>\n112<\/p>\n<p>Altura (mm)<br \/>\n500<\/p>\n<p>Tipo de instala\u00e7\u00e3o<br \/>\nParede<\/p>\n<p>Nome do produto<br \/>\nFlex I 4\/550 girat\u00f3rio Momento II<\/p>\n<p>Consumo de energia (W)<br \/>\n40<\/p>\n<p>Fun\u00e7\u00f5es<br \/>\nFuncionamento com temporizador, Temporizador repetitivo, Controlo de pot\u00eancia<\/p>\n<p>Tens\u00e3o de alimenta\u00e7\u00e3o (V)<br \/>\n230V AC<\/p>\n<p>Op\u00e7\u00e3o Sem Fios<br \/>\nBluetooth LE<\/p>\n<p>Detalhe do material pl\u00e1stico<br \/>\nABS<\/p>\n<p>C\u00f3digo Etim<br \/>\nEC003624<\/p>\n<p>EAN 13<br \/>\n7391477620123<\/p>\n","protected":false},"excerpt":{"rendered":"<p>O toalheiro aquecido <strong data-start=\"1400\" data-end=\"1440\">PAX Flex I 4\/550 Girat\u00f3rio Momento II<\/strong> foi concebido para casas de banho onde a capacidade de secagem \u00e9 importante. Com <strong data-start=\"1521\" data-end=\"1557\">quatro bra\u00e7os girat\u00f3rios independentes<\/strong>, oferece espa\u00e7o generoso para v\u00e1rias toalhas, mantendo um formato compacto de montagem na parede. O <strong data-start=\"1670\" data-end=\"1691\">temporizador Momento II&#x2122;<\/strong> integrado permite gerir hor\u00e1rios de aquecimento atrav\u00e9s da app PAX ou com um simples controlo manual. Adequado para ambientes de casa de banho e utiliza\u00e7\u00e3o di\u00e1ria, este toalheiro el\u00e9trico aquecido garante secagem eficiente, flexibilidade pr\u00e1tica e conforto fi\u00e1vel.   <\/p>\n<p>&nbsp;<\/p>\n<ul>\n<li data-start=\"3891\" data-end=\"3947\">\n<p data-start=\"3893\" data-end=\"3947\">Toalheiro el\u00e9trico aquecido com elevada capacidade de secagem<\/p>\n<\/li>\n<li data-start=\"3948\" data-end=\"3999\">\n<p data-start=\"3950\" data-end=\"3999\">Quatro bra\u00e7os girat\u00f3rios para coloca\u00e7\u00e3o flex\u00edvel das toalhas<\/p>\n<\/li>\n<li data-start=\"4000\" data-end=\"4054\">\n<p data-start=\"4002\" data-end=\"4054\">Temporizador inteligente Momento II com controlo por aplica\u00e7\u00e3o e manual<\/p>\n<\/li>\n<li data-start=\"4055\" data-end=\"4086\">\n<p data-start=\"4057\" data-end=\"4086\">Design compacto de montagem na parede<\/p>\n<\/li>\n<li data-start=\"4087\" data-end=\"4137\">\n<p data-start=\"4089\" data-end=\"4137\">Aquecimento el\u00e9trico eficiente de toalhas para utiliza\u00e7\u00e3o di\u00e1ria<\/p>\n<\/li>\n<\/ul>\n","protected":false},"featured_media":4758,"comment_status":"open","ping_status":"closed","template":"","meta":{"_et_pb_use_builder":"","_et_pb_old_content":"","_et_gb_content_width":""},"product_brand":[133],"product_cat":[77],"product_tag":[],"class_list":{"0":"post-5173","1":"product","2":"type-product","3":"status-publish","4":"has-post-thumbnail","6":"product_brand-pax","7":"product_cat-aquecedores-de-toalhas","8":"product_shipping_class-aquecedor-de-toalhas-envio-gratuito","9":"pa_product-type-toalheiro-aquecido","11":"first","12":"instock","13":"taxable","14":"shipping-taxable","15":"purchasable","16":"product-type-simple"},"jetpack_sharing_enabled":true,"_links":{"self":[{"href":"https:\/\/paxspain.com\/pt-pt\/wp-json\/wp\/v2\/product\/5173","targetHints":{"allow":["GET"]}}],"collection":[{"href":"https:\/\/paxspain.com\/pt-pt\/wp-json\/wp\/v2\/product"}],"about":[{"href":"https:\/\/paxspain.com\/pt-pt\/wp-json\/wp\/v2\/types\/product"}],"replies":[{"embeddable":true,"href":"https:\/\/paxspain.com\/pt-pt\/wp-json\/wp\/v2\/comments?post=5173"}],"wp:featuredmedia":[{"embeddable":true,"href":"https:\/\/paxspain.com\/pt-pt\/wp-json\/wp\/v2\/media\/4758"}],"wp:attachment":[{"href":"https:\/\/paxspain.com\/pt-pt\/wp-json\/wp\/v2\/media?parent=5173"}],"wp:term":[{"taxonomy":"product_brand","embeddable":true,"href":"https:\/\/paxspain.com\/pt-pt\/wp-json\/wp\/v2\/product_brand?post=5173"},{"taxonomy":"product_cat","embeddable":true,"href":"https:\/\/paxspain.com\/pt-pt\/wp-json\/wp\/v2\/product_cat?post=5173"},{"taxonomy":"product_tag","embeddable":true,"href":"https:\/\/paxspain.com\/pt-pt\/wp-json\/wp\/v2\/product_tag?post=5173"}],"curies":[{"name":"wp","href":"https:\/\/api.w.org\/{rel}","templated":true}]}}