{"id":5176,"date":"2023-04-04T22:04:02","date_gmt":"2023-04-04T22:04:02","guid":{"rendered":"https:\/\/paxspain.com\/product\/tr65-i-momento-ii\/"},"modified":"2026-02-26T18:57:50","modified_gmt":"2026-02-26T17:57:50","slug":"tr65-i-momento-ii","status":"publish","type":"product","link":"https:\/\/paxspain.com\/pt-pt\/produto\/tr65-i-momento-ii\/","title":{"rendered":"TR65 M2 Lite &#8211; A\u00e7o inoxid\u00e1vel"},"content":{"rendered":"<p>O <strong data-start=\"1301\" data-end=\"1322\">TR65 I Momento II<\/strong> \u00e9 um <strong data-start=\"1338\" data-end=\"1359\">toalheiro aquecido<\/strong> el\u00e9trico concebido para proporcionar conforto fi\u00e1vel no dia a dia na casa de banho. Fornece calor consistente para secar e aquecer toalhas de forma eficiente, enquanto o <strong data-start=\"1505\" data-end=\"1525\">temporizador Momento II<\/strong> integrado permite uma opera\u00e7\u00e3o simples a pedido ou programada. Com uma forma limpa e moderna e espa\u00e7amento pr\u00e1tico entre barras, as toalhas s\u00e3o f\u00e1ceis de pendurar e remover. Montado na parede e alimentado eletricamente, este toalheiro aquecido fi\u00e1vel e pr\u00e1tico melhora o conforto sem complicar a sua rotina.   <\/p>\n<p><strong>Informa\u00e7\u00e3o do Produto:<\/strong><\/p>\n<p>N\u00famero de artigo<br \/>\n3515-3<\/p>\n<p>Alimenta\u00e7\u00e3o el\u00e9ctrica Fase<br \/>\n1-Fase<\/p>\n<p>Protec\u00e7\u00e3oIP<br \/>\nIP 44<\/p>\n<p>Classe de Isolamento<br \/>\nII<\/p>\n<p>Material<br \/>\nA\u00e7o inoxid\u00e1vel, pl\u00e1stico<\/p>\n<p>Largura (mm)<br \/>\n494<\/p>\n<p>Profundidade (mm)<br \/>\n112<\/p>\n<p>Altura (mm)<br \/>\n740<\/p>\n<p>Tipo de instala\u00e7\u00e3o<br \/>\nParede<\/p>\n<p>Nome do produto<br \/>\nTR65-i fixo\/pivotante Momento II<\/p>\n<p>Consumo de energia (W)<br \/>\n40<\/p>\n<p>Fun\u00e7\u00f5es<br \/>\nFuncionamento com temporizador, Temporizador repetitivo, Controlo de pot\u00eancia<\/p>\n<p>Tens\u00e3o de alimenta\u00e7\u00e3o (V)<br \/>\n230V AC<\/p>\n<p>Op\u00e7\u00e3o Sem Fios<br \/>\nBluetooth LE<\/p>\n<p>Detalhe do material pl\u00e1stico<br \/>\nABS<\/p>\n<p>C\u00f3digo Etim<br \/>\nEC003624<\/p>\n<p>EAN 13<br \/>\n7391477351768<\/p>\n","protected":false},"excerpt":{"rendered":"<p>Os aquecedores TR s\u00e3o revers\u00edveis, o que te d\u00e1 v\u00e1rias op\u00e7\u00f5es. Podes decidir se queres um sistema fixo ou rotativo. Para uma instala\u00e7\u00e3o fixa na parede, monta com o suporte de montagem extra fornecido. Estes aquecedores de toalhas s\u00e3o revers\u00edveis e podem ser instalados com a liga\u00e7\u00e3o \u00e0 rede el\u00e9ctrica em qualquer canto, o que torna o TR facilmente posicion\u00e1vel em todos os ambientes.<\/p>\n<p>Escolhe entre tr\u00eas larguras, 460, 500 ou 730 mm, todas com uma altura de 750 mm.<\/p>\n<p>TR vem com Momento II&#x2122; instalado para instala\u00e7\u00e3o el\u00e9ctrica oculta.<\/p>\n<p>O temporizador Momento II&#x2122; incorporado pode ser controlado atrav\u00e9s da aplica\u00e7\u00e3o ou manualmente. Atrav\u00e9s da app, tamb\u00e9m \u00e9 poss\u00edvel definir diferentes n\u00edveis de pot\u00eancia, definir hor\u00e1rios em que o secador de toalhas aquece e emparelhar com a ventoinha de casa de banho Pax Norte.  Depois, o aquecedor de toalhas liga-se automaticamente quando o sensor de humidade do ventilador detecta um aumento do n\u00edvel de humidade, por exemplo, quando come\u00e7as a tomar banho.<\/p>\n","protected":false},"featured_media":9265,"comment_status":"open","ping_status":"closed","template":"","meta":{"_et_pb_use_builder":"","_et_pb_old_content":"","_et_gb_content_width":""},"product_brand":[133],"product_cat":[77],"product_tag":[],"class_list":{"0":"post-5176","1":"product","2":"type-product","3":"status-publish","4":"has-post-thumbnail","6":"product_brand-pax","7":"product_cat-aquecedores-de-toalhas","8":"product_shipping_class-aquecedor-de-toalhas-envio-gratuito","9":"pa_product-type-toalheiro-aquecido","11":"first","12":"instock","13":"taxable","14":"shipping-taxable","15":"purchasable","16":"product-type-simple"},"jetpack_sharing_enabled":true,"_links":{"self":[{"href":"https:\/\/paxspain.com\/pt-pt\/wp-json\/wp\/v2\/product\/5176","targetHints":{"allow":["GET"]}}],"collection":[{"href":"https:\/\/paxspain.com\/pt-pt\/wp-json\/wp\/v2\/product"}],"about":[{"href":"https:\/\/paxspain.com\/pt-pt\/wp-json\/wp\/v2\/types\/product"}],"replies":[{"embeddable":true,"href":"https:\/\/paxspain.com\/pt-pt\/wp-json\/wp\/v2\/comments?post=5176"}],"wp:featuredmedia":[{"embeddable":true,"href":"https:\/\/paxspain.com\/pt-pt\/wp-json\/wp\/v2\/media\/9265"}],"wp:attachment":[{"href":"https:\/\/paxspain.com\/pt-pt\/wp-json\/wp\/v2\/media?parent=5176"}],"wp:term":[{"taxonomy":"product_brand","embeddable":true,"href":"https:\/\/paxspain.com\/pt-pt\/wp-json\/wp\/v2\/product_brand?post=5176"},{"taxonomy":"product_cat","embeddable":true,"href":"https:\/\/paxspain.com\/pt-pt\/wp-json\/wp\/v2\/product_cat?post=5176"},{"taxonomy":"product_tag","embeddable":true,"href":"https:\/\/paxspain.com\/pt-pt\/wp-json\/wp\/v2\/product_tag?post=5176"}],"curies":[{"name":"wp","href":"https:\/\/api.w.org\/{rel}","templated":true}]}}