{"id":5180,"date":"2023-04-04T22:18:07","date_gmt":"2023-04-04T20:18:07","guid":{"rendered":"https:\/\/paxspain.com\/product\/intellivent-2-0-preto\/"},"modified":"2026-03-18T17:37:07","modified_gmt":"2026-03-18T16:37:07","slug":"intellivent-2-0-preto","status":"publish","type":"product","link":"https:\/\/paxspain.com\/pt-pt\/produto\/intellivent-2-0-preto\/","title":{"rendered":"Intellivent 2.0 Preto"},"content":{"rendered":"<p data-start=\"2077\" data-end=\"2470\">A ventoinha extratora para casa de banho <strong>Fresh Intellivent 2.0 Preto<\/strong> oferece ventila\u00e7\u00e3o totalmente autom\u00e1tica que responde de forma inteligente \u00e0s condi\u00e7\u00f5es interiores em tempo real. Concebida para casas de banho e zonas h\u00famidas, monitoriza continuamente <strong data-start=\"2293\" data-end=\"2323\">os n\u00edveis de humidade e os odores<\/strong>, ajustando o caudal de ar com precis\u00e3o quando necess\u00e1rio. Isto elimina as d\u00favidas na ventila\u00e7\u00e3o e ajuda a proteger o seu espa\u00e7o de problemas relacionados com a humidade.  <\/p>\n<p data-start=\"2472\" data-end=\"2859\">Ao contr\u00e1rio das ventoinhas extratoras standard que dependem de temporizadores b\u00e1sicos ou interruptores manuais, o Intellivent 2.0 aprende e adapta-se. Os sensores integrados detetam o aumento de humidade de duches ou banhos, bem como odores indesejados, ativando a ventila\u00e7\u00e3o apenas quando necess\u00e1rio. \u00c0 medida que as condi\u00e7\u00f5es normalizam, a ventoinha reduz automaticamente o caudal de ar, apoiando um funcionamento energeticamente eficiente sem comprometer a qualidade do ar.  <\/p>\n<p data-start=\"2861\" data-end=\"3143\">Esta abordagem de controlo inteligente ajuda a minimizar <strong data-start=\"2904\" data-end=\"2941\">a condensa\u00e7\u00e3o, o risco de bolor e a humidade<\/strong>, mantendo um ambiente confort\u00e1vel na casa de banho. Como o sistema responde de forma din\u00e2mica, evita a sobreventila\u00e7\u00e3o desnecess\u00e1ria, sendo adequado tanto para utiliza\u00e7\u00e3o frequente como ocasional da casa de banho. <\/p>\n<p data-start=\"3145\" data-end=\"3419\">O <strong>acabamento preto<\/strong> confere \u00e0 ventoinha extratora <strong>Intellivent 2.0<\/strong> um aspeto atrativo que complementa interiores modernos, oferecendo uma alternativa \u00e0s ventoinhas extratoras brancas tradicionais. A instala\u00e7\u00e3o \u00e9 simples em configura\u00e7\u00f5es standard de ventila\u00e7\u00e3o de casa de banho e, uma vez instalada, a ventoinha funciona praticamente em segundo plano. N\u00e3o \u00e9 necess\u00e1rio ajustar defini\u00e7\u00f5es diariamente, pois o Intellivent 2.0 gere automaticamente as altera\u00e7\u00f5es nos n\u00edveis de humidade e odores, tornando-o ideal para agregados familiares que pretendem uma ventila\u00e7\u00e3o fi\u00e1vel com o m\u00ednimo de interven\u00e7\u00e3o do utilizador.  <\/p>\n<p data-start=\"3765\" data-end=\"3790\"><strong data-start=\"3765\" data-end=\"3790\">Os principais benef\u00edcios incluem:<\/strong><\/p>\n<ul data-start=\"3791\" data-end=\"4152\">\n<li data-start=\"3791\" data-end=\"3881\">\n<p data-start=\"3793\" data-end=\"3881\"><strong data-start=\"3793\" data-end=\"3817\">Funcionamento autom\u00e1tico:<\/strong> Responde a altera\u00e7\u00f5es de humidade e odores sem controlo manual<\/p>\n<\/li>\n<li data-start=\"3882\" data-end=\"3943\">\n<p data-start=\"3884\" data-end=\"3943\"><strong data-start=\"3884\" data-end=\"3908\">Sensores inteligentes:<\/strong> Ajusta o caudal de ar apenas quando necess\u00e1rio<\/p>\n<\/li>\n<li data-start=\"3944\" data-end=\"4014\">\n<p data-start=\"3946\" data-end=\"4014\"><strong data-start=\"3946\" data-end=\"3969\">Ajuda a prevenir humidade:<\/strong> Reduz a condensa\u00e7\u00e3o e acumula\u00e7\u00e3o de humidade<\/p>\n<\/li>\n<li data-start=\"4015\" data-end=\"4087\">\n<p data-start=\"4017\" data-end=\"4087\"><strong data-start=\"4017\" data-end=\"4050\">Desempenho silencioso e eficiente:<\/strong> Adequado para utiliza\u00e7\u00e3o di\u00e1ria na casa de banho<\/p>\n<\/li>\n<li data-start=\"4088\" data-end=\"4152\">\n<p data-start=\"4090\" data-end=\"4152\"><strong data-start=\"4090\" data-end=\"4114\">Acabamento preto moderno:<\/strong> Concebido para interiores contempor\u00e2neos<\/p>\n<\/li>\n<\/ul>\n<p data-start=\"4154\" data-end=\"4346\">A ventoinha extratora para casa de banho <strong data-start=\"4158\" data-end=\"4183\">Intellivent 2.0 Preto<\/strong> \u00e9 uma solu\u00e7\u00e3o fi\u00e1vel, de instalar e esquecer, para manter casas de banho frescas e secas.<\/p>\n<p><strong>Informa\u00e7\u00e3o do Produto:<\/strong><\/p>\n<p>N\u00famero do artigo<br \/>\n197278<\/p>\n<p>Alimenta\u00e7\u00e3o el\u00e9ctrica Fase<br \/>\n1-Fase<\/p>\n<p>Prote\u00e7\u00e3o IP<br \/>\nIP 44<\/p>\n<p>Classe de Isolamento<br \/>\nII<\/p>\n<p>Capacidade m\u00e1xima (m3\/h)<br \/>\n134<\/p>\n<p>N\u00edvel de press\u00e3o sonora 3m dB(A)<br \/>\n21<\/p>\n<p>Material<br \/>\nPl\u00e1stico<\/p>\n<p>Press\u00e3o m\u00e1xima (Pa)<br \/>\n33<\/p>\n<p>Largura (mm)<br \/>\n202<\/p>\n<p>Profundidade (mm)<br \/>\n64<\/p>\n<p>Altura (mm)<br \/>\n152<\/p>\n<p>Tipo de instala\u00e7\u00e3o<br \/>\nHorizontal, Vertical<\/p>\n<p>Nome do produto<br \/>\nIntellivent 2.0 preto Exp<\/p>\n<p>Consumo de energia (W)<br \/>\n5.5<\/p>\n<p>Fun\u00e7\u00f5es<br \/>\nHumidstato inteligente, temporizador de atraso, temporizador de funcionamento, corda de puxar, volume constante, interrutor ativo<\/p>\n<p>Tens\u00e3o de alimenta\u00e7\u00e3o (V)<br \/>\n100 V CA, 110 V CA, 230 V CA<\/p>\n<p>Tipo de Motor<br \/>\nEC<\/p>\n<p>Detalhe do material pl\u00e1stico<br \/>\nABS<\/p>\n<p>C\u00f3digo Etim<br \/>\nEC001141<\/p>\n<p>EAN 13<br \/>\n7318111972783<\/p>\n","protected":false},"excerpt":{"rendered":"<p>O Intellivent\u00ae 2.0\u2014conhecido nalguns mercados como IQ\u2014est\u00e1 dispon\u00edvel em branco e preto como padr\u00e3o, v\u00e1rias outras cores de tampa frontal est\u00e3o dispon\u00edveis como extras. Pode ser instalado em canais de 100 e 125 di\u00e2metros, est\u00e1 inclu\u00eddo um adaptador de liga\u00e7\u00e3o para ambas as dimens\u00f5es. Adequado para montagem na parede e no teto.<\/p>\n<p>Um modelo &#8211; todas as fun\u00e7\u00f5es<br \/>\nN\u00e3o podia ser mais simples para o eletricista. O Intellivent\u00ae 2.0 est\u00e1 dispon\u00edvel apenas num design, repleto de funcionalidades. Quatro pontos de ancoragem e quatro entradas de cabos garantem uma instala\u00e7\u00e3o flex\u00edvel.<\/p>\n<p>Controlo de humidade inteligente e autoajust\u00e1vel<br \/>\nO Intellivent\u00ae 2.0 inclui um sistema de controlo avan\u00e7ado com v\u00e1rias fun\u00e7\u00f5es. Controlo de humidade totalmente autom\u00e1tico, o que significa que a ventoinha aprende os h\u00e1bitos de cada fam\u00edlia.<\/p>\n<p>\u00d8100 e \u00d8125 na mesma ventoinha<br \/>\nO Intellivent\u00ae 2.0 pode ser ligado a condutas de extra\u00e7\u00e3o de ar com um di\u00e2metro de<br \/>\n98-100mm ou 118-125mm, utilizando os dois adaptadores fornecidos com a ventoinha.<br \/>\nO adaptador para a conduta de 125mm aumenta a capacidade e reduz ainda mais o n\u00edvel<br \/>\nde ru\u00eddo.<\/p>\n<p>Silencioso e potente<br \/>\nO Intellivent\u00ae 2.0 \u00e9 percecionado como muito silencioso, com apenas 21 dB, e tem uma elevada capacidade de press\u00e3o.<\/p>\n<p>F\u00e1cil de limpar<br \/>\nO Intellivent\u00ae 2.0 \u00e9 f\u00e1cil de limpar. Exceto que o ventilador est\u00e1 equipado com uma fun\u00e7\u00e3o &#8220;swing out&#8221; &#8211; que permite o livre acesso ao canal, a roda m\u00f3vel pode ser facilmente removida para limpeza.<\/p>\n<p>Mais funcionalidades inteligentes<br \/>\nFun\u00e7\u00e3o r\u00e1pida para um funcionamento constante. Escolhe facilmente entre a fun\u00e7\u00e3o de temporizador e o funcionamento constante com o toque de um bot\u00e3o. Outra solu\u00e7\u00e3o inteligente \u00e9 a fun\u00e7\u00e3o de circula\u00e7\u00e3o autom\u00e1tica que mant\u00e9m a casa de banho fresca mesmo quando n\u00e3o est\u00e1 ningu\u00e9m em casa.<\/p>\n<p>Longa vida \u00fatil<br \/>\nO motor \u00e9 uma unidade de baixo consumo de energia equipada com rolamentos de esferas duplos para uma longa vida \u00fatil. Estamos t\u00e3o confiantes na qualidade do Intellivent\u00ae 2.0 que oferecemos uma garantia de cinco anos.<\/p>\n<p><a href=\"https:\/\/paxspain.com\/wp-content\/uploads\/2023\/04\/Intellivent-2-Product-Sheet.pdf\">Transfere a ficha de produto do Intellivent 2.0<\/a><br \/>\n<a href=\"https:\/\/paxspain.com\/wp-content\/uploads\/2023\/04\/Folder-Intellivent-2.0-EN.pdf\">Descarregar Cat\u00e1logo Intellivent 2.0 &#8211; Ingl\u00eas<\/a><br \/>\n<a href=\"https:\/\/paxspain.com\/wp-content\/uploads\/2023\/04\/Logo-Espanol-VENTILAIR-2.0-.pdf\">Descarregar Cat\u00e1logo Intellivent 2.0 &#8211; Espanhol<\/a><br \/>\n<a href=\"https:\/\/paxspain.com\/wp-content\/uploads\/2023\/04\/Manual-Bathroom-fan-Intellivent-2.0-Exp.pdf\">Descarrega o manual do Intellivent 2.0<\/a><\/p>\n<p><iframe loading=\"lazy\" title=\"Intellivent 2.0 - Mais silencioso, mais forte, mais inteligente\" src=\"https:\/\/www.youtube.com\/embed\/uzZuVe1IKg0\" width=\"560\" height=\"315\" frameborder=\"0\" allowfullscreen=\"allowfullscreen\"><\/iframe><\/p>\n<p>&nbsp;<\/p>\n","protected":false},"featured_media":4770,"comment_status":"open","ping_status":"closed","template":"","meta":{"_et_pb_use_builder":"","_et_pb_old_content":"","_et_gb_content_width":""},"product_brand":[169],"product_cat":[78,79],"product_tag":[],"class_list":{"0":"post-5180","1":"product","2":"type-product","3":"status-publish","4":"has-post-thumbnail","6":"product_brand-fresh","7":"product_cat-edicao-preta","8":"product_cat-produtos-de-ventilacao","9":"pa_product-type-ventilador-de-casa-de-banho","11":"first","12":"instock","13":"taxable","14":"shipping-taxable","15":"purchasable","16":"product-type-simple"},"jetpack_sharing_enabled":true,"_links":{"self":[{"href":"https:\/\/paxspain.com\/pt-pt\/wp-json\/wp\/v2\/product\/5180","targetHints":{"allow":["GET"]}}],"collection":[{"href":"https:\/\/paxspain.com\/pt-pt\/wp-json\/wp\/v2\/product"}],"about":[{"href":"https:\/\/paxspain.com\/pt-pt\/wp-json\/wp\/v2\/types\/product"}],"replies":[{"embeddable":true,"href":"https:\/\/paxspain.com\/pt-pt\/wp-json\/wp\/v2\/comments?post=5180"}],"wp:featuredmedia":[{"embeddable":true,"href":"https:\/\/paxspain.com\/pt-pt\/wp-json\/wp\/v2\/media\/4770"}],"wp:attachment":[{"href":"https:\/\/paxspain.com\/pt-pt\/wp-json\/wp\/v2\/media?parent=5180"}],"wp:term":[{"taxonomy":"product_brand","embeddable":true,"href":"https:\/\/paxspain.com\/pt-pt\/wp-json\/wp\/v2\/product_brand?post=5180"},{"taxonomy":"product_cat","embeddable":true,"href":"https:\/\/paxspain.com\/pt-pt\/wp-json\/wp\/v2\/product_cat?post=5180"},{"taxonomy":"product_tag","embeddable":true,"href":"https:\/\/paxspain.com\/pt-pt\/wp-json\/wp\/v2\/product_tag?post=5180"}],"curies":[{"name":"wp","href":"https:\/\/api.w.org\/{rel}","templated":true}]}}