{"id":5230,"date":"2023-04-10T23:19:55","date_gmt":"2023-04-10T21:19:55","guid":{"rendered":"https:\/\/paxspain.com\/product\/intellivent-ice\/"},"modified":"2026-03-18T17:37:29","modified_gmt":"2026-03-18T16:37:29","slug":"intellivent-ice","status":"publish","type":"product","link":"https:\/\/paxspain.com\/pt-pt\/produto\/intellivent-ice\/","title":{"rendered":"Intellivent ICE"},"content":{"rendered":"<p data-start=\"2089\" data-end=\"2502\">O extrator de casa de banho <strong data-start=\"2093\" data-end=\"2112\">Intellivent ICE<\/strong> foi concebido para proporcionar uma ventila\u00e7\u00e3o autom\u00e1tica e fi\u00e1vel em ambientes com temperaturas flutuantes ou aquecimento intermitente. Os extratores padr\u00e3o dependem frequentemente de limiares de humidade fixos ou temporizadores simples, que podem ter um desempenho fraco em casas de banho mais frias. O Intellivent ICE resolve este desafio com sensores inteligentes que se adaptam \u00e0s mudan\u00e7as de condi\u00e7\u00f5es.  <\/p>\n<p data-start=\"2504\" data-end=\"2929\">Utilizando <strong data-start=\"2521\" data-end=\"2551\">sensores de humidade e de odores<\/strong> integrados, o Intellivent ICE monitoriza continuamente o ambiente da casa de banho. Em vez de reagir apenas a n\u00edveis de humidade absoluta, interpreta as altera\u00e7\u00f5es ao longo do tempo, permitindo ventilar eficazmente mesmo quando a temperatura ambiente \u00e9 baixa. Isto torna-o especialmente adequado para casas de banho em anexos, casas de banho de visitas, casas de f\u00e9rias e outros espa\u00e7os que n\u00e3o s\u00e3o mantidos quentes durante todo o dia.  <\/p>\n<p data-start=\"2931\" data-end=\"3303\">Quando os n\u00edveis de humidade aumentam durante o duche ou banho, o ventilador aumenta automaticamente o fluxo de ar para remover o excesso de humidade antes que a condensa\u00e7\u00e3o se instale. Se forem detetados odores, a ventila\u00e7\u00e3o \u00e9 ativada sem necessidade de interruptores manuais. Assim que as condi\u00e7\u00f5es estabilizam, o Intellivent ICE reduz automaticamente o fluxo de ar, mantendo o conforto e evitando o consumo desnecess\u00e1rio de energia.  <\/p>\n<p data-start=\"3305\" data-end=\"3593\">Esta abordagem inteligente e autorreguladora ajuda a proteger as casas de banho do <strong data-start=\"3377\" data-end=\"3414\">risco de condensa\u00e7\u00e3o, humidade e bolor<\/strong>, mesmo em ambientes mais frios onde a humidade pode persistir durante mais tempo. Uma vez que a ventoinha s\u00f3 funciona quando necess\u00e1rio, suporta um funcionamento eficiente, mantendo uma boa qualidade do ar interior. <\/p>\n<p data-start=\"3595\" data-end=\"3865\">O design \u00e9 discreto e pr\u00e1tico, tornando-o adequado para uma vasta gama de estilos de casa de banho. Uma vez instalado, o Intellivent ICE requer uma interven\u00e7\u00e3o m\u00ednima do utilizador. N\u00e3o existem ajustes di\u00e1rios ou configura\u00e7\u00f5es complexas a gerir, pois o ventilador adapta-se continuamente em segundo plano.  <\/p>\n<p data-start=\"3867\" data-end=\"3892\"><strong data-start=\"3867\" data-end=\"3892\">Os principais benef\u00edcios incluem:<\/strong><\/p>\n<ul data-start=\"3893\" data-end=\"4260\">\n<li data-start=\"3893\" data-end=\"3972\">\n<p data-start=\"3895\" data-end=\"3972\"><strong data-start=\"3895\" data-end=\"3925\">Otimizada para espa\u00e7os frios:<\/strong> Concebida para casas de banho aquecidas intermitentemente<\/p>\n<\/li>\n<li data-start=\"3973\" data-end=\"4046\">\n<p data-start=\"3975\" data-end=\"4046\"><strong data-start=\"3975\" data-end=\"4016\">Dete\u00e7\u00e3o autom\u00e1tica de humidade e odores:<\/strong> Ventila apenas quando necess\u00e1rio<\/p>\n<\/li>\n<li data-start=\"4047\" data-end=\"4113\">\n<p data-start=\"4049\" data-end=\"4113\"><strong data-start=\"4049\" data-end=\"4072\">Funcionamento adapt\u00e1vel:<\/strong> Responde a altera\u00e7\u00f5es ambientais reais<\/p>\n<\/li>\n<li data-start=\"4114\" data-end=\"4186\">\n<p data-start=\"4116\" data-end=\"4186\"><strong data-start=\"4116\" data-end=\"4139\">Ajuda a evitar a humidade:<\/strong> Controla a humidade antes que a condensa\u00e7\u00e3o se acumule<\/p>\n<\/li>\n<li data-start=\"4187\" data-end=\"4260\">\n<p data-start=\"4189\" data-end=\"4260\"><strong data-start=\"4189\" data-end=\"4220\">Silenciosa e eficiente em termos energ\u00e9ticos:<\/strong> Adequada para uso residencial di\u00e1rio<\/p>\n<\/li>\n<\/ul>\n<p data-start=\"4262\" data-end=\"4449\">A ventoinha de exaust\u00e3o para casa de banho <strong data-start=\"4266\" data-end=\"4285\">IntelliVent ICE<\/strong> \u00e9 uma solu\u00e7\u00e3o fi\u00e1vel para ambientes de casa de banho desafiantes, proporcionando um desempenho de ventila\u00e7\u00e3o inteligente onde as ventoinhas standard ficam aqu\u00e9m.<\/p>\n<p><strong>Informa\u00e7\u00e3o do Produto:<\/strong><\/p>\n<p>N\u00famero de artigo<br \/>\n197406<\/p>\n<p>Alimenta\u00e7\u00e3o el\u00e9ctrica Fase<br \/>\n1-Fase<\/p>\n<p>Protec\u00e7\u00e3oIP<br \/>\nIP 44<\/p>\n<p>Classe de Isolamento<br \/>\nII<\/p>\n<p>Capacidade m\u00e1xima (m3\/h)<br \/>\n140<\/p>\n<p>N\u00edvel de press\u00e3o sonora 3m dB(A)<br \/>\n19<\/p>\n<p>Material<br \/>\nPl\u00e1stico<\/p>\n<p>Press\u00e3o m\u00e1xima (Pa)<br \/>\n57<\/p>\n<p>Largura (mm)<br \/>\n185<\/p>\n<p>Profundidade (mm)<br \/>\n67<\/p>\n<p>Altura (mm)<br \/>\n160<\/p>\n<p>Tipo de instala\u00e7\u00e3o<br \/>\nHorizontal, Vertical<\/p>\n<p>Nome do produto<br \/>\nIntellivent ICE<\/p>\n<p>Consumo de energia (W)<br \/>\n5<\/p>\n<p>Fun\u00e7\u00f5es<br \/>\nHumidstato inteligente, sensor de luz, sensor de odores, temporizador de atraso, temporizador de funcionamento, volume constante, interrutor ativo<\/p>\n<p>Tens\u00e3o de alimenta\u00e7\u00e3o (V)<br \/>\n100 V CA, 110 V CA, 230 V CA<\/p>\n<p>Op\u00e7\u00e3o Sem Fios<br \/>\nBluetooth LE<\/p>\n<p>Tipo de Motor<br \/>\nEC<\/p>\n<p>Detalhe do material pl\u00e1stico<br \/>\nABS<\/p>\n<p>C\u00f3digo Etim<br \/>\nEC001141<\/p>\n<p>EAN 13<br \/>\n7318111974060<\/p>\n","protected":false},"excerpt":{"rendered":"<p><strong>Ventila\u00e7\u00e3o inteligente<\/strong><br \/>\nCom um sensor de odores exclusivo, uma capacidade de extra\u00e7\u00e3o incompar\u00e1vel e um controlo de humidade avan\u00e7ado, a <strong>Intellivent ICE<\/strong> \u2014 vendida em alguns mercados como <strong>PureAir Sense<\/strong>, <strong>Svensa<\/strong>, <strong>Aviant<\/strong> ou <strong>K2<\/strong> \u2014 est\u00e1 otimizada para produzir um ambiente de casa de banho fresco e confort\u00e1vel.<\/p>\n<p><strong>Sensor de qualidade do ar<\/strong><br \/>\nA Intellivent ICE \u00e9 a \u00fanica ventoinha de casa de banho do mundo equipada com um sensor de qualidade do ar capaz de detetar odores fortes. Quando o sensor detecta um odor forte,<br \/>\na velocidade da ventoinha aumenta e neutraliza rapidamente o odor para garantir que o ar fica sempre fresco. <\/p>\n<p><strong>Desempenho de press\u00e3o superior<\/strong><br \/>\nO ventilador \u00e9 completamente incompar\u00e1vel no que diz respeito \u00e0 capacidade de extra\u00e7\u00e3o, o que significa que pode lidar com condutas longas e curvas sem comprometer a ventila\u00e7\u00e3o.<\/p>\n<p><strong>Controlo de humidade auto-ajust\u00e1vel<\/strong><br \/>\nO Intellivent ICE tem um controlo de humidade totalmente autom\u00e1tico, o que significa que \u00e9 ativado automaticamente quando detecta um n\u00edvel de humidade elevado.Quando a humidade na divis\u00e3o aumenta, a ventoinha aumenta o seu fluxo de ar para garantir que o clima na casa de banho permanece confort\u00e1vel.<\/p>\n<p><strong>Extremamente silencioso<\/strong><br \/>\nEmbora o Intellivent ICE esteja equipado com um motor novo e significativamente mais potente do que todos os seus antecessores, a ventoinha \u00e9 quase silenciosa.<\/p>\n<p><strong>Aut\u00f3noma<\/strong><br \/>\nOutra das carater\u00edsticas inteligentes da Intellivent ICE \u00e9 o seu sensor de luz. O ventilador reconhece quando entras numa divis\u00e3o e ativa-se.<br \/>\nIsto significa que, juntamente com o programa de arejamento que come\u00e7a depois de o ventilador estar inativo durante 26 horas, o ventilador \u00e9 totalmente aut\u00f3nomo.<br \/>\nO ventilador \u00e9, portanto, ideal para quaisquer \u00e1reas sujeitas a humidade e odores.  Perfeito para casas de banho, caves ou casas de ver\u00e3o.<\/p>\n<p><strong>Ecr\u00e3 t\u00e1til<\/strong><br \/>\nUm ecr\u00e3 t\u00e1til intuitivo e \u00fanico \u00e9 ativado quando tocas no bot\u00e3o On\/Off. As fun\u00e7\u00f5es mais importantes da ventoinha podem ser controladas a partir daqui.<br \/>\nQuando terminas, o ecr\u00e3 escurece e torna-se praticamente invis\u00edvel.  E a ventoinha pode ser restaurada para as predefini\u00e7\u00f5es de f\u00e1brica com o simples premir de um bot\u00e3o.<\/p>\n<p><strong>Ajuste preciso atrav\u00e9s da aplica\u00e7\u00e3o<\/strong><br \/>\nCom a nossa aplica\u00e7\u00e3o Fresh Ventilation Bluetooth, pode personalizar v\u00e1rias fun\u00e7\u00f5es de acordo com as suas condi\u00e7\u00f5es espec\u00edficas.<br \/>\nIsto \u00e9 extremamente pr\u00e1tico se o ventilador estiver montado no teto e o ecr\u00e3 t\u00e1til for de dif\u00edcil acesso.<\/p>\n<p><strong>Instala\u00e7\u00e3o simples<\/strong><br \/>\nGra\u00e7as ao seu design pr\u00e1tico e aos conectores r\u00e1pidos dos cabos, o Intellivent ICE \u00e9 f\u00e1cil de montar e instalar.Quando quiseres limpar a ventoinha, o impulsor pode ser facilmente removido com uma m\u00e3o. O ventilador est\u00e1 certificado para instala\u00e7\u00e3o no teto e na parede.<\/p>\n<p><strong>Desenvolvido, concebido e fabricado na Su\u00e9ciaI<\/strong><br \/>\nIntellivent ICE \u00e9 o ventilador de casa de banho do futuro, e \u00e9 o produto de um trabalho artesanal especializado,experi\u00eancia passada, exatid\u00e3o e precis\u00e3o. Qualidade de fabrico sueco com tecnologia e design em perfeita harmonia.<\/p>\n<p><strong>Frente de design<\/strong><br \/>\nA frente de design \u00e9 facilmente colocada no ventilador com fixa\u00e7\u00e3o magn\u00e9tica.<\/p>\n<p><a href=\"https:\/\/paxspain.com\/wp-content\/uploads\/2023\/04\/Manual_008751_ICE.pdf\">Descarrega o manual do Intellivent ICE<\/a><br \/>\n<a href=\"https:\/\/paxspain.com\/wp-content\/uploads\/2023\/04\/Intellivent-ICE_quickguide.pdf\">Descarregar Guia R\u00e1pido Intellivent ICE Ingl\u00eas<\/a><br \/>\n<a href=\"https:\/\/paxspain.com\/wp-content\/uploads\/2023\/04\/ICE-Product-Sheet.pdf\">Descarregar Ficha de Produto Intellivent ICE Ingl\u00eas<\/a><br \/>\n<a href=\"https:\/\/paxspain.com\/wp-content\/uploads\/2023\/04\/Intellivent-ICE-Product-sheet-Spanish.pdf\">Descarregar Ficha de Produto Intellivent ICE Espanhol<\/a><br \/>\n<a href=\"https:\/\/paxspain.com\/wp-content\/uploads\/2023\/04\/Logo-Espanol-VENTILAIR-ICE.pdf\">Descarregar Cat\u00e1logo Intellivent ICE Espanhol<\/a><\/p>\n<div style=\"width: 480px;\" class=\"wp-video\"><video class=\"wp-video-shortcode\" id=\"video-5230-1\" width=\"480\" height=\"848\" preload=\"metadata\" controls=\"controls\"><source type=\"video\/mp4\" src=\"https:\/\/paxspain.com\/wp-content\/uploads\/2026\/01\/VID-20260115-WA0002.mp4?_=1\" \/><a href=\"https:\/\/paxspain.com\/wp-content\/uploads\/2026\/01\/VID-20260115-WA0002.mp4\">https:\/\/paxspain.com\/wp-content\/uploads\/2026\/01\/VID-20260115-WA0002.mp4<\/a><\/video><\/div>\n","protected":false},"featured_media":4806,"comment_status":"open","ping_status":"closed","template":"","meta":{"_et_pb_use_builder":"","_et_pb_old_content":"","_et_gb_content_width":""},"product_brand":[169],"product_cat":[79],"product_tag":[],"class_list":{"0":"post-5230","1":"product","2":"type-product","3":"status-publish","4":"has-post-thumbnail","6":"product_brand-fresh","7":"product_cat-produtos-de-ventilacao","8":"pa_product-type-ventilador-de-casa-de-banho","10":"first","11":"instock","12":"taxable","13":"shipping-taxable","14":"purchasable","15":"product-type-simple"},"jetpack_sharing_enabled":true,"_links":{"self":[{"href":"https:\/\/paxspain.com\/pt-pt\/wp-json\/wp\/v2\/product\/5230","targetHints":{"allow":["GET"]}}],"collection":[{"href":"https:\/\/paxspain.com\/pt-pt\/wp-json\/wp\/v2\/product"}],"about":[{"href":"https:\/\/paxspain.com\/pt-pt\/wp-json\/wp\/v2\/types\/product"}],"replies":[{"embeddable":true,"href":"https:\/\/paxspain.com\/pt-pt\/wp-json\/wp\/v2\/comments?post=5230"}],"wp:featuredmedia":[{"embeddable":true,"href":"https:\/\/paxspain.com\/pt-pt\/wp-json\/wp\/v2\/media\/4806"}],"wp:attachment":[{"href":"https:\/\/paxspain.com\/pt-pt\/wp-json\/wp\/v2\/media?parent=5230"}],"wp:term":[{"taxonomy":"product_brand","embeddable":true,"href":"https:\/\/paxspain.com\/pt-pt\/wp-json\/wp\/v2\/product_brand?post=5230"},{"taxonomy":"product_cat","embeddable":true,"href":"https:\/\/paxspain.com\/pt-pt\/wp-json\/wp\/v2\/product_cat?post=5230"},{"taxonomy":"product_tag","embeddable":true,"href":"https:\/\/paxspain.com\/pt-pt\/wp-json\/wp\/v2\/product_tag?post=5230"}],"curies":[{"name":"wp","href":"https:\/\/api.w.org\/{rel}","templated":true}]}}