{"id":5234,"date":"2023-04-10T23:51:28","date_gmt":"2023-04-10T21:51:28","guid":{"rendered":"https:\/\/paxspain.com\/product\/pax-passad-30\/"},"modified":"2026-03-12T11:20:34","modified_gmt":"2026-03-12T10:20:34","slug":"pax-passad-30","status":"publish","type":"product","link":"https:\/\/paxspain.com\/pt-pt\/produto\/pax-passad-30\/","title":{"rendered":"Passad 30"},"content":{"rendered":"<div class=\"row attribute-categories js-hide-row \" data-rowid=\"191\">\n<div class=\"col-sm-12 \" data-columnid=\"310\">\n<section id=\"section_443\" class=\"section section_Content section_443 \" data-lazysection-routevalues=\"{\"sectionid\":443}\" data-lazyload=\"false\" data-action=\"Home\/ContentSection\" data-sectionid=\"443\" data-view=\"Content\/_ContentDetail\">\n<h3>C\u00f3digos dos artigos<\/h3>\n<\/section>\n<section id=\"section_579\" class=\"section section_ProductAttributes section_579 \" data-lazysection-routevalues=\"{\"sectionid\":579}\" data-lazyload=\"false\" data-action=\"ProductDetail\/AttributeSection\" data-sectionid=\"579\" data-view=\"ProductDetail\/_AttributePlaceholders_Single_List\">\n<div class=\"product-additional-content\">\n<dl class=\"dl-horizontal\">\n<dt>Art. n:<\/dt>\n<dd>1855-1<\/dd>\n<dt>EAN 13:<\/dt>\n<dd>7391477185516<\/dd>\n<dt>ETIM:<\/dt>\n<dd>EC001141<\/dd>\n<\/dl>\n<\/div>\n<\/section>\n<\/div>\n<\/div>\n<div class=\"row attribute-categories js-hide-row \" data-rowid=\"192\">\n<div class=\"col-sm-12 \" data-columnid=\"312\">\n<section id=\"section_444\" class=\"section section_Content section_444 \" data-lazysection-routevalues=\"{\"sectionid\":444}\" data-lazyload=\"false\" data-action=\"Home\/ContentSection\" data-sectionid=\"444\" data-view=\"Content\/_ContentDetail\">\n<h3>Medidas<\/h3>\n<\/section>\n<section id=\"section_440\" class=\"section section_ProductAttributes section_440 \" data-lazysection-routevalues=\"{\"sectionid\":440}\" data-lazyload=\"false\" data-action=\"ProductDetail\/AttributeSection\" data-sectionid=\"440\" data-view=\"ProductDetail\/_AttributePlaceholders_Single_List\">\n<div class=\"product-additional-content\">\n<dl class=\"dl-horizontal\">\n<dt>Dimens\u00e3o do canal \u00d8 :<\/dt>\n<dd>100 mm<\/dd>\n<dt>Largura do produto:<\/dt>\n<dd>172 mm<\/dd>\n<dt>Altura do produto:<\/dt>\n<dd>210 mm<\/dd>\n<dt>Profundidade do produto:<\/dt>\n<dd>142 mm<\/dd>\n<dt>Peso do produto:<\/dt>\n<dd>0,6 kg<\/dd>\n<\/dl>\n<\/div>\n<\/section>\n<\/div>\n<\/div>\n<div class=\"row attribute-categories js-hide-row \" data-rowid=\"193\">\n<div class=\"col-sm-12 \" data-columnid=\"314\">\n<section id=\"section_445\" class=\"section section_Content section_445 \" data-lazysection-routevalues=\"{\"sectionid\":445}\" data-lazyload=\"false\" data-action=\"Home\/ContentSection\" data-sectionid=\"445\" data-view=\"Content\/_ContentDetail\">\n<h3>Carater\u00edsticas<\/h3>\n<\/section>\n<section id=\"section_442\" class=\"section section_ProductAttributes section_442 \" data-lazysection-routevalues=\"{\"sectionid\":442}\" data-lazyload=\"false\" data-action=\"ProductDetail\/AttributeSection\" data-sectionid=\"442\" data-view=\"ProductDetail\/_AttributePlaceholders_Single_List\">\n<div class=\"product-additional-content\">\n<dl class=\"dl-horizontal\">\n<dt>Funciona:<\/dt>\n<dd>Humid\u00f3stato, Sensor de luz, Temporizador, Interruptor ativo<\/dd>\n<dt>Tipo de instala\u00e7\u00e3o, parede, teto, etc:<\/dt>\n<dd>Horizontal, Vertical<\/dd>\n<dt>Press\u00e3o m\u00e1xima:<\/dt>\n<dd>25 Pa<\/dd>\n<dt>Livre para Air Max (m3\/h):<\/dt>\n<dd>95 m\u00b3\/h<\/dd>\n<dt>Max Watt(W):<\/dt>\n<dd>5 W<\/dd>\n<dt>Tens\u00e3o de alimenta\u00e7\u00e3o (12V-400V):<\/dt>\n<dd>230V AC<\/dd>\n<dt>Fase de alimenta\u00e7\u00e3o el\u00e9ctrica:<\/dt>\n<dd>1 fase<\/dd>\n<dt>Classe de isolamento:<\/dt>\n<dd>II (n\u00e3o deve ser ligado \u00e0 terra de forma protetora)<\/dd>\n<dt>Tipo de motor:<\/dt>\n<dd>AC<\/dd>\n<dt>Prote\u00e7\u00e3o ( Ip ):<\/dt>\n<dd>IP 44<\/dd>\n<dt>Termina:<\/dt>\n<dd>Mate<\/dd>\n<dt>Cor:<\/dt>\n<dd>Branco<\/dd>\n<dt>Material:<\/dt>\n<dd>Pl\u00e1stico<\/dd>\n<dt>Detalhe do material pl\u00e1stico:<\/dt>\n<dd>PP<\/dd>\n<dt>Temperatura m\u00e1xima de funcionamento:<\/dt>\n<dd>35 \u00b0C<\/dd>\n<dt>Temperatura m\u00ednima de funcionamento:<\/dt>\n<dd>5 \u00b0C<\/dd>\n<dt>Certificado ambiental:<\/dt>\n<dd>SundaHus<\/dd>\n<dt>N\u00famero de anos de garantia:<\/dt>\n<dd>5 anos<\/dd>\n<\/dl>\n<\/div>\n<\/section>\n<\/div>\n<\/div>\n","protected":false},"excerpt":{"rendered":"<p>Pax Passad 30 \u00e9 perfeito para a casa de banho em casas com ventila\u00e7\u00e3o natural (teto), ou em casas onde o sistema de exaust\u00e3o mec\u00e2nica precisa de ser complementado (mas atrav\u00e9s de uma conduta pr\u00f3pria). O ventilador arranca atrav\u00e9s de um sensor de presen\u00e7a ajust\u00e1vel, ou quando o n\u00edvel de humidade excede o valor definido.<span class=\"Apple-converted-space\"> <\/span><\/p>\n<p><strong>Experi\u00eancia e tecnologia inteligente <\/strong><br \/>\nDesenvolvemos a s\u00e9rie Pax Passad para que possas encontrar facilmente um modelo que garanta a ventila\u00e7\u00e3o da tua casa.<span class=\"Apple-converted-space\"> <\/span><\/p>\n<p><strong>Utiliza\u00e7\u00e3o despreocupada <\/strong><br \/>\nUm ventilador Pax Passad destina-se principalmente a amplificar o fluxo de ar de exaust\u00e3o em casas com ventila\u00e7\u00e3o natural. S\u00e3o muito simples de instalar e utilizar. O espa\u00e7o suficiente na parte da estrutura facilita o trabalho do instalador e a limpeza \u00e9 feita com uma opera\u00e7\u00e3o simples, sem necessidade de ferramentas.<br \/>\nAs fun\u00e7\u00f5es inteligentes dos ventiladores permitem uma ventila\u00e7\u00e3o sem preocupa\u00e7\u00f5es e ajudam automaticamente a tua casa a &#8220;respirar&#8221; quando \u00e9 mais necess\u00e1rio. O resultado \u00e9 um ambiente interior que te faz sentir bem a ti e \u00e0 casa!<span class=\"Apple-converted-space\"> <\/span><\/p>\n<p><strong>Modelos <\/strong><br \/>\nAs carater\u00edsticas distintivas de todos os ventiladores da s\u00e9rie Pax Passad s\u00e3o o facto de serem extremamente silenciosos, altamente eficientes, feitos de material amigo do ambiente e terem um consumo de energia insignificante. Os ventiladores est\u00e3o obviamente aprovados para instala\u00e7\u00e3o em zonas h\u00famidas.<\/p>\n<p><strong>Seguro &#8211; Seguro &#8211; Amigo do ambiente <\/strong><br \/>\nA s\u00e9rie Pax Passad \u00e9 fabricada em materiais selecionados com um impacto ambiental muito reduzido. As ventoinhas s\u00e3o obviamente recicl\u00e1veis. Pax Passad \u00e9 um produto ambientalmente recomendado pela Sunda Hus, entre outros.<span class=\"Apple-converted-space\"> <\/span>Para tua seguran\u00e7a, cada ventoinha Pax \u00e9 submetida a testes de qualidade e seguran\u00e7a muito rigorosos. Para enfatizar a consci\u00eancia da qualidade, oferecemos-te uma garantia de cinco anos para a Pax Passad.<\/p>\n<p><strong>Pax Passad<\/strong><br \/>\n1. Valor dB(A) a 3 m: 27,9<br \/>\n2. Eficiente, 95 m3\/h em sopro livre<br \/>\n3. F\u00e1cil de instalar e utilizar<br \/>\n4. Efici\u00eancia energ\u00e9tica, m\u00e1x. 5 W<br \/>\n5. Ecol\u00f3gica, completamente recicl\u00e1vel<br \/>\n6. Segura &#8211; cada ventoinha \u00e9 testada quanto \u00e0 qualidade e seguran\u00e7a<br \/>\n7. Desenvolvida e fabricada na Su\u00e9cia<br \/>\n8. Garantia de 5 anos.<\/p>\n<p><a href=\"https:\/\/paxspain.com\/wp-content\/uploads\/2024\/09\/Manual-Bathroom-fan-Passad.pdf\">Descarregar Manual do Produto Passad<\/a><br \/>\n<a href=\"https:\/\/paxspain.com\/wp-content\/uploads\/2023\/04\/English-PAX-Passad-30-Product-Sheet-.pdf\">Descarregar Ficha de Produto Pax Passad &#8211; Ingl\u00eas<\/a><br \/>\n<a href=\"https:\/\/paxspain.com\/wp-content\/uploads\/2023\/04\/Spanish-PAX-Passad-30-Product-Sheet.pdf\">Descarregar Ficha de Produto Pax Passad &#8211; Espanhol<\/a><\/p>\n","protected":false},"featured_media":5765,"comment_status":"open","ping_status":"closed","template":"","meta":{"_et_pb_use_builder":"off","_et_pb_old_content":"<ul>\n \t<li>\n<div>N\u00famero de artigo<\/div>\n<div>1860-1<\/div><\/li>\n \t<li>\n<div>Fase de alimenta\u00e7\u00e3o el\u00e9ctrica<\/div>\n<div>1 fase<\/div><\/li>\n \t<li>\n<div>Protec\u00e7\u00e3oIP<\/div>\n<div>IP 44<\/div><\/li>\n \t<li>\n<div>Classe de isolamento<\/div>\n<div>II<\/div><\/li>\n \t<li>\n<div>Capacidade m\u00e1xima (m3\/h)<\/div>\n<div>95<\/div><\/li>\n \t<li>\n<div>N\u00edvel de press\u00e3o sonora 3m dB(A)<\/div>\n<div>27,9<\/div><\/li>\n \t<li>\n<div>Material<\/div>\n<div>Pl\u00e1stico<\/div><\/li>\n \t<li>\n<div>Maxpress\u00e3o (Pa)<\/div>\n<div>25<\/div><\/li>\n \t<li>\n<div>Largura (mm)<\/div>\n<div>172<\/div><\/li>\n \t<li>\n<div>Profundidade (mm)<\/div>\n<div>142<\/div><\/li>\n \t<li>\n<div>Altura (mm)<\/div>\n<div>210<\/div><\/li>\n \t<li>\n<div>Tipo de instala\u00e7\u00e3o<\/div>\n<div>Horizontal , Vertical<\/div><\/li>\n \t<li>\n<div>Nome do produto<\/div>\n<div>Pax Passad 31<\/div><\/li>\n \t<li>\n<div>Consumo de energia (W)<\/div>\n<div>5<\/div><\/li>\n \t<li>\n<div>Fun\u00e7\u00f5es<\/div>\n<div>Humid\u00f3stato, sensor de luz, temporizador, interrutor ativo<\/div><\/li>\n \t<li>\n<div>Certificado ambiental<\/div>\n<div>SundaHus, WEEE, REACH<\/div><\/li>\n \t<li>\n<div>Tens\u00e3o de alimenta\u00e7\u00e3o (V)<\/div>\n<div>230V AC<\/div><\/li>\n \t<li>\n<div>Tipo de motor<\/div>\n<div>AC<\/div><\/li>\n \t<li>\n<div>Detalhe do material pl\u00e1stico<\/div>\n<div>PP<\/div><\/li>\n \t<li>\n<div>EtimCode<\/div>\n<div>EC001141<\/div><\/li>\n \t<li>\n<div>EAN 13<\/div>\n<div>7391477186018<\/div><\/li>\n<\/ul>","_et_gb_content_width":""},"product_brand":[133],"product_cat":[79],"product_tag":[],"class_list":{"0":"post-5234","1":"product","2":"type-product","3":"status-publish","4":"has-post-thumbnail","6":"product_brand-pax","7":"product_cat-produtos-de-ventilacao","8":"pa_product-type-extrator","10":"first","11":"instock","12":"taxable","13":"shipping-taxable","14":"purchasable","15":"product-type-simple"},"jetpack_sharing_enabled":true,"_links":{"self":[{"href":"https:\/\/paxspain.com\/pt-pt\/wp-json\/wp\/v2\/product\/5234","targetHints":{"allow":["GET"]}}],"collection":[{"href":"https:\/\/paxspain.com\/pt-pt\/wp-json\/wp\/v2\/product"}],"about":[{"href":"https:\/\/paxspain.com\/pt-pt\/wp-json\/wp\/v2\/types\/product"}],"replies":[{"embeddable":true,"href":"https:\/\/paxspain.com\/pt-pt\/wp-json\/wp\/v2\/comments?post=5234"}],"wp:featuredmedia":[{"embeddable":true,"href":"https:\/\/paxspain.com\/pt-pt\/wp-json\/wp\/v2\/media\/5765"}],"wp:attachment":[{"href":"https:\/\/paxspain.com\/pt-pt\/wp-json\/wp\/v2\/media?parent=5234"}],"wp:term":[{"taxonomy":"product_brand","embeddable":true,"href":"https:\/\/paxspain.com\/pt-pt\/wp-json\/wp\/v2\/product_brand?post=5234"},{"taxonomy":"product_cat","embeddable":true,"href":"https:\/\/paxspain.com\/pt-pt\/wp-json\/wp\/v2\/product_cat?post=5234"},{"taxonomy":"product_tag","embeddable":true,"href":"https:\/\/paxspain.com\/pt-pt\/wp-json\/wp\/v2\/product_tag?post=5234"}],"curies":[{"name":"wp","href":"https:\/\/api.w.org\/{rel}","templated":true}]}}