{"id":5243,"date":"2023-10-27T16:06:20","date_gmt":"2023-10-27T14:06:20","guid":{"rendered":"https:\/\/paxspain.com\/product\/desumidificador-d-1200\/"},"modified":"2026-03-09T15:23:22","modified_gmt":"2026-03-09T14:23:22","slug":"desumidificador-d-1200","status":"publish","type":"product","link":"https:\/\/paxspain.com\/pt-pt\/produto\/desumidificador-d-1200\/","title":{"rendered":"D-1200"},"content":{"rendered":"<p>O <strong>Desumidificador D-1200 <\/strong>da Fresh \u00e9 um desumidificador por sor\u00e7\u00e3o compacto, mas potente, concebido para um controlo eficaz da humidade numa vasta gama de ambientes at\u00e9 <strong data-start=\"2518\" data-end=\"2528\">120 m\u00b2<\/strong>. Quer esteja a combater humidade persistente ou a gerir os n\u00edveis de humidade, esta unidade oferece um desempenho fi\u00e1vel mesmo em condi\u00e7\u00f5es exigentes, incluindo temperaturas bem abaixo de 0 \u00b0C. <\/p>\n<p>O desumidificador por sor\u00e7\u00e3o Fresh \u00e9 um dos mais pequenos desumidificadores sem dep\u00f3sito do mercado e uma excelente solu\u00e7\u00e3o para desumidifica\u00e7\u00e3o de espa\u00e7os rastejantes e s\u00f3t\u00e3os. O desumidificador tamb\u00e9m \u00e9 adequado para outros espa\u00e7os h\u00famidos, como lavandarias, casas de f\u00e9rias, barcos e caravanas.<\/p>\n<p>Ao contr\u00e1rio dos desumidificadores tradicionais, que dependem da condensa\u00e7\u00e3o e de dep\u00f3sitos de \u00e1gua, o D-1200 utiliza desumidifica\u00e7\u00e3o por sor\u00e7\u00e3o. O ar h\u00famido \u00e9 aspirado atrav\u00e9s da unidade, e a humidade \u00e9 absorvida e libertada num fluxo de ar fraco, saindo por uma mangueira de exaust\u00e3o. Isto significa <em data-start=\"3132\" data-end=\"3161\">sem dep\u00f3sito de \u00e1gua para esvaziar<\/em> e remo\u00e7\u00e3o cont\u00ednua de humidade! \u00c9 ideal para espa\u00e7os onde o esvaziamento manual do dep\u00f3sito n\u00e3o \u00e9 pr\u00e1tico.   <\/p>\n<p>O desumidificador pode ser fixado a qualquer superf\u00edcie plana, como uma parede, o ch\u00e3o ou o teto.<\/p>\n<div data-rowid=\"191\">\n<div data-columnid=\"310\">\n<section data-lazysection-routevalues=\"{\"sectionid\":443}\" data-lazyload=\"false\" data-action=\"Home\/ContentSection\" data-sectionid=\"443\" data-view=\"Content\/_ContentDetail\">\n<h3>Especifica\u00e7\u00f5es principais<\/h3>\n<\/section>\n<section data-lazysection-routevalues=\"{\"sectionid\":579}\" data-lazyload=\"false\" data-action=\"ProductDetail\/AttributeSection\" data-sectionid=\"579\" data-view=\"ProductDetail\/_AttributePlaceholders_Single_List\">\n<div>\n<dl>\n<dt>EAN 13: 7318117200163<\/dt>\n<dt>ETIM: EC011727<\/dt>\n<\/dl>\n<\/div>\n<\/section>\n<\/div>\n<\/div>\n<div data-rowid=\"192\">\n<div data-columnid=\"312\">\n<section data-lazysection-routevalues=\"{\"sectionid\":444}\" data-lazyload=\"false\" data-action=\"Home\/ContentSection\" data-sectionid=\"444\" data-view=\"Content\/_ContentDetail\">\n<h3>Medidas<\/h3>\n<\/section>\n<section data-lazysection-routevalues=\"{\"sectionid\":440}\" data-lazyload=\"false\" data-action=\"ProductDetail\/AttributeSection\" data-sectionid=\"440\" data-view=\"ProductDetail\/_AttributePlaceholders_Single_List\">\n<div>\n<dl>\n<dt>Largura do produto: 200 mm<\/dt>\n<dt>Altura do produto: 200 mm<\/dt>\n<dt>Profundidade do produto: 200 mm<\/dt>\n<dt>Peso do produto: 4,5 kg<\/dt>\n<\/dl>\n<\/div>\n<\/section>\n<\/div>\n<\/div>\n<div data-rowid=\"193\">\n<div data-columnid=\"314\">\n<section data-lazysection-routevalues=\"{\"sectionid\":445}\" data-lazyload=\"false\" data-action=\"Home\/ContentSection\" data-sectionid=\"445\" data-view=\"Content\/_ContentDetail\">\n<h3>Carater\u00edsticas<\/h3>\n<\/section>\n<section data-lazysection-routevalues=\"{\"sectionid\":442}\" data-lazyload=\"false\" data-action=\"ProductDetail\/AttributeSection\" data-sectionid=\"442\" data-view=\"ProductDetail\/_AttributePlaceholders_Single_List\">\n<div>\n<dl>\n<dt>Funciona: Humid\u00f3stato<\/dt>\n<dt>Tens\u00e3o de alimenta\u00e7\u00e3o (12V-400V): 230V AC<\/dt>\n<dt>Fase de alimenta\u00e7\u00e3o el\u00e9ctrica: 1-fase<\/dt>\n<dt>Tipo de motor: CA<\/dt>\n<\/dl>\n<\/div>\n<\/section>\n<\/div>\n<\/div>\n","protected":false},"excerpt":{"rendered":"<p>O Desumidificador Fresh D-1200 \u00e9 adequado para espa\u00e7os at\u00e9 120 m\u00b2 e consegue desumidificar a baixas temperaturas, bem abaixo de +\/- 0 \u00b0C.<\/p>\n<h3>Para todos os espa\u00e7os h\u00famidos.<\/h3>\n<ul>\n<li>Gama de funcionamento -20\u00b0C a +40\u00b0C<\/li>\n<li>Instala\u00e7\u00e3o flex\u00edvel &#8211; parede, ch\u00e3o ou teto<\/li>\n<li>Funcionamento silencioso com restabelecimento autom\u00e1tico do funcionamento ap\u00f3s uma falha de energia<\/li>\n<li>Port\u00e1til e f\u00e1cil de posicionar<\/li>\n<\/ul>\n<p><a href=\"https:\/\/paxspain.com\/wp-content\/uploads\/2023\/10\/008675-Fresh-avfuktare-D800_D1200_A4_EN.pdf\">Descarregar Cat\u00e1logo D-800 &amp; D-1200 &#8211; Ingl\u00eas<\/a><br \/>\n<a href=\"https:\/\/paxspain.com\/wp-content\/uploads\/2023\/10\/Sales-sheet-fresh-dehumidifier-d800-d1200_es.pdf\">Descarregar Cat\u00e1logo D-800 &amp; D-1200 &#8211; Espanhol<\/a><br \/>\n<a href=\"https:\/\/paxspain.com\/wp-content\/uploads\/2023\/10\/Manual-D-800_D-1200.pdf\">Descarregar Manual D-800 &amp; D-1200 &#8211; Ingl\u00eas<\/a><br \/>\n<a href=\"https:\/\/paxspain.com\/wp-content\/uploads\/2023\/10\/English-D800-D1200-Product-sheet.pdf\">Descarregar Ficha T\u00e9cnica D-800 &amp; D-1200 &#8211; Ingl\u00eas<\/a><br \/>\n<a href=\"https:\/\/paxspain.com\/wp-content\/uploads\/2023\/10\/Spanish-D800-D1200-Product-sheet.pdf\">Descarregar Ficha T\u00e9cnica D-800 &amp; D-1200 &#8211; Espanhol<\/a><\/p>\n","protected":false},"featured_media":4830,"comment_status":"closed","ping_status":"closed","template":"","meta":{"_et_pb_use_builder":"","_et_pb_old_content":"","_et_gb_content_width":""},"product_brand":[169],"product_cat":[89],"product_tag":[],"class_list":{"0":"post-5243","1":"product","2":"type-product","3":"status-publish","4":"has-post-thumbnail","6":"product_brand-fresh","7":"product_cat-desumidificadores","8":"pa_product-type-desumidificador","10":"first","11":"instock","12":"taxable","13":"shipping-taxable","14":"purchasable","15":"product-type-simple"},"jetpack_sharing_enabled":true,"_links":{"self":[{"href":"https:\/\/paxspain.com\/pt-pt\/wp-json\/wp\/v2\/product\/5243","targetHints":{"allow":["GET"]}}],"collection":[{"href":"https:\/\/paxspain.com\/pt-pt\/wp-json\/wp\/v2\/product"}],"about":[{"href":"https:\/\/paxspain.com\/pt-pt\/wp-json\/wp\/v2\/types\/product"}],"replies":[{"embeddable":true,"href":"https:\/\/paxspain.com\/pt-pt\/wp-json\/wp\/v2\/comments?post=5243"}],"wp:featuredmedia":[{"embeddable":true,"href":"https:\/\/paxspain.com\/pt-pt\/wp-json\/wp\/v2\/media\/4830"}],"wp:attachment":[{"href":"https:\/\/paxspain.com\/pt-pt\/wp-json\/wp\/v2\/media?parent=5243"}],"wp:term":[{"taxonomy":"product_brand","embeddable":true,"href":"https:\/\/paxspain.com\/pt-pt\/wp-json\/wp\/v2\/product_brand?post=5243"},{"taxonomy":"product_cat","embeddable":true,"href":"https:\/\/paxspain.com\/pt-pt\/wp-json\/wp\/v2\/product_cat?post=5243"},{"taxonomy":"product_tag","embeddable":true,"href":"https:\/\/paxspain.com\/pt-pt\/wp-json\/wp\/v2\/product_tag?post=5243"}],"curies":[{"name":"wp","href":"https:\/\/api.w.org\/{rel}","templated":true}]}}