{"id":5247,"date":"2023-10-27T16:41:17","date_gmt":"2023-10-27T14:41:17","guid":{"rendered":"https:\/\/paxspain.com\/product\/ventilacao-de-parede-tl98c\/"},"modified":"2026-03-03T17:20:16","modified_gmt":"2026-03-03T16:20:16","slug":"ventilacao-de-parede-tl98c","status":"publish","type":"product","link":"https:\/\/paxspain.com\/pt-pt\/produto\/ventilacao-de-parede-tl98c\/","title":{"rendered":"TL98C"},"content":{"rendered":"<p>O TL98C \u00e9 um conjunto completo de v\u00e1lvula de parede. Cont\u00e9m a parte interna, o tubo de parede, a cassete do filtro e a grelha exterior. O ventilador de parede TL C tem uma prote\u00e7\u00e3o eficaz contra a condensa\u00e7\u00e3o e uma entrada de ar ajust\u00e1vel.<\/p>\n<p>O design inteligente do ventilador de parede permite a entrada de ar fresco e proporciona uma difus\u00e3o confort\u00e1vel na divis\u00e3o, sem provocar uma corrente de ar frio. O ar exterior \u00e9 aspirado pela parte superior e pelos lados da parte interna do ventilador de parede. O ar fresco mistura-se ent\u00e3o eficazmente com o ar ambiente e atinge rapidamente uma temperatura confort\u00e1vel. O fluxo de ar \u00e9 facilmente ajustado com um controlo de precis\u00e3o que est\u00e1 escondido sob a tampa.<\/p>\n<p>Montagem e coloca\u00e7\u00e3o<br \/>\nInstala o teu ventilador de parede Fresh no quarto, na sala de estar, no escrit\u00f3rio e noutras divis\u00f5es que necessitem de fornecimento de ar. Uma regra geral para garantir o n\u00famero correto de aberturas de ventila\u00e7\u00e3o \u00e9 uma em cada quarto e duas na sala de estar. Em alguns casos, \u00e9 boa ideia aumentar o n\u00famero de aberturas, por exemplo, se v\u00e1rias pessoas dormirem no mesmo quarto ou se o espa\u00e7o total da habita\u00e7\u00e3o for maior do que o habitual.<\/p>\n<p>Coloca o respiradouro no alto da parede, a cerca de 220 cm do ch\u00e3o ou com a extremidade superior do respiradouro a pelo menos 10 cm do teto.<\/p>\n<p>O TL98C possui um tubo com fun\u00e7\u00e3o telesc\u00f3pica entre 185-340 mm; para paredes mais espessas, prolongue com tubos modulares extra.<\/p>\n<p>Filtros e cuidados<br \/>\nMant\u00e9m a boa qualidade do ar interior mudando e limpando os filtros regularmente. V\u00e1rios dos nossos filtros adaptam-se ao respiradouro TL C, escolhe a solu\u00e7\u00e3o de filtragem que melhor se adapta \u00e0s tuas necessidades.<\/p>\n<p>Design e qualidade de fabrico sueco<br \/>\nO ventilador de parede da s\u00e9rie TL C \u00e9 desenvolvido, concebido e fabricado na Su\u00e9cia. Um ventilador de parede da Fresh proporciona-te um ambiente interior bem ventilado. TL C tem um design elegante e suave desenvolvido para as casas n\u00f3rdicas.<\/p>\n<p>&nbsp;<\/p>\n<div>\n<div>\n<section>\n<h3>Especifica\u00e7\u00f5es principais<\/h3>\n<\/section>\n<section>\n<div>\n<dl>\n<dt>EAN 13:<\/dt>\n<dd>7318116298208<\/dd>\n<dt>ETIM:<\/dt>\n<dd>EC011497<\/dd>\n<dt>Termina:<\/dt>\n<dd>Matt<\/dd>\n<dt>Cor:<\/dt>\n<dd>Branco<\/dd>\n<dt>Material:<\/dt>\n<dd>Pl\u00e1stico<\/dd>\n<dt>Detalhe do material pl\u00e1stico:<\/dt>\n<dd>PE, PP<\/dd>\n<\/dl>\n<\/div>\n<\/section>\n<\/div>\n<\/div>\n<div>\n<div>\n<section>\n<h3>Medidas<\/h3>\n<\/section>\n<section>\n<div>\n<dl>\n<dt>Tipo de instala\u00e7\u00e3o, parede, teto, etc:<\/dt>\n<dd>Parede exterior<\/dd>\n<dt>Dimens\u00e3o do canal \u00d8 nominal:<\/dt>\n<dd>100 mm<\/dd>\n<dt>Largura do produto:<\/dt>\n<dd>176 mm<\/dd>\n<dt>Altura do produto:<\/dt>\n<dd>186 mm<\/dd>\n<dt>Profundidade do produto:<\/dt>\n<dd>431 mm<\/dd>\n<dt>Peso do produto:<\/dt>\n<dd>0,592 kg<\/dd>\n<\/dl>\n<\/div>\n<\/section>\n<\/div>\n<\/div>\n<div>\n<div>\n<section>\n<h3>Carater\u00edsticas<\/h3>\n<\/section>\n<section>\n<div>\n<dl>\n<dt>Funciona:<\/dt>\n<dd>Filtro, Prote\u00e7\u00e3o contra a condensa\u00e7\u00e3o<\/dd>\n<dt>Tipo de instala\u00e7\u00e3o, parede, teto, etc:<\/dt>\n<dd>Parede exterior<\/dd>\n<dt>Termina:<\/dt>\n<dd>Matt<\/dd>\n<dt>Cor:<\/dt>\n<dd>Branco<\/dd>\n<dt>Material:<\/dt>\n<dd>Pl\u00e1stico<\/dd>\n<dt>Detalhe do material pl\u00e1stico:<\/dt>\n<dd>PE, PP<\/dd>\n<\/dl>\n<\/div>\n<\/section>\n<\/div>\n<\/div>\n","protected":false},"excerpt":{"rendered":"<p>Fresh TL98C, uma v\u00e1lvula de parede com um <strong>design suave e elegante<\/strong> que proporciona uma distribui\u00e7\u00e3o de ar confort\u00e1vel na sua casa.<\/p>\n<p>O respiradouro tem uma prote\u00e7\u00e3o eficaz contra a condensa\u00e7\u00e3o e uma entrada de ar ajust\u00e1vel.<\/p>\n<ul>\n<li>Prote\u00e7\u00e3o extra forte contra a condensa\u00e7\u00e3o<\/li>\n<li>Distribui\u00e7\u00e3o de ar confort\u00e1vel<\/li>\n<li>Fabricado na Su\u00e9cia<\/li>\n<li>Design elegante<\/li>\n<li>Instala\u00e7\u00e3o f\u00e1cil<\/li>\n<\/ul>\n<p><a href=\"https:\/\/paxspain.com\/wp-content\/uploads\/2023\/10\/Sales-sheet-wall-vent-TL-C-EN.pdf\">Descarregar Detalhes do Produto Ventila\u00e7\u00e3o de Parede S\u00e9rie TL C &#8211; Ingl\u00eas<\/a><br \/>\n<a href=\"https:\/\/paxspain.com\/wp-content\/uploads\/2023\/10\/Spanish-TL-C-Product-Sheet.pdf\">Descarregar Ficha do Produto Ventila\u00e7\u00e3o de Parede S\u00e9rie TL C &#8211; Espanhol<\/a><br \/>\n<a href=\"https:\/\/paxspain.com\/wp-content\/uploads\/2023\/10\/Manual-TL98C.pdf\">Descarrega o Manual TL98C PDF<\/a><\/p>\n","protected":false},"featured_media":4832,"comment_status":"open","ping_status":"closed","template":"","meta":{"_et_pb_use_builder":"","_et_pb_old_content":"","_et_gb_content_width":""},"product_brand":[169],"product_cat":[85],"product_tag":[],"class_list":{"0":"post-5247","1":"product","2":"type-product","3":"status-publish","4":"has-post-thumbnail","6":"product_brand-fresh","7":"product_cat-ventiladores-de-parede","8":"pa_product-type-grelha-de-ventilacao-de-parede","10":"first","11":"instock","12":"taxable","13":"shipping-taxable","14":"purchasable","15":"product-type-simple"},"jetpack_sharing_enabled":true,"_links":{"self":[{"href":"https:\/\/paxspain.com\/pt-pt\/wp-json\/wp\/v2\/product\/5247","targetHints":{"allow":["GET"]}}],"collection":[{"href":"https:\/\/paxspain.com\/pt-pt\/wp-json\/wp\/v2\/product"}],"about":[{"href":"https:\/\/paxspain.com\/pt-pt\/wp-json\/wp\/v2\/types\/product"}],"replies":[{"embeddable":true,"href":"https:\/\/paxspain.com\/pt-pt\/wp-json\/wp\/v2\/comments?post=5247"}],"wp:featuredmedia":[{"embeddable":true,"href":"https:\/\/paxspain.com\/pt-pt\/wp-json\/wp\/v2\/media\/4832"}],"wp:attachment":[{"href":"https:\/\/paxspain.com\/pt-pt\/wp-json\/wp\/v2\/media?parent=5247"}],"wp:term":[{"taxonomy":"product_brand","embeddable":true,"href":"https:\/\/paxspain.com\/pt-pt\/wp-json\/wp\/v2\/product_brand?post=5247"},{"taxonomy":"product_cat","embeddable":true,"href":"https:\/\/paxspain.com\/pt-pt\/wp-json\/wp\/v2\/product_cat?post=5247"},{"taxonomy":"product_tag","embeddable":true,"href":"https:\/\/paxspain.com\/pt-pt\/wp-json\/wp\/v2\/product_tag?post=5247"}],"curies":[{"name":"wp","href":"https:\/\/api.w.org\/{rel}","templated":true}]}}