{"id":5248,"date":"2023-10-27T17:16:45","date_gmt":"2023-10-27T15:16:45","guid":{"rendered":"https:\/\/paxspain.com\/product\/fluxo-fdx\/"},"modified":"2026-03-18T17:37:08","modified_gmt":"2026-03-18T16:37:08","slug":"fluxo-fdx","status":"publish","type":"product","link":"https:\/\/paxspain.com\/pt-pt\/produto\/fluxo-fdx\/","title":{"rendered":"Flow FDX"},"content":{"rendered":"<p>Unidade de ventila\u00e7\u00e3o com recupera\u00e7\u00e3o de calor<br \/>\nA Fresh Flow aproveita o calor do ar extra\u00eddo da casa e reutiliza at\u00e9 85% para aquecer o ar fresco de entrada. Isto torna a Fresh Flow um investimento inteligente para o clima, tanto para si como para o ambiente. <\/p>\n<p>Como funciona o Fresh Flow<br \/>\nO Fresh Flow funciona melhor em pares montados em paredes exteriores para separar divis\u00f5es da mesma propriedade.<br \/>\nO potente ventilador Xenion do Flow funciona continuamente e muda automaticamente a dire\u00e7\u00e3o do ar a cada 70 segundos. Quando o ventilador extrai o ar viciado do interior, uma grande parte da energia t\u00e9rmica do ar de exaust\u00e3o \u00e9 captada e armazenada no acumulador de cer\u00e2mica integrado. O ventilador muda ent\u00e3o de dire\u00e7\u00e3o durante os 70 segundos seguintes para ventilar o ar fresco exterior que passa pelo acumulador de cer\u00e2mica aquecido. O ar frio do exterior aquece ao passar pela cer\u00e2mica, transformando-se em ar quente e fresco que \u00e9 distribu\u00eddo pela sala de estar ou pelo quarto, por exemplo.<\/p>\n<p>Para um benef\u00edcio \u00f3timo, duas unidades Fresh Flow podem ser facilmente ligadas atrav\u00e9s de emparelhamento sem fios para ventilar com press\u00e3o neutra e dire\u00e7\u00e3o de ar alternada.<\/p>\n<p>Sem necessidade de condutas<br \/>\nPara chegar a todas as divis\u00f5es que necessitam de troca de ar, as unidades de ventila\u00e7\u00e3o tradicionais utilizam condutas &#8211; que ocupam muito espa\u00e7o. Os trabalhos de instala\u00e7\u00e3o s\u00e3o frequentemente extensos e os custos elevados. Por esta raz\u00e3o, a instala\u00e7\u00e3o de uma unidade centralizada tradicional em muitas casas antigas \u00e9 cara, complicada e pode muitas vezes parecer &#8220;in\u00fatil&#8221;.<\/p>\n<p>Com o Fresh Flow, estamos a adotar uma abordagem diferente. O Fresh Flow permite uma troca de ar saud\u00e1vel e energeticamente inteligente, sem a necessidade de instalar um \u00fanico metro de condutas de ventila\u00e7\u00e3o.  As unidades de divis\u00e3o podem ser facilmente instaladas nas divis\u00f5es &#8220;secas&#8221; da propriedade. Por outras palavras, diretamente nas divis\u00f5es que necessitam de ventila\u00e7\u00e3o.<br \/>\nO sistema resulta numa casa perfeita com ventila\u00e7\u00e3o passiva, e tem m\u00faltiplas fun\u00e7\u00f5es autom\u00e1ticas que funcionam continuamente para conseguir uma ventila\u00e7\u00e3o \u00f3ptima.<\/p>\n<p>O Fresh Flow foi especialmente concebido para o mercado n\u00f3rdico e \u00e9 adequado para paredes com uma espessura de 185-310 mm, tanto em casas de madeira como de tijolo. A sec\u00e7\u00e3o interior pode at\u00e9 ser revestida com papel de parede e pintada.<\/p>\n<p>Funciona melhor em pares<br \/>\nComo medida espec\u00edfica em salas selecionadas, recomendamos a utiliza\u00e7\u00e3o de duas unidades Fresh Flow, que funcionam melhor em pares. Em alternativa, v\u00e1rios pares de unidades podem trabalhar em conjunto para ventilar todas as &#8220;salas secas&#8221; da propriedade. As divis\u00f5es de higiene pessoal da casa s\u00e3o ventiladas de forma independente utilizando um ventilador de casa de banho, como o Fresh Intellivent Sky, bem como o equil\u00edbrio do ar exterior atrav\u00e9s de uma abertura num corredor adjacente ou numa divis\u00e3o auxiliar.<br \/>\nO sistema \u00e9 f\u00e1cil de instalar e expandir &#8211; at\u00e9 16 unidades na propriedade podem ser controladas atrav\u00e9s de um painel de controlo. Regra geral: uma unidade por divis\u00e3o ou o equivalente a 15m2.<br \/>\nFlow desempenha a mesma fun\u00e7\u00e3o que uma unidade individual, tal como quando instalada em pares. <\/p>\n<p>Controlo e comunica\u00e7\u00e3o sem fios<br \/>\nA Fresh Flow \u00e9 controlada sem fios atrav\u00e9s da app Fresh Ventilation ou atrav\u00e9s do acess\u00f3rio Fresh Control Panel.<br \/>\nA frequ\u00eancia de 868 MHz na rede sem fios do sistema permite a comunica\u00e7\u00e3o entre as unidades de ventila\u00e7\u00e3o individuais. A frequ\u00eancia est\u00e1 separada de outras redes RF\/Wi-Fi e tem um excelente alcance. 20 metros em espa\u00e7os interiores at\u00e9 250 metros em espa\u00e7os exteriores.<\/p>\n<p>A aplica\u00e7\u00e3o e o painel de controlo d\u00e3o-te controlo total sobre o teu sistema Fresh Flow, o que significa que podes controlar as tuas unidades para trabalharem de acordo com uma variedade de programas operacionais predefinidos. Isto permite-te personalizar facilmente o Fresh Flow para obter uma troca de ar ideal no ambiente que pretendes ventilar. Tamb\u00e9m podes programar um programa de ventila\u00e7\u00e3o individual para as diferentes zonas em que a unidade est\u00e1 instalada.<br \/>\nQuando quiseres que as unidades Fresh Flow trabalhem em conjunto, n\u00e3o \u00e9 necess\u00e1ria nenhuma conduta complicada.   Toda a comunica\u00e7\u00e3o entre os dispositivos \u00e9 efectuada totalmente sem fios.<\/p>\n<p>Instala\u00e7\u00e3o f\u00e1cil<br \/>\nPodes realizar a maior parte da instala\u00e7\u00e3o sozinho, mas a instala\u00e7\u00e3o el\u00e9ctrica deve ser realizada por um eletricista licenciado. A instala\u00e7\u00e3o el\u00e9ctrica \u00e9 efectuada no arm\u00e1rio interior e n\u00e3o s\u00e3o necess\u00e1rios quaisquer outros cabos ou dispositivos de controlo para iniciar o sistema. O arm\u00e1rio interior, que cont\u00e9m sensores para medir a humidade e a temperatura ambiente, pode ser montado externamente ou embutido na parede.<\/p>\n<p>Tamb\u00e9m podes fazer tu mesmo toda a manuten\u00e7\u00e3o e limpeza.<\/p>\n<p>Acess\u00f3rios Fresh Connect<br \/>\nPorque todas as casas, escrit\u00f3rios e edif\u00edcios s\u00e3o diferentes, oferecemos in\u00fameros acess\u00f3rios e extras opcionais para que possas personalizar o sistema de acordo com as tuas condi\u00e7\u00f5es \u00fanicas. V\u00ea os extras opcionais para o Fresh Flow no separador &#8220;Acess\u00f3rios&#8221;. <\/p>\n<p>A unidade \u00e9 muito eficiente em termos energ\u00e9ticos (3 W\/standby 1 W) e fi\u00e1vel (at\u00e9 -20 \u00b0C).<\/p>\n<p>&nbsp;<\/p>\n<section>\n<section>\n<section>\n<div>\n<div>\n<section>\n<h3>Especifica\u00e7\u00f5es principais<\/h3>\n<\/section>\n<section>\n<div>\n<dl>\n<dt>EAN 13:<\/dt>\n<dd>7318118100011<\/dd>\n<dt>ETIM:<\/dt>\n<dd>EC011286<\/dd>\n<dt>Cor:<\/dt>\n<dd>Branco<\/dd>\n<dt>Material:<\/dt>\n<dd>Cer\u00e2mica, pl\u00e1stico, a\u00e7o inoxid\u00e1vel<\/dd>\n<\/dl>\n<\/div>\n<\/section>\n<\/div>\n<\/div>\n<div>\n<div>\n<section>\n<h3>Medidas<\/h3>\n<\/section>\n<section>\n<div>\n<dl>\n<dt>Tipo de instala\u00e7\u00e3o, parede, teto, etc:<\/dt>\n<dd>Horizontal, Parede<\/dd>\n<dt>Dimens\u00e3o do canal \u00d8 nominal:<\/dt>\n<dd>160 mm<\/dd>\n<dt>Largura do produto:<\/dt>\n<dd>270 mm<\/dd>\n<dt>Altura do produto:<\/dt>\n<dd>306 mm<\/dd>\n<dt>Profundidade do produto:<\/dt>\n<dd>430 mm<\/dd>\n<dt>Peso do produto:<\/dt>\n<dd>5,8 kg<\/dd>\n<\/dl>\n<\/div>\n<\/section>\n<\/div>\n<\/div>\n<div>\n<div>\n<section>\n<h3>Carater\u00edsticas<\/h3>\n<\/section>\n<section>\n<div>\n<dl>\n<dt>Funciona:<\/dt>\n<dd>Volume constante, tempo de funcionamento<\/dd>\n<dt>Tipo de instala\u00e7\u00e3o, parede, teto, etc:<\/dt>\n<dd>Horizontal, Parede<\/dd>\n<dt>Livre para Air Max (m3\/h):<\/dt>\n<dd>43 m\u00b3\/h<\/dd>\n<dt>Max Watt(W):<\/dt>\n<dd>3 W<\/dd>\n<dt>Tens\u00e3o de alimenta\u00e7\u00e3o (12V-400V):<\/dt>\n<dd>230V AC<\/dd>\n<dt>Fase de alimenta\u00e7\u00e3o el\u00e9ctrica:<\/dt>\n<dd>1 fase<\/dd>\n<dt>Classe de isolamento:<\/dt>\n<dd>II<\/dd>\n<dt>Tipo de motor:<\/dt>\n<dd>CE<\/dd>\n<dt>Op\u00e7\u00e3o de controlo sem fios:<\/dt>\n<dd>Bluetooth, RF868<\/dd>\n<dt>Prote\u00e7\u00e3o ( Ip ):<\/dt>\n<dd>IP 20<\/dd>\n<dt>Cor:<\/dt>\n<dd>Branco<\/dd>\n<dt>Material:<\/dt>\n<dd>Cer\u00e2mica, pl\u00e1stico, a\u00e7o inoxid\u00e1vel<\/dd>\n<dt>Temperatura m\u00e1xima de funcionamento:<\/dt>\n<dd>50 \u00b0C<\/dd>\n<dt>Temperatura m\u00ednima de funcionamento:<\/dt>\n<dd>-20 \u00b0C<\/dd>\n<\/dl>\n<\/div>\n<\/section>\n<\/div>\n<\/div>\n<\/section>\n<\/section>\n<\/section>\n","protected":false},"excerpt":{"rendered":"<p>Unidade de ventila\u00e7\u00e3o descentralizada com recupera\u00e7\u00e3o de calor sem condutas. Controlado atrav\u00e9s da App ou do <a href=\"https:\/\/paxspain.com\/product\/fresh-connect-control-panel\/\">acess\u00f3rio Fresh Control Panel<\/a>.<\/p>\n<ul>\n<li>Controlado &#8211; atrav\u00e9s da aplica\u00e7\u00e3o ou do painel de controlo<\/li>\n<li>Instala\u00e7\u00e3o na parede exterior &#8211; n\u00e3o necessita de condutas adicionais<\/li>\n<li>Muito eficiente em termos energ\u00e9ticos &#8211; 3 W (em espera 1 W)<\/li>\n<li>Fi\u00e1vel &#8211; at\u00e9 -20 \u00b0C<\/li>\n<li>Recupera\u00e7\u00e3o de calor &#8211; at\u00e9 85%<\/li>\n<\/ul>\n<p><a href=\"https:\/\/paxspain.com\/wp-content\/uploads\/2023\/10\/Sales-sheet-Heat-recovery-units-Flow.pdf\">Transferir PDF de detalhes do produto Fresh Flow FDX &#8211; Ingl\u00eas<\/a><br \/>\n<a href=\"https:\/\/paxspain.com\/wp-content\/uploads\/2023\/10\/ESPANOL-Fresh-Flow-Recuperador-Calor.pdf\">Transferir brochura Fresh Flow FDX &#8211; Espanhol<\/a><br \/>\n<a href=\"https:\/\/paxspain.com\/wp-content\/uploads\/2023\/10\/008648-B-Flow-FDX-201006_web.pdf\">Transferir PDF do manual Fresh Flow FDX &#8211; Multil\u00edngue<\/a><\/p>\n<p><iframe loading=\"lazy\" title=\"Leitor de v\u00eddeo do YouTube\" src=\"https:\/\/www.youtube.com\/embed\/TdbXK8tnKE4?si=j51osNTR5HBQmVay\" width=\"560\" height=\"315\" frameborder=\"0\" allowfullscreen=\"allowfullscreen\"><\/iframe><\/p>\n","protected":false},"featured_media":4872,"comment_status":"open","ping_status":"closed","template":"","meta":{"_et_pb_use_builder":"on","_et_pb_old_content":"Unidade de ventila\u00e7\u00e3o com recupera\u00e7\u00e3o de calor\nA Fresh Flow aproveita o calor do ar extra\u00eddo da casa e reutiliza at\u00e9 85% para aquecer o ar fresco de entrada. Isto torna a Fresh Flow um investimento inteligente para o clima, tanto para si como para o ambiente. \n\nComo funciona o Fresh Flow\nO Fresh Flow funciona melhor em pares montados em paredes exteriores para separar divis\u00f5es da mesma propriedade.\nO potente ventilador Xenion do Flow funciona continuamente e muda automaticamente a dire\u00e7\u00e3o do ar a cada 70 segundos. Quando o ventilador extrai o ar viciado do interior, uma grande parte da energia t\u00e9rmica do ar de exaust\u00e3o \u00e9 captada e armazenada no acumulador de cer\u00e2mica integrado. O ventilador muda ent\u00e3o de dire\u00e7\u00e3o durante os 70 segundos seguintes para ventilar o ar fresco exterior que passa pelo acumulador de cer\u00e2mica aquecido. O ar frio do exterior aquece ao passar pela cer\u00e2mica, transformando-se em ar quente e fresco que \u00e9 distribu\u00eddo pela sala de estar ou pelo quarto, por exemplo.\n\nPara um benef\u00edcio \u00f3timo, duas unidades Fresh Flow podem ser facilmente ligadas atrav\u00e9s de emparelhamento sem fios para ventilar com press\u00e3o neutra e dire\u00e7\u00e3o de ar alternada.\n\nSem necessidade de condutas\nPara chegar a todas as divis\u00f5es que necessitam de troca de ar, as unidades de ventila\u00e7\u00e3o tradicionais utilizam condutas - que ocupam muito espa\u00e7o. Os trabalhos de instala\u00e7\u00e3o s\u00e3o frequentemente extensos e os custos elevados. Por esta raz\u00e3o, a instala\u00e7\u00e3o de uma unidade centralizada tradicional em muitas casas antigas \u00e9 cara, complicada e pode muitas vezes parecer \"in\u00fatil\".\n\nCom o Fresh Flow, estamos a adotar uma abordagem diferente. O Fresh Flow permite uma troca de ar saud\u00e1vel e energeticamente inteligente, sem a necessidade de instalar um \u00fanico metro de condutas de ventila\u00e7\u00e3o.  As unidades de divis\u00e3o podem ser facilmente instaladas nas divis\u00f5es \"secas\" da propriedade. Por outras palavras, diretamente nas divis\u00f5es que necessitam de ventila\u00e7\u00e3o.\nO sistema resulta numa casa perfeita com ventila\u00e7\u00e3o passiva, e tem m\u00faltiplas fun\u00e7\u00f5es autom\u00e1ticas que funcionam continuamente para conseguir uma ventila\u00e7\u00e3o \u00f3ptima.\n\nO Fresh Flow foi especialmente concebido para o mercado n\u00f3rdico e \u00e9 adequado para paredes com uma espessura de 185-310 mm, tanto em casas de madeira como de tijolo. A sec\u00e7\u00e3o interior pode at\u00e9 ser revestida com papel de parede e pintada.\n\nFunciona melhor em pares\nComo medida espec\u00edfica em salas selecionadas, recomendamos a utiliza\u00e7\u00e3o de duas unidades Fresh Flow, que funcionam melhor em pares. Em alternativa, v\u00e1rios pares de unidades podem trabalhar em conjunto para ventilar todas as \"salas secas\" da propriedade. As divis\u00f5es de higiene pessoal da casa s\u00e3o ventiladas de forma independente utilizando um ventilador de casa de banho, como o Fresh Intellivent Sky, bem como o equil\u00edbrio do ar exterior atrav\u00e9s de uma abertura num corredor adjacente ou numa divis\u00e3o auxiliar.\nO sistema \u00e9 f\u00e1cil de instalar e expandir - at\u00e9 16 unidades na propriedade podem ser controladas atrav\u00e9s de um painel de controlo. Regra geral: uma unidade por divis\u00e3o ou o equivalente a 15m2.\nFlow desempenha a mesma fun\u00e7\u00e3o que uma unidade individual, tal como quando instalada em pares. \n\nControlo e comunica\u00e7\u00e3o sem fios\nA Fresh Flow \u00e9 controlada sem fios atrav\u00e9s da app Fresh Ventilation ou atrav\u00e9s do acess\u00f3rio Fresh Control Panel.\nA frequ\u00eancia de 868 MHz na rede sem fios do sistema permite a comunica\u00e7\u00e3o entre as unidades de ventila\u00e7\u00e3o individuais. A frequ\u00eancia est\u00e1 separada de outras redes RF\/Wi-Fi e tem um excelente alcance. 20 metros em espa\u00e7os interiores at\u00e9 250 metros em espa\u00e7os exteriores.\n\nA aplica\u00e7\u00e3o e o painel de controlo d\u00e3o-te controlo total sobre o teu sistema Fresh Flow, o que significa que podes controlar as tuas unidades para trabalharem de acordo com uma variedade de programas operacionais predefinidos. Isto permite-te personalizar facilmente o Fresh Flow para obter uma troca de ar ideal no ambiente que pretendes ventilar. Tamb\u00e9m podes programar um programa de ventila\u00e7\u00e3o individual para as diferentes zonas em que a unidade est\u00e1 instalada.\nQuando quiseres que as unidades Fresh Flow trabalhem em conjunto, n\u00e3o \u00e9 necess\u00e1ria nenhuma conduta complicada.   Toda a comunica\u00e7\u00e3o entre os dispositivos \u00e9 efectuada totalmente sem fios.\n\nInstala\u00e7\u00e3o f\u00e1cil\nPodes realizar a maior parte da instala\u00e7\u00e3o sozinho, mas a instala\u00e7\u00e3o el\u00e9ctrica deve ser realizada por um eletricista licenciado. A instala\u00e7\u00e3o el\u00e9ctrica \u00e9 efectuada no arm\u00e1rio interior e n\u00e3o s\u00e3o necess\u00e1rios quaisquer outros cabos ou dispositivos de controlo para iniciar o sistema. O arm\u00e1rio interior, que cont\u00e9m sensores para medir a humidade e a temperatura ambiente, pode ser montado externamente ou embutido na parede.\n\nTamb\u00e9m podes fazer tu mesmo toda a manuten\u00e7\u00e3o e limpeza.\n\nAcess\u00f3rios Fresh Connect\nPorque todas as casas, escrit\u00f3rios e edif\u00edcios s\u00e3o diferentes, oferecemos in\u00fameros acess\u00f3rios e extras opcionais para que possas personalizar o sistema de acordo com as tuas condi\u00e7\u00f5es \u00fanicas. V\u00ea os extras opcionais para o Fresh Flow no separador \"Acess\u00f3rios\". \n\nA unidade \u00e9 muito eficiente em termos energ\u00e9ticos (3 W\/standby 1 W) e fi\u00e1vel (at\u00e9 -20 \u00b0C).\n\n\u00a0\n\n<section><section><section>\n<div>\n<div><section>\n<h3>Especifica\u00e7\u00f5es principais<\/h3>\n<\/section><section>\n<div>\n<dl>\n \t<dt>EAN 13:<\/dt>\n \t<dd>7318118100011<\/dd>\n \t<dt>ETIM:<\/dt>\n \t<dd>EC011286<\/dd>\n \t<dt>Cor:<\/dt>\n \t<dd>Branco<\/dd>\n \t<dt>Material:<\/dt>\n \t<dd>Cer\u00e2mica, pl\u00e1stico, a\u00e7o inoxid\u00e1vel<\/dd>\n<\/dl>\n<\/div>\n<\/section><\/div>\n<\/div>\n<div>\n<div><section>\n<h3>Medidas<\/h3>\n<\/section><section>\n<div>\n<dl>\n \t<dt>Tipo de instala\u00e7\u00e3o, parede, teto, etc:<\/dt>\n \t<dd>Horizontal, Parede<\/dd>\n \t<dt>Dimens\u00e3o do canal \u00d8 nominal:<\/dt>\n \t<dd>160 mm<\/dd>\n \t<dt>Largura do produto:<\/dt>\n \t<dd>270 mm<\/dd>\n \t<dt>Altura do produto:<\/dt>\n \t<dd>306 mm<\/dd>\n \t<dt>Profundidade do produto:<\/dt>\n \t<dd>430 mm<\/dd>\n \t<dt>Peso do produto:<\/dt>\n \t<dd>5,8 kg<\/dd>\n<\/dl>\n<\/div>\n<\/section><\/div>\n<\/div>\n<div>\n<div><section>\n<h3>Carater\u00edsticas<\/h3>\n<\/section><section>\n<div>\n<dl>\n \t<dt>Funciona:<\/dt>\n \t<dd>Volume constante, tempo de funcionamento<\/dd>\n \t<dt>Tipo de instala\u00e7\u00e3o, parede, teto, etc:<\/dt>\n \t<dd>Horizontal, Parede<\/dd>\n \t<dt>Livre para Air Max (m3\/h):<\/dt>\n \t<dd>43 m\u00b3\/h<\/dd>\n \t<dt>Max Watt(W):<\/dt>\n \t<dd>3 W<\/dd>\n \t<dt>Tens\u00e3o de alimenta\u00e7\u00e3o (12V-400V):<\/dt>\n \t<dd>230V AC<\/dd>\n \t<dt>Fase de alimenta\u00e7\u00e3o el\u00e9ctrica:<\/dt>\n \t<dd>1 fase<\/dd>\n \t<dt>Classe de isolamento:<\/dt>\n \t<dd>II<\/dd>\n \t<dt>Tipo de motor:<\/dt>\n \t<dd>CE<\/dd>\n \t<dt>Op\u00e7\u00e3o de controlo sem fios:<\/dt>\n \t<dd>Bluetooth, RF868<\/dd>\n \t<dt>Prote\u00e7\u00e3o ( Ip ):<\/dt>\n \t<dd>IP 20<\/dd>\n \t<dt>Cor:<\/dt>\n \t<dd>Branco<\/dd>\n \t<dt>Material:<\/dt>\n \t<dd>Cer\u00e2mica, pl\u00e1stico, a\u00e7o inoxid\u00e1vel<\/dd>\n \t<dt>Temperatura m\u00e1xima de funcionamento:<\/dt>\n \t<dd>50 \u00b0C<\/dd>\n \t<dt>Temperatura m\u00ednima de funcionamento:<\/dt>\n \t<dd>-20 \u00b0C<\/dd>\n<\/dl>\n<\/div>\n<\/section><\/div>\n<\/div>\n<\/section><\/section><\/section>","_et_gb_content_width":""},"product_brand":[169],"product_cat":[104,91],"product_tag":[],"class_list":{"0":"post-5248","1":"product","2":"type-product","3":"status-publish","4":"has-post-thumbnail","6":"product_brand-fresh","7":"product_cat-recuperacao-descentralizada-de-calor","8":"product_cat-unidades-de-recuperacao-de-calor","9":"pa_product-type-ventilador-descentralizado-de-recuperacao-de-calor","11":"first","12":"instock","13":"taxable","14":"shipping-taxable","15":"purchasable","16":"product-type-simple"},"jetpack_sharing_enabled":true,"_links":{"self":[{"href":"https:\/\/paxspain.com\/pt-pt\/wp-json\/wp\/v2\/product\/5248","targetHints":{"allow":["GET"]}}],"collection":[{"href":"https:\/\/paxspain.com\/pt-pt\/wp-json\/wp\/v2\/product"}],"about":[{"href":"https:\/\/paxspain.com\/pt-pt\/wp-json\/wp\/v2\/types\/product"}],"replies":[{"embeddable":true,"href":"https:\/\/paxspain.com\/pt-pt\/wp-json\/wp\/v2\/comments?post=5248"}],"wp:featuredmedia":[{"embeddable":true,"href":"https:\/\/paxspain.com\/pt-pt\/wp-json\/wp\/v2\/media\/4872"}],"wp:attachment":[{"href":"https:\/\/paxspain.com\/pt-pt\/wp-json\/wp\/v2\/media?parent=5248"}],"wp:term":[{"taxonomy":"product_brand","embeddable":true,"href":"https:\/\/paxspain.com\/pt-pt\/wp-json\/wp\/v2\/product_brand?post=5248"},{"taxonomy":"product_cat","embeddable":true,"href":"https:\/\/paxspain.com\/pt-pt\/wp-json\/wp\/v2\/product_cat?post=5248"},{"taxonomy":"product_tag","embeddable":true,"href":"https:\/\/paxspain.com\/pt-pt\/wp-json\/wp\/v2\/product_tag?post=5248"}],"curies":[{"name":"wp","href":"https:\/\/api.w.org\/{rel}","templated":true}]}}