{"id":5250,"date":"2023-10-27T17:45:22","date_gmt":"2023-10-27T15:45:22","guid":{"rendered":"https:\/\/paxspain.com\/product\/sensor-de-temperatura-humidade-no-interior\/"},"modified":"2026-02-26T18:58:15","modified_gmt":"2026-02-26T17:58:15","slug":"sensor-de-temperatura-humidade-no-interior","status":"publish","type":"product","link":"https:\/\/paxspain.com\/pt-pt\/produto\/sensor-de-temperatura-humidade-no-interior\/","title":{"rendered":"Sensor de Temperatura\/Humidade Interior"},"content":{"rendered":"<section>\n<section>\n<section>\n<section>\n<section>\n<section>\n<div class=\"row attribute-categories js-hide-row \" data-rowid=\"191\">\n<div class=\"col-sm-12 \" data-columnid=\"310\">\n<section id=\"section_443\" class=\"section section_Content section_443 \" data-lazysection-routevalues=\"{\"sectionid\":443}\" data-lazyload=\"false\" data-action=\"Home\/ContentSection\" data-sectionid=\"443\" data-view=\"Content\/_ContentDetail\">O <strong data-start=\"1496\" data-end=\"1540\">Sensor de Temperatura e Humidade Interior PAX<\/strong> foi concebido para apoiar uma ventila\u00e7\u00e3o inteligente e controlada. A medi\u00e7\u00e3o cont\u00ednua da temperatura e humidade ajuda os sistemas compat\u00edveis a reagir apenas quando necess\u00e1rio. Esta abordagem melhora o conforto e reduz o gasto de energia. Ideal para resid\u00eancias, o sensor integra-se em sistemas PAX, incluindo <strong data-start=\"1956\" data-end=\"1984\">recuperadores de calor<\/strong> ou <strong data-start=\"1988\" data-end=\"2014\">extratores de casa de banho<\/strong>. Uma solu\u00e7\u00e3o discreta para manter o equil\u00edbrio interior sem ajustes manuais.    <\/p>\n<h3>Especifica\u00e7\u00f5es principais<\/h3>\n<\/section>\n<section id=\"section_579\" class=\"section section_ProductAttributes section_579 \" data-lazysection-routevalues=\"{\"sectionid\":579}\" data-lazyload=\"false\" data-action=\"ProductDetail\/AttributeSection\" data-sectionid=\"579\" data-view=\"ProductDetail\/_AttributePlaceholders_Single_List\">\n<div class=\"product-additional-content\">\n<dl class=\"dl-horizontal\">\n<dt>EAN 13:<\/dt>\n<dd>7318118100523<\/dd>\n<dt>ETIM:<\/dt>\n<dd>EC011606<\/dd>\n<dt>Termina:<\/dt>\n<dd>Brilho<\/dd>\n<dt>Cor:<\/dt>\n<dd>Branco<\/dd>\n<dt>Material:<\/dt>\n<dd>Pl\u00e1stico<\/dd>\n<\/dl>\n<\/div>\n<\/section>\n<\/div>\n<\/div>\n<div class=\"row attribute-categories js-hide-row \" data-rowid=\"192\">\n<div class=\"col-sm-12 \" data-columnid=\"312\">\n<section id=\"section_444\" class=\"section section_Content section_444 \" data-lazysection-routevalues=\"{\"sectionid\":444}\" data-lazyload=\"false\" data-action=\"Home\/ContentSection\" data-sectionid=\"444\" data-view=\"Content\/_ContentDetail\">\n<h3>Medidas<\/h3>\n<\/section>\n<section id=\"section_440\" class=\"section section_ProductAttributes section_440 \" data-lazysection-routevalues=\"{\"sectionid\":440}\" data-lazyload=\"false\" data-action=\"ProductDetail\/AttributeSection\" data-sectionid=\"440\" data-view=\"ProductDetail\/_AttributePlaceholders_Single_List\">\n<div class=\"product-additional-content\">\n<dl class=\"dl-horizontal\">\n<dt>Tipo de instala\u00e7\u00e3o, parede, teto, etc:<\/dt>\n<dd>Parede<\/dd>\n<dt>Largura do produto:<\/dt>\n<dd>54 mm<\/dd>\n<dt>Altura do produto:<\/dt>\n<dd>54 mm<\/dd>\n<dt>Profundidade do produto:<\/dt>\n<dd>22 mm<\/dd>\n<dt>Peso do produto:<\/dt>\n<dd>0,036 kg<\/dd>\n<\/dl>\n<\/div>\n<\/section>\n<\/div>\n<\/div>\n<div class=\"row attribute-categories js-hide-row \" data-rowid=\"193\">\n<div class=\"col-sm-12 \" data-columnid=\"314\">\n<section id=\"section_445\" class=\"section section_Content section_445 \" data-lazysection-routevalues=\"{\"sectionid\":445}\" data-lazyload=\"false\" data-action=\"Home\/ContentSection\" data-sectionid=\"445\" data-view=\"Content\/_ContentDetail\">\n<h3>Carater\u00edsticas<\/h3>\n<\/section>\n<section id=\"section_442\" class=\"section section_ProductAttributes section_442 \" data-lazysection-routevalues=\"{\"sectionid\":442}\" data-lazyload=\"false\" data-action=\"ProductDetail\/AttributeSection\" data-sectionid=\"442\" data-view=\"ProductDetail\/_AttributePlaceholders_Single_List\">\n<div class=\"product-additional-content\">\n<dl class=\"dl-horizontal\">\n<dt>Funciona:<\/dt>\n<dd>Humid\u00f3stato, Sensor de temperatura<\/dd>\n<dt>Tipo de instala\u00e7\u00e3o, parede, teto, etc:<\/dt>\n<dd>Parede<\/dd>\n<dt>Classe de isolamento:<\/dt>\n<dd>II<\/dd>\n<dt>Op\u00e7\u00e3o de controlo sem fios:<\/dt>\n<dd>Bluetooth LE<\/dd>\n<dt>Termina:<\/dt>\n<dd>Brilho<\/dd>\n<dt>Cor:<\/dt>\n<dd>Branco<\/dd>\n<dt>Material:<\/dt>\n<dd>Pl\u00e1stico<\/dd>\n<dt>Temperatura m\u00e1xima de funcionamento:<\/dt>\n<dd>50 \u00b0C<\/dd>\n<dt>Certificado ambiental:<\/dt>\n<dd>REEE<\/dd>\n<\/dl>\n<\/div>\n<\/section>\n<\/div>\n<\/div>\n<\/section>\n<\/section>\n<\/section>\n<\/section>\n<\/section>\n<\/section>\n","protected":false},"excerpt":{"rendered":"<p>Sensor sem fios para utiliza\u00e7\u00e3o no interior que monitoriza a temperatura e a humidade e ajusta a ventila\u00e7\u00e3o, se necess\u00e1rio.<\/p>\n<ul>\n<li>Comunica\u00e7\u00e3o sem fios (RF868 MHz)<\/li>\n<li>Liga\u00e7\u00e3o f\u00e1cil \u00e0 aplica\u00e7\u00e3o atrav\u00e9s de Bluetooth<\/li>\n<\/ul>\n<p><a href=\"https:\/\/paxspain.com\/wp-content\/uploads\/2023\/10\/Manual-Decentralized-heat-recovery-accessories.pdf\">Manual Acess\u00f3rios de recupera\u00e7\u00e3o de calor descentralizada<\/a><br \/>\n<a href=\"https:\/\/paxspain.com\/wp-content\/uploads\/2023\/10\/Installationsmanual-skotsel-Fresh-Connect-RH_temp-inne-ute.pdf\">Manual de instala\u00e7\u00e3o Fresh Connect RH_temp inne ute<\/a><\/p>\n","protected":false},"featured_media":4892,"comment_status":"closed","ping_status":"closed","template":"","meta":{"_et_pb_use_builder":"","_et_pb_old_content":"","_et_gb_content_width":""},"product_brand":[169],"product_cat":[107,92],"product_tag":[],"class_list":{"0":"post-5250","1":"product","2":"type-product","3":"status-publish","4":"has-post-thumbnail","6":"product_brand-fresh","7":"product_cat-acessorios-flow-fdx","8":"product_cat-acessorios-unidades-de-recuperacao-de-calor","10":"first","11":"instock","12":"taxable","13":"shipping-taxable","14":"purchasable","15":"product-type-simple"},"jetpack_sharing_enabled":true,"_links":{"self":[{"href":"https:\/\/paxspain.com\/pt-pt\/wp-json\/wp\/v2\/product\/5250","targetHints":{"allow":["GET"]}}],"collection":[{"href":"https:\/\/paxspain.com\/pt-pt\/wp-json\/wp\/v2\/product"}],"about":[{"href":"https:\/\/paxspain.com\/pt-pt\/wp-json\/wp\/v2\/types\/product"}],"replies":[{"embeddable":true,"href":"https:\/\/paxspain.com\/pt-pt\/wp-json\/wp\/v2\/comments?post=5250"}],"wp:featuredmedia":[{"embeddable":true,"href":"https:\/\/paxspain.com\/pt-pt\/wp-json\/wp\/v2\/media\/4892"}],"wp:attachment":[{"href":"https:\/\/paxspain.com\/pt-pt\/wp-json\/wp\/v2\/media?parent=5250"}],"wp:term":[{"taxonomy":"product_brand","embeddable":true,"href":"https:\/\/paxspain.com\/pt-pt\/wp-json\/wp\/v2\/product_brand?post=5250"},{"taxonomy":"product_cat","embeddable":true,"href":"https:\/\/paxspain.com\/pt-pt\/wp-json\/wp\/v2\/product_cat?post=5250"},{"taxonomy":"product_tag","embeddable":true,"href":"https:\/\/paxspain.com\/pt-pt\/wp-json\/wp\/v2\/product_tag?post=5250"}],"curies":[{"name":"wp","href":"https:\/\/api.w.org\/{rel}","templated":true}]}}