{"id":5253,"date":"2023-10-27T17:49:19","date_gmt":"2023-10-27T15:49:19","guid":{"rendered":"https:\/\/paxspain.com\/product\/sensor-de-temperatura-humidade-no-exterior\/"},"modified":"2026-03-18T17:38:08","modified_gmt":"2026-03-18T16:38:08","slug":"sensor-de-temperatura-humidade-no-exterior","status":"publish","type":"product","link":"https:\/\/paxspain.com\/pt-pt\/produto\/sensor-de-temperatura-humidade-no-exterior\/","title":{"rendered":"Sensor de temperatura\/humidade para exterior"},"content":{"rendered":"<section>\n<section>\n<section>\n<section>\n<section>\n<section>\n<div class=\"row attribute-categories js-hide-row \" data-rowid=\"191\">\n<div class=\"col-sm-12 \" data-columnid=\"310\">\n<section id=\"section_443\" class=\"section section_Content section_443 \" data-lazysection-routevalues=\"{\"sectionid\":443}\" data-lazyload=\"false\" data-action=\"Home\/ContentSection\" data-sectionid=\"443\" data-view=\"Content\/_ContentDetail\">\n<div>\n<div>\n<section>Atualize o seu sistema de ventila\u00e7\u00e3o inteligente com dete\u00e7\u00e3o fi\u00e1vel do clima exterior \u2014 otimizada para desempenho, efici\u00eancia e utiliza\u00e7\u00e3o a longo prazo.\u2022 <strong data-start=\"2931\" data-end=\"2963\">Monitoriza\u00e7\u00e3o Clim\u00e1tica Precisa:<\/strong> Mede continuamente a temperatura e os n\u00edveis de humidade no exterior, ajudando o seu sistema de ventila\u00e7\u00e3o a adaptar-se em tempo real. <br data-start=\"3116\" data-end=\"3119\">\u2022 <strong data-start=\"3121\" data-end=\"3147\">Conectividade Sem Fios:<\/strong> Utiliza comunica\u00e7\u00e3o RF868 MHz e Bluetooth LE para uma integra\u00e7\u00e3o perfeita com sistemas PAX compat\u00edveis e aplica\u00e7\u00f5es m\u00f3veis. <br data-start=\"3301\" data-end=\"3304\">\u2022 <strong data-start=\"3306\" data-end=\"3331\">Design Resistente \u00e0s Intemp\u00e9ries:<\/strong> Concebido para instala\u00e7\u00e3o em parede no exterior com <strong data-start=\"3376\" data-end=\"3395\">prote\u00e7\u00e3o IP67<\/strong>, garantindo desempenho mesmo em condi\u00e7\u00f5es meteorol\u00f3gicas adversas. <br data-start=\"3489\" data-end=\"3492\">\u2022 <strong data-start=\"3494\" data-end=\"3516\">Compacto e Dur\u00e1vel:<\/strong> Caixa em pl\u00e1stico leve com acabamento brilhante torna a instala\u00e7\u00e3o e a utiliza\u00e7\u00e3o a longo prazo simples.<\/p>\n<h3>Especifica\u00e7\u00f5es principais<\/h3>\n<\/section>\n<section>\n<div>\n<dl>\n<dt>EAN 13:<\/dt>\n<dd>7318118100530<\/dd>\n<dt>ETIM:<\/dt>\n<dd>EC011606<\/dd>\n<dt>Termina:<\/dt>\n<dd>Brilho<\/dd>\n<dt>Cor:<\/dt>\n<dd>Branco<\/dd>\n<dt>Material:<\/dt>\n<dd>Pl\u00e1stico<\/dd>\n<\/dl>\n<\/div>\n<\/section>\n<\/div>\n<\/div>\n<div>\n<div>\n<section>\n<h3>Medidas<\/h3>\n<\/section>\n<section>\n<div>\n<dl>\n<dt>Tipo de instala\u00e7\u00e3o, parede, teto, etc:<\/dt>\n<dd>Parede exterior<\/dd>\n<dt>Largura do produto:<\/dt>\n<dd>115 mm<\/dd>\n<dt>Altura do produto:<\/dt>\n<dd>126 mm<\/dd>\n<dt>Profundidade do produto:<\/dt>\n<dd>40 mm<\/dd>\n<dt>Peso do produto:<\/dt>\n<dd>0,156 kg<\/dd>\n<\/dl>\n<\/div>\n<\/section>\n<\/div>\n<\/div>\n<div>\n<div>\n<section>\n<h3>Carater\u00edsticas<\/h3>\n<\/section>\n<section>\n<div>\n<dl>\n<dt>Funciona:<\/dt>\n<dd>Humid\u00f3stato, Sensor de temperatura<\/dd>\n<dt>Tipo de instala\u00e7\u00e3o, parede, teto, etc:<\/dt>\n<dd>Parede exterior<\/dd>\n<dt>Classe de isolamento:<\/dt>\n<dd>II<\/dd>\n<dt>Op\u00e7\u00e3o de controlo sem fios:<\/dt>\n<dd>Bluetooth LE<\/dd>\n<dt>Prote\u00e7\u00e3o ( Ip ):<\/dt>\n<dd>IP 67<\/dd>\n<dt>Termina:<\/dt>\n<dd>Brilho<\/dd>\n<dt>Cor:<\/dt>\n<dd>Branco<\/dd>\n<dt>Material:<\/dt>\n<dd>Pl\u00e1stico<\/dd>\n<dt>Temperatura m\u00e1xima de funcionamento:<\/dt>\n<dd>50 \u00b0C<\/dd>\n<dt>Certificado ambiental:<\/dt>\n<dd>REEE<\/dd>\n<\/dl>\n<\/div>\n<\/section>\n<\/div>\n<\/div>\n<\/section>\n<\/div>\n<\/div>\n<\/section>\n<\/section>\n<\/section>\n<\/section>\n<\/section>\n<\/section>\n","protected":false},"excerpt":{"rendered":"<p>Obtenha um controlo preciso do clima exterior com este <strong data-start=\"1718\" data-end=\"1770\">sensor sem fios de temperatura e humidade para exterior<\/strong> da PAX Spain. Concebido para instala\u00e7\u00e3o em parede exterior, monitoriza continuamente a temperatura e a humidade no exterior e envia os dados via <strong data-start=\"1905\" data-end=\"1930\">Bluetooth (RF868 MHz)<\/strong> para o seu sistema de ventila\u00e7\u00e3o. Constru\u00eddo com <strong data-start=\"1970\" data-end=\"2021\">materiais resistentes \u00e0s intemp\u00e9ries e prote\u00e7\u00e3o IP67<\/strong>, funciona perfeitamente com sistemas compat\u00edveis de recupera\u00e7\u00e3o de calor e ventila\u00e7\u00e3o inteligente para otimizar o desempenho e a efici\u00eancia energ\u00e9tica. O seu design branco discreto e a configura\u00e7\u00e3o f\u00e1cil tornam-no ideal para instala\u00e7\u00f5es de ventila\u00e7\u00e3o residenciais ou comerciais.   <\/p>\n<ul>\n<li>Comunica\u00e7\u00e3o sem fios (RF868 MHz)<\/li>\n<li>Liga\u00e7\u00e3o f\u00e1cil \u00e0 aplica\u00e7\u00e3o atrav\u00e9s de Bluetooth<\/li>\n<\/ul>\n<p><a href=\"https:\/\/paxspain.com\/wp-content\/uploads\/2023\/10\/Manual-Decentralized-heat-recovery-accessories.pdf\">Manual Acess\u00f3rios de recupera\u00e7\u00e3o de calor descentralizada<\/a><\/p>\n","protected":false},"featured_media":4898,"comment_status":"closed","ping_status":"closed","template":"","meta":{"_et_pb_use_builder":"","_et_pb_old_content":"","_et_gb_content_width":""},"product_brand":[169],"product_cat":[107,92,91],"product_tag":[],"class_list":{"0":"post-5253","1":"product","2":"type-product","3":"status-publish","4":"has-post-thumbnail","6":"product_brand-fresh","7":"product_cat-acessorios-flow-fdx","8":"product_cat-acessorios-unidades-de-recuperacao-de-calor","9":"product_cat-unidades-de-recuperacao-de-calor","11":"first","12":"instock","13":"taxable","14":"shipping-taxable","15":"purchasable","16":"product-type-simple"},"jetpack_sharing_enabled":true,"_links":{"self":[{"href":"https:\/\/paxspain.com\/pt-pt\/wp-json\/wp\/v2\/product\/5253","targetHints":{"allow":["GET"]}}],"collection":[{"href":"https:\/\/paxspain.com\/pt-pt\/wp-json\/wp\/v2\/product"}],"about":[{"href":"https:\/\/paxspain.com\/pt-pt\/wp-json\/wp\/v2\/types\/product"}],"replies":[{"embeddable":true,"href":"https:\/\/paxspain.com\/pt-pt\/wp-json\/wp\/v2\/comments?post=5253"}],"wp:featuredmedia":[{"embeddable":true,"href":"https:\/\/paxspain.com\/pt-pt\/wp-json\/wp\/v2\/media\/4898"}],"wp:attachment":[{"href":"https:\/\/paxspain.com\/pt-pt\/wp-json\/wp\/v2\/media?parent=5253"}],"wp:term":[{"taxonomy":"product_brand","embeddable":true,"href":"https:\/\/paxspain.com\/pt-pt\/wp-json\/wp\/v2\/product_brand?post=5253"},{"taxonomy":"product_cat","embeddable":true,"href":"https:\/\/paxspain.com\/pt-pt\/wp-json\/wp\/v2\/product_cat?post=5253"},{"taxonomy":"product_tag","embeddable":true,"href":"https:\/\/paxspain.com\/pt-pt\/wp-json\/wp\/v2\/product_tag?post=5253"}],"curies":[{"name":"wp","href":"https:\/\/api.w.org\/{rel}","templated":true}]}}