{"id":5257,"date":"2023-10-30T10:35:12","date_gmt":"2023-10-30T09:35:12","guid":{"rendered":"https:\/\/paxspain.com\/product\/pax-eos-100h\/"},"modified":"2026-02-22T14:00:49","modified_gmt":"2026-02-22T13:00:49","slug":"pax-eos-100h","status":"publish","type":"product","link":"https:\/\/paxspain.com\/pt-pt\/produto\/pax-eos-100h\/","title":{"rendered":"Eos 100H"},"content":{"rendered":"<p>O Pax Eos com pr\u00e9-aquecimento proporciona uma vantagem adicional quando est\u00e1 frio no exterior. Antes de o ar frio do exterior entrar na casa, \u00e9 pr\u00e9-aquecido a pelo menos 18 \u00b0 C, para que esteja pr\u00f3ximo da temperatura ambiente normal desde o in\u00edcio. \u00c9 agrad\u00e1vel e economiza energia.<\/p>\n<p>Se quiseres que o Eos funcione automaticamente de forma t\u00e3o econ\u00f3mica quanto poss\u00edvel quando est\u00e1 frio no exterior, define o modo Eco. Se, em vez disso, quiseres que os autom\u00e1ticos forne\u00e7am um fluxo uniforme de ar artificial vermelho e confort\u00e1vel, muda para o modo Comfort.<\/p>\n<p>Para as condi\u00e7\u00f5es escandinavas, o Pax Eos \u00e9 um edif\u00edcio s\u00f3lido, equipado para as condi\u00e7\u00f5es escandinavas. Naturalmente, \u00e9 testado e marcado com a marca S, tem isolamento duplo e classifica\u00e7\u00e3o IP24. Tem um motor EC, ou seja, um motor DC sem escovas que \u00e9 incrivelmente fi\u00e1vel. Sem dreno de condensa\u00e7\u00e3o O Eos n\u00e3o precisa de um dreno de condensa\u00e7\u00e3o, porque o controlo inteligente regula os fluxos de ar para que n\u00e3o ocorra condensa\u00e7\u00e3o.<\/p>\n<p>Substitui\u00e7\u00e3o do filtro Para garantir uma qualidade de ar e um funcionamento realmente bons, o Eos tem dois filtros. S\u00e3o f\u00e1ceis de trocar, o que deve ser feito de seis em seis meses &#8211; Eos diz a si pr\u00f3prio quando \u00e9 altura. Os filtros standard est\u00e3o dispon\u00edveis para compra nos nossos revendedores.<\/p>\n<p><strong>N\u00e3o tens espa\u00e7o suficiente na casa de banho?<\/strong>  Tens pouco espa\u00e7o para montar a Eos na casa de banho ou na lavandaria? O PAX Eos pode ser equipado com um tubo de extra\u00e7\u00e3o para retirar o ar da divis\u00e3o pretendida. Desta forma, o Eos pode ser instalado, por exemplo, num roupeiro adjacente. <a href=\"https:\/\/paxspain.com\/contact\/\" target=\"_blank\" rel=\"noopener\">Contacte-nos<\/a> para discutir as suas necessidades de ventila\u00e7\u00e3o. <\/p>\n<p>&nbsp;<\/p>\n<div>\n<div>\n<section>\n<h3>Especifica\u00e7\u00f5es principais<\/h3>\n<\/section>\n<section>\n<div>\n<dl>\n<dt>EAN 13:<\/dt>\n<dd>7391477111027<\/dd>\n<dt>ETIM:<\/dt>\n<dd>EC011286<\/dd>\n<dt>Cor:<\/dt>\n<dd>Branco<\/dd>\n<dt>Material:<\/dt>\n<dd>Pl\u00e1stico<\/dd>\n<dt>Detalhe do material pl\u00e1stico:<\/dt>\n<dd>ABS<\/dd>\n<\/dl>\n<\/div>\n<\/section>\n<\/div>\n<\/div>\n<div>\n<div>\n<section>\n<h3>Medidas<\/h3>\n<\/section>\n<section>\n<div>\n<dl>\n<dt>Tipo de instala\u00e7\u00e3o, parede, teto, etc:<\/dt>\n<dd>Teto vazio, Teto, Parede<\/dd>\n<dt>Dimens\u00e3o do canal \u00d8 nominal:<\/dt>\n<dd>100 mm<\/dd>\n<dt>Largura do produto:<\/dt>\n<dd>720 mm<\/dd>\n<dt>Altura do produto:<\/dt>\n<dd>191 mm<\/dd>\n<dt>Profundidade do produto:<\/dt>\n<dd>340 mm<\/dd>\n<dt>Peso do produto:<\/dt>\n<dd>9,5 kg<\/dd>\n<\/dl>\n<\/div>\n<\/section>\n<\/div>\n<\/div>\n<div>\n<div>\n<section>\n<h3>Carater\u00edsticas<\/h3>\n<\/section>\n<section>\n<div>\n<dl>\n<dt>Funciona:<\/dt>\n<dd>Sensor de fluxo de ar, Humidistato<\/dd>\n<dt>Tipo de instala\u00e7\u00e3o, parede, teto, etc:<\/dt>\n<dd>Teto vazio, Teto, Parede<\/dd>\n<dt>Livre para Air Max (m3\/h):<\/dt>\n<dd>90 m\u00b3\/h<\/dd>\n<dt>Max Watt(W):<\/dt>\n<dd>25 W<\/dd>\n<dt>Tens\u00e3o de alimenta\u00e7\u00e3o (12V-400V):<\/dt>\n<dd>230V AC<\/dd>\n<dt>Fase de alimenta\u00e7\u00e3o el\u00e9ctrica:<\/dt>\n<dd>1 fase<\/dd>\n<dt>Classe de isolamento:<\/dt>\n<dd>II<\/dd>\n<dt>Tipo de motor:<\/dt>\n<dd>CE<\/dd>\n<dt>Prote\u00e7\u00e3o ( Ip ):<\/dt>\n<dd>IP 24<\/dd>\n<dt>Cor:<\/dt>\n<dd>Branco<\/dd>\n<dt>Material:<\/dt>\n<dd>Pl\u00e1stico<\/dd>\n<dt>Detalhe do material pl\u00e1stico:<\/dt>\n<dd>ABS<\/dd>\n<\/dl>\n<\/div>\n<\/section>\n<\/div>\n<\/div>\n","protected":false},"excerpt":{"rendered":"<p><strong>Unidade de ventila\u00e7\u00e3o com recupera\u00e7\u00e3o de calor.<\/strong><\/p>\n<p>Equipado com pr\u00e9-aquecedor, sensor de humidade e controlo remoto. Para instala\u00e7\u00e3o fixa.<\/p>\n<ul>\n<li>Substitui o ar e ret\u00e9m o calor<\/li>\n<li>Poupa calor e dinheiro<\/li>\n<li>Instala\u00e7\u00e3o simples e atractiva<\/li>\n<\/ul>\n<p><a href=\"https:\/\/paxspain.com\/wp-content\/uploads\/2023\/10\/PAX-Eos-100H-manual.pdf\">Transferir manual do PAX Eos 100H &#8211; Ingl\u00eas<\/a><br \/>\n<a href=\"https:\/\/paxspain.com\/wp-content\/uploads\/2023\/10\/Brochure-Heat-recovery-units-Eos-EN.pdf\">Transferir brochura do PAX Eos 100H &#8211; Ingl\u00eas<\/a><br \/>\n<a href=\"https:\/\/paxspain.com\/wp-content\/uploads\/2023\/10\/Spanish-PAX-Eos.pdf\">Transferir ficha de produto do PAX Eos 100H &#8211; Espanhol<\/a><\/p>\n<p>&nbsp;<\/p>\n<p>&nbsp;<\/p>\n<p><iframe loading=\"lazy\" title=\"Leitor de v\u00eddeo do YouTube\" src=\"https:\/\/www.youtube.com\/embed\/ZfXKczEatN0?si=wkAOa6d4e9KXLyTk\" width=\"560\" height=\"315\" frameborder=\"0\" allowfullscreen=\"allowfullscreen\"><\/iframe><\/p>\n","protected":false},"featured_media":4904,"comment_status":"open","ping_status":"closed","template":"","meta":{"_et_pb_use_builder":"","_et_pb_old_content":"","_et_gb_content_width":""},"product_brand":[133],"product_cat":[158],"product_tag":[],"class_list":{"0":"post-5257","1":"product","2":"type-product","3":"status-publish","4":"has-post-thumbnail","6":"product_brand-pax","7":"product_cat-recuperacao-de-calor-centralizada","8":"pa_product-type-ventilador-de-recuperacao-de-calor-centralizado","10":"first","11":"instock","12":"taxable","13":"shipping-taxable","14":"purchasable","15":"product-type-simple"},"jetpack_sharing_enabled":true,"_links":{"self":[{"href":"https:\/\/paxspain.com\/pt-pt\/wp-json\/wp\/v2\/product\/5257","targetHints":{"allow":["GET"]}}],"collection":[{"href":"https:\/\/paxspain.com\/pt-pt\/wp-json\/wp\/v2\/product"}],"about":[{"href":"https:\/\/paxspain.com\/pt-pt\/wp-json\/wp\/v2\/types\/product"}],"replies":[{"embeddable":true,"href":"https:\/\/paxspain.com\/pt-pt\/wp-json\/wp\/v2\/comments?post=5257"}],"wp:featuredmedia":[{"embeddable":true,"href":"https:\/\/paxspain.com\/pt-pt\/wp-json\/wp\/v2\/media\/4904"}],"wp:attachment":[{"href":"https:\/\/paxspain.com\/pt-pt\/wp-json\/wp\/v2\/media?parent=5257"}],"wp:term":[{"taxonomy":"product_brand","embeddable":true,"href":"https:\/\/paxspain.com\/pt-pt\/wp-json\/wp\/v2\/product_brand?post=5257"},{"taxonomy":"product_cat","embeddable":true,"href":"https:\/\/paxspain.com\/pt-pt\/wp-json\/wp\/v2\/product_cat?post=5257"},{"taxonomy":"product_tag","embeddable":true,"href":"https:\/\/paxspain.com\/pt-pt\/wp-json\/wp\/v2\/product_tag?post=5257"}],"curies":[{"name":"wp","href":"https:\/\/api.w.org\/{rel}","templated":true}]}}