{"id":5258,"date":"2023-10-27T17:40:02","date_gmt":"2023-10-27T15:40:02","guid":{"rendered":"https:\/\/paxspain.com\/product\/sensor-co2-incl-sensor-de-temperatura-humidade\/"},"modified":"2026-02-26T18:58:08","modified_gmt":"2026-02-26T17:58:08","slug":"sensor-co2-incl-sensor-de-temperatura-humidade","status":"publish","type":"product","link":"https:\/\/paxspain.com\/pt-pt\/produto\/sensor-co2-incl-sensor-de-temperatura-humidade\/","title":{"rendered":"Sensor de CO2 (incl. sensor de temperatura\/humidade)"},"content":{"rendered":"<section>\n<section>\n<section>\n<section>\n<section>\n<div>\n<div>\n<section>\n<p data-start=\"1600\" data-end=\"2259\">O <strong data-start=\"1604\" data-end=\"1652\">Sensor de CO\u2082 PAX com Temperatura e Humidade<\/strong> foi concebido para suportar uma ventila\u00e7\u00e3o mais inteligente, controlada pela procura. Ao monitorizar continuamente a qualidade do ar interior, a temperatura e os n\u00edveis de humidade, ajuda os sistemas de ventila\u00e7\u00e3o ligados a responder apenas quando necess\u00e1rio. Esta abordagem direcionada melhora o conforto, evitando consumos de energia desnecess\u00e1rios. Ideal para ambientes residenciais e comerciais ligeiros, o sensor integra-se perfeitamente com solu\u00e7\u00f5es de ventila\u00e7\u00e3o PAX compat\u00edveis, incluindo sistemas utilizados em conjunto com um <strong data-start=\"2108\" data-end=\"2136\">ventilador com recupera\u00e7\u00e3o de calor<\/strong> ou um <strong data-start=\"2140\" data-end=\"2166\">extrator de casa de banho<\/strong>. Uma escolha pr\u00e1tica para manter um ar interior mais saud\u00e1vel sem ajustes manuais constantes.    <\/p>\n<h3>Especifica\u00e7\u00f5es principais<\/h3>\n<\/section>\n<section>\n<div>\n<dl>\n<dt>EAN 13:<\/dt>\n<dd>7318118100516<\/dd>\n<dt>ETIM:<\/dt>\n<dd>EC011606<\/dd>\n<dt>Termina:<\/dt>\n<dd>Brilho<\/dd>\n<dt>Cor:<\/dt>\n<dd>Branco<\/dd>\n<dt>Material:<\/dt>\n<dd>Pl\u00e1stico<\/dd>\n<\/dl>\n<\/div>\n<\/section>\n<\/div>\n<\/div>\n<div>\n<div>\n<section>\n<h3>Medidas<\/h3>\n<\/section>\n<section>\n<div>\n<dl>\n<dt>Tipo de instala\u00e7\u00e3o, parede, teto, etc:<\/dt>\n<dd>Parede<\/dd>\n<dt>Largura do produto:<\/dt>\n<dd>88 mm<\/dd>\n<dt>Altura do produto:<\/dt>\n<dd>88 mm<\/dd>\n<dt>Profundidade do produto:<\/dt>\n<dd>9 mm<\/dd>\n<dt>Peso do produto:<\/dt>\n<dd>0,106 kg<\/dd>\n<\/dl>\n<\/div>\n<\/section>\n<\/div>\n<\/div>\n<div>\n<div>\n<section>\n<h3>Carater\u00edsticas<\/h3>\n<\/section>\n<section>\n<div>\n<dl>\n<dt>Funciona:<\/dt>\n<dd>Sensor de CO2, Humid\u00f3stato, Sensor de temperatura<\/dd>\n<dt>Tipo de instala\u00e7\u00e3o, parede, teto, etc:<\/dt>\n<dd>Parede<\/dd>\n<dt>Tens\u00e3o de alimenta\u00e7\u00e3o (12V-400V):<\/dt>\n<dd>230V AC<\/dd>\n<dt>Fase de alimenta\u00e7\u00e3o el\u00e9ctrica:<\/dt>\n<dd>1 fase<\/dd>\n<dt>Classe de isolamento:<\/dt>\n<dd>II<\/dd>\n<dt>Op\u00e7\u00e3o de controlo sem fios:<\/dt>\n<dd>Bluetooth LE<\/dd>\n<dt>Termina:<\/dt>\n<dd>Brilho<\/dd>\n<dt>Cor:<\/dt>\n<dd>Branco<\/dd>\n<dt>Material:<\/dt>\n<dd>Pl\u00e1stico<\/dd>\n<dt>Temperatura m\u00e1xima de funcionamento:<\/dt>\n<dd>50 \u00b0C<\/dd>\n<\/dl>\n<\/div>\n<\/section>\n<\/div>\n<\/div>\n<\/section>\n<\/section>\n<\/section>\n<\/section>\n<\/section>\n","protected":false},"excerpt":{"rendered":"<p>Sensor sem fios que monitoriza o teor de di\u00f3xido de carbono, a temperatura e a humidade e ajusta a ventila\u00e7\u00e3o, se necess\u00e1rio.<\/p>\n<ul>\n<li>Comunica\u00e7\u00e3o sem fios (RF868 MHz)<\/li>\n<li>Sensor de CO2 e de temperatura\/humidade<\/li>\n<li>Liga\u00e7\u00e3o f\u00e1cil \u00e0 aplica\u00e7\u00e3o atrav\u00e9s de Bluetooth<\/li>\n<\/ul>\n<p><a href=\"https:\/\/paxspain.com\/wp-content\/uploads\/2023\/10\/Manual-Fresh-Connect-Kontrollpanel-och-CO2-sensor-1.pdf\">Manual Fresh Connect Kontrollpanel och CO2 sensor (1)<\/a><\/p>\n","protected":false},"featured_media":4888,"comment_status":"closed","ping_status":"closed","template":"","meta":{"_et_pb_use_builder":"","_et_pb_old_content":"","_et_gb_content_width":""},"product_brand":[169],"product_cat":[107,92],"product_tag":[],"class_list":{"0":"post-5258","1":"product","2":"type-product","3":"status-publish","4":"has-post-thumbnail","6":"product_brand-fresh","7":"product_cat-acessorios-flow-fdx","8":"product_cat-acessorios-unidades-de-recuperacao-de-calor","10":"first","11":"instock","12":"taxable","13":"shipping-taxable","14":"purchasable","15":"product-type-simple"},"jetpack_sharing_enabled":true,"_links":{"self":[{"href":"https:\/\/paxspain.com\/pt-pt\/wp-json\/wp\/v2\/product\/5258","targetHints":{"allow":["GET"]}}],"collection":[{"href":"https:\/\/paxspain.com\/pt-pt\/wp-json\/wp\/v2\/product"}],"about":[{"href":"https:\/\/paxspain.com\/pt-pt\/wp-json\/wp\/v2\/types\/product"}],"replies":[{"embeddable":true,"href":"https:\/\/paxspain.com\/pt-pt\/wp-json\/wp\/v2\/comments?post=5258"}],"wp:featuredmedia":[{"embeddable":true,"href":"https:\/\/paxspain.com\/pt-pt\/wp-json\/wp\/v2\/media\/4888"}],"wp:attachment":[{"href":"https:\/\/paxspain.com\/pt-pt\/wp-json\/wp\/v2\/media?parent=5258"}],"wp:term":[{"taxonomy":"product_brand","embeddable":true,"href":"https:\/\/paxspain.com\/pt-pt\/wp-json\/wp\/v2\/product_brand?post=5258"},{"taxonomy":"product_cat","embeddable":true,"href":"https:\/\/paxspain.com\/pt-pt\/wp-json\/wp\/v2\/product_cat?post=5258"},{"taxonomy":"product_tag","embeddable":true,"href":"https:\/\/paxspain.com\/pt-pt\/wp-json\/wp\/v2\/product_tag?post=5258"}],"curies":[{"name":"wp","href":"https:\/\/api.w.org\/{rel}","templated":true}]}}