{"id":5260,"date":"2023-10-30T11:43:12","date_gmt":"2023-10-30T10:43:12","guid":{"rendered":"https:\/\/paxspain.com\/product\/filtro-tl-d-standard-3-pecas\/"},"modified":"2026-02-26T18:58:18","modified_gmt":"2026-02-26T17:58:18","slug":"filtro-tl-d-standard-3-pecas","status":"publish","type":"product","link":"https:\/\/paxspain.com\/pt-pt\/produto\/filtro-tl-d-standard-3-pecas\/","title":{"rendered":"Filtro TL-D Standard 3 un."},"content":{"rendered":"<section>\n<div>\n<div>\n<section>\n<p data-start=\"1741\" data-end=\"1972\">A substitui\u00e7\u00e3o rotineira dos filtros desempenha um papel fundamental na manuten\u00e7\u00e3o da efici\u00eancia operacional de um sistema de ventila\u00e7\u00e3o. O <strong>Filtro Fresh TL-D Standard (3 un.)<\/strong> foi concebido especificamente para unidades TL-D, proporcionando uma filtragem fi\u00e1vel para o uso di\u00e1rio normal. <\/p>\n<p data-start=\"1974\" data-end=\"2293\">Estes filtros standard ajudam a reduzir a quantidade de p\u00f3 e part\u00edculas suspensas no ar que entram no sistema de ventila\u00e7\u00e3o. Ao limitar a acumula\u00e7\u00e3o no interior da unidade, apoiam um fluxo de ar mais fluido e ajudam a manter um desempenho est\u00e1vel ao longo do tempo. Isto torna-os adequados para casas e espa\u00e7os onde uma filtragem de ar standard \u00e9 suficiente.  <\/p>\n<p data-start=\"2295\" data-end=\"2508\">Cada pack inclui tr\u00eas filtros de substitui\u00e7\u00e3o, permitindo uma manuten\u00e7\u00e3o programada sem interrup\u00e7\u00f5es. Os filtros podem ser substitu\u00eddos rapidamente, facilitando a manuten\u00e7\u00e3o do seu sistema em funcionamento, conforme projetado, durante todo o ano. <\/p>\n<p data-start=\"2510\" data-end=\"2802\">Quer sejam utilizados num ventilador de recupera\u00e7\u00e3o de calor ou noutra configura\u00e7\u00e3o de ventila\u00e7\u00e3o compat\u00edvel, as trocas regulares de filtros s\u00e3o um passo simples que pode apoiar o conforto interior e a longevidade do sistema. Para melhores resultados, certifique-se de que o tipo de filtro corresponde \u00e0 sua unidade TL-D e siga os intervalos de substitui\u00e7\u00e3o recomendados. <\/p>\n<h3>Especifica\u00e7\u00f5es principais<\/h3>\n<\/section>\n<section>\n<div>\n<dl>\n<dt>EAN 13:<\/dt>\n<dd>7318119032861<\/dd>\n<dt>ETIM:<\/dt>\n<dd>EC010079<\/dd>\n<dt>Cor:<\/dt>\n<dd>Preto<\/dd>\n<dt>Material:<\/dt>\n<dd>Pl\u00e1stico<\/dd>\n<\/dl>\n<\/div>\n<\/section>\n<\/div>\n<\/div>\n<div>\n<div>\n<section>\n<h3>Medidas<\/h3>\n<\/section>\n<section>\n<div>\n<dl>\n<dt>Largura do produto:<\/dt>\n<dd>140 mm<\/dd>\n<dt>Altura do produto:<\/dt>\n<dd>90 mm<\/dd>\n<dt>Profundidade do produto:<\/dt>\n<dd>30 mm<\/dd>\n<dt>Peso do produto:<\/dt>\n<dd>0,01 kg<\/dd>\n<\/dl>\n<\/div>\n<\/section>\n<\/div>\n<\/div>\n<div>\n<div>\n<section>\n<h3>Carater\u00edsticas<\/h3>\n<\/section>\n<section>\n<div>\n<dl>\n<dt>Cor:<\/dt>\n<dd>Preto<\/dd>\n<dt>Material:<\/dt>\n<dd>Pl\u00e1stico<\/dd>\n<\/dl>\n<\/div>\n<\/section>\n<\/div>\n<\/div>\n<\/section>\n","protected":false},"excerpt":{"rendered":"<p>O <strong>Filtro Fresh TL-D Standard (3 un.)<\/strong> \u00e9 um conjunto de filtros de substitui\u00e7\u00e3o para unidades de ventila\u00e7\u00e3o TL-D, concebido para a filtragem de ar quotidiana. Estes filtros standard ajudam a reduzir o p\u00f3, insetos e part\u00edculas comuns suspensas no ar, ao mesmo tempo que apoiam um fluxo de ar consistente e uma opera\u00e7\u00e3o fi\u00e1vel do sistema. Fornecidos num pr\u00e1tico pack de tr\u00eas, s\u00e3o ideais para a manuten\u00e7\u00e3o de rotina.  <\/p>\n<ul>\n<li>Filtro de poeiras e insectos<\/li>\n<li>10 PPI<\/li>\n<\/ul>\n<p><a href=\"https:\/\/paxspain.com\/wp-content\/uploads\/2023\/10\/Productsheet_Filters_EN.pdf\">Descarrega a ficha do produto Filtros PT<\/a><\/p>\n","protected":false},"featured_media":4950,"comment_status":"closed","ping_status":"closed","template":"","meta":{"_et_pb_use_builder":"","_et_pb_old_content":"","_et_gb_content_width":""},"product_brand":[169],"product_cat":[95],"product_tag":[],"class_list":{"0":"post-5260","1":"product","2":"type-product","3":"status-publish","4":"has-post-thumbnail","6":"product_brand-fresh","7":"product_cat-acessorios-para-respiradouros-de-parede","8":"pa_product-type-filtro-de-ventilacao-de-parede","10":"first","11":"instock","12":"taxable","13":"shipping-taxable","14":"purchasable","15":"product-type-simple"},"jetpack_sharing_enabled":true,"_links":{"self":[{"href":"https:\/\/paxspain.com\/pt-pt\/wp-json\/wp\/v2\/product\/5260","targetHints":{"allow":["GET"]}}],"collection":[{"href":"https:\/\/paxspain.com\/pt-pt\/wp-json\/wp\/v2\/product"}],"about":[{"href":"https:\/\/paxspain.com\/pt-pt\/wp-json\/wp\/v2\/types\/product"}],"replies":[{"embeddable":true,"href":"https:\/\/paxspain.com\/pt-pt\/wp-json\/wp\/v2\/comments?post=5260"}],"wp:featuredmedia":[{"embeddable":true,"href":"https:\/\/paxspain.com\/pt-pt\/wp-json\/wp\/v2\/media\/4950"}],"wp:attachment":[{"href":"https:\/\/paxspain.com\/pt-pt\/wp-json\/wp\/v2\/media?parent=5260"}],"wp:term":[{"taxonomy":"product_brand","embeddable":true,"href":"https:\/\/paxspain.com\/pt-pt\/wp-json\/wp\/v2\/product_brand?post=5260"},{"taxonomy":"product_cat","embeddable":true,"href":"https:\/\/paxspain.com\/pt-pt\/wp-json\/wp\/v2\/product_cat?post=5260"},{"taxonomy":"product_tag","embeddable":true,"href":"https:\/\/paxspain.com\/pt-pt\/wp-json\/wp\/v2\/product_tag?post=5260"}],"curies":[{"name":"wp","href":"https:\/\/api.w.org\/{rel}","templated":true}]}}