{"id":5263,"date":"2023-10-30T10:48:21","date_gmt":"2023-10-30T09:48:21","guid":{"rendered":"https:\/\/paxspain.com\/product\/pacote-de-acessorios-pax-eos\/"},"modified":"2026-02-26T18:58:18","modified_gmt":"2026-02-26T17:58:18","slug":"pacote-de-acessorios-pax-eos","status":"publish","type":"product","link":"https:\/\/paxspain.com\/pt-pt\/produto\/pacote-de-acessorios-pax-eos\/","title":{"rendered":"Pacote de Acess\u00f3rios para PAX Eos"},"content":{"rendered":"<section>\n<div>\n<div>\n<section>\n<p data-start=\"2318\" data-end=\"2601\">A instala\u00e7\u00e3o de um ventilador de recupera\u00e7\u00e3o de calor de divis\u00e3o \u00fanica exige, muitas vezes, mais do que apenas a unidade principal. O <strong data-start=\"2417\" data-end=\"2446\">Pacote de Acess\u00f3rios PAX EOS<\/strong> foi concebido para apoiar a instala\u00e7\u00e3o e a configura\u00e7\u00e3o dos ventiladores de recupera\u00e7\u00e3o de calor PAX EOS, ajudando a garantir uma instala\u00e7\u00e3o limpa, compat\u00edvel e pr\u00e1tica. <\/p>\n<p data-start=\"2603\" data-end=\"3024\">Este pacote de acess\u00f3rios destina-se a utiliza\u00e7\u00e3o exclusiva com a gama PAX EOS. N\u00e3o funciona como um sistema de ventila\u00e7\u00e3o aut\u00f3nomo; em vez disso, complementa a unidade principal de recupera\u00e7\u00e3o de calor, fornecendo componentes adicionais necess\u00e1rios durante a instala\u00e7\u00e3o ou o acabamento. Isto torna-o particularmente \u00fatil para instaladores que gerem requisitos espec\u00edficos em obra ou projetos de reabilita\u00e7\u00e3o, onde as configura\u00e7\u00f5es padr\u00e3o podem necessitar de ajustes.  <\/p>\n<p data-start=\"3026\" data-end=\"3434\">Os ventiladores de recupera\u00e7\u00e3o de calor de divis\u00e3o \u00fanica s\u00e3o frequentemente escolhidos para projetos em que os sistemas MVHR centralizados n\u00e3o s\u00e3o adequados. Nestas situa\u00e7\u00f5es, o acesso a acess\u00f3rios concebidos pelo fabricante pode ajudar a manter a consist\u00eancia e a compatibilidade entre instala\u00e7\u00f5es. O pacote de acess\u00f3rios EOS apoia isso ao disponibilizar componentes concebidos para funcionar de forma integrada com as dimens\u00f5es da unidade e os requisitos de montagem.  <\/p>\n<p data-start=\"3436\" data-end=\"3781\">A utiliza\u00e7\u00e3o de acess\u00f3rios dedicados tamb\u00e9m pode ajudar a obter um acabamento mais discreto e profissional. O ajuste e o alinhamento corretos s\u00e3o importantes n\u00e3o s\u00f3 para a est\u00e9tica, mas tamb\u00e9m para a fiabilidade a longo prazo e a facilidade de manuten\u00e7\u00e3o. Acess\u00f3rios concebidos para a unidade espec\u00edfica reduzem o risco de pe\u00e7as incompat\u00edveis ou de modifica\u00e7\u00f5es desnecess\u00e1rias durante a instala\u00e7\u00e3o.  <\/p>\n<p data-start=\"3783\" data-end=\"4101\">O <strong data-start=\"3787\" data-end=\"3816\">Pacote de Acess\u00f3rios PAX EOS<\/strong> \u00e9 adequado para ambientes residenciais e comerciais ligeiros onde est\u00e3o a ser instalados ventiladores de recupera\u00e7\u00e3o de calor de divis\u00e3o \u00fanica em casas de banho, WCs ou espa\u00e7os habit\u00e1veis. Pode ser utilizado tanto em projetos de reabilita\u00e7\u00e3o como em novas constru\u00e7\u00f5es, oferecendo flexibilidade em diferentes cen\u00e1rios de instala\u00e7\u00e3o. <\/p>\n<p data-start=\"4103\" data-end=\"4341\">Para os instaladores, o pacote oferece a garantia de que os componentes s\u00e3o compat\u00edveis com o sistema PAX EOS. Para os propriet\u00e1rios, contribui para uma instala\u00e7\u00e3o mais limpa e ajuda a assegurar que o ventilador de recupera\u00e7\u00e3o de calor funciona como previsto ap\u00f3s a instala\u00e7\u00e3o. <\/p>\n<p data-start=\"4343\" data-end=\"4550\">Se estiver a instalar ou a atualizar um <strong data-start=\"4377\" data-end=\"4413\">ventilador de recupera\u00e7\u00e3o de calor PAX EOS<\/strong>, este pacote de acess\u00f3rios oferece uma forma simples de concluir a instala\u00e7\u00e3o com componentes concebidos especificamente para o sistema.<\/p>\n<h3>Especifica\u00e7\u00f5es principais<\/h3>\n<\/section>\n<section>\n<div>\n<dl>\n<dt>EAN 13:<\/dt>\n<dd>7391477840415<\/dd>\n<dt>ETIM:<\/dt>\n<dd>EC011606<\/dd>\n<dt>Cor:<\/dt>\n<dd>Branco<\/dd>\n<\/dl>\n<\/div>\n<\/section>\n<\/div>\n<\/div>\n<div>\n<div>\n<section>\n<h3>Medidas<\/h3>\n<\/section>\n<section>\n<div>\n<dl>\n<dt>Tipo de instala\u00e7\u00e3o, parede, teto, etc:<\/dt>\n<dd>Parede<\/dd>\n<dt>Dimens\u00e3o do canal \u00d8 nominal:<\/dt>\n<dd>100 mm<\/dd>\n<dt>Peso do produto:<\/dt>\n<dd>2,8 kg<\/dd>\n<\/dl>\n<\/div>\n<\/section>\n<\/div>\n<\/div>\n<div>\n<div>\n<section>\n<h3>Carater\u00edsticas<\/h3>\n<\/section>\n<section>\n<div>\n<dl>\n<dt>Tipo de instala\u00e7\u00e3o, parede, teto, etc:<\/dt>\n<dd>Parede<\/dd>\n<dt>Cor:<\/dt>\n<\/dl>\n<\/div>\n<\/section>\n<\/div>\n<\/div>\n<\/section>\n","protected":false},"excerpt":{"rendered":"<p>O <strong data-start=\"1774\" data-end=\"1803\">Pacote de Acess\u00f3rios PAX EOS<\/strong> foi concebido para complementar a gama PAX EOS de ventiladores de recupera\u00e7\u00e3o de calor de divis\u00e3o \u00fanica. Este kit de acess\u00f3rios apoia a instala\u00e7\u00e3o e o acabamento, ajudando a garantir compatibilidade e um resultado final cuidado. Destinado a ser utilizado em conjunto com uma unidade de recupera\u00e7\u00e3o de calor PAX EOS, oferece uma solu\u00e7\u00e3o pr\u00e1tica para instaladores e propriet\u00e1rios que est\u00e3o a concluir um projeto de ventila\u00e7\u00e3o. Adequado para reabilita\u00e7\u00e3o ou novas instala\u00e7\u00f5es, o pacote oferece maior flexibilidade na configura\u00e7\u00e3o de um sistema PAX EOS.   <\/p>\n","protected":false},"featured_media":4918,"comment_status":"open","ping_status":"closed","template":"","meta":{"_et_pb_use_builder":"","_et_pb_old_content":"","_et_gb_content_width":""},"product_brand":[133],"product_cat":[73],"product_tag":[],"class_list":{"0":"post-5263","1":"product","2":"type-product","3":"status-publish","4":"has-post-thumbnail","6":"product_brand-pax","7":"product_cat-pax-eos-pt-pt","9":"first","10":"instock","11":"taxable","12":"shipping-taxable","13":"purchasable","14":"product-type-simple"},"jetpack_sharing_enabled":true,"_links":{"self":[{"href":"https:\/\/paxspain.com\/pt-pt\/wp-json\/wp\/v2\/product\/5263","targetHints":{"allow":["GET"]}}],"collection":[{"href":"https:\/\/paxspain.com\/pt-pt\/wp-json\/wp\/v2\/product"}],"about":[{"href":"https:\/\/paxspain.com\/pt-pt\/wp-json\/wp\/v2\/types\/product"}],"replies":[{"embeddable":true,"href":"https:\/\/paxspain.com\/pt-pt\/wp-json\/wp\/v2\/comments?post=5263"}],"wp:featuredmedia":[{"embeddable":true,"href":"https:\/\/paxspain.com\/pt-pt\/wp-json\/wp\/v2\/media\/4918"}],"wp:attachment":[{"href":"https:\/\/paxspain.com\/pt-pt\/wp-json\/wp\/v2\/media?parent=5263"}],"wp:term":[{"taxonomy":"product_brand","embeddable":true,"href":"https:\/\/paxspain.com\/pt-pt\/wp-json\/wp\/v2\/product_brand?post=5263"},{"taxonomy":"product_cat","embeddable":true,"href":"https:\/\/paxspain.com\/pt-pt\/wp-json\/wp\/v2\/product_cat?post=5263"},{"taxonomy":"product_tag","embeddable":true,"href":"https:\/\/paxspain.com\/pt-pt\/wp-json\/wp\/v2\/product_tag?post=5263"}],"curies":[{"name":"wp","href":"https:\/\/api.w.org\/{rel}","templated":true}]}}