{"id":5267,"date":"2023-10-30T17:46:14","date_gmt":"2023-10-30T16:46:14","guid":{"rendered":"https:\/\/paxspain.com\/product\/filtro-de-luz-d94\/"},"modified":"2026-02-26T18:58:25","modified_gmt":"2026-02-26T17:58:25","slug":"filtro-de-luz-d94","status":"publish","type":"product","link":"https:\/\/paxspain.com\/pt-pt\/produto\/filtro-de-luz-d94\/","title":{"rendered":"Filtro de luz D94"},"content":{"rendered":"<p>Est\u00e3o dispon\u00edveis diferentes op\u00e7\u00f5es de filtro adequadas \u00e0 sua ventila\u00e7\u00e3o de parede Fresh. O Flimmerfilter \u00e9 ultra-eficaz e adequado para os modelos TL100-DE, TL80DE dBs, TL98F e TL-C. Filtra quase 100% de todas as part\u00edculas de p\u00f3len e tem uma longa vida \u00fatil. Se tiver um modelo mais antigo, por exemplo F80 ou F90, pode utilizar o nosso filtro de p\u00f3len. Tenha em aten\u00e7\u00e3o que os filtros de eletreto de fibra e os filtros de p\u00f3len n\u00e3o podem ser limpos. Devem ser substitu\u00eddos conforme necess\u00e1rio. O Flimmerfilter \u00e9 um design de filtro sueco patenteado mundialmente. \u00c9 um filtro de alto desempenho com uma longa vida \u00fatil.       <\/p>\n<div class=\"row attribute-categories js-hide-row \" data-rowid=\"191\">\n<div class=\"col-sm-12 \" data-columnid=\"310\">\n<section id=\"section_443\" class=\"section section_Content section_443 \" data-lazysection-routevalues=\"{\"sectionid\":443}\" data-lazyload=\"false\" data-action=\"Home\/ContentSection\" data-sectionid=\"443\" data-view=\"Content\/_ContentDetail\">\n<h3>C\u00f3digos dos artigos<\/h3>\n<\/section>\n<section id=\"section_579\" class=\"section section_ProductAttributes section_579 \" data-lazysection-routevalues=\"{\"sectionid\":579}\" data-lazyload=\"false\" data-action=\"ProductDetail\/AttributeSection\" data-sectionid=\"579\" data-view=\"ProductDetail\/_AttributePlaceholders_Single_List\">\n<div class=\"product-additional-content\">\n<dl class=\"dl-horizontal\">\n<dt>Art. n:<\/dt>\n<dd>423778<\/dd>\n<dt>EAN 13:<\/dt>\n<dd>7318114237780<\/dd>\n<dt>ETIM:<\/dt>\n<dd>EC011238<\/dd>\n<\/dl>\n<\/div>\n<\/section>\n<\/div>\n<\/div>\n<div class=\"row attribute-categories js-hide-row \" data-rowid=\"192\">\n<div class=\"col-sm-12 \" data-columnid=\"312\">\n<section id=\"section_444\" class=\"section section_Content section_444 \" data-lazysection-routevalues=\"{\"sectionid\":444}\" data-lazyload=\"false\" data-action=\"Home\/ContentSection\" data-sectionid=\"444\" data-view=\"Content\/_ContentDetail\">\n<h3>Medidas<\/h3>\n<\/section>\n<section id=\"section_440\" class=\"section section_ProductAttributes section_440 \" data-lazysection-routevalues=\"{\"sectionid\":440}\" data-lazyload=\"false\" data-action=\"ProductDetail\/AttributeSection\" data-sectionid=\"440\" data-view=\"ProductDetail\/_AttributePlaceholders_Single_List\">\n<div class=\"product-additional-content\">\n<dl class=\"dl-horizontal\">\n<dt>Largura do produto:<\/dt>\n<dd>102 mm<\/dd>\n<dt>Altura do produto:<\/dt>\n<dd>93 mm<\/dd>\n<dt>Profundidade do produto:<\/dt>\n<dd>93 mm<\/dd>\n<dt>Peso do produto:<\/dt>\n<dd>0,076 kg<\/dd>\n<\/dl>\n<\/div>\n<\/section>\n<\/div>\n<\/div>\n<div class=\"row attribute-categories js-hide-row \" data-rowid=\"193\">\n<div class=\"col-sm-12 \" data-columnid=\"314\">\n<section id=\"section_445\" class=\"section section_Content section_445 \" data-lazysection-routevalues=\"{\"sectionid\":445}\" data-lazyload=\"false\" data-action=\"Home\/ContentSection\" data-sectionid=\"445\" data-view=\"Content\/_ContentDetail\">\n<h3>Carater\u00edsticas<\/h3>\n<\/section>\n<section id=\"section_442\" class=\"section section_ProductAttributes section_442 \" data-lazysection-routevalues=\"{\"sectionid\":442}\" data-lazyload=\"false\" data-action=\"ProductDetail\/AttributeSection\" data-sectionid=\"442\" data-view=\"ProductDetail\/_AttributePlaceholders_Single_List\">\n<div class=\"product-additional-content\">\n<dl class=\"dl-horizontal\">\n<dt>Cor:<\/dt>\n<dd>Branco<\/dd>\n<dt>Material:<\/dt>\n<dd>Pl\u00e1stico<\/dd>\n<dt>Detalhe do material pl\u00e1stico:<\/dt>\n<dd>PP<\/dd>\n<\/dl>\n<\/div>\n<\/section>\n<\/div>\n<\/div>\n","protected":false},"excerpt":{"rendered":"<p><strong>O Flimmerfilter D94 \u00e9 um filtro de ventila\u00e7\u00e3o de substitui\u00e7\u00e3o de alto desempenho concebido para modelos selecionados de ventila\u00e7\u00e3o de parede, incluindo TL100DE, TL80DE dBs e TL98F.<\/strong><\/p>\n<ul>\n<li>Filtro de a\u00e7\u00e3o prolongada altamente eficiente para instala\u00e7\u00e3o em condutas<\/li>\n<li>Separa\u00e7\u00e3o em profundidade ao longo das fibras<\/li>\n<li>Queda de press\u00e3o baixa e constante durante todo o tempo de funcionamento<\/li>\n<li>Longo tempo de funcionamento, 1-2 anos entre mudan\u00e7as de filtro<\/li>\n<li>O filtro \u00e9 totalmente amigo do ambiente, ou seja, n\u00e3o \u00e9 combust\u00edvel<\/li>\n<\/ul>\n<p><a href=\"https:\/\/paxspain.com\/wp-content\/uploads\/2023\/10\/Productsheet_Flimmerfilter_EN.pdf\">Descarregar Ficha de Produto Flimmerfilter &#8211; Ingl\u00eas<\/a><\/p>\n<p><iframe loading=\"lazy\" title=\"Leitor de v\u00eddeo do YouTube\" src=\"https:\/\/www.youtube.com\/embed\/RUfns8FylQs?si=cP2emgjF6VNH7Paz\" width=\"560\" height=\"315\" frameborder=\"0\" allowfullscreen=\"allowfullscreen\"><\/iframe><\/p>\n","protected":false},"featured_media":4946,"comment_status":"closed","ping_status":"closed","template":"","meta":{"_et_pb_use_builder":"","_et_pb_old_content":"","_et_gb_content_width":""},"product_brand":[169],"product_cat":[95],"product_tag":[],"class_list":{"0":"post-5267","1":"product","2":"type-product","3":"status-publish","4":"has-post-thumbnail","6":"product_brand-fresh","7":"product_cat-acessorios-para-respiradouros-de-parede","8":"pa_product-type-filtro-de-ventilacao-de-parede","10":"first","11":"instock","12":"taxable","13":"shipping-taxable","14":"purchasable","15":"product-type-simple"},"jetpack_sharing_enabled":true,"_links":{"self":[{"href":"https:\/\/paxspain.com\/pt-pt\/wp-json\/wp\/v2\/product\/5267","targetHints":{"allow":["GET"]}}],"collection":[{"href":"https:\/\/paxspain.com\/pt-pt\/wp-json\/wp\/v2\/product"}],"about":[{"href":"https:\/\/paxspain.com\/pt-pt\/wp-json\/wp\/v2\/types\/product"}],"replies":[{"embeddable":true,"href":"https:\/\/paxspain.com\/pt-pt\/wp-json\/wp\/v2\/comments?post=5267"}],"wp:featuredmedia":[{"embeddable":true,"href":"https:\/\/paxspain.com\/pt-pt\/wp-json\/wp\/v2\/media\/4946"}],"wp:attachment":[{"href":"https:\/\/paxspain.com\/pt-pt\/wp-json\/wp\/v2\/media?parent=5267"}],"wp:term":[{"taxonomy":"product_brand","embeddable":true,"href":"https:\/\/paxspain.com\/pt-pt\/wp-json\/wp\/v2\/product_brand?post=5267"},{"taxonomy":"product_cat","embeddable":true,"href":"https:\/\/paxspain.com\/pt-pt\/wp-json\/wp\/v2\/product_cat?post=5267"},{"taxonomy":"product_tag","embeddable":true,"href":"https:\/\/paxspain.com\/pt-pt\/wp-json\/wp\/v2\/product_tag?post=5267"}],"curies":[{"name":"wp","href":"https:\/\/api.w.org\/{rel}","templated":true}]}}