{"id":5270,"date":"2023-11-27T16:50:44","date_gmt":"2023-11-27T15:50:44","guid":{"rendered":"https:\/\/paxspain.com\/product\/bastidor-de-cabos-desenterrado\/"},"modified":"2026-02-26T18:58:25","modified_gmt":"2026-02-26T17:58:25","slug":"bastidor-de-cabos-desenterrado","status":"publish","type":"product","link":"https:\/\/paxspain.com\/pt-pt\/produto\/bastidor-de-cabos-desenterrado\/","title":{"rendered":"Suporte de Cabo N\u00e3o Ligado \u00e0 Terra"},"content":{"rendered":"<p>Este conjunto de cabo com ficha n\u00e3o ligado \u00e0 terra foi concebido para toalheiros aquecidos equipados com temporizador Momento II. Permite que o toalheiro aquecido seja ligado diretamente a uma tomada standard em vez de ser instalado de forma fixa na instala\u00e7\u00e3o el\u00e9trica. Isto proporciona maior flexibilidade durante a instala\u00e7\u00e3o e facilita a alimenta\u00e7\u00e3o de toalheiros aquecidos compat\u00edveis onde a cablagem fixa n\u00e3o \u00e9 pr\u00e1tica. Destinado apenas a modelos adequados, este conjunto de cabo oferece uma solu\u00e7\u00e3o simples para funcionamento com ficha.    <strong><u>Cabo necess\u00e1rio se tiveres de ligar os aquecedores de toalhas APENAS a uma tomada.<\/u><\/strong><\/p>\n<p>&nbsp;<\/p>\n<h3>Carater\u00edsticas<\/h3>\n<dl>\n<dt>Tens\u00e3o de alimenta\u00e7\u00e3o (12V-400V):<\/dt>\n<dd>230V AC<\/dd>\n<dt>Fase de alimenta\u00e7\u00e3o el\u00e9ctrica:<\/dt>\n<dd>1 fase<\/dd>\n<dt>Prote\u00e7\u00e3o ( Ip ):<\/dt>\n<dd>IP 44<\/dd>\n<dt>Cor:<\/dt>\n<dd>Branco<\/dd>\n<dt>Material:<\/dt>\n<dd>Pl\u00e1stico<\/dd>\n<\/dl>\n","protected":false},"excerpt":{"rendered":"<p><strong><u>Cabo necess\u00e1rio se tiveres de ligar os aquecedores de toalhas APENAS a uma tomada.<\/u><\/strong><\/p>\n<p>&nbsp;<\/p>\n<h2>Suporte de cabo n\u00e3o ligado \u00e0 terra para toalheiros aquecidos Pax.<\/h2>\n<h4>Para todos os outros aquecedores de toalhas.<\/h4>\n","protected":false},"featured_media":4974,"comment_status":"closed","ping_status":"closed","template":"","meta":{"_et_pb_use_builder":"","_et_pb_old_content":"","_et_gb_content_width":""},"product_brand":[133],"product_cat":[77,96],"product_tag":[189],"class_list":{"0":"post-5270","1":"product","2":"type-product","3":"status-publish","4":"has-post-thumbnail","6":"product_brand-pax","7":"product_cat-aquecedores-de-toalhas","8":"product_cat-aquecedores-de-toalhas-acessorios","9":"product_tag-cabo-nao-ligado-a-terra","11":"first","12":"instock","13":"taxable","14":"shipping-taxable","15":"purchasable","16":"product-type-simple"},"jetpack_sharing_enabled":true,"_links":{"self":[{"href":"https:\/\/paxspain.com\/pt-pt\/wp-json\/wp\/v2\/product\/5270","targetHints":{"allow":["GET"]}}],"collection":[{"href":"https:\/\/paxspain.com\/pt-pt\/wp-json\/wp\/v2\/product"}],"about":[{"href":"https:\/\/paxspain.com\/pt-pt\/wp-json\/wp\/v2\/types\/product"}],"replies":[{"embeddable":true,"href":"https:\/\/paxspain.com\/pt-pt\/wp-json\/wp\/v2\/comments?post=5270"}],"wp:featuredmedia":[{"embeddable":true,"href":"https:\/\/paxspain.com\/pt-pt\/wp-json\/wp\/v2\/media\/4974"}],"wp:attachment":[{"href":"https:\/\/paxspain.com\/pt-pt\/wp-json\/wp\/v2\/media?parent=5270"}],"wp:term":[{"taxonomy":"product_brand","embeddable":true,"href":"https:\/\/paxspain.com\/pt-pt\/wp-json\/wp\/v2\/product_brand?post=5270"},{"taxonomy":"product_cat","embeddable":true,"href":"https:\/\/paxspain.com\/pt-pt\/wp-json\/wp\/v2\/product_cat?post=5270"},{"taxonomy":"product_tag","embeddable":true,"href":"https:\/\/paxspain.com\/pt-pt\/wp-json\/wp\/v2\/product_tag?post=5270"}],"curies":[{"name":"wp","href":"https:\/\/api.w.org\/{rel}","templated":true}]}}