{"id":5274,"date":"2023-11-07T09:53:23","date_gmt":"2023-11-07T08:53:23","guid":{"rendered":"https:\/\/paxspain.com\/product\/ventilador-de-parede-tl100de-preto\/"},"modified":"2026-03-03T15:18:30","modified_gmt":"2026-03-03T14:18:30","slug":"ventilador-de-parede-tl100de-preto","status":"publish","type":"product","link":"https:\/\/paxspain.com\/pt-pt\/produto\/ventilador-de-parede-tl100de-preto\/","title":{"rendered":"TL100DE Preto"},"content":{"rendered":"<p><strong>Podem ser instaladas sa\u00eddas de ar fresco nos quartos e nas salas de estar<\/strong><br \/>\nUma regra geral para garantir o n\u00famero correto de sa\u00eddas de <strong>ar<\/strong> \u00e9 uma em cada quarto e duas na sala de estar. Em alguns casos, \u00e9 boa ideia aumentar o n\u00famero de aberturas, por exemplo, se v\u00e1rias pessoas dormirem no mesmo quarto ou se o espa\u00e7o total da habita\u00e7\u00e3o for maior do que o habitual.<\/p>\n<p>A s\u00e9rie Fresh TLDE \u00e9 composta por ventiladores de parede elegantes que parecem desaparecer na decora\u00e7\u00e3o. Est\u00e3o totalmente equipados com tecnologia, design e funcionalidade. O TLDE inclui prote\u00e7\u00e3o contra condensa\u00e7\u00e3o e intemp\u00e9ries de s\u00e9rie. Tamb\u00e9m podes ser pintado. O respiradouro tem uma fun\u00e7\u00e3o telesc\u00f3pica de 185-340 mm. Para paredes mais grossas, prolonga com um tubo modular.<\/p>\n<p><strong>Instala\u00e7\u00e3o\/posicionamento<\/strong><br \/>\nO respiradouro \u00e9 posicionado no alto da parede, a cerca de 220 cm do ch\u00e3o, com a extremidade superior do respiradouro a pelo menos 10 cm do teto.<br \/>\nO respiradouro \u00e9 excelente para utiliza\u00e7\u00e3o com aquecimento por baixo do ch\u00e3o.<br \/>\nSe poss\u00edvel, o respiradouro deve ser posicionado diretamente sobre o radiador. O calor ascendente do radiador \u00e9 ent\u00e3o utilizado no que \u00e9 conhecido como corrente de convec\u00e7\u00e3o.<\/p>\n<p><strong>Distribui\u00e7\u00e3o de ar confort\u00e1vel<\/strong><br \/>\nO padr\u00e3o de distribui\u00e7\u00e3o do ar foi cuidadosamente concebido. O respiradouro liberta o ar para cima e para os lados. O ar do exterior \u00e9 misturado de forma muito eficiente com o ar ambiente. O ar que entra atinge uma temperatura confort\u00e1vel a apenas alguns dec\u00edmetros da abertura.<\/p>\n<p><strong>A impermeabiliza\u00e7\u00e3o contra tempestades poupa energia<\/strong><br \/>\nIndependentemente do vento ou do tempo, a impermeabiliza\u00e7\u00e3o contra tempestades desacelera as correntes de ar elevadas, contribuindo para reduzir os custos de aquecimento em compara\u00e7\u00e3o com uma ventila\u00e7\u00e3o tradicional. A impermeabiliza\u00e7\u00e3o cria um bom conforto na divis\u00e3o e reduz o risco de correntes de ar.<\/p>\n<p><strong>Filtros e cuidados <\/strong><br \/>\nMant\u00e9m uma boa qualidade do ar interior efectuando regularmente a manuten\u00e7\u00e3o e substitui\u00e7\u00e3o dos filtros. Para garantir uma boa qualidade do ar e a manuten\u00e7\u00e3o do fluxo, o filtro deve ser limpo ou substitu\u00eddo uma ou duas vezes por ano. O filtro standard pode ser lavado com uma solu\u00e7\u00e3o de sab\u00e3o suave. Substitui o filtro de p\u00f3len e o filtro do flimmer. O filtro \u00e9 instalado num suporte de filtro atr\u00e1s da parte da frente. A parte da frente pode ser facilmente aberta para acederes ao suporte do filtro. Quando utilizas um filtro flimmer, o suporte do filtro tamb\u00e9m tem de ser substitu\u00eddo. Al\u00e9m disso, n\u00e3o pode ser combinado com a impermeabiliza\u00e7\u00e3o contra tempestades.<\/p>\n<p>&nbsp;<\/p>\n<div>\n<div>\n<section>\n<h3>C\u00f3digos dos artigos<\/h3>\n<\/section>\n<section>\n<div>\n<dl>\n<dt>EAN 13:<\/dt>\n<dd>7318116297041<\/dd>\n<dt>ETIM:<\/dt>\n<dd>EC011497<\/dd>\n<dt>E-nr:<\/dt>\n<dd>9302650<\/dd>\n<dt>RSK:<\/dt>\n<dd>8783033<\/dd>\n<\/dl>\n<\/div>\n<\/section>\n<\/div>\n<\/div>\n<div>\n<div>\n<section>\n<h3>Medidas<\/h3>\n<\/section>\n<section>\n<div>\n<dl>\n<dt>Tipo de instala\u00e7\u00e3o, parede, teto, etc:<\/dt>\n<dd>Parede exterior<\/dd>\n<dt>Largura do produto:<\/dt>\n<dd>160 mm<\/dd>\n<dt>Altura do produto:<\/dt>\n<dd>160 mm<\/dd>\n<dt>Profundidade do produto:<\/dt>\n<dd>408 mm<\/dd>\n<dt>Peso do produto:<\/dt>\n<dd>0,54 kg<\/dd>\n<\/dl>\n<\/div>\n<\/section>\n<\/div>\n<\/div>\n<div>\n<div>\n<section>\n<h3>Carater\u00edsticas<\/h3>\n<\/section>\n<section>\n<div>\n<dl>\n<dt>Funciona:<\/dt>\n<dd>Filtro, Prote\u00e7\u00e3o contra a condensa\u00e7\u00e3o, Prote\u00e7\u00e3o contra as tempestades<\/dd>\n<dt>Tipo de instala\u00e7\u00e3o, parede, teto, etc:<\/dt>\n<dd>Parede exterior<\/dd>\n<dt>Termina:<\/dt>\n<dd>Matt<\/dd>\n<dt>Cor:<\/dt>\n<dd>Preto<\/dd>\n<dt>Material:<\/dt>\n<dd>Pl\u00e1stico<\/dd>\n<dt>Detalhe do material pl\u00e1stico:<\/dt>\n<dd>ABS, PP<\/dd>\n<\/dl>\n<\/div>\n<\/section>\n<\/div>\n<\/div>\n","protected":false},"excerpt":{"rendered":"<p>V\u00e1lvula de ar fresco repleta de tecnologia, design e funcionalidade.<\/p>\n<p>Com fun\u00e7\u00e3o telesc\u00f3pica, prote\u00e7\u00e3o contra condensa\u00e7\u00e3o, prote\u00e7\u00e3o contra tempestades e tamb\u00e9m pode ser pintada.<\/p>\n<p><a href=\"https:\/\/paxspain.com\/wp-content\/uploads\/2023\/11\/Manual-Wall-vent-TL100DE.pdf\">Transferir o Manual do Wall Vent TL100DE<\/a><br \/>\n<a href=\"https:\/\/paxspain.com\/wp-content\/uploads\/2023\/11\/Product-sheet-Wall-vent-TL100D-EN.pdf\">Transferir a Ficha de Produto do Wall Vent TL100DE &#8211; Ingl\u00eas<\/a><br \/>\n<a href=\"https:\/\/paxspain.com\/wp-content\/uploads\/2023\/11\/SPANISH-TL-DE-Product-Sheet.pdf\">Transferir a Ficha de Produto do Wall Vent TL100DE &#8211; Espanhol<\/a><br \/>\n<a href=\"https:\/\/paxspain.com\/wp-content\/uploads\/2023\/11\/Folder-Wall-vent-TL-DE_TL-C-EN.pdf\">Transferir o Material de Vendas do Wall Vent TL100DE<\/a><\/p>\n<p><iframe loading=\"lazy\" title=\"S\u00e9rie TL-DE fresca\" src=\"https:\/\/www.youtube.com\/embed\/BdfPlB-Y46I\" width=\"560\" height=\"315\" frameborder=\"0\" allowfullscreen=\"allowfullscreen\"><\/iframe><\/p>\n","protected":false},"featured_media":4966,"comment_status":"open","ping_status":"closed","template":"","meta":{"_et_pb_use_builder":"","_et_pb_old_content":"","_et_gb_content_width":""},"product_brand":[169],"product_cat":[85],"product_tag":[],"class_list":{"0":"post-5274","1":"product","2":"type-product","3":"status-publish","4":"has-post-thumbnail","6":"product_brand-fresh","7":"product_cat-ventiladores-de-parede","8":"pa_product-type-grelha-de-ventilacao-de-parede","10":"first","11":"instock","12":"taxable","13":"shipping-taxable","14":"purchasable","15":"product-type-simple"},"jetpack_sharing_enabled":true,"_links":{"self":[{"href":"https:\/\/paxspain.com\/pt-pt\/wp-json\/wp\/v2\/product\/5274","targetHints":{"allow":["GET"]}}],"collection":[{"href":"https:\/\/paxspain.com\/pt-pt\/wp-json\/wp\/v2\/product"}],"about":[{"href":"https:\/\/paxspain.com\/pt-pt\/wp-json\/wp\/v2\/types\/product"}],"replies":[{"embeddable":true,"href":"https:\/\/paxspain.com\/pt-pt\/wp-json\/wp\/v2\/comments?post=5274"}],"wp:featuredmedia":[{"embeddable":true,"href":"https:\/\/paxspain.com\/pt-pt\/wp-json\/wp\/v2\/media\/4966"}],"wp:attachment":[{"href":"https:\/\/paxspain.com\/pt-pt\/wp-json\/wp\/v2\/media?parent=5274"}],"wp:term":[{"taxonomy":"product_brand","embeddable":true,"href":"https:\/\/paxspain.com\/pt-pt\/wp-json\/wp\/v2\/product_brand?post=5274"},{"taxonomy":"product_cat","embeddable":true,"href":"https:\/\/paxspain.com\/pt-pt\/wp-json\/wp\/v2\/product_cat?post=5274"},{"taxonomy":"product_tag","embeddable":true,"href":"https:\/\/paxspain.com\/pt-pt\/wp-json\/wp\/v2\/product_tag?post=5274"}],"curies":[{"name":"wp","href":"https:\/\/api.w.org\/{rel}","templated":true}]}}