{"id":6698,"date":"2024-12-05T17:04:41","date_gmt":"2024-12-05T16:04:41","guid":{"rendered":"https:\/\/paxspain.com\/product\/elemento-eletrico-75w-momento-ii\/"},"modified":"2026-02-26T18:58:33","modified_gmt":"2026-02-26T17:58:33","slug":"elemento-eletrico-75w-momento-ii","status":"publish","type":"product","link":"https:\/\/paxspain.com\/pt-pt\/produto\/elemento-eletrico-75w-momento-ii\/","title":{"rendered":"75W Momento II"},"content":{"rendered":"<p>Com o Pax Momento II, o seu toalheiro aquecido s\u00f3 funciona quando precisa, para que possa reduzir facilmente a sua fatura de eletricidade sem comprometer o luxo do dia a dia. Ao escolher o elemento el\u00e9trico para o seu toalheiro combinado Pax, consulte o manual de instala\u00e7\u00e3o em anexo e verifique se a pot\u00eancia corresponde \u00e0 placa de caracter\u00edsticas na parte de tr\u00e1s do toalheiro aquecido. <\/p>\n<p>O Momento II inclui dezenas de funcionalidades inteligentes que lhe permitem poupar energia, melhorar o clima interior e simplificar o seu dia a dia.<\/p>\n<p><strong>Como funciona o Momento II<\/strong><br \/>\nO Momento II d\u00e1-lhe controlo total sobre quando quer que o seu toalheiro aquecido esteja ligado. Pode configurar v\u00e1rios temporizadores diretamente no toalheiro, usando o bot\u00e3o integrado, ou atrav\u00e9s da app Pax Wireless. Com a app, tamb\u00e9m pode definir v\u00e1rios n\u00edveis de pot\u00eancia. Isto permite-lhe otimizar a utiliza\u00e7\u00e3o do seu toalheiro aquecido, pois s\u00f3 funciona quando precisa. Se tiver um ventilador de casa de banho Pax Norte na mesma casa de banho do seu toalheiro aquecido, pode emparelh\u00e1-los para que o toalheiro aquecido ligue automaticamente quando o sensor de humidade do ventilador detetar um aumento do n\u00edvel de humidade, por exemplo, quando come\u00e7a a tomar duche.    <\/p>\n<ul>\n<li data-start=\"3886\" data-end=\"3929\">\n<p data-start=\"3888\" data-end=\"3929\"><strong data-start=\"3888\" data-end=\"3902\">Pot\u00eancia de 75W<\/strong> para aquecimento suave das toalhas<\/p>\n<\/li>\n<li data-start=\"3930\" data-end=\"3987\">\n<p data-start=\"3932\" data-end=\"3987\"><strong data-start=\"3932\" data-end=\"3962\">Funcionamento com temporizador<\/strong> para reduzir o desperd\u00edcio de energia<\/p>\n<\/li>\n<li data-start=\"3988\" data-end=\"4040\">\n<p data-start=\"3990\" data-end=\"4040\"><strong data-start=\"3990\" data-end=\"4014\">Controlo por app sem fios<\/strong> para agendamento flex\u00edvel<\/p>\n<\/li>\n<li data-start=\"4041\" data-end=\"4088\">\n<p data-start=\"4043\" data-end=\"4088\">Concebido para <strong data-start=\"4056\" data-end=\"4088\">toalheiros aquecidos PAX compat\u00edveis<\/strong><\/p>\n<\/li>\n<\/ul>\n","protected":false},"excerpt":{"rendered":"<p>O <strong data-start=\"1626\" data-end=\"1665\">Elemento El\u00e9trico PAX 75W Momento II<\/strong> foi concebido para toalheiros aquecidos que requerem <strong data-start=\"1709\" data-end=\"1745\">aquecimento suave e energeticamente eficiente<\/strong>, em vez de elevada pot\u00eancia. Com uma <strong data-start=\"1778\" data-end=\"1801\">pot\u00eancia t\u00e9rmica de 75 watts<\/strong>, \u00e9 ideal para toalheiros mais pequenos ou situa\u00e7\u00f5es em que um calor de fundo \u00e9 suficiente. O <strong data-start=\"1907\" data-end=\"1936\">sistema de controlo Momento II<\/strong> integrado permite limitar o aquecimento a per\u00edodos definidos, ajudando a reduzir o consumo desnecess\u00e1rio de eletricidade. Pode ativar o aquecimento diretamente no elemento ou gerir os hor\u00e1rios atrav\u00e9s da <strong data-start=\"2105\" data-end=\"2125\">app PAX Wireless<\/strong>, para um controlo simples sem ajustes constantes.   <\/p>\n<ul>\n<li>75W<\/li>\n<li>Equipado com temporizador Momento II<\/li>\n<li>Controle manualmente com o bot\u00e3o integrado ou use a app Pax Wireless<\/li>\n<li>Rosca de meia polegada<\/li>\n<\/ul>\n","protected":false},"featured_media":6516,"comment_status":"closed","ping_status":"closed","template":"","meta":{"_et_pb_use_builder":"","_et_pb_old_content":"","_et_gb_content_width":""},"product_brand":[133],"product_cat":[96],"product_tag":[],"class_list":{"0":"post-6698","1":"product","2":"type-product","3":"status-publish","4":"has-post-thumbnail","6":"product_brand-pax","7":"product_cat-aquecedores-de-toalhas-acessorios","8":"pa_product-type-elemento-de-aquecimento-eletrico","10":"first","11":"instock","12":"taxable","13":"shipping-taxable","14":"purchasable","15":"product-type-simple"},"jetpack_sharing_enabled":true,"_links":{"self":[{"href":"https:\/\/paxspain.com\/pt-pt\/wp-json\/wp\/v2\/product\/6698","targetHints":{"allow":["GET"]}}],"collection":[{"href":"https:\/\/paxspain.com\/pt-pt\/wp-json\/wp\/v2\/product"}],"about":[{"href":"https:\/\/paxspain.com\/pt-pt\/wp-json\/wp\/v2\/types\/product"}],"replies":[{"embeddable":true,"href":"https:\/\/paxspain.com\/pt-pt\/wp-json\/wp\/v2\/comments?post=6698"}],"wp:featuredmedia":[{"embeddable":true,"href":"https:\/\/paxspain.com\/pt-pt\/wp-json\/wp\/v2\/media\/6516"}],"wp:attachment":[{"href":"https:\/\/paxspain.com\/pt-pt\/wp-json\/wp\/v2\/media?parent=6698"}],"wp:term":[{"taxonomy":"product_brand","embeddable":true,"href":"https:\/\/paxspain.com\/pt-pt\/wp-json\/wp\/v2\/product_brand?post=6698"},{"taxonomy":"product_cat","embeddable":true,"href":"https:\/\/paxspain.com\/pt-pt\/wp-json\/wp\/v2\/product_cat?post=6698"},{"taxonomy":"product_tag","embeddable":true,"href":"https:\/\/paxspain.com\/pt-pt\/wp-json\/wp\/v2\/product_tag?post=6698"}],"curies":[{"name":"wp","href":"https:\/\/api.w.org\/{rel}","templated":true}]}}