{"id":6700,"date":"2024-12-05T17:05:41","date_gmt":"2024-12-05T16:05:41","guid":{"rendered":"https:\/\/paxspain.com\/product\/elemento-eletrico-125w-momento-ii\/"},"modified":"2026-02-26T18:58:35","modified_gmt":"2026-02-26T17:58:35","slug":"elemento-eletrico-125w-momento-ii","status":"publish","type":"product","link":"https:\/\/paxspain.com\/pt-pt\/produto\/elemento-eletrico-125w-momento-ii\/","title":{"rendered":"125W Momento II"},"content":{"rendered":"<p>Com o Pax Momento II, o seu toalheiro s\u00f3 funciona quando necess\u00e1rio, permitindo-lhe reduzir facilmente a fatura de eletricidade sem comprometer o luxo do dia a dia. Ao escolher o elemento el\u00e9trico para o seu toalheiro combinado Pax, consulte o manual de instala\u00e7\u00e3o anexo e verifique se a pot\u00eancia corresponde \u00e0 placa de caracter\u00edsticas na parte traseira do toalheiro. <\/p>\n<p>O Momento II inclui dezenas de funcionalidades inteligentes que lhe permitem poupar energia, melhorar o clima interior e simplificar o seu dia a dia.<\/p>\n<p><strong>Como funciona o Momento II<\/strong><br \/>\nO Momento II d\u00e1-lhe controlo total sobre quando pretende que o seu toalheiro esteja ligado. Pode configurar v\u00e1rios temporizadores diferentes diretamente no toalheiro atrav\u00e9s do bot\u00e3o integrado ou utilizando a aplica\u00e7\u00e3o Pax Wireless. Com a aplica\u00e7\u00e3o, tamb\u00e9m pode definir v\u00e1rios n\u00edveis de pot\u00eancia. Isto permite-lhe otimizar a utiliza\u00e7\u00e3o do seu toalheiro, pois este s\u00f3 funciona quando necess\u00e1rio. Se tiver um extrator de casa de banho Pax Norte na mesma casa de banho que o seu toalheiro, pode emparelh\u00e1-los para que o toalheiro ligue automaticamente quando o sensor de humidade do extrator detetar um aumento do n\u00edvel de humidade, por exemplo, quando come\u00e7a a tomar duche.    <\/p>\n<ul>\n<li data-start=\"4337\" data-end=\"4399\">\n<p data-start=\"4339\" data-end=\"4399\"><strong data-start=\"4339\" data-end=\"4372\">Temporizador preciso e controlo por aplica\u00e7\u00e3o<\/strong> para utiliza\u00e7\u00e3o eficiente em termos energ\u00e9ticos<\/p>\n<\/li>\n<li data-start=\"4400\" data-end=\"4470\">\n<p data-start=\"4402\" data-end=\"4470\"><strong data-start=\"4402\" data-end=\"4423\">Integra\u00e7\u00e3o inteligente<\/strong> com outros dispositivos PAX como sensores de humidade<\/p>\n<\/li>\n<li data-start=\"4471\" data-end=\"4527\">\n<p data-start=\"4473\" data-end=\"4527\"><strong data-start=\"4473\" data-end=\"4494\">Instala\u00e7\u00e3o f\u00e1cil<\/strong> com rosca padr\u00e3o<\/p>\n<\/li>\n<li data-start=\"4528\" data-end=\"4598\">\n<p data-start=\"4530\" data-end=\"4598\"><strong data-start=\"4530\" data-end=\"4554\">Pot\u00eancia de aquecimento de 125 W<\/strong> ideal para aquecimento de toalhas e aquecimento ligeiro<\/p>\n<\/li>\n<\/ul>\n","protected":false},"excerpt":{"rendered":"<p>O <strong data-start=\"1511\" data-end=\"1551\">Elemento El\u00e9trico PAX 125W Momento II<\/strong> \u00e9 um acess\u00f3rio de aquecimento inteligente concebido para utiliza\u00e7\u00e3o com toalheiros PAX. Fornece <strong data-start=\"1634\" data-end=\"1662\">125 W de calor controlado<\/strong> e inclui o <strong data-start=\"1682\" data-end=\"1709\">sistema de temporizador Momento II<\/strong> para que s\u00f3 utilize o aquecedor quando necess\u00e1rio, ajudando a poupar eletricidade. Pode configurar hor\u00e1rios e n\u00edveis de pot\u00eancia <strong data-start=\"1825\" data-end=\"1849\">diretamente na unidade<\/strong> ou atrav\u00e9s da <strong data-start=\"1861\" data-end=\"1881\">aplica\u00e7\u00e3o PAX Wireless<\/strong>. Est\u00e1 equipado com uma rosca padr\u00e3o de meia polegada para instala\u00e7\u00e3o f\u00e1cil. Emparelhe-o com extratores de casa de banho PAX compat\u00edveis para iniciar automaticamente o aquecimento quando a humidade aumenta, uma forma simples de combinar conforto e efici\u00eancia na sua casa de banho.    <\/p>\n<ul>\n<li>125W<\/li>\n<li>Equipado com temporizador Momento II<\/li>\n<li>Controle manualmente com o bot\u00e3o integrado ou utilize a aplica\u00e7\u00e3o Pax Wireless<\/li>\n<li>Rosca de meia polegada<\/li>\n<\/ul>\n","protected":false},"featured_media":6516,"comment_status":"closed","ping_status":"closed","template":"","meta":{"_et_pb_use_builder":"","_et_pb_old_content":"","_et_gb_content_width":""},"product_brand":[133],"product_cat":[96],"product_tag":[],"class_list":{"0":"post-6700","1":"product","2":"type-product","3":"status-publish","4":"has-post-thumbnail","6":"product_brand-pax","7":"product_cat-aquecedores-de-toalhas-acessorios","8":"pa_product-type-elemento-de-aquecimento-eletrico","10":"first","11":"instock","12":"taxable","13":"shipping-taxable","14":"purchasable","15":"product-type-simple"},"jetpack_sharing_enabled":true,"_links":{"self":[{"href":"https:\/\/paxspain.com\/pt-pt\/wp-json\/wp\/v2\/product\/6700","targetHints":{"allow":["GET"]}}],"collection":[{"href":"https:\/\/paxspain.com\/pt-pt\/wp-json\/wp\/v2\/product"}],"about":[{"href":"https:\/\/paxspain.com\/pt-pt\/wp-json\/wp\/v2\/types\/product"}],"replies":[{"embeddable":true,"href":"https:\/\/paxspain.com\/pt-pt\/wp-json\/wp\/v2\/comments?post=6700"}],"wp:featuredmedia":[{"embeddable":true,"href":"https:\/\/paxspain.com\/pt-pt\/wp-json\/wp\/v2\/media\/6516"}],"wp:attachment":[{"href":"https:\/\/paxspain.com\/pt-pt\/wp-json\/wp\/v2\/media?parent=6700"}],"wp:term":[{"taxonomy":"product_brand","embeddable":true,"href":"https:\/\/paxspain.com\/pt-pt\/wp-json\/wp\/v2\/product_brand?post=6700"},{"taxonomy":"product_cat","embeddable":true,"href":"https:\/\/paxspain.com\/pt-pt\/wp-json\/wp\/v2\/product_cat?post=6700"},{"taxonomy":"product_tag","embeddable":true,"href":"https:\/\/paxspain.com\/pt-pt\/wp-json\/wp\/v2\/product_tag?post=6700"}],"curies":[{"name":"wp","href":"https:\/\/api.w.org\/{rel}","templated":true}]}}