{"id":6702,"date":"2024-12-05T17:43:17","date_gmt":"2024-12-05T16:43:17","guid":{"rendered":"https:\/\/paxspain.com\/product\/tamburin-500x800\/"},"modified":"2026-02-26T18:59:24","modified_gmt":"2026-02-26T17:59:24","slug":"tamburin-500x800","status":"publish","type":"product","link":"https:\/\/paxspain.com\/pt-pt\/produto\/tamburin-500x800\/","title":{"rendered":"Tamburin 500&#215;800 (com Momento II separado inclu\u00eddo)"},"content":{"rendered":"<div class=\"row attribute-categories js-hide-row \" data-rowid=\"191\">\n<div class=\"col-sm-12 \" data-columnid=\"310\">\n<section id=\"section_443\" class=\"section section_Content section_443 \" data-lazysection-routevalues=\"{\"sectionid\":443}\" data-lazyload=\"false\" data-action=\"Home\/ContentSection\" data-sectionid=\"443\" data-view=\"Content\/_ContentDetail\">O <strong data-start=\"1415\" data-end=\"1457\">toalheiro aquecido Pax Tamburin 500\u00d7800<\/strong> \u00e9 uma solu\u00e7\u00e3o compacta e pr\u00e1tica para manter as toalhas quentes e secas em casas de banho pequenas ou suites. Com acabamento em a\u00e7o inoxid\u00e1vel polido, os seus tubos redondos suavemente curvados criam um visual limpo e moderno, proporcionando um espa\u00e7o generoso para pendurar toalhas para o seu tamanho. Este <strong data-start=\"1721\" data-end=\"1743\">toalheiro combinado<\/strong> \u00e9 enchido com \u00e1gua na instala\u00e7\u00e3o e pode ser aquecido atrav\u00e9s da <strong data-start=\"1823\" data-end=\"1865\">resist\u00eancia el\u00e9trica e temporizador Momento II&#x2122;<\/strong> fornecidos ou ligado a um sistema de aquecimento central fechado. De montagem na parede e fornecido com fixa\u00e7\u00f5es, oferece conforto di\u00e1rio sem dominar o espa\u00e7o.   <\/p>\n<h3>C\u00f3digos dos artigos<\/h3>\n<\/section>\n<section id=\"section_579\" class=\"section section_ProductAttributes section_579 \" data-lazysection-routevalues=\"{\"sectionid\":579}\" data-lazyload=\"false\" data-action=\"ProductDetail\/AttributeSection\" data-sectionid=\"579\" data-view=\"ProductDetail\/_AttributePlaceholders_Single_List\">\n<div class=\"product-additional-content\">\n<dl class=\"dl-horizontal\">\n<dt>Art. n:<\/dt>\n<dd>24-4018<\/dd>\n<dt>EAN 13:<\/dt>\n<dd>7391477440189<\/dd>\n<dt>ETIM:<\/dt>\n<dd>EC011023<\/dd>\n<\/dl>\n<\/div>\n<\/section>\n<\/div>\n<\/div>\n<div class=\"row attribute-categories js-hide-row \" data-rowid=\"192\">\n<div class=\"col-sm-12 \" data-columnid=\"312\">\n<section id=\"section_444\" class=\"section section_Content section_444 \" data-lazysection-routevalues=\"{\"sectionid\":444}\" data-lazyload=\"false\" data-action=\"Home\/ContentSection\" data-sectionid=\"444\" data-view=\"Content\/_ContentDetail\">\n<h3>Medidas<\/h3>\n<\/section>\n<section id=\"section_440\" class=\"section section_ProductAttributes section_440 \" data-lazysection-routevalues=\"{\"sectionid\":440}\" data-lazyload=\"false\" data-action=\"ProductDetail\/AttributeSection\" data-sectionid=\"440\" data-view=\"ProductDetail\/_AttributePlaceholders_Single_List\">\n<div class=\"product-additional-content\">\n<dl class=\"dl-horizontal\">\n<dt>Largura do produto:<\/dt>\n<dd>500 mm<\/dd>\n<dt>Altura do produto:<\/dt>\n<dd>800 mm<\/dd>\n<dt>Profundidade do produto:<\/dt>\n<dd>100 mm<\/dd>\n<dt>Peso do produto:<\/dt>\n<dd>5,5 kg<\/dd>\n<\/dl>\n<\/div>\n<\/section>\n<\/div>\n<\/div>\n<div class=\"row attribute-categories js-hide-row \" data-rowid=\"193\">\n<div class=\"col-sm-12 \" data-columnid=\"314\">\n<section id=\"section_445\" class=\"section section_Content section_445 \" data-lazysection-routevalues=\"{\"sectionid\":445}\" data-lazyload=\"false\" data-action=\"Home\/ContentSection\" data-sectionid=\"445\" data-view=\"Content\/_ContentDetail\">\n<h3>Carater\u00edsticas<\/h3>\n<\/section>\n<section id=\"section_442\" class=\"section section_ProductAttributes section_442 \" data-lazysection-routevalues=\"{\"sectionid\":442}\" data-lazyload=\"false\" data-action=\"ProductDetail\/AttributeSection\" data-sectionid=\"442\" data-view=\"ProductDetail\/_AttributePlaceholders_Single_List\">\n<div class=\"product-additional-content\">\n<dl class=\"dl-horizontal\">\n<dt>Tipo de instala\u00e7\u00e3o, parede, teto, etc:<\/dt>\n<dd>Parede<\/dd>\n<dt>Termina:<\/dt>\n<dd>Polido<\/dd>\n<dt>Material:<\/dt>\n<dd>A\u00e7o inoxid\u00e1vel<\/dd>\n<\/dl>\n<\/div>\n<\/section>\n<\/div>\n<\/div>\n","protected":false},"excerpt":{"rendered":"<p>O Tamburin tem tubos redondos para um aspeto suave. O espa\u00e7amento bem equilibrado entre os tubos rectos d\u00e1 espa\u00e7o para muitas toalhas. <\/p>\n<p>Os aquecedores combinados Pax s\u00e3o enchidos com \u00e1gua no momento da instala\u00e7\u00e3o e s\u00e3o aquecidos com um elemento el\u00e9trico Pax com o temporizador Momento II&#x2122; exclusivo e\/ou atrav\u00e9s da liga\u00e7\u00e3o ao seu sistema de aquecimento fechado existente atrav\u00e9s da v\u00e1lvula do radiador.<\/p>\n<p>Largura: 500 mm<br \/>\nAltura: 800 mm<br \/>\nAcabamento: Brilhante<br \/>\nMaterial: A\u00e7o inoxid\u00e1vel<br \/>\nPonto de liga\u00e7\u00e3o: Inferior, direita\/esquerda<br \/>\nFornecido: N\u00e3o preenchido com acess\u00f3rios de suspens\u00e3o, parafusos, buchas, buchas cegas e v\u00e1lvula de arejamento.<\/p>\n<p><strong>Vem com elemento el\u00e9trico e temporizador Pax Momento II&#x2122; em separado (VG28-1010P).<\/strong><\/p>\n<p><img loading=\"lazy\" decoding=\"async\" class=\"alignnone size-medium wp-image-6515\" src=\"https:\/\/paxspain.com\/wp-content\/uploads\/2024\/12\/Momento-2-300x300.jpeg\" alt=\"\" width=\"300\" height=\"300\"><\/p>\n","protected":false},"featured_media":6535,"comment_status":"closed","ping_status":"closed","template":"","meta":{"_et_pb_use_builder":"","_et_pb_old_content":"","_et_gb_content_width":""},"product_brand":[133],"product_cat":[77],"product_tag":[],"class_list":{"0":"post-6702","1":"product","2":"type-product","3":"status-publish","4":"has-post-thumbnail","6":"product_brand-pax","7":"product_cat-aquecedores-de-toalhas","8":"product_shipping_class-aquecedor-de-toalhas-envio-gratuito","9":"pa_product-type-toalheiro-aquecido","11":"first","12":"instock","13":"taxable","14":"shipping-taxable","15":"purchasable","16":"product-type-simple"},"jetpack_sharing_enabled":true,"_links":{"self":[{"href":"https:\/\/paxspain.com\/pt-pt\/wp-json\/wp\/v2\/product\/6702","targetHints":{"allow":["GET"]}}],"collection":[{"href":"https:\/\/paxspain.com\/pt-pt\/wp-json\/wp\/v2\/product"}],"about":[{"href":"https:\/\/paxspain.com\/pt-pt\/wp-json\/wp\/v2\/types\/product"}],"replies":[{"embeddable":true,"href":"https:\/\/paxspain.com\/pt-pt\/wp-json\/wp\/v2\/comments?post=6702"}],"wp:featuredmedia":[{"embeddable":true,"href":"https:\/\/paxspain.com\/pt-pt\/wp-json\/wp\/v2\/media\/6535"}],"wp:attachment":[{"href":"https:\/\/paxspain.com\/pt-pt\/wp-json\/wp\/v2\/media?parent=6702"}],"wp:term":[{"taxonomy":"product_brand","embeddable":true,"href":"https:\/\/paxspain.com\/pt-pt\/wp-json\/wp\/v2\/product_brand?post=6702"},{"taxonomy":"product_cat","embeddable":true,"href":"https:\/\/paxspain.com\/pt-pt\/wp-json\/wp\/v2\/product_cat?post=6702"},{"taxonomy":"product_tag","embeddable":true,"href":"https:\/\/paxspain.com\/pt-pt\/wp-json\/wp\/v2\/product_tag?post=6702"}],"curies":[{"name":"wp","href":"https:\/\/api.w.org\/{rel}","templated":true}]}}