{"id":6703,"date":"2024-12-05T17:13:13","date_gmt":"2024-12-05T16:13:13","guid":{"rendered":"https:\/\/paxspain.com\/product\/elemento-eletrico-175w-momento-ii\/"},"modified":"2026-02-26T18:59:22","modified_gmt":"2026-02-26T17:59:22","slug":"elemento-eletrico-175w-momento-ii","status":"publish","type":"product","link":"https:\/\/paxspain.com\/pt-pt\/produto\/elemento-eletrico-175w-momento-ii\/","title":{"rendered":"Momento II 175W"},"content":{"rendered":"<p>Com o Pax Momento II, o seu aquecedor de toalhas s\u00f3 funciona quando precisa, para que possa reduzir facilmente a sua fatura de eletricidade sem comprometer o luxo do dia a dia. Ao escolher o elemento el\u00e9trico para o seu aquecedor combinado Pax, consulte o manual de instala\u00e7\u00e3o em anexo e verifique se a pot\u00eancia corresponde \u00e0 placa de caracter\u00edsticas na parte de tr\u00e1s do aquecedor de toalhas. <\/p>\n<p>O Momento II inclui dezenas de funcionalidades inteligentes que lhe permitem poupar energia, melhorar o clima interior e simplificar o seu dia a dia.<\/p>\n<p><strong>Como funciona o Momento II<\/strong><br \/>\nO Momento II d\u00e1-lhe controlo total sobre quando quer que o seu aquecedor de toalhas esteja ligado. Pode configurar v\u00e1rios temporizadores diferentes diretamente no aquecedor, usando o bot\u00e3o integrado, ou atrav\u00e9s da app Pax Wireless. Com a app, tamb\u00e9m pode definir v\u00e1rios n\u00edveis de pot\u00eancia. Isto permite-lhe otimizar a utiliza\u00e7\u00e3o do seu aquecedor de toalhas, pois s\u00f3 funciona quando precisa. Se tiver um ventilador de casa de banho Pax Norte na mesma casa de banho do seu aquecedor de toalhas, pode emparelh\u00e1-los para que o aquecedor de toalhas ligue automaticamente quando o sensor de humidade do ventilador detetar um aumento do n\u00edvel de humidade, por exemplo, quando come\u00e7a a tomar banho.    <\/p>\n<ul>\n<li data-start=\"3990\" data-end=\"4042\">\n<p data-start=\"3992\" data-end=\"4042\">Maior <strong data-start=\"3999\" data-end=\"4014\">pot\u00eancia de 175W<\/strong> para aquecer as toalhas mais rapidamente<\/p>\n<\/li>\n<li data-start=\"4043\" data-end=\"4098\">\n<p data-start=\"4045\" data-end=\"4098\"><strong data-start=\"4045\" data-end=\"4073\">Aquecimento com temporizador<\/strong> para reduzir o desperd\u00edcio de energia<\/p>\n<\/li>\n<li data-start=\"4099\" data-end=\"4155\">\n<p data-start=\"4101\" data-end=\"4155\"><strong data-start=\"4101\" data-end=\"4131\">Compatibilidade com app sem fios<\/strong> para maior comodidade<\/p>\n<\/li>\n<li data-start=\"4156\" data-end=\"4207\">\n<p data-start=\"4158\" data-end=\"4207\">Concebido especificamente para <strong data-start=\"4184\" data-end=\"4205\">aquecedores de toalhas PAX<\/strong><\/p>\n<\/li>\n<\/ul>\n","protected":false},"excerpt":{"rendered":"<p>O <strong data-start=\"1528\" data-end=\"1568\">Elemento El\u00e9trico PAX 175W Momento II<\/strong> foi concebido para aquecedores de toalhas que exigem uma maior pot\u00eancia t\u00e9rmica sem sacrificar o controlo. Com <strong data-start=\"1673\" data-end=\"1706\">175 watts de aquecimento el\u00e9trico<\/strong>, utiliza o <strong data-start=\"1720\" data-end=\"1749\">sistema de controlo Momento II<\/strong> para limitar o tempo de funcionamento e o consumo de energia. Pode ativar o aquecimento diretamente no elemento ou gerir hor\u00e1rios atrav\u00e9s da <strong data-start=\"1864\" data-end=\"1884\">app PAX Wireless<\/strong>. Assim, \u00e9 mais f\u00e1cil manter as toalhas quentes exatamente quando necess\u00e1rio, em vez de funcionar continuamente. Adequado para aquecedores de toalhas PAX compat\u00edveis, o elemento utiliza uma liga\u00e7\u00e3o roscada padr\u00e3o para uma instala\u00e7\u00e3o simples.    <\/p>\n<ul>\n<li>175W<\/li>\n<li>Equipado com temporizador Momento II<\/li>\n<li>Controlo manual com o bot\u00e3o integrado ou atrav\u00e9s da app Pax Wireless<\/li>\n<li>Rosca de meia polegada<\/li>\n<\/ul>\n","protected":false},"featured_media":6516,"comment_status":"closed","ping_status":"closed","template":"","meta":{"_et_pb_use_builder":"","_et_pb_old_content":"","_et_gb_content_width":""},"product_brand":[133],"product_cat":[96],"product_tag":[],"class_list":{"0":"post-6703","1":"product","2":"type-product","3":"status-publish","4":"has-post-thumbnail","6":"product_brand-pax","7":"product_cat-aquecedores-de-toalhas-acessorios","8":"pa_product-type-elemento-de-aquecimento-eletrico","10":"first","11":"instock","12":"taxable","13":"shipping-taxable","14":"purchasable","15":"product-type-simple"},"jetpack_sharing_enabled":true,"_links":{"self":[{"href":"https:\/\/paxspain.com\/pt-pt\/wp-json\/wp\/v2\/product\/6703","targetHints":{"allow":["GET"]}}],"collection":[{"href":"https:\/\/paxspain.com\/pt-pt\/wp-json\/wp\/v2\/product"}],"about":[{"href":"https:\/\/paxspain.com\/pt-pt\/wp-json\/wp\/v2\/types\/product"}],"replies":[{"embeddable":true,"href":"https:\/\/paxspain.com\/pt-pt\/wp-json\/wp\/v2\/comments?post=6703"}],"wp:featuredmedia":[{"embeddable":true,"href":"https:\/\/paxspain.com\/pt-pt\/wp-json\/wp\/v2\/media\/6516"}],"wp:attachment":[{"href":"https:\/\/paxspain.com\/pt-pt\/wp-json\/wp\/v2\/media?parent=6703"}],"wp:term":[{"taxonomy":"product_brand","embeddable":true,"href":"https:\/\/paxspain.com\/pt-pt\/wp-json\/wp\/v2\/product_brand?post=6703"},{"taxonomy":"product_cat","embeddable":true,"href":"https:\/\/paxspain.com\/pt-pt\/wp-json\/wp\/v2\/product_cat?post=6703"},{"taxonomy":"product_tag","embeddable":true,"href":"https:\/\/paxspain.com\/pt-pt\/wp-json\/wp\/v2\/product_tag?post=6703"}],"curies":[{"name":"wp","href":"https:\/\/api.w.org\/{rel}","templated":true}]}}