{"id":6707,"date":"2024-12-05T17:32:56","date_gmt":"2024-12-05T16:32:56","guid":{"rendered":"https:\/\/paxspain.com\/product\/elemento-eletrico-250w-momento-ii\/"},"modified":"2026-02-26T18:58:36","modified_gmt":"2026-02-26T17:58:36","slug":"elemento-eletrico-250w-momento-ii","status":"publish","type":"product","link":"https:\/\/paxspain.com\/pt-pt\/produto\/elemento-eletrico-250w-momento-ii\/","title":{"rendered":"250W Momento II"},"content":{"rendered":"<p>Com o Pax Momento II, o seu toalheiro s\u00f3 funciona quando necessita, permitindo reduzir facilmente a fatura de eletricidade sem comprometer o luxo do dia a dia. Ao escolher o elemento el\u00e9trico para o seu toalheiro combinado Pax, consulte o manual de instala\u00e7\u00e3o anexo e verifique se a pot\u00eancia corresponde \u00e0 placa de caracter\u00edsticas na parte traseira do toalheiro. <\/p>\n<p>O Momento II inclui dezenas de funcionalidades inteligentes que permitem poupar energia, melhorar o clima interior e simplificar o seu quotidiano.<\/p>\n<p><strong>Como funciona o Momento II<\/strong><br \/>\nO Momento II d\u00e1-lhe controlo total sobre quando pretende que o toalheiro esteja ligado. Pode configurar v\u00e1rios temporizadores diferentes diretamente no toalheiro atrav\u00e9s do bot\u00e3o integrado ou utilizando a aplica\u00e7\u00e3o Pax Wireless. Com a aplica\u00e7\u00e3o, pode tamb\u00e9m definir v\u00e1rios n\u00edveis de pot\u00eancia. Isto permite otimizar a utiliza\u00e7\u00e3o do toalheiro, pois este s\u00f3 funciona quando necessita. Se tiver um extrator de casa de banho Pax Norte na mesma casa de banho que o toalheiro, pode emparelh\u00e1-los para que o toalheiro ligue automaticamente quando o sensor de humidade do extrator detetar um aumento do n\u00edvel de humidade, por exemplo, quando come\u00e7a a tomar banho.    <\/p>\n<ul>\n<li data-start=\"4118\" data-end=\"4187\">\n<p data-start=\"4120\" data-end=\"4187\"><strong data-start=\"4120\" data-end=\"4143\">Pot\u00eancia de aquecimento de 250W<\/strong> para toalheiros maiores ou de maior exig\u00eancia<\/p>\n<\/li>\n<li data-start=\"4188\" data-end=\"4244\">\n<p data-start=\"4190\" data-end=\"4244\"><strong data-start=\"4190\" data-end=\"4220\">Funcionamento controlado por temporizador<\/strong> para limitar o desperd\u00edcio de energia<\/p>\n<\/li>\n<li data-start=\"4245\" data-end=\"4297\">\n<p data-start=\"4247\" data-end=\"4297\"><strong data-start=\"4247\" data-end=\"4271\">Controlo por aplica\u00e7\u00e3o sem fios<\/strong> para programa\u00e7\u00e3o flex\u00edvel<\/p>\n<\/li>\n<li data-start=\"4298\" data-end=\"4354\">\n<p data-start=\"4300\" data-end=\"4354\">Concebido especificamente para <strong data-start=\"4326\" data-end=\"4354\">sistemas de toalheiros PAX<\/strong><\/p>\n<\/li>\n<\/ul>\n<p>Se necessita de um aquecimento mais potente sem sacrificar o controlo, o <strong>Elemento El\u00e9trico PAX 250W Momento II<\/strong> oferece uma solu\u00e7\u00e3o fi\u00e1vel e eficiente em termos energ\u00e9ticos para casas de banho modernas.<\/p>\n","protected":false},"excerpt":{"rendered":"<p>O <strong data-start=\"1697\" data-end=\"1737\">Elemento El\u00e9trico PAX 250W Momento II<\/strong> foi concebido para toalheiros que requerem <strong data-start=\"1778\" data-end=\"1803\">maior pot\u00eancia de aquecimento<\/strong> mantendo o controlo sobre o consumo de energia. Fornecendo <strong data-start=\"1858\" data-end=\"1888\">250 watts de calor el\u00e9trico<\/strong>, utiliza o <strong data-start=\"1902\" data-end=\"1929\">sistema de temporizador Momento II<\/strong> para limitar o funcionamento aos momentos em que realmente necessita de aquecimento. O aquecimento pode ser ativado diretamente no elemento ou gerido atrav\u00e9s da <strong data-start=\"2060\" data-end=\"2080\">aplica\u00e7\u00e3o PAX Wireless<\/strong>, proporcionando flexibilidade sem ajustes manuais constantes. Concebido para utiliza\u00e7\u00e3o com toalheiros PAX compat\u00edveis, o elemento possui uma liga\u00e7\u00e3o roscada standard para instala\u00e7\u00e3o simples.   <\/p>\n<ul>\n<li>250W<\/li>\n<li>Equipado com temporizador Momento II<\/li>\n<li>Controle manualmente com o bot\u00e3o integrado ou utilize a aplica\u00e7\u00e3o Pax Wireless<\/li>\n<li>Rosca de meia polegada<\/li>\n<\/ul>\n","protected":false},"featured_media":6516,"comment_status":"closed","ping_status":"closed","template":"","meta":{"_et_pb_use_builder":"","_et_pb_old_content":"","_et_gb_content_width":""},"product_brand":[133],"product_cat":[96],"product_tag":[],"class_list":{"0":"post-6707","1":"product","2":"type-product","3":"status-publish","4":"has-post-thumbnail","6":"product_brand-pax","7":"product_cat-aquecedores-de-toalhas-acessorios","8":"pa_product-type-elemento-de-aquecimento-eletrico","10":"first","11":"instock","12":"taxable","13":"shipping-taxable","14":"purchasable","15":"product-type-simple"},"jetpack_sharing_enabled":true,"_links":{"self":[{"href":"https:\/\/paxspain.com\/pt-pt\/wp-json\/wp\/v2\/product\/6707","targetHints":{"allow":["GET"]}}],"collection":[{"href":"https:\/\/paxspain.com\/pt-pt\/wp-json\/wp\/v2\/product"}],"about":[{"href":"https:\/\/paxspain.com\/pt-pt\/wp-json\/wp\/v2\/types\/product"}],"replies":[{"embeddable":true,"href":"https:\/\/paxspain.com\/pt-pt\/wp-json\/wp\/v2\/comments?post=6707"}],"wp:featuredmedia":[{"embeddable":true,"href":"https:\/\/paxspain.com\/pt-pt\/wp-json\/wp\/v2\/media\/6516"}],"wp:attachment":[{"href":"https:\/\/paxspain.com\/pt-pt\/wp-json\/wp\/v2\/media?parent=6707"}],"wp:term":[{"taxonomy":"product_brand","embeddable":true,"href":"https:\/\/paxspain.com\/pt-pt\/wp-json\/wp\/v2\/product_brand?post=6707"},{"taxonomy":"product_cat","embeddable":true,"href":"https:\/\/paxspain.com\/pt-pt\/wp-json\/wp\/v2\/product_cat?post=6707"},{"taxonomy":"product_tag","embeddable":true,"href":"https:\/\/paxspain.com\/pt-pt\/wp-json\/wp\/v2\/product_tag?post=6707"}],"curies":[{"name":"wp","href":"https:\/\/api.w.org\/{rel}","templated":true}]}}