{"id":6713,"date":"2024-12-09T19:10:26","date_gmt":"2024-12-09T18:10:26","guid":{"rendered":"https:\/\/paxspain.com\/product\/violoncelo-530x1000\/"},"modified":"2026-02-26T18:36:49","modified_gmt":"2026-02-26T17:36:49","slug":"violoncelo-530x1000","status":"publish","type":"product","link":"https:\/\/paxspain.com\/pt-pt\/produto\/violoncelo-530x1000\/","title":{"rendered":"Cello 530&#215;1000 (com Momento II separado inclu\u00eddo)"},"content":{"rendered":"<div class=\"row attribute-categories js-hide-row \" data-rowid=\"191\">\n<div class=\"col-sm-12 \" data-columnid=\"310\">\n<section id=\"section_443\" class=\"section section_Content section_443 \" data-lazysection-routevalues=\"{\"sectionid\":443}\" data-lazyload=\"false\" data-action=\"Home\/ContentSection\" data-sectionid=\"443\" data-view=\"Content\/_ContentDetail\">\n<p data-start=\"2164\" data-end=\"2643\">O <strong data-start=\"2213\" data-end=\"2248\">toalheiro aquecido Pax Cello 530\u00d71000<\/strong> alia um desempenho pr\u00e1tico a um design refinado. Com os seus tubos de a\u00e7o inoxid\u00e1vel suavemente curvados e organizados em sec\u00e7\u00f5es de secagem inteligentes, este aquecedor de toalhas combinado garante uma secagem r\u00e1pida e uniforme, melhorando a est\u00e9tica da casa de banho. Quer esteja a sair do duche ou a preparar-se para o dia, o Cello mant\u00e9m as suas toalhas frescas, quentes e prontas a usar!  <\/p>\n<p data-start=\"2164\" data-end=\"2643\">O Cello \u00e9 uma <strong data-start=\"2687\" data-end=\"2701\">unidade combinada<\/strong>, o que significa que pode lig\u00e1-lo ao seu sistema de aquecimento central fechado existente <em data-start=\"2777\" data-end=\"2785\">e\/ou<\/em> utilizar a <strong data-start=\"2803\" data-end=\"2846\">resist\u00eancia el\u00e9trica com temporizador Momento II&#x2122;<\/strong> fornecida para um funcionamento aut\u00f3nomo. Esta abordagem dupla oferece-lhe flexibilidade: aquecimento atrav\u00e9s da caldeira no inverno e utiliza\u00e7\u00e3o do temporizador el\u00e9trico nos meses mais frescos ou em condi\u00e7\u00f5es de humidade. Isto permite-lhe desfrutar de conforto durante todo o ano sem desperdi\u00e7ar energia.  <\/p>\n<p data-start=\"2164\" data-end=\"2643\">Entregue vazio, o toalheiro aquecido inclui todos os acess\u00f3rios essenciais para montagem na parede, como suportes de fixa\u00e7\u00e3o, parafusos, buchas, tamp\u00f5es cegos e uma v\u00e1lvula de purga, para que a instala\u00e7\u00e3o seja simples para um instalador qualificado. Os pontos de liga\u00e7\u00e3o inferiores podem ser utilizados tanto no lado esquerdo como no direito, conferindo flexibilidade para se adaptar \u00e0 disposi\u00e7\u00e3o da sua casa de banho. <\/p>\n<p data-start=\"3113\" data-end=\"3521\">Fabricado em <strong data-start=\"3566\" data-end=\"3613\">a\u00e7o inoxid\u00e1vel dur\u00e1vel com acabamento brilhante<\/strong>, o toalheiro aquecido Cello foi constru\u00eddo para resistir \u00e0 humidade e ao uso di\u00e1rio em ambientes de casa de banho. A superf\u00edcie polida n\u00e3o s\u00f3 \u00e9 f\u00e1cil de limpar, como tamb\u00e9m confere um aspeto elegante e contempor\u00e2neo, quer seja combinado com uma decora\u00e7\u00e3o moderna ou tradicional. <\/p>\n<p data-start=\"3523\" data-end=\"3886\">A resist\u00eancia el\u00e9trica e o temporizador <strong data-start=\"3945\" data-end=\"3959\">Momento II<\/strong> inclu\u00eddos permitem-lhe programar o aquecimento para que o toalheiro funcione apenas quando necess\u00e1rio, reduzindo o consumo de energia e garantindo toalhas quentes quando desejar. Este controlo inteligente tamb\u00e9m facilita a manuten\u00e7\u00e3o do conforto sem necessidade de opera\u00e7\u00e3o manual. <\/p>\n<h3>C\u00f3digos dos artigos<\/h3>\n<\/section>\n<section id=\"section_579\" class=\"section section_ProductAttributes section_579 \" data-lazysection-routevalues=\"{\"sectionid\":579}\" data-lazyload=\"false\" data-action=\"ProductDetail\/AttributeSection\" data-sectionid=\"579\" data-view=\"ProductDetail\/_AttributePlaceholders_Single_List\">\n<div class=\"product-additional-content\">\n<dl class=\"dl-horizontal\">\n<dt>Art. n:<\/dt>\n<dd>24-4701<\/dd>\n<dt>EAN 13:<\/dt>\n<dd>7391477447010<\/dd>\n<dt>ETIM:<\/dt>\n<dd>EC011023<\/dd>\n<\/dl>\n<\/div>\n<\/section>\n<\/div>\n<\/div>\n<div class=\"row attribute-categories js-hide-row \" data-rowid=\"192\">\n<div class=\"col-sm-12 \" data-columnid=\"312\">\n<section id=\"section_444\" class=\"section section_Content section_444 \" data-lazysection-routevalues=\"{\"sectionid\":444}\" data-lazyload=\"false\" data-action=\"Home\/ContentSection\" data-sectionid=\"444\" data-view=\"Content\/_ContentDetail\">\n<h3>Medidas<\/h3>\n<\/section>\n<section id=\"section_440\" class=\"section section_ProductAttributes section_440 \" data-lazysection-routevalues=\"{\"sectionid\":440}\" data-lazyload=\"false\" data-action=\"ProductDetail\/AttributeSection\" data-sectionid=\"440\" data-view=\"ProductDetail\/_AttributePlaceholders_Single_List\">\n<div class=\"product-additional-content\">\n<dl class=\"dl-horizontal\">\n<dt>Largura do produto:<\/dt>\n<dd>530 mm<\/dd>\n<dt>Altura do produto:<\/dt>\n<dd>1000 mm<\/dd>\n<dt>Profundidade do produto:<\/dt>\n<dd>150 mm<\/dd>\n<dt>Peso do produto:<\/dt>\n<dd>5 kg<\/dd>\n<\/dl>\n<\/div>\n<\/section>\n<\/div>\n<\/div>\n<div class=\"row attribute-categories js-hide-row \" data-rowid=\"193\">\n<div class=\"col-sm-12 \" data-columnid=\"314\">\n<section id=\"section_445\" class=\"section section_Content section_445 \" data-lazysection-routevalues=\"{\"sectionid\":445}\" data-lazyload=\"false\" data-action=\"Home\/ContentSection\" data-sectionid=\"445\" data-view=\"Content\/_ContentDetail\">\n<h3>Carater\u00edsticas<\/h3>\n<\/section>\n<section id=\"section_442\" class=\"section section_ProductAttributes section_442 \" data-lazysection-routevalues=\"{\"sectionid\":442}\" data-lazyload=\"false\" data-action=\"ProductDetail\/AttributeSection\" data-sectionid=\"442\" data-view=\"ProductDetail\/_AttributePlaceholders_Single_List\">\n<div class=\"product-additional-content\">\n<dl class=\"dl-horizontal\">\n<dt>Tipo de instala\u00e7\u00e3o, parede, teto, etc:<\/dt>\n<dd>Parede<\/dd>\n<dt>Termina:<\/dt>\n<dd>Polido<\/dd>\n<dt>Material:<\/dt>\n<dd>A\u00e7o inoxid\u00e1vel<\/dd>\n<\/dl>\n<\/div>\n<\/section>\n<\/div>\n<\/div>\n","protected":false},"excerpt":{"rendered":"<p>O <strong data-start=\"1458\" data-end=\"1493\">toalheiro aquecido Pax Cello 530\u00d71000<\/strong> \u00e9 uma solu\u00e7\u00e3o combinada elegante e de alto desempenho para a sua casa de banho. Os seus tubos curvos em a\u00e7o inoxid\u00e1vel oferecem um excelente poder de secagem, mantendo as toalhas quentes e frescas. Pode aquec\u00ea-lo atrav\u00e9s do seu sistema de aquecimento central, utilizar a <strong data-start=\"1721\" data-end=\"1764\">resist\u00eancia el\u00e9trica com temporizador Momento II&#x2122;<\/strong> inclu\u00edda, ou combinar ambos para conforto durante todo o ano. Concebido para montagem na parede, o Cello \u00e9 fornecido vazio com acess\u00f3rios inclu\u00eddos e oferece flexibilidade de liga\u00e7\u00e3o inferior \u00e0 esquerda ou \u00e0 direita. O seu acabamento polido e design inteligente tornam-no uma adi\u00e7\u00e3o funcional e elegante a qualquer casa de banho.    <\/p>\n<p>Largura: 530 mm<br \/>\nAltura: 1000 mm<br \/>\nAcabamento: Brilhante<br \/>\nMaterial: A\u00e7o inoxid\u00e1vel<br \/>\nPonto de liga\u00e7\u00e3o: Inferior, direita\/esquerda<br \/>\nFornecido: Vazio com suportes de fixa\u00e7\u00e3o, parafusos, buchas, tamp\u00f5es cegos e v\u00e1lvula de purga.<\/p>\n<p><strong>Vem com elemento el\u00e9trico e temporizador Pax Momento II&#x2122; separados (VG28-1012P).<\/strong><\/p>\n<p><img loading=\"lazy\" decoding=\"async\" class=\"alignnone size-medium wp-image-6515\" src=\"https:\/\/paxspain.com\/wp-content\/uploads\/2024\/12\/Momento-2-300x300.jpeg\" alt=\"\" width=\"300\" height=\"300\"><\/p>\n","protected":false},"featured_media":6567,"comment_status":"closed","ping_status":"closed","template":"","meta":{"_et_pb_use_builder":"","_et_pb_old_content":"","_et_gb_content_width":""},"product_brand":[133],"product_cat":[77],"product_tag":[],"class_list":{"0":"post-6713","1":"product","2":"type-product","3":"status-publish","4":"has-post-thumbnail","6":"product_brand-pax","7":"product_cat-aquecedores-de-toalhas","8":"product_shipping_class-aquecedor-de-toalhas-envio-gratuito","9":"pa_product-type-toalheiro-aquecido","11":"first","12":"instock","13":"taxable","14":"shipping-taxable","15":"purchasable","16":"product-type-simple"},"jetpack_sharing_enabled":true,"_links":{"self":[{"href":"https:\/\/paxspain.com\/pt-pt\/wp-json\/wp\/v2\/product\/6713","targetHints":{"allow":["GET"]}}],"collection":[{"href":"https:\/\/paxspain.com\/pt-pt\/wp-json\/wp\/v2\/product"}],"about":[{"href":"https:\/\/paxspain.com\/pt-pt\/wp-json\/wp\/v2\/types\/product"}],"replies":[{"embeddable":true,"href":"https:\/\/paxspain.com\/pt-pt\/wp-json\/wp\/v2\/comments?post=6713"}],"wp:featuredmedia":[{"embeddable":true,"href":"https:\/\/paxspain.com\/pt-pt\/wp-json\/wp\/v2\/media\/6567"}],"wp:attachment":[{"href":"https:\/\/paxspain.com\/pt-pt\/wp-json\/wp\/v2\/media?parent=6713"}],"wp:term":[{"taxonomy":"product_brand","embeddable":true,"href":"https:\/\/paxspain.com\/pt-pt\/wp-json\/wp\/v2\/product_brand?post=6713"},{"taxonomy":"product_cat","embeddable":true,"href":"https:\/\/paxspain.com\/pt-pt\/wp-json\/wp\/v2\/product_cat?post=6713"},{"taxonomy":"product_tag","embeddable":true,"href":"https:\/\/paxspain.com\/pt-pt\/wp-json\/wp\/v2\/product_tag?post=6713"}],"curies":[{"name":"wp","href":"https:\/\/api.w.org\/{rel}","templated":true}]}}