{"id":6715,"date":"2024-12-09T19:29:29","date_gmt":"2024-12-09T18:29:29","guid":{"rendered":"https:\/\/paxspain.com\/product\/klimat-k7-branco\/"},"modified":"2026-03-18T17:36:16","modified_gmt":"2026-03-18T16:36:16","slug":"klimat-k7-branco","status":"publish","type":"product","link":"https:\/\/paxspain.com\/pt-pt\/produto\/klimat-k7-branco\/","title":{"rendered":"K7 Branco"},"content":{"rendered":"<p>O <strong data-start=\"1384\" data-end=\"1403\">Klimat K7 Branco<\/strong> \u00e9 um <strong data-start=\"1419\" data-end=\"1445\">exaustor de casa de banho<\/strong> vers\u00e1til concebido para gerir a humidade, melhorar a qualidade do ar e redistribuir o calor de forma eficiente. Com sete fun\u00e7\u00f5es integradas, incluindo m\u00faltiplos modos de ventila\u00e7\u00e3o e uma op\u00e7\u00e3o de transfer\u00eancia de calor incorporada, adapta-se facilmente ao uso quotidiano da casa de banho. Fabricado na Su\u00e9cia e acabado em branco limpo, o exaustor combina funcionamento silencioso com baixo consumo energ\u00e9tico. Adequado para instala\u00e7\u00e3o em parede ou teto, \u00e9 uma escolha ideal para casas de banho, WCs e despensas onde a ventila\u00e7\u00e3o fi\u00e1vel e discreta \u00e9 essencial.   <\/p>\n<p><strong>Designa\u00e7\u00e3o:<\/strong> Exaustor de Casa de Banho Climate K7 (conhecido em alguns territ\u00f3rios como Duka Ventilation S7)<br \/>\n<strong>SKU:<\/strong> 50001<br \/>\n<strong>GTIN:<\/strong> 7350088510018<br \/>\n<strong>E-nr:<\/strong> 9302520<br \/>\n<strong>RSK:<\/strong> 8752520<\/p>\n<p><strong>Ilha do canal:<\/strong> \u00d8100 mm (\u00d880 &#8211; 125)<br \/>\n<strong>Localiza\u00e7\u00e3o:<\/strong> Parede ou teto<\/p>\n<p><strong>Di\u00e2metro:<\/strong> \u00d8175 mm<br \/>\n<strong>Profundidade:<\/strong> 55 mm<br \/>\n<strong>Peso:<\/strong> 0,46 kg<\/p>\n<p><strong>Cor:<\/strong> Branco (RAL 9016)<br \/>\n<strong>Material:<\/strong> Polipropileno (baixo impacto ambiental)<\/p>\n<p><strong>Instala\u00e7\u00e3o el\u00e9ctrica:<\/strong> <em>NOTA! Todas as instala\u00e7\u00f5es el\u00e9ctricas fixas devem ser efectuadas por um eletricista qualificado <\/em><\/p>\n<p><strong>Capacidade, sopro livre:<br \/>\n<\/strong>&#8211; Velocidade baixa 40 m\u00b3\/h (11,1 l\/s)<br \/>\n&#8211; Velocidade m\u00e9dia 60 m\u00b3\/h (16,7 l\/s)<br \/>\n&#8211; Velocidade alta 95 m\u00b3\/h (26,4 l\/s)<br \/>\n&#8211; Velocidade m\u00e1xima 110 m\u00b3\/h (30,6 l\/s)<br \/>\n<strong>Press\u00e3o m\u00e1xima:<\/strong> 48 Pa<br \/>\n<strong>N\u00edvel de press\u00e3o sonora:<\/strong> 17 &#8211; 25 dB(A) 3 m<\/p>\n<p><strong>Interruptor de todos os p\u00f3los:<\/strong> Sim<br \/>\n<strong>Consumo de energia:<\/strong> 3W<br \/>\n<strong>Tens\u00e3o\/Frequ\u00eancia:<\/strong> 230V AC 50Hz<br \/>\n<strong>Liga\u00e7\u00e3o:<\/strong> Oculta ou de superf\u00edcie<br \/>\n<strong>Tipo de motor: <\/strong>BLDC<\/p>\n<p><strong>Classe de prote\u00e7\u00e3o:<\/strong> IP44 (gama 1)<br \/>\n<strong>Classe de isolamento:<\/strong> A classe II n\u00e3o deve ser ligada \u00e0 terra<br \/>\n<strong>Certifica-te:<\/strong> S &#8211; Intertek<br \/>\n<strong>Marca\u00e7\u00f5es:<\/strong> CE<br \/>\n<strong>Gama de temperaturas:<\/strong> 5 &#8211; 35\u00b0C<\/p>\n","protected":false},"excerpt":{"rendered":"<p><strong>Klimat K7 &#8211; Sete exaustores num s\u00f3<\/strong><br \/>\nO Klimat K7 (conhecido em alguns territ\u00f3rios como Duka Ventilation S7) \u00e9 um exaustor multifuncional, desenvolvido e fabricado na Su\u00e9cia, que pode ser instalado tanto como exaustor de casa de banho ou como unidade de transfer\u00eancia de calor de poupan\u00e7a energ\u00e9tica. Com o seletor de modo m\u00faltiplo \u00e9 f\u00e1cil alternar entre fun\u00e7\u00f5es: Basta levantar a placa de cobertura. Selecionar modo. Pronto!   <\/p>\n<p><strong>Ventilador de casa de banho (seis solu\u00e7\u00f5es de ventila\u00e7\u00e3o selecion\u00e1veis)<\/strong><br \/>\nO Klimat K7 tem seis modos de funcionamento selecion\u00e1veis, para realizar a extra\u00e7\u00e3o de ar em todas as casas com ventila\u00e7\u00e3o natural. Foi concebido e aprovado para instala\u00e7\u00e3o em \u00e1reas h\u00famidas (IP44), tais como WCs, casas de banho e salas de servi\u00e7o. Para montagem na parede ou no teto (conduta de ventila\u00e7\u00e3o separada e bem isolada \u00d8 80 &#8211; 125 mm).  <\/p>\n<p><strong>Heat Mover &#8211; poupa energia<\/strong><br \/>\nO Klimat K7 tem um term\u00f3stato eletr\u00f3nico integrado que permite ao ventilador transferir o calor excedente de, por exemplo, uma lareira, para uma divis\u00e3o adjacente. O ventilador \u00e9 montado numa parede divis\u00f3ria ou entre pisos (penetra\u00e7\u00f5es parede\/ch\u00e3o \u00d8100-125 mm). Utiliza condutas e grelhas interiores. Ver acess\u00f3rios Klimatfabriken.   <\/p>\n<p><strong>Ar de fornecimento<\/strong><br \/>\nPara uma boa ventila\u00e7\u00e3o da casa, tens de garantir que:<br \/>\n&#8211; o ar pode entrar na sala h\u00famida, por exemplo, atrav\u00e9s de uma abertura maior da porta ou de uma unidade de transfer\u00eancia de ar.<br \/>\n&#8211; o ar fresco entra na casa atrav\u00e9s das aberturas de fornecimento de ar nos quartos e nas \u00e1reas de estar.<\/p>\n<p><a href=\"https:\/\/paxspain.com\/wp-content\/uploads\/2024\/12\/Manual_K7_SE_EN_31001-A_web.pdf\">Descarregar Manual do Produto Klimat K7 &#8211; Ingl\u00eas\/Sueco<\/a><br \/>\n<a href=\"https:\/\/paxspain.com\/wp-content\/uploads\/2024\/12\/59012_Folder-KF_A4_ES_web.pdf\">Descarregar Manual do Produto Klimat K7 &#8211; Espanhol<\/a><br \/>\n<a href=\"https:\/\/paxspain.com\/wp-content\/uploads\/2024\/12\/KLIMAT-K7.pdf\">Descarregar Brochura Klimat K7 &#8211; Espanhol<\/a><\/p>\n<p><iframe loading=\"lazy\" title=\"Klimat K7 - O \u00faltimo plano que te espera\" src=\"https:\/\/www.youtube.com\/embed\/EPhyg8bNcQU\" width=\"560\" height=\"315\" frameborder=\"0\" allowfullscreen=\"allowfullscreen\"><\/iframe><\/p>\n","protected":false},"featured_media":6574,"comment_status":"closed","ping_status":"closed","template":"","meta":{"_et_pb_use_builder":"","_et_pb_old_content":"","_et_gb_content_width":""},"product_brand":[180],"product_cat":[79],"product_tag":[],"class_list":{"0":"post-6715","1":"product","2":"type-product","3":"status-publish","4":"has-post-thumbnail","6":"product_brand-klimat","7":"product_cat-produtos-de-ventilacao","8":"pa_product-type-ventilador-de-casa-de-banho","10":"first","11":"instock","12":"taxable","13":"shipping-taxable","14":"purchasable","15":"product-type-simple"},"jetpack_sharing_enabled":true,"_links":{"self":[{"href":"https:\/\/paxspain.com\/pt-pt\/wp-json\/wp\/v2\/product\/6715","targetHints":{"allow":["GET"]}}],"collection":[{"href":"https:\/\/paxspain.com\/pt-pt\/wp-json\/wp\/v2\/product"}],"about":[{"href":"https:\/\/paxspain.com\/pt-pt\/wp-json\/wp\/v2\/types\/product"}],"replies":[{"embeddable":true,"href":"https:\/\/paxspain.com\/pt-pt\/wp-json\/wp\/v2\/comments?post=6715"}],"wp:featuredmedia":[{"embeddable":true,"href":"https:\/\/paxspain.com\/pt-pt\/wp-json\/wp\/v2\/media\/6574"}],"wp:attachment":[{"href":"https:\/\/paxspain.com\/pt-pt\/wp-json\/wp\/v2\/media?parent=6715"}],"wp:term":[{"taxonomy":"product_brand","embeddable":true,"href":"https:\/\/paxspain.com\/pt-pt\/wp-json\/wp\/v2\/product_brand?post=6715"},{"taxonomy":"product_cat","embeddable":true,"href":"https:\/\/paxspain.com\/pt-pt\/wp-json\/wp\/v2\/product_cat?post=6715"},{"taxonomy":"product_tag","embeddable":true,"href":"https:\/\/paxspain.com\/pt-pt\/wp-json\/wp\/v2\/product_tag?post=6715"}],"curies":[{"name":"wp","href":"https:\/\/api.w.org\/{rel}","templated":true}]}}