{"id":8450,"date":"2025-08-07T15:25:25","date_gmt":"2025-08-07T13:25:25","guid":{"rendered":"https:\/\/paxspain.com\/product\/recuperador-de-calor-descentralizado-zephyr-mini\/"},"modified":"2026-02-26T18:58:46","modified_gmt":"2026-02-26T17:58:46","slug":"recuperador-de-calor-descentralizado-zephyr-mini","status":"publish","type":"product","link":"https:\/\/paxspain.com\/pt-pt\/produto\/recuperador-de-calor-descentralizado-zephyr-mini\/","title":{"rendered":"Zephyr Mini"},"content":{"rendered":"<h2 data-start=\"160\" data-end=\"183\">Descri\u00e7\u00e3o completa<\/h2>\n<p data-start=\"185\" data-end=\"536\">O <strong data-start=\"189\" data-end=\"208\">Zephyr Mini<\/strong> \u00e9 uma unidade compacta e descentralizada de ventila\u00e7\u00e3o com recupera\u00e7\u00e3o de calor (VRC) para divis\u00e3o \u00fanica, concebida para pequenos espa\u00e7os que requerem uma troca de ar eficiente e cont\u00ednua sem condutas complexas. Ideal para quartos, casas de banho, escrit\u00f3rios e apartamentos, \u00e9 a solu\u00e7\u00e3o perfeita para renovar espa\u00e7os sem infraestrutura de ventila\u00e7\u00e3o existente. <\/p>\n<p data-start=\"538\" data-end=\"858\">Funcionando atrav\u00e9s de um permutador de calor cer\u00e2mico e de um sistema de ventilador revers\u00edvel, o Zephyr Mini alterna o fluxo de ar a cada 70 segundos para extrair o ar viciado e fornecer ar fresco e filtrado &#8211; ao mesmo tempo que recupera at\u00e9 90% da energia t\u00e9rmica emitida. Isto n\u00e3o s\u00f3 melhora a qualidade do ar interior, como tamb\u00e9m reduz as necessidades de aquecimento e arrefecimento. <\/p>\n<p data-start=\"860\" data-end=\"1141\">O seu funcionamento ultra-silencioso e o sensor de humidade inteligente garantem um conforto ideal durante o dia e a noite, mesmo em ambientes sens\u00edveis ou silenciosos. A unidade pode ser ligada sem fios a outros dispositivos para um funcionamento sincronizado e \u00e9 facilmente gerida atrav\u00e9s de um telecomando por infravermelhos inclu\u00eddo. <\/p>\n<hr data-start=\"1143\" data-end=\"1146\">\n<h2 data-start=\"1148\" data-end=\"1167\">Carater\u00edsticas principais<\/h2>\n<ul>\n<li data-start=\"1171\" data-end=\"1281\"><strong data-start=\"1171\" data-end=\"1209\">Efici\u00eancia de recupera\u00e7\u00e3o de calor at\u00e9 90%<\/strong> &#8211; Recupera e reutiliza o calor do ar de sa\u00edda, melhorando a poupan\u00e7a de energia.<\/li>\n<li data-start=\"1284\" data-end=\"1375\"><strong data-start=\"1284\" data-end=\"1310\">Permutador de calor em cer\u00e2mica<\/strong> &#8211; Duradouro e eficiente para um desempenho t\u00e9rmico consistente.<\/li>\n<li data-start=\"1378\" data-end=\"1465\"><strong data-start=\"1378\" data-end=\"1410\">Funcionamento silencioso a v\u00e1rias<\/strong> velocidades &#8211; Quatro velocidades da ventoinha, incluindo um modo noturno ultra-silencioso.<\/li>\n<li data-start=\"1468\" data-end=\"1584\"><strong data-start=\"1468\" data-end=\"1487\">Sensor de humidade<\/strong> &#8211; Passa automaticamente para o modo de extra\u00e7\u00e3o quando os n\u00edveis de humidade excedem os limites definidos pelo utilizador.<\/li>\n<li data-start=\"1587\" data-end=\"1672\"><strong data-start=\"1587\" data-end=\"1607\">Emparelhamento sem fios<\/strong> &#8211; Permite que v\u00e1rias unidades trabalhem em conjunto para um fluxo de ar equilibrado.<\/li>\n<li data-start=\"1675\" data-end=\"1770\"><strong data-start=\"1675\" data-end=\"1702\">Controlo remoto inclu\u00eddo<\/strong> &#8211; O controlo remoto por infravermelhos permite uma utiliza\u00e7\u00e3o f\u00e1cil de todas as fun\u00e7\u00f5es principais.<\/li>\n<li data-start=\"1773\" data-end=\"1864\"><strong data-start=\"1773\" data-end=\"1797\">N\u00e3o necessita de condutas<\/strong> &#8211; Perfeito para readapta\u00e7\u00f5es ou espa\u00e7os sem ventila\u00e7\u00e3o centralizada.<\/li>\n<li data-start=\"1867\" data-end=\"1947\"><strong data-start=\"1867\" data-end=\"1892\">Baixo consumo de energia<\/strong> &#8211; Funcionamento eficiente em termos energ\u00e9ticos, utilizando apenas 1,4 W.<\/li>\n<\/ul>\n<hr data-start=\"1949\" data-end=\"1952\">\n<h2 data-start=\"1954\" data-end=\"1974\">Informa\u00e7\u00f5es pormenorizadas<\/h2>\n<ul>\n<li data-start=\"1978\" data-end=\"2070\"><strong data-start=\"1978\" data-end=\"1994\">Instala\u00e7\u00e3o<\/strong>: Concebida para instala\u00e7\u00e3o atrav\u00e9s da parede com um m\u00ednimo de modifica\u00e7\u00f5es no edif\u00edcio.<\/li>\n<li data-start=\"2073\" data-end=\"2188\"><strong data-start=\"2073\" data-end=\"2090\">Ciclo de fluxo de ar<\/strong>: Alterna a dire\u00e7\u00e3o do fluxo de ar a cada ~70 segundos, utilizando um n\u00facleo de cer\u00e2mica para captar e libertar calor.<\/li>\n<li data-start=\"2191\" data-end=\"2270\"><strong data-start=\"2191\" data-end=\"2206\">Tipo de filtro<\/strong>: Inclui dois filtros da classe G3 que s\u00e3o amov\u00edveis e lav\u00e1veis.<\/li>\n<li data-start=\"2273\" data-end=\"2402\"><strong data-start=\"2273\" data-end=\"2292\">Op\u00e7\u00f5es de controlo<\/strong>: Telecomando IR inclu\u00eddo de s\u00e9rie; suporta emparelhamento sem fios; m\u00f3dulo Wi-Fi opcional dispon\u00edvel em algumas vers\u00f5es.<\/li>\n<li data-start=\"2405\" data-end=\"2565\"><strong data-start=\"2405\" data-end=\"2426\">\u00c1reas de aplica\u00e7\u00e3o<\/strong>: Ideal para divis\u00f5es individuais, como quartos, casas de banho, cozinhas, escrit\u00f3rios dom\u00e9sticos ou pequenos apartamentos &#8211; especialmente quando n\u00e3o \u00e9 poss\u00edvel instalar condutas.<\/li>\n<\/ul>\n<hr data-start=\"2567\" data-end=\"2570\">\n<h2 data-start=\"2572\" data-end=\"2600\">Informa\u00e7\u00f5es t\u00e9cnicas<\/h2>\n<div class=\"_tableContainer_16hzy_1\">\n<ul>\n<li class=\"_tableWrapper_16hzy_14 group flex w-fit flex-col-reverse\">Efici\u00eancia de recupera\u00e7\u00e3o de calor: At\u00e9 90 %<\/li>\n<li class=\"_tableWrapper_16hzy_14 group flex w-fit flex-col-reverse\">Caudal de ar: 8 &#8211; 30 m\u00b3\/h (quatro n\u00edveis de velocidade)<\/li>\n<li class=\"_tableWrapper_16hzy_14 group flex w-fit flex-col-reverse\">Consumo de energia: 1.4 &#8211; 3.1 W<\/li>\n<li class=\"_tableWrapper_16hzy_14 group flex w-fit flex-col-reverse\">N\u00edvel de som (pot\u00eancia): 26 &#8211; 50 dBA<\/li>\n<li class=\"_tableWrapper_16hzy_14 group flex w-fit flex-col-reverse\">Press\u00e3o sonora @1m: 15 &#8211; 39 dBA<\/li>\n<li class=\"_tableWrapper_16hzy_14 group flex w-fit flex-col-reverse\">Press\u00e3o sonora @3m: 5 &#8211; 29 dBA<\/li>\n<li class=\"_tableWrapper_16hzy_14 group flex w-fit flex-col-reverse\">Tens\u00e3o: 230V \/ 50Hz<\/li>\n<li class=\"_tableWrapper_16hzy_14 group flex w-fit flex-col-reverse\">Temperatura de funcionamento: -25 \u00b0C a +40 \u00b0C<\/li>\n<li class=\"_tableWrapper_16hzy_14 group flex w-fit flex-col-reverse\">Espessura da parede: Adequado para 300-500 mm<\/li>\n<li class=\"_tableWrapper_16hzy_14 group flex w-fit flex-col-reverse\">Dimens\u00f5es: N\u00facleo cer\u00e2mico \u00d8100 mm<\/li>\n<li class=\"_tableWrapper_16hzy_14 group flex w-fit flex-col-reverse\">Orif\u00edcio de instala\u00e7\u00e3o: \u00d8105 mm<\/li>\n<li class=\"_tableWrapper_16hzy_14 group flex w-fit flex-col-reverse\">Peso aprox.: 1,9 kg<\/li>\n<li class=\"_tableWrapper_16hzy_14 group flex w-fit flex-col-reverse\">Controla: Controlo remoto IR, emparelhamento sem fios<\/li>\n<\/ul>\n<\/div>\n","protected":false},"excerpt":{"rendered":"<p>O Zephyr Mini \u00e9 uma unidade compacta descentralizada de ventila\u00e7\u00e3o com recupera\u00e7\u00e3o de calor para divis\u00f5es \u00fanicas, oferecendo recupera\u00e7\u00e3o t\u00e9rmica eficiente (at\u00e9 90 %), funcionamento ultra-silencioso, dete\u00e7\u00e3o inteligente de humidade e controlo sem fios f\u00e1cil \u2014 tudo com consumo energ\u00e9tico m\u00ednimo.<\/p>\n<h2>V\u00eddeo<\/h2>\n<p><iframe title=\"Leitor de v\u00eddeo do YouTube\" src=\"https:\/\/www.youtube.com\/embed\/eKytfuE9lBo?si=16MevtsNZ9BaLxbA\" frameborder=\"0\" allowfullscreen=\"allowfullscreen\"><span data-mce-type=\"bookmark\" style=\"display: inline-block; width: 0px; overflow: hidden; line-height: 0;\" class=\"mce_SELRES_start\"><\/span><\/iframe><\/p>\n<h2>Descarregar ficheiros<\/h2>\n<ul>\n<li><a href=\"https:\/\/paxspain.com\/wp-content\/uploads\/2025\/08\/BSK-Zephyr-Mini-Catalog.pdf\">ZEPHYR Mini Cat\u00e1logo &#8211; Ingl\u00eas<\/a><\/li>\n<li><a href=\"https:\/\/paxspain.com\/wp-content\/uploads\/2025\/08\/BSK-Zephyr-mini-catalog-SPAN.pdf\">Cat\u00e1logo ZEPHYR Mini &#8211; Espanhol<\/a><\/li>\n<li><a href=\"https:\/\/paxspain.com\/wp-content\/uploads\/2025\/08\/zephyr-mini-user-manual.pdf\">Manual do utilizador do ZEPHYR Mini &#8211; Ingl\u00eas<\/a><\/li>\n<li><a href=\"https:\/\/paxspain.com\/wp-content\/uploads\/2025\/08\/zephyr-mini-user-manual-Spanish.pdf\">Manual do Utilizador ZEPHYR Mini &#8211; Espanhol<\/a><\/li>\n<li><a href=\"https:\/\/paxspain.com\/wp-content\/uploads\/2025\/08\/ZEPHYR-MINI-Pallet.pdf\">Dimens\u00f5es da embalagem e da palete ZEPHYR Mini<\/a><\/li>\n<li><a href=\"https:\/\/paxspain.com\/wp-content\/uploads\/2025\/08\/BSK_ZEPHYR-MINI_WALL-MOUNTED_LOD400.rfa\">ZEPHYR Mini modelo Revit LOD 400 (.rfa)<\/a><\/li>\n<\/ul>\n","protected":false},"featured_media":8387,"comment_status":"closed","ping_status":"closed","template":"","meta":{"_et_pb_use_builder":"off","_et_pb_old_content":"<h2 data-start=\"160\" data-end=\"183\">Descri\u00e7\u00e3o completa<\/h2>\n<p data-start=\"185\" data-end=\"536\">O <strong data-start=\"189\" data-end=\"208\">BSK Zephyr Mini<\/strong> \u00e9 uma unidade compacta e descentralizada de ventila\u00e7\u00e3o com recupera\u00e7\u00e3o de calor (HRV) para uma \u00fanica divis\u00e3o, concebida para pequenos espa\u00e7os que requerem uma troca de ar eficiente e cont\u00ednua sem condutas complexas. Ideal para quartos, casas de banho, escrit\u00f3rios e apartamentos, \u00e9 a solu\u00e7\u00e3o perfeita para reequipar espa\u00e7os sem infra-estruturas de ventila\u00e7\u00e3o existentes. <\/p>\n<p data-start=\"538\" data-end=\"858\">Funcionando atrav\u00e9s de um permutador de calor cer\u00e2mico e de um sistema de ventilador revers\u00edvel, o Zephyr Mini alterna o fluxo de ar a cada 70 segundos para extrair o ar viciado e fornecer ar fresco e filtrado - ao mesmo tempo que recupera at\u00e9 90% da energia t\u00e9rmica emitida. Isto n\u00e3o s\u00f3 melhora a qualidade do ar interior, como tamb\u00e9m reduz as necessidades de aquecimento e arrefecimento. <\/p>\n<p data-start=\"860\" data-end=\"1141\">O seu funcionamento ultra-silencioso e o sensor de humidade inteligente garantem um conforto ideal durante o dia e a noite, mesmo em ambientes sens\u00edveis ou silenciosos. A unidade pode ser ligada sem fios a outros dispositivos para um funcionamento sincronizado e \u00e9 facilmente gerida atrav\u00e9s de um telecomando por infravermelhos inclu\u00eddo. <\/p>\n\n\n<hr data-start=\"1143\" data-end=\"1146\">\n\n<h2 data-start=\"1148\" data-end=\"1167\">Carater\u00edsticas principais<\/h2>\n<ul>\n \t<li data-start=\"1171\" data-end=\"1281\"><strong data-start=\"1171\" data-end=\"1209\">Efici\u00eancia de recupera\u00e7\u00e3o de calor at\u00e9 90%<\/strong> - Recupera e reutiliza o calor do ar de sa\u00edda, melhorando a poupan\u00e7a de energia.<\/li>\n \t<li data-start=\"1284\" data-end=\"1375\"><strong data-start=\"1284\" data-end=\"1310\">Permutador de calor em cer\u00e2mica<\/strong> - Duradouro e eficiente para um desempenho t\u00e9rmico consistente.<\/li>\n \t<li data-start=\"1378\" data-end=\"1465\"><strong data-start=\"1378\" data-end=\"1410\">Funcionamento silencioso a v\u00e1rias<\/strong> velocidades - Quatro velocidades da ventoinha, incluindo um modo noturno ultra-silencioso.<\/li>\n \t<li data-start=\"1468\" data-end=\"1584\"><strong data-start=\"1468\" data-end=\"1487\">Sensor de humidade<\/strong> - Passa automaticamente para o modo de extra\u00e7\u00e3o quando os n\u00edveis de humidade excedem os limites definidos pelo utilizador.<\/li>\n \t<li data-start=\"1587\" data-end=\"1672\"><strong data-start=\"1587\" data-end=\"1607\">Emparelhamento sem fios<\/strong> - Permite que v\u00e1rias unidades trabalhem em conjunto para um fluxo de ar equilibrado.<\/li>\n \t<li data-start=\"1675\" data-end=\"1770\"><strong data-start=\"1675\" data-end=\"1702\">Controlo remoto inclu\u00eddo<\/strong> - O controlo remoto por infravermelhos permite uma utiliza\u00e7\u00e3o f\u00e1cil de todas as fun\u00e7\u00f5es principais.<\/li>\n \t<li data-start=\"1773\" data-end=\"1864\"><strong data-start=\"1773\" data-end=\"1797\">N\u00e3o necessita de condutas<\/strong> - Perfeito para readapta\u00e7\u00f5es ou espa\u00e7os sem ventila\u00e7\u00e3o centralizada.<\/li>\n \t<li data-start=\"1867\" data-end=\"1947\"><strong data-start=\"1867\" data-end=\"1892\">Baixo consumo de energia<\/strong> - Funcionamento eficiente em termos energ\u00e9ticos, utilizando apenas 1,4 W.<\/li>\n<\/ul>\n\n<hr data-start=\"1949\" data-end=\"1952\">\n\n<h2 data-start=\"1954\" data-end=\"1974\">Informa\u00e7\u00f5es pormenorizadas<\/h2>\n<ul>\n \t<li data-start=\"1978\" data-end=\"2070\"><strong data-start=\"1978\" data-end=\"1994\">Instala\u00e7\u00e3o<\/strong>: Concebida para instala\u00e7\u00e3o atrav\u00e9s da parede com um m\u00ednimo de modifica\u00e7\u00f5es no edif\u00edcio.<\/li>\n \t<li data-start=\"2073\" data-end=\"2188\"><strong data-start=\"2073\" data-end=\"2090\">Ciclo de fluxo de ar<\/strong>: Alterna a dire\u00e7\u00e3o do fluxo de ar a cada ~70 segundos, utilizando um n\u00facleo de cer\u00e2mica para captar e libertar calor.<\/li>\n \t<li data-start=\"2191\" data-end=\"2270\"><strong data-start=\"2191\" data-end=\"2206\">Tipo de filtro<\/strong>: Inclui dois filtros da classe G3 que s\u00e3o amov\u00edveis e lav\u00e1veis.<\/li>\n \t<li data-start=\"2273\" data-end=\"2402\"><strong data-start=\"2273\" data-end=\"2292\">Op\u00e7\u00f5es de controlo<\/strong>: Telecomando IR inclu\u00eddo de s\u00e9rie; suporta emparelhamento sem fios; m\u00f3dulo Wi-Fi opcional dispon\u00edvel em algumas vers\u00f5es.<\/li>\n \t<li data-start=\"2405\" data-end=\"2565\"><strong data-start=\"2405\" data-end=\"2426\">\u00c1reas de aplica\u00e7\u00e3o<\/strong>: Ideal para divis\u00f5es individuais, como quartos, casas de banho, cozinhas, escrit\u00f3rios dom\u00e9sticos ou pequenos apartamentos - especialmente quando n\u00e3o \u00e9 poss\u00edvel instalar condutas.<\/li>\n<\/ul>\n\n<hr data-start=\"2567\" data-end=\"2570\">\n\n<h2 data-start=\"2572\" data-end=\"2600\">Informa\u00e7\u00f5es t\u00e9cnicas<\/h2>\n<div class=\"_tableContainer_16hzy_1\">\n<div class=\"_tableWrapper_16hzy_14 group flex w-fit flex-col-reverse\">Efici\u00eancia de recupera\u00e7\u00e3o de calor: At\u00e9 90 %\nTaxa de caudal de ar: 8 - 30 m\u00b3\/h (quatro n\u00edveis de velocidade)\nConsumo de energia: 1,4 - 3,1 W\nN\u00edvel de som (pot\u00eancia): 26 - 50 dBA\nPress\u00e3o sonora @1m: 15 - 39 dBA\nPress\u00e3o sonora @3m: 5 - 29 dBA\nTens\u00e3o: 230V \/ 50Hz\nTemperatura de funcionamento: -25 \u00b0C a +40 \u00b0C\nEspessura da parede: Adequado para 300-500 mm\nDimens\u00f5es: N\u00facleo cer\u00e2mico \u00d8100 mm\nOrif\u00edcio de instala\u00e7\u00e3o: \u00d8105 mm\nPeso Aprox.: 1,9 kg\nControlo: Controlo remoto IR, emparelhamento sem fios<\/div>\n<\/div>","_et_gb_content_width":""},"product_brand":[193],"product_cat":[104],"product_tag":[],"class_list":{"0":"post-8450","1":"product","2":"type-product","3":"status-publish","4":"has-post-thumbnail","6":"product_brand-bsk","7":"product_cat-recuperacao-descentralizada-de-calor","8":"pa_product-type-ventilador-descentralizado-de-recuperacao-de-calor","10":"first","11":"instock","12":"taxable","13":"shipping-taxable","14":"purchasable","15":"product-type-simple"},"jetpack_sharing_enabled":true,"_links":{"self":[{"href":"https:\/\/paxspain.com\/pt-pt\/wp-json\/wp\/v2\/product\/8450","targetHints":{"allow":["GET"]}}],"collection":[{"href":"https:\/\/paxspain.com\/pt-pt\/wp-json\/wp\/v2\/product"}],"about":[{"href":"https:\/\/paxspain.com\/pt-pt\/wp-json\/wp\/v2\/types\/product"}],"replies":[{"embeddable":true,"href":"https:\/\/paxspain.com\/pt-pt\/wp-json\/wp\/v2\/comments?post=8450"}],"wp:featuredmedia":[{"embeddable":true,"href":"https:\/\/paxspain.com\/pt-pt\/wp-json\/wp\/v2\/media\/8387"}],"wp:attachment":[{"href":"https:\/\/paxspain.com\/pt-pt\/wp-json\/wp\/v2\/media?parent=8450"}],"wp:term":[{"taxonomy":"product_brand","embeddable":true,"href":"https:\/\/paxspain.com\/pt-pt\/wp-json\/wp\/v2\/product_brand?post=8450"},{"taxonomy":"product_cat","embeddable":true,"href":"https:\/\/paxspain.com\/pt-pt\/wp-json\/wp\/v2\/product_cat?post=8450"},{"taxonomy":"product_tag","embeddable":true,"href":"https:\/\/paxspain.com\/pt-pt\/wp-json\/wp\/v2\/product_tag?post=8450"}],"curies":[{"name":"wp","href":"https:\/\/api.w.org\/{rel}","templated":true}]}}