{"id":8714,"date":"2025-08-21T17:21:54","date_gmt":"2025-08-21T15:21:54","guid":{"rendered":"https:\/\/paxspain.com\/product\/vent-axia-lo-carbon-tempra-selv-htp-320mm\/"},"modified":"2026-03-19T18:28:26","modified_gmt":"2026-03-19T17:28:26","slug":"vent-axia-lo-carbon-tempra-selv-htp-320mm","status":"publish","type":"product","link":"https:\/\/paxspain.com\/pt-pt\/produto\/vent-axia-lo-carbon-tempra-selv-htp-320mm\/","title":{"rendered":"Lo-Carbon Tempra SELV HTP 320mm"},"content":{"rendered":"<p data-start=\"609\" data-end=\"1103\">NOTA: O <strong data-start=\"613\" data-end=\"652\">Vent-Axia Lo-Carbon Tempra SELV HTP <\/strong>vem com o <strong>tubo de parede Tempra <\/strong> necess\u00e1rio (VGWT445529VA)<\/p>\n<p data-start=\"609\" data-end=\"1103\">O <strong data-start=\"613\" data-end=\"652\">Vent-Axia Lo-Carbon Tempra SELV HTP<\/strong> \u00e9 uma unidade de ventila\u00e7\u00e3o de recupera\u00e7\u00e3o de calor de alto desempenho e baixo consumo de energia, concebida para melhorar a qualidade do ar interior e reduzir a perda de calor. Instalada atrav\u00e9s de uma <strong data-start=\"812\" data-end=\"835\">abertura de parede<\/strong> padr\u00e3o <strong data-start=\"812\" data-end=\"835\">de 100 mm<\/strong>, \u00e9 ideal para reabilita\u00e7\u00f5es, remodela\u00e7\u00f5es e novas constru\u00e7\u00f5es. O seu <strong data-start=\"900\" data-end=\"926\">permutador de calor compacto<\/strong> atinge uma <strong data-start=\"942\" data-end=\"968\">efici\u00eancia t\u00e9rmica<\/strong> at\u00e9 <strong data-start=\"942\" data-end=\"968\">78%<\/strong>, recuperando o calor do ar viciado extra\u00eddo e utilizando-o para pr\u00e9-aquecer o ar fresco que entra, reduzindo as contas de aquecimento e aumentando o conforto. Esta op\u00e7\u00e3o \u00e9 para a varia\u00e7\u00e3o de comprimento de espig\u00e3o de 320 mm. Tamb\u00e9m dispon\u00edvel em 460 mm.    <\/p>\n<p data-start=\"1105\" data-end=\"1606\">O Tempra SELV HTP oferece <strong data-start=\"1132\" data-end=\"1166\">ventila\u00e7\u00e3o cont\u00ednua<\/strong> por gotejamento com controlo autom\u00e1tico do impulso desencadeado pelos n\u00edveis de humidade, interrutor ativo ou pelo cord\u00e3o incorporado. O <strong data-start=\"1280\" data-end=\"1294\">humid\u00f3stato<\/strong> integrado assegura uma gest\u00e3o \u00f3ptima da humidade, prevenindo a humidade e o bolor, enquanto o <strong data-start=\"1369\" data-end=\"1397\">temporizador ajust\u00e1vel<\/strong> permite que o ventilador continue a funcionar durante <strong data-start=\"1439\" data-end=\"1458\">5 a 50 minutos<\/strong> ap\u00f3s a ativa\u00e7\u00e3o do impulso. A unidade tamb\u00e9m inclui um <strong data-start=\"1508\" data-end=\"1536\">modo s\u00f3 de extra\u00e7\u00e3o de ver\u00e3o<\/strong>, que ajuda a manter um ambiente interior mais fresco durante os meses mais quentes.  <\/p>\n<p data-start=\"1608\" data-end=\"1966\">Concebido com um <strong data-start=\"1624\" data-end=\"1650\">sistema de seguran\u00e7a SELV 24V<\/strong> e <strong data-start=\"1655\" data-end=\"1670\">classifica\u00e7\u00e3o IPX4<\/strong>, \u00e9 adequado para instala\u00e7\u00e3o em \u00e1reas de Zona 1, incluindo casas de banho e balne\u00e1rios. O seu <strong data-start=\"1763\" data-end=\"1788\">motor EC\/DC Lo-Carbon<\/strong> consome apenas <strong data-start=\"1811\" data-end=\"1820\">3,2 W<\/strong>, garantindo poupan\u00e7as de energia durante todo o ano, enquanto o desempenho silencioso<strong data-start=\"1895\" data-end=\"1917\">(apenas 20 dB(A)<\/strong>) o torna perfeito para salas de estar e quartos. <\/p>\n<h2 data-start=\"1973\" data-end=\"1992\"><strong data-start=\"1976\" data-end=\"1992\">Carater\u00edsticas principais<\/strong><\/h2>\n<ul data-start=\"1993\" data-end=\"2984\">\n<li data-start=\"1993\" data-end=\"2085\">\n<p data-start=\"1995\" data-end=\"2085\"><strong data-start=\"1995\" data-end=\"2033\">Efici\u00eancia de recupera\u00e7\u00e3o de calor at\u00e9 78%<\/strong> &#8211; Captura e reutiliza o calor para reduzir os custos energ\u00e9ticos<\/p>\n<\/li>\n<li data-start=\"2086\" data-end=\"2213\">\n<p data-start=\"2088\" data-end=\"2213\"><strong data-start=\"2088\" data-end=\"2123\">Ventila\u00e7\u00e3o cont\u00ednua ou refor\u00e7ada<\/strong> &#8211; Funciona silenciosamente em modo de gotejamento com refor\u00e7o atrav\u00e9s de humid\u00f3stato, cabo de tra\u00e7\u00e3o ou interrutor ativo<\/p>\n<\/li>\n<li data-start=\"2214\" data-end=\"2333\">\n<p data-start=\"2216\" data-end=\"2333\"><strong data-start=\"2216\" data-end=\"2239\">Humid\u00f3stato incorporado<\/strong> &#8211; Ativa automaticamente o refor\u00e7o quando a humidade excede os n\u00edveis definidos (regul\u00e1vel entre 60% e 90% HR)<\/p>\n<\/li>\n<li data-start=\"2334\" data-end=\"2443\">\n<p data-start=\"2336\" data-end=\"2443\"><strong data-start=\"2336\" data-end=\"2364\">Temporizador ajust\u00e1vel<\/strong> &#8211; Define entre <strong data-start=\"2379\" data-end=\"2399\">5 e 50 minutos<\/strong> para uma extra\u00e7\u00e3o cont\u00ednua ap\u00f3s a ativa\u00e7\u00e3o<\/p>\n<\/li>\n<li data-start=\"2444\" data-end=\"2531\">\n<p data-start=\"2446\" data-end=\"2531\"><strong data-start=\"2446\" data-end=\"2474\">Modo s\u00f3 de extra\u00e7\u00e3o de ver\u00e3o<\/strong> &#8211; Evita a acumula\u00e7\u00e3o indesejada de calor durante os meses mais quentes<\/p>\n<\/li>\n<li data-start=\"2532\" data-end=\"2596\">\n<p data-start=\"2534\" data-end=\"2596\"><strong data-start=\"2534\" data-end=\"2553\">Funcionamento silencioso<\/strong> &#8211; T\u00e3o baixo quanto <strong data-start=\"2566\" data-end=\"2578\">20 dB(A)<\/strong> no modo de gotejamento<\/p>\n<\/li>\n<li data-start=\"2597\" data-end=\"2656\">\n<p data-start=\"2599\" data-end=\"2656\"><strong data-start=\"2599\" data-end=\"2619\">Efici\u00eancia energ\u00e9tica<\/strong> &#8211; Utiliza apenas <strong data-start=\"2632\" data-end=\"2641\">3,2 W<\/strong> a baixa velocidade<\/p>\n<\/li>\n<li data-start=\"2657\" data-end=\"2734\">\n<p data-start=\"2659\" data-end=\"2734\"><strong data-start=\"2659\" data-end=\"2681\">Sistema de seguran\u00e7a SELV<\/strong> &#8211; Seguro para instala\u00e7\u00e3o em casas de banho e zonas h\u00famidas<\/p>\n<\/li>\n<li data-start=\"2735\" data-end=\"2813\">\n<p data-start=\"2737\" data-end=\"2813\"><strong data-start=\"2737\" data-end=\"2772\">Design compacto atrav\u00e9s da parede<\/strong> &#8211; Adapta-se a um <strong data-start=\"2782\" data-end=\"2811\">orif\u00edcio central com 100 mm de di\u00e2metro<\/strong><\/p>\n<\/li>\n<li data-start=\"2814\" data-end=\"2908\">\n<p data-start=\"2816\" data-end=\"2908\"><strong data-start=\"2816\" data-end=\"2836\">Controlo flex\u00edvel<\/strong> &#8211; Combina humid\u00f3stato, temporizador e refor\u00e7o do cabo de tra\u00e7\u00e3o para maior comodidade do utilizador<\/p>\n<\/li>\n<li data-start=\"2909\" data-end=\"2984\">\n<p data-start=\"2911\" data-end=\"2984\"><strong data-start=\"2911\" data-end=\"2945\">Em conformidade com os regulamentos de constru\u00e7\u00e3o<\/strong> &#8211; Cumpre os <strong data-start=\"2954\" data-end=\"2982\">documentos aprovados F &amp; L<\/strong><\/p>\n<\/li>\n<\/ul>\n<h2 data-start=\"2991\" data-end=\"3011\"><strong data-start=\"2994\" data-end=\"3011\">Informa\u00e7\u00f5es pormenorizadas<\/strong><\/h2>\n<ul data-start=\"3012\" data-end=\"3678\">\n<li data-start=\"3012\" data-end=\"3170\">\n<p data-start=\"3014\" data-end=\"3170\"><strong data-start=\"3014\" data-end=\"3030\">Instala\u00e7\u00e3o<\/strong>: Design atrav\u00e9s da parede que se adapta a um <strong data-start=\"3075\" data-end=\"3099\">orif\u00edcio<\/strong> padr\u00e3o <strong data-start=\"3075\" data-end=\"3099\">de 100 mm de di\u00e2metro<\/strong>; suporta profundidades de parede at\u00e9 <strong data-start=\"3128\" data-end=\"3138\">320 mm<\/strong>.<\/p>\n<\/li>\n<li data-start=\"3171\" data-end=\"3317\">\n<p data-start=\"3173\" data-end=\"3317\"><strong data-start=\"3173\" data-end=\"3192\">Ciclo de funcionamento<\/strong>: Funciona continuamente \u00e0 velocidade de gotejamento<strong data-start=\"3230\" data-end=\"3248\">(6 l\/s ou 9 l\/s<\/strong>) e aumenta para <strong data-start=\"3264\" data-end=\"3274\">15 l\/s<\/strong> atrav\u00e9s de humid\u00f3stato, cord\u00e3o de tra\u00e7\u00e3o ou interrutor em funcionamento<\/p>\n<\/li>\n<li data-start=\"3318\" data-end=\"3412\">\n<p data-start=\"3320\" data-end=\"3412\"><strong data-start=\"3320\" data-end=\"3337\">Recupera\u00e7\u00e3o de calor<\/strong>: Recupera at\u00e9 <strong data-start=\"3354\" data-end=\"3361\">78%<\/strong> do calor extra\u00eddo para pr\u00e9-aquecer o ar fresco que entra<\/p>\n<\/li>\n<li data-start=\"3413\" data-end=\"3532\">\n<p data-start=\"3415\" data-end=\"3532\"><strong data-start=\"3415\" data-end=\"3434\">Op\u00e7\u00f5es de controlo<\/strong>: Humid\u00f3stato integrado, cord\u00e3o de tra\u00e7\u00e3o e temporizador de ultrapassagem; impulso selecion\u00e1vel manual ou automaticamente<\/p>\n<\/li>\n<li data-start=\"3533\" data-end=\"3678\">\n<p data-start=\"3535\" data-end=\"3678\"><strong data-start=\"3535\" data-end=\"3556\">\u00c1reas de aplica\u00e7\u00e3o<\/strong>: Adequado para casas de banho, WCs, cozinhas, salas de servi\u00e7o e espa\u00e7os habitacionais onde \u00e9 necess\u00e1ria uma ventila\u00e7\u00e3o energeticamente eficiente<\/p>\n<\/li>\n<\/ul>\n<h2 data-start=\"3685\" data-end=\"3713\"><strong data-start=\"3688\" data-end=\"3713\">Informa\u00e7\u00f5es t\u00e9cnicas<\/strong><\/h2>\n<div class=\"_tableContainer_sk2ct_1\">\n<div class=\"_tableWrapper_sk2ct_13 group flex w-fit flex-col-reverse\" tabindex=\"-1\">\n<table class=\"w-fit min-w-(--thread-content-width)\" data-start=\"3715\" data-end=\"4933\">\n<tbody data-start=\"3851\" data-end=\"4933\">\n<tr data-start=\"3851\" data-end=\"3915\">\n<td style=\"width: 148.125px;\" data-start=\"3851\" data-end=\"3876\" data-col-size=\"sm\"><strong data-start=\"3853\" data-end=\"3862\">Modelo<\/strong><\/td>\n<td style=\"width: 266.806px;\" data-col-size=\"md\" data-start=\"3876\" data-end=\"3915\">Lo-Carbon Tempra SELV HTP<\/td>\n<\/tr>\n<tr data-start=\"3916\" data-end=\"3980\">\n<td style=\"width: 148.125px;\" data-start=\"3916\" data-end=\"3941\" data-col-size=\"sm\"><strong data-start=\"3918\" data-end=\"3930\">Tipo de ventilador<\/strong><\/td>\n<td style=\"width: 266.806px;\" data-col-size=\"md\" data-start=\"3941\" data-end=\"3980\">Unidade de recupera\u00e7\u00e3o de calor atrav\u00e9s da parede<\/td>\n<\/tr>\n<tr data-start=\"3981\" data-end=\"4046\">\n<td style=\"width: 148.125px;\" data-start=\"3981\" data-end=\"4006\" data-col-size=\"sm\"><strong data-start=\"3983\" data-end=\"3998\">Fluxo de ar m\u00e1ximo<\/strong><\/td>\n<td style=\"width: 266.806px;\" data-col-size=\"md\" data-start=\"4006\" data-end=\"4046\">Fluxo lento: 6 \/ 9 l\/s &#8211; Boost: 15 l\/s<\/td>\n<\/tr>\n<tr data-start=\"4047\" data-end=\"4112\">\n<td style=\"width: 148.125px;\" data-start=\"4047\" data-end=\"4072\" data-col-size=\"sm\"><strong data-start=\"4049\" data-end=\"4067\">Volume m\u00e1ximo de ar<\/strong><\/td>\n<td style=\"width: 266.806px;\" data-col-size=\"md\" data-start=\"4072\" data-end=\"4112\">54 m\u00b3\/h<\/td>\n<\/tr>\n<tr data-start=\"4113\" data-end=\"4179\">\n<td style=\"width: 148.125px;\" data-start=\"4113\" data-end=\"4144\" data-col-size=\"sm\"><strong data-start=\"4115\" data-end=\"4143\">Efici\u00eancia da recupera\u00e7\u00e3o de calor<\/strong><\/td>\n<td style=\"width: 266.806px;\" data-col-size=\"md\" data-start=\"4144\" data-end=\"4179\">At\u00e9 78%<\/td>\n<\/tr>\n<tr data-start=\"4180\" data-end=\"4256\">\n<td style=\"width: 148.125px;\" data-start=\"4180\" data-end=\"4205\" data-col-size=\"sm\"><strong data-start=\"4182\" data-end=\"4197\">N\u00edvel sonoro<\/strong><\/td>\n<td style=\"width: 266.806px;\" data-col-size=\"md\" data-start=\"4205\" data-end=\"4256\">20 dB(A) baixo &#8211; 22 dB(A) m\u00e9dio &#8211; 36 dB(A) alto<\/td>\n<\/tr>\n<tr data-start=\"4257\" data-end=\"4329\">\n<td style=\"width: 148.125px;\" data-start=\"4257\" data-end=\"4282\" data-col-size=\"sm\"><strong data-start=\"4259\" data-end=\"4280\">Consumo de energia<\/strong><\/td>\n<td style=\"width: 266.806px;\" data-col-size=\"md\" data-start=\"4282\" data-end=\"4329\">3,2 W (baixo) &#8211; 5,7 W (alto) &#8211; 26,6 W (boost)<\/td>\n<\/tr>\n<tr data-start=\"4330\" data-end=\"4394\">\n<td style=\"width: 148.125px;\" data-start=\"4330\" data-end=\"4355\" data-col-size=\"sm\"><strong data-start=\"4332\" data-end=\"4349\">Temporizador de excesso<\/strong><\/td>\n<td style=\"width: 266.806px;\" data-col-size=\"md\" data-start=\"4355\" data-end=\"4394\">Ajust\u00e1vel de 5 a 50 minutos<\/td>\n<\/tr>\n<tr data-start=\"4395\" data-end=\"4460\">\n<td style=\"width: 148.125px;\" data-start=\"4395\" data-end=\"4423\" data-col-size=\"sm\"><strong data-start=\"4397\" data-end=\"4422\">Gama do sensor de humidade<\/strong><\/td>\n<td style=\"width: 266.806px;\" data-col-size=\"md\" data-start=\"4423\" data-end=\"4460\">60% &#8211; 90% HR ajust\u00e1vel<\/td>\n<\/tr>\n<tr data-start=\"4461\" data-end=\"4525\">\n<td style=\"width: 148.125px;\" data-start=\"4461\" data-end=\"4485\" data-col-size=\"sm\"><strong data-start=\"4463\" data-end=\"4474\">Tens\u00e3o<\/strong><\/td>\n<td style=\"width: 266.806px;\" data-col-size=\"md\" data-start=\"4485\" data-end=\"4525\">24V SELV atrav\u00e9s do transformador inclu\u00eddo<\/td>\n<\/tr>\n<tr data-start=\"4526\" data-end=\"4591\">\n<td style=\"width: 148.125px;\" data-start=\"4526\" data-end=\"4554\" data-col-size=\"sm\"><strong data-start=\"4528\" data-end=\"4553\">Profundidades de parede suportadas<\/strong><\/td>\n<td style=\"width: 266.806px;\" data-col-size=\"md\" data-start=\"4554\" data-end=\"4591\">320 mm<\/td>\n<\/tr>\n<tr data-start=\"4592\" data-end=\"4656\">\n<td style=\"width: 148.125px;\" data-start=\"4592\" data-end=\"4617\" data-col-size=\"sm\"><strong data-start=\"4594\" data-end=\"4616\">Tamanho do furo de montagem<\/strong><\/td>\n<td style=\"width: 266.806px;\" data-col-size=\"md\" data-start=\"4617\" data-end=\"4656\">100 mm de di\u00e2metro<\/td>\n<\/tr>\n<tr data-start=\"4657\" data-end=\"4721\">\n<td style=\"width: 148.125px;\" data-start=\"4657\" data-end=\"4681\" data-col-size=\"sm\"><strong data-start=\"4659\" data-end=\"4672\">Classifica\u00e7\u00e3o IP<\/strong><\/td>\n<td style=\"width: 266.806px;\" data-col-size=\"md\" data-start=\"4681\" data-end=\"4721\">IPX4<\/td>\n<\/tr>\n<tr data-start=\"4722\" data-end=\"4785\">\n<td style=\"width: 148.125px;\" data-start=\"4722\" data-end=\"4745\" data-col-size=\"sm\"><strong data-start=\"4724\" data-end=\"4734\">Peso<\/strong><\/td>\n<td style=\"width: 266.806px;\" data-col-size=\"md\" data-start=\"4745\" data-end=\"4785\">5,5 kg<\/td>\n<\/tr>\n<tr data-start=\"4786\" data-end=\"4849\">\n<td style=\"width: 148.125px;\" data-start=\"4786\" data-end=\"4807\" data-col-size=\"sm\"><strong data-start=\"4788\" data-end=\"4800\">Garantia<\/strong><\/td>\n<td style=\"width: 266.806px;\" data-col-size=\"md\" data-start=\"4807\" data-end=\"4849\">2 anos<\/td>\n<\/tr>\n<tr data-start=\"4850\" data-end=\"4933\">\n<td style=\"width: 148.125px;\" data-start=\"4850\" data-end=\"4878\" data-col-size=\"sm\"><strong data-start=\"4852\" data-end=\"4877\">Conformidade regulamentar<\/strong><\/td>\n<td style=\"width: 266.806px;\" data-col-size=\"md\" data-start=\"4878\" data-end=\"4933\">Cumpre os documentos aprovados F e L dos regulamentos de constru\u00e7\u00e3o<\/td>\n<\/tr>\n<\/tbody>\n<\/table>\n<\/div>\n<\/div>\n","protected":false},"excerpt":{"rendered":"<p>O <strong data-start=\"210\" data-end=\"249\">Vent-Axia Lo-Carbon Tempra SELV HTP<\/strong> \u00e9 uma unidade de ventila\u00e7\u00e3o compacta de recupera\u00e7\u00e3o de calor atrav\u00e9s da parede que combina humidistato, temporizador e controlo por cord\u00e3o de puxar. Com uma <strong data-start=\"373\" data-end=\"405\">efici\u00eancia de recupera\u00e7\u00e3o de calor at\u00e9 78%<\/strong>, funcionamento ultra-silencioso a <strong data-start=\"432\" data-end=\"444\">20 dB(A)<\/strong> e ventila\u00e7\u00e3o cont\u00ednua por gotejamento, proporciona um fornecimento de ar fresco eficiente em termos energ\u00e9ticos para casas de banho, WCs, cozinhas e salas de servi\u00e7o. <\/p>\n<p>Esta op\u00e7\u00e3o \u00e9 para a variante de 320mm do <strong data-start=\"210\" data-end=\"249\">Vent-Axia Lo-Carbon Tempra SELV HTP. <\/strong>Tamb\u00e9m dispon\u00edvel em 460mm.<\/p>\n<p>NOTA: O <strong data-start=\"613\" data-end=\"652\">Vent-Axia Lo-Carbon Tempra SELV HTP <\/strong>vem com o <strong>tubo de parede Tempra <\/strong> necess\u00e1rio (VGWT445529VA)<\/p>\n<p><strong>Documentos<\/strong><\/p>\n<ul>\n<li><a href=\"https:\/\/paxspain.com\/wp-content\/uploads\/2025\/08\/444367.pdf\">Guia de instala\u00e7\u00e3o do Vent-Axia Lo-Carbon Tempra &#8211; Ingl\u00eas<\/a><\/li>\n<li><a href=\"https:\/\/paxspain.com\/wp-content\/uploads\/2025\/08\/Tempra-installation-Spanish.pdf\">Guia de instala\u00e7\u00e3o do Vent-Axia Lo-Carbon Tempra &#8211; Espanhol<\/a><\/li>\n<li><a href=\"https:\/\/paxspain.com\/wp-content\/uploads\/2025\/08\/Tempra-HTP-Brochure-English.pdf\">Vent-Axia Lo-Carbon Tembra Brochura &#8211; Ingl\u00eas<\/a><\/li>\n<li><a href=\"https:\/\/paxspain.com\/wp-content\/uploads\/2025\/08\/Tempra-HTP-Brochure-Spanish.pdf\">Vent-Axia Lo-Carbon Tembra Brochura &#8211; Espanhol<\/a><\/li>\n<li><a href=\"https:\/\/paxspain.com\/wp-content\/uploads\/2025\/08\/VA_LC_Trmpra_Catalogue.pdf\">Vent-Axia Lo-Carbon Tempra Cat\u00e1logo &#8211; Ingl\u00eas<\/a><\/li>\n<li><a href=\"https:\/\/paxspain.com\/wp-content\/uploads\/2025\/08\/ESPANOL-LO-CARBON-TEMPRA-.pdf\">Cat\u00e1logo Vent-Axia Lo-Carbon Tempra &#8211; Espanhol<\/a><\/li>\n<li><a href=\"https:\/\/paxspain.com\/wp-content\/uploads\/2025\/08\/VA_LC_Tempra_HomeOwner.pdf\">Guia do Sistema para Propriet\u00e1rios Vent-Axia Lo-Carbon Tempra &#8211; Ingl\u00eas<\/a><\/li>\n<li><a href=\"https:\/\/paxspain.com\/wp-content\/uploads\/2025\/08\/ESPANOL-MANUAL-USUARIO-LO-CARBON-TEMPRA.pdf\">Guia do Sistema para Propriet\u00e1rios Vent-Axia Lo-Carbon Tempra &#8211; Espanhol<\/a><\/li>\n<\/ul>\n<p><iframe loading=\"lazy\" title=\"Vent-Axia Lo Carbon Tempra ventilador de recupera\u00e7\u00e3o de calor descentralizado (dMVHR) 360 Turntable\" src=\"https:\/\/www.youtube.com\/embed\/WNtdaUQVlV0\" width=\"502\" height=\"291\" frameborder=\"0\" allowfullscreen=\"allowfullscreen\"><\/iframe><\/p>\n","protected":false},"featured_media":8557,"comment_status":"closed","ping_status":"closed","template":"","meta":{"_et_pb_use_builder":"","_et_pb_old_content":"","_et_gb_content_width":""},"product_brand":[194],"product_cat":[104],"product_tag":[],"class_list":{"0":"post-8714","1":"product","2":"type-product","3":"status-publish","4":"has-post-thumbnail","6":"product_brand-vent-axia","7":"product_cat-recuperacao-descentralizada-de-calor","8":"pa_product-type-ventilador-descentralizado-de-recuperacao-de-calor","10":"first","11":"instock","12":"taxable","13":"shipping-taxable","14":"purchasable","15":"product-type-simple"},"jetpack_sharing_enabled":true,"_links":{"self":[{"href":"https:\/\/paxspain.com\/pt-pt\/wp-json\/wp\/v2\/product\/8714","targetHints":{"allow":["GET"]}}],"collection":[{"href":"https:\/\/paxspain.com\/pt-pt\/wp-json\/wp\/v2\/product"}],"about":[{"href":"https:\/\/paxspain.com\/pt-pt\/wp-json\/wp\/v2\/types\/product"}],"replies":[{"embeddable":true,"href":"https:\/\/paxspain.com\/pt-pt\/wp-json\/wp\/v2\/comments?post=8714"}],"wp:featuredmedia":[{"embeddable":true,"href":"https:\/\/paxspain.com\/pt-pt\/wp-json\/wp\/v2\/media\/8557"}],"wp:attachment":[{"href":"https:\/\/paxspain.com\/pt-pt\/wp-json\/wp\/v2\/media?parent=8714"}],"wp:term":[{"taxonomy":"product_brand","embeddable":true,"href":"https:\/\/paxspain.com\/pt-pt\/wp-json\/wp\/v2\/product_brand?post=8714"},{"taxonomy":"product_cat","embeddable":true,"href":"https:\/\/paxspain.com\/pt-pt\/wp-json\/wp\/v2\/product_cat?post=8714"},{"taxonomy":"product_tag","embeddable":true,"href":"https:\/\/paxspain.com\/pt-pt\/wp-json\/wp\/v2\/product_tag?post=8714"}],"curies":[{"name":"wp","href":"https:\/\/api.w.org\/{rel}","templated":true}]}}