{"id":8716,"date":"2025-08-21T19:01:53","date_gmt":"2025-08-21T17:01:53","guid":{"rendered":"https:\/\/paxspain.com\/product\/bsk-purifa-2000\/"},"modified":"2026-02-26T18:58:56","modified_gmt":"2026-02-26T17:58:56","slug":"bsk-purifa-2000","status":"publish","type":"product","link":"https:\/\/paxspain.com\/pt-pt\/produto\/bsk-purifa-2000\/","title":{"rendered":"Purifa 2000"},"content":{"rendered":"<p data-start=\"698\" data-end=\"1098\">O <strong data-start=\"702\" data-end=\"721\">Purifa 2000<\/strong> \u00e9 um dispositivo de filtragem de ar potente e de n\u00edvel profissional, concebido para proporcionar uma qualidade de ar interior superior em ambientes comerciais e institucionais de maior dimens\u00e3o. Com um <strong data-start=\"888\" data-end=\"924\">filtro HEPA H14 de alto desempenho<\/strong>, <strong data-start=\"926\" data-end=\"953\">filtro de carv\u00e3o ativado<\/strong> e <strong data-start=\"970\" data-end=\"984\">l\u00e2mpadas UV-C<\/strong> integradas, capta e neutraliza at\u00e9 <strong data-start=\"1020\" data-end=\"1031\">99,99 %<\/strong> das part\u00edculas em suspens\u00e3o, v\u00edrus, bact\u00e9rias, alerg\u00e9nios e odores. <\/p>\n<p data-start=\"1100\" data-end=\"1474\">A sua <strong data-start=\"1104\" data-end=\"1121\">ventoinha EC de 280 mm<\/strong> assegura um caudal de ar ideal de at\u00e9 <strong data-start=\"1155\" data-end=\"1169\">1.600 m\u00b3\/h<\/strong>, mantendo baixos n\u00edveis de ru\u00eddo, o que o torna adequado para utiliza\u00e7\u00e3o cont\u00ednua em escrit\u00f3rios, escolas, hospitais e instala\u00e7\u00f5es para confer\u00eancias. Constru\u00eddo para ser dur\u00e1vel e f\u00e1cil de operar, o Purifa 2000 combina efici\u00eancia energ\u00e9tica com tecnologia de ponta de limpeza do ar para criar ambientes mais seguros e saud\u00e1veis. <\/p>\n<p data-start=\"1476\" data-end=\"1624\">Um <strong data-start=\"1490\" data-end=\"1515\">sistema de monitoriza\u00e7\u00e3o de CO\u2082<\/strong> integrado pode acionar automaticamente os ajustes do fluxo de ar quando necess\u00e1rio, assegurando sempre uma \u00f3ptima qualidade do ar interior.<\/p>\n<h2 data-start=\"1631\" data-end=\"1650\"><strong data-start=\"1634\" data-end=\"1650\">Carater\u00edsticas principais<\/strong><\/h2>\n<ul data-start=\"1651\" data-end=\"2448\">\n<li data-start=\"1651\" data-end=\"1770\">\n<p data-start=\"1653\" data-end=\"1770\"><strong data-start=\"1653\" data-end=\"1678\">Elevada capacidade de caudal de ar<\/strong> &#8211; Purifica at\u00e9 <strong data-start=\"1696\" data-end=\"1710\">1.600 m\u00b3\/h<\/strong>, ideal para grandes salas de aula, espa\u00e7os de reuni\u00e3o e escrit\u00f3rios.<\/p>\n<\/li>\n<li data-start=\"1771\" data-end=\"1884\">\n<p data-start=\"1773\" data-end=\"1884\"><strong data-start=\"1773\" data-end=\"1792\">Filtro HEPA H14<\/strong> &#8211; Captura <strong data-start=\"1804\" data-end=\"1815\">99,99%<\/strong> das part\u00edculas transportadas pelo ar, incluindo poeiras finas, bact\u00e9rias e v\u00edrus.<\/p>\n<\/li>\n<li data-start=\"1885\" data-end=\"1977\">\n<p data-start=\"1887\" data-end=\"1977\"><strong data-start=\"1887\" data-end=\"1909\">Esteriliza\u00e7\u00e3o UV-C<\/strong> &#8211; Elimina microorganismos nocivos, esporos de bolor e agentes patog\u00e9nicos.<\/p>\n<\/li>\n<li data-start=\"1978\" data-end=\"2077\">\n<p data-start=\"1980\" data-end=\"2077\"><strong data-start=\"1980\" data-end=\"2007\">Filtro de carv\u00e3o ativado<\/strong> &#8211; Neutraliza os odores e os compostos org\u00e2nicos vol\u00e1teis (COV) nocivos.<\/p>\n<\/li>\n<li data-start=\"2078\" data-end=\"2167\">\n<p data-start=\"2080\" data-end=\"2167\"><strong data-start=\"2080\" data-end=\"2105\">Sensor de CO\u2082 integrado<\/strong> &#8211; Monitoriza a qualidade do ar e optimiza o fluxo de ar automaticamente.<\/p>\n<\/li>\n<li data-start=\"2168\" data-end=\"2264\">\n<p data-start=\"2170\" data-end=\"2264\">Ventoinha <strong data-start=\"2170\" data-end=\"2196\">EC de alta efici\u00eancia<\/strong> &#8211; A ventoinha de 280 mm de baixo ru\u00eddo proporciona um funcionamento potente e eficiente.<\/p>\n<\/li>\n<li data-start=\"2265\" data-end=\"2364\">\n<p data-start=\"2267\" data-end=\"2364\"><strong data-start=\"2267\" data-end=\"2291\">Qualidade de constru\u00e7\u00e3o robusta<\/strong> &#8211; Concebida para uma utiliza\u00e7\u00e3o comercial cont\u00ednua com componentes de longa dura\u00e7\u00e3o.<\/p>\n<\/li>\n<li data-start=\"2365\" data-end=\"2448\">\n<p data-start=\"2367\" data-end=\"2448\"><strong data-start=\"2367\" data-end=\"2393\">Baixo consumo de energia<\/strong> &#8211; Equilibra o elevado desempenho com uma efici\u00eancia optimizada.<\/p>\n<\/li>\n<\/ul>\n<h2 data-start=\"2455\" data-end=\"2475\"><strong data-start=\"2458\" data-end=\"2475\">Informa\u00e7\u00f5es pormenorizadas<\/strong><\/h2>\n<ul data-start=\"2476\" data-end=\"3059\">\n<li data-start=\"2476\" data-end=\"2597\">\n<p data-start=\"2478\" data-end=\"2597\"><strong data-start=\"2478\" data-end=\"2500\">\u00c1reas de aplica\u00e7\u00e3o:<\/strong> Salas de aula, hospitais, salas de confer\u00eancia, cl\u00ednicas, escrit\u00f3rios, bibliotecas e grandes espa\u00e7os interiores.<\/p>\n<\/li>\n<li data-start=\"2598\" data-end=\"2968\">\n<p data-start=\"2600\" data-end=\"2625\"><strong data-start=\"2600\" data-end=\"2623\">Processo de filtragem:<\/strong><\/p>\n<ol data-start=\"2628\" data-end=\"2968\">\n<li data-start=\"2628\" data-end=\"2701\">\n<p data-start=\"2631\" data-end=\"2701\"><strong data-start=\"2631\" data-end=\"2649\">Pr\u00e9-filtragem<\/strong> &#8211; Captura part\u00edculas grandes, como p\u00f3 e cabelo.<\/p>\n<\/li>\n<li data-start=\"2704\" data-end=\"2808\">\n<p data-start=\"2707\" data-end=\"2808\"><strong data-start=\"2707\" data-end=\"2726\">Filtro HEPA H14<\/strong> &#8211; Remove part\u00edculas ultrafinas at\u00e9 0,3 m\u00edcrones com uma <strong data-start=\"2783\" data-end=\"2805\">efici\u00eancia de 99,99%<\/strong>.<\/p>\n<\/li>\n<li data-start=\"2811\" data-end=\"2887\">\n<p data-start=\"2814\" data-end=\"2887\"><strong data-start=\"2814\" data-end=\"2841\">Filtro de carv\u00e3o ativado<\/strong> &#8211; Absorve os odores, o fumo e os gases nocivos.<\/p>\n<\/li>\n<li data-start=\"2890\" data-end=\"2968\">\n<p data-start=\"2893\" data-end=\"2968\"><strong data-start=\"2893\" data-end=\"2915\">Esteriliza\u00e7\u00e3o UV-C<\/strong> &#8211; Neutraliza as bact\u00e9rias, os esporos de bolor e os v\u00edrus.<\/p>\n<\/li>\n<\/ol>\n<\/li>\n<li data-start=\"2969\" data-end=\"3059\">\n<p data-start=\"2971\" data-end=\"3059\"><strong data-start=\"2971\" data-end=\"2987\">Manuten\u00e7\u00e3o:<\/strong> Compartimentos de filtro de f\u00e1cil acesso para uma r\u00e1pida substitui\u00e7\u00e3o e manuten\u00e7\u00e3o.<\/p>\n<\/li>\n<\/ul>\n<h2 data-start=\"3066\" data-end=\"3097\"><strong data-start=\"3069\" data-end=\"3097\">Especifica\u00e7\u00f5es t\u00e9cnicas<\/strong><\/h2>\n<div class=\"_tableContainer_sk2ct_1\">\n<div class=\"_tableWrapper_sk2ct_13 group flex w-fit flex-col-reverse\">\n<table class=\"w-fit min-w-(--thread-content-width)\" data-start=\"3099\" data-end=\"3761\">\n<tbody data-start=\"3197\" data-end=\"3761\">\n<tr data-start=\"3197\" data-end=\"3245\">\n<td data-start=\"3197\" data-end=\"3223\" data-col-size=\"sm\"><strong data-start=\"3199\" data-end=\"3215\">Caudal de ar<\/strong><\/td>\n<td data-col-size=\"md\" data-start=\"3223\" data-end=\"3245\">1.600 m\u00b3\/h<\/td>\n<\/tr>\n<tr data-start=\"3246\" data-end=\"3294\">\n<td data-start=\"3246\" data-end=\"3272\" data-col-size=\"sm\"><strong data-start=\"3248\" data-end=\"3269\">Consumo de energia<\/strong><\/td>\n<td data-col-size=\"md\" data-start=\"3272\" data-end=\"3294\">460 W &#8211; 630 W<\/td>\n<\/tr>\n<tr data-start=\"3295\" data-end=\"3343\">\n<td data-start=\"3295\" data-end=\"3321\" data-col-size=\"sm\"><strong data-start=\"3297\" data-end=\"3316\">Pot\u00eancia da l\u00e2mpada UV-C<\/strong><\/td>\n<td data-col-size=\"md\" data-start=\"3321\" data-end=\"3343\">3 \u00d7 55 W<\/td>\n<\/tr>\n<tr data-start=\"3344\" data-end=\"3392\">\n<td data-start=\"3344\" data-end=\"3370\" data-col-size=\"sm\"><strong data-start=\"3346\" data-end=\"3358\">Tipo de ventoinha<\/strong><\/td>\n<td data-col-size=\"md\" data-start=\"3370\" data-end=\"3392\">Ventilador EC de 280 mm<\/td>\n<\/tr>\n<tr data-start=\"3393\" data-end=\"3467\">\n<td data-start=\"3393\" data-end=\"3419\" data-col-size=\"sm\"><strong data-start=\"3395\" data-end=\"3416\">Fases de filtragem<\/strong><\/td>\n<td data-col-size=\"md\" data-start=\"3419\" data-end=\"3467\">Pr\u00e9-filtro, H14 HEPA, carv\u00e3o ativado, UV-C<\/td>\n<\/tr>\n<tr data-start=\"3468\" data-end=\"3520\">\n<td data-start=\"3468\" data-end=\"3494\" data-col-size=\"sm\"><strong data-start=\"3470\" data-end=\"3489\">Efici\u00eancia HEPA<\/strong><\/td>\n<td data-col-size=\"md\" data-start=\"3494\" data-end=\"3520\">99,99 % (norma H14)<\/td>\n<\/tr>\n<tr data-start=\"3521\" data-end=\"3568\">\n<td data-start=\"3521\" data-end=\"3546\" data-col-size=\"sm\"><strong data-start=\"3523\" data-end=\"3538\">N\u00edvel sonoro<\/strong><\/td>\n<td data-col-size=\"md\" data-start=\"3546\" data-end=\"3568\">Design de baixo ru\u00eddo<\/td>\n<\/tr>\n<tr data-start=\"3569\" data-end=\"3616\">\n<td data-start=\"3569\" data-end=\"3594\" data-col-size=\"sm\"><strong data-start=\"3571\" data-end=\"3592\">Tens\u00e3o de funcionamento<\/strong><\/td>\n<td data-col-size=\"md\" data-start=\"3594\" data-end=\"3616\">230V \/ 50Hz<\/td>\n<\/tr>\n<tr data-start=\"3617\" data-end=\"3666\">\n<td data-start=\"3617\" data-end=\"3642\" data-col-size=\"sm\"><strong data-start=\"3619\" data-end=\"3633\">Dimens\u00f5es<\/strong><\/td>\n<td data-col-size=\"md\" data-start=\"3642\" data-end=\"3666\">600 \u00d7 700 \u00d7 1.900 mm<\/td>\n<\/tr>\n<tr data-start=\"3667\" data-end=\"3713\">\n<td data-start=\"3667\" data-end=\"3691\" data-col-size=\"sm\"><strong data-start=\"3669\" data-end=\"3679\">Peso<\/strong><\/td>\n<td data-col-size=\"md\" data-start=\"3691\" data-end=\"3713\"><strong data-start=\"3693\" data-end=\"3704\">~200 kg<\/strong><\/td>\n<\/tr>\n<tr data-start=\"3714\" data-end=\"3761\">\n<td data-start=\"3714\" data-end=\"3738\" data-col-size=\"sm\"><strong data-start=\"3716\" data-end=\"3726\">Caixa<\/strong><\/td>\n<td data-col-size=\"md\" data-start=\"3738\" data-end=\"3761\">A\u00e7o com revestimento em p\u00f3<\/td>\n<\/tr>\n<\/tbody>\n<\/table>\n<\/div>\n<\/div>\n<div class=\"_tableContainer_sk2ct_1\"><\/div>\n<p data-start=\"1420\" data-end=\"1709\">\n","protected":false},"excerpt":{"rendered":"<p>O <strong data-start=\"278\" data-end=\"297\">Purifa 2000<\/strong> \u00e9 um <strong data-start=\"303\" data-end=\"344\">sistema de purifica\u00e7\u00e3o de ar de alta capacidade<\/strong> concebido para grandes espa\u00e7os, como salas de aula, salas de confer\u00eancias, escrit\u00f3rios e unidades de sa\u00fade. Equipado com um <strong data-start=\"471\" data-end=\"504\">sistema de filtragem multiest\u00e1gio<\/strong> avan\u00e7ado, incluindo <strong data-start=\"516\" data-end=\"536\">filtros HEPA H14<\/strong>, <strong data-start=\"538\" data-end=\"558\">carv\u00e3o ativado<\/strong> e <strong data-start=\"564\" data-end=\"586\">esteriliza\u00e7\u00e3o UV-C<\/strong>, fornece at\u00e9 <strong data-start=\"606\" data-end=\"620\">1.600 m\u00b3\/h<\/strong> de ar purificado com uma efici\u00eancia excecional. Com um design s\u00f3brio e funcional, integra-se facilmente em interiores modernos sem atrair aten\u00e7\u00f5es. Dependendo da instala\u00e7\u00e3o, o Purifa 2000 \u00e9 adequado para funcionamento cont\u00ednuo ou intermitente e ajuda a manter um ambiente de casa de banho mais fresco com o m\u00ednimo esfor\u00e7o.   <\/p>\n","protected":false},"featured_media":9337,"comment_status":"closed","ping_status":"closed","template":"","meta":{"_et_pb_use_builder":"","_et_pb_old_content":"","_et_gb_content_width":""},"product_brand":[193],"product_cat":[110],"product_tag":[],"class_list":{"0":"post-8716","1":"product","2":"type-product","3":"status-publish","4":"has-post-thumbnail","6":"product_brand-bsk","7":"product_cat-purificadores-de-ar","8":"pa_product-type-purificador-de-ar","10":"first","11":"instock","12":"taxable","13":"shipping-taxable","14":"purchasable","15":"product-type-simple"},"jetpack_sharing_enabled":true,"_links":{"self":[{"href":"https:\/\/paxspain.com\/pt-pt\/wp-json\/wp\/v2\/product\/8716","targetHints":{"allow":["GET"]}}],"collection":[{"href":"https:\/\/paxspain.com\/pt-pt\/wp-json\/wp\/v2\/product"}],"about":[{"href":"https:\/\/paxspain.com\/pt-pt\/wp-json\/wp\/v2\/types\/product"}],"replies":[{"embeddable":true,"href":"https:\/\/paxspain.com\/pt-pt\/wp-json\/wp\/v2\/comments?post=8716"}],"wp:featuredmedia":[{"embeddable":true,"href":"https:\/\/paxspain.com\/pt-pt\/wp-json\/wp\/v2\/media\/9337"}],"wp:attachment":[{"href":"https:\/\/paxspain.com\/pt-pt\/wp-json\/wp\/v2\/media?parent=8716"}],"wp:term":[{"taxonomy":"product_brand","embeddable":true,"href":"https:\/\/paxspain.com\/pt-pt\/wp-json\/wp\/v2\/product_brand?post=8716"},{"taxonomy":"product_cat","embeddable":true,"href":"https:\/\/paxspain.com\/pt-pt\/wp-json\/wp\/v2\/product_cat?post=8716"},{"taxonomy":"product_tag","embeddable":true,"href":"https:\/\/paxspain.com\/pt-pt\/wp-json\/wp\/v2\/product_tag?post=8716"}],"curies":[{"name":"wp","href":"https:\/\/api.w.org\/{rel}","templated":true}]}}