{"id":8717,"date":"2025-08-21T18:24:22","date_gmt":"2025-08-21T16:24:22","guid":{"rendered":"https:\/\/paxspain.com\/product\/bsk-scholar-700\/"},"modified":"2026-02-26T18:58:53","modified_gmt":"2026-02-26T17:58:53","slug":"bsk-scholar-700","status":"publish","type":"product","link":"https:\/\/paxspain.com\/pt-pt\/produto\/bsk-scholar-700\/","title":{"rendered":"Scholar 700"},"content":{"rendered":"<p data-start=\"641\" data-end=\"984\">O <strong data-start=\"645\" data-end=\"664\">Scholar 700<\/strong> \u00e9 um potente sistema de ventila\u00e7\u00e3o com recupera\u00e7\u00e3o de calor descentralizado, concebido para salas de aula, anfiteatros, salas de reuni\u00f5es e outros grandes ambientes de aprendizagem. Fornece 100% de ar fresco e filtrado, recuperando at\u00e9 <strong data-start=\"882\" data-end=\"890\">95 %<\/strong> da energia t\u00e9rmica do ar extra\u00eddo, atrav\u00e9s de um permutador de calor de contrafluxo de alto desempenho. <\/p>\n<p data-start=\"986\" data-end=\"1321\">Equipada com um sensor inteligente de CO\u2082, a unidade ajusta automaticamente os n\u00edveis de ventila\u00e7\u00e3o para manter uma qualidade do ar interior saud\u00e1vel, optimizando simultaneamente a utiliza\u00e7\u00e3o de energia. A sua caixa de a\u00e7o de parede dupla e isolada, combinada com silenciadores integrados, garante um desempenho silencioso, tornando-a ideal para espa\u00e7os sens\u00edveis ao ru\u00eddo, como salas de aula. <\/p>\n<p data-start=\"1323\" data-end=\"1726\">O Scholar 700 tamb\u00e9m disp\u00f5e de um <strong data-start=\"1355\" data-end=\"1378\">bypass de arrefecimento livre<\/strong> para melhorar o conforto durante as esta\u00e7\u00f5es mais quentes, permitindo a entrada direta de ar fresco sem recupera\u00e7\u00e3o de calor quando as condi\u00e7\u00f5es s\u00e3o adequadas. Com suporte ModBus, integra-se perfeitamente com sistemas de gest\u00e3o de edif\u00edcios (BMS), enquanto o painel de controlo digital incorporado permite uma gest\u00e3o precisa do caudal de ar, hor\u00e1rios, limiares de CO\u2082 e modos operacionais. <\/p>\n<h2 data-start=\"1733\" data-end=\"1752\"><strong data-start=\"1736\" data-end=\"1752\">Carater\u00edsticas principais<\/strong><\/h2>\n<ul data-start=\"1753\" data-end=\"2824\">\n<li data-start=\"1753\" data-end=\"1885\">\n<p data-start=\"1755\" data-end=\"1885\"><strong data-start=\"1755\" data-end=\"1780\">Elevada capacidade de caudal de ar<\/strong> &#8211; Fornece at\u00e9 <strong data-start=\"1798\" data-end=\"1810\">700 m\u00b3\/h<\/strong> de ar fresco filtrado, perfeito para salas de aula e espa\u00e7os de reuni\u00e3o maiores.<\/p>\n<\/li>\n<li data-start=\"1886\" data-end=\"1988\">\n<p data-start=\"1888\" data-end=\"1988\"><strong data-start=\"1888\" data-end=\"1927\">Efici\u00eancia de recupera\u00e7\u00e3o de calor at\u00e9 95 %<\/strong> &#8211; Poupa energia atrav\u00e9s da reutiliza\u00e7\u00e3o da energia t\u00e9rmica do ar de exaust\u00e3o.<\/p>\n<\/li>\n<li data-start=\"1989\" data-end=\"2099\">\n<p data-start=\"1991\" data-end=\"2099\"><strong data-start=\"1991\" data-end=\"2013\">Controlo da procura de CO\u2082<\/strong> &#8211; O sensor incorporado ajusta automaticamente o fluxo de ar com base nos n\u00edveis de qualidade do ar interior.<\/p>\n<\/li>\n<li data-start=\"2100\" data-end=\"2209\">\n<p data-start=\"2102\" data-end=\"2209\"><strong data-start=\"2102\" data-end=\"2121\">Funcionamento silencioso<\/strong> &#8211; A caixa isolada de parede dupla e os silenciadores integrados minimizam o ru\u00eddo operacional.<\/p>\n<\/li>\n<li data-start=\"2210\" data-end=\"2342\">\n<p data-start=\"2212\" data-end=\"2342\"><strong data-start=\"2212\" data-end=\"2233\">Modo de arrefecimento livre<\/strong> &#8211; Ignora automaticamente o permutador de calor quando as condi\u00e7\u00f5es exteriores s\u00e3o ideais para a entrada direta de ar fresco.<\/p>\n<\/li>\n<li data-start=\"2343\" data-end=\"2467\">\n<p data-start=\"2345\" data-end=\"2467\"><strong data-start=\"2345\" data-end=\"2370\">Painel de controlo digital<\/strong> &#8211; O controlador integrado permite uma programa\u00e7\u00e3o f\u00e1cil de velocidades, n\u00edveis de CO\u2082, hor\u00e1rios e modos autom\u00e1ticos.<\/p>\n<\/li>\n<li data-start=\"2468\" data-end=\"2571\">\n<p data-start=\"2470\" data-end=\"2571\"><strong data-start=\"2470\" data-end=\"2489\">Integra\u00e7\u00e3o BMS<\/strong> &#8211; Compatibilidade ModBus para monitoriza\u00e7\u00e3o e controlo cont\u00ednuos atrav\u00e9s de sistemas centrais.<\/p>\n<\/li>\n<li data-start=\"2572\" data-end=\"2701\">\n<p data-start=\"2574\" data-end=\"2701\"><strong data-start=\"2574\" data-end=\"2597\">Filtragem melhorada<\/strong> &#8211; O sistema de filtragem de v\u00e1rias fases inclui filtros G4, G5 e F7 no ar de alimenta\u00e7\u00e3o, mais um filtro de exaust\u00e3o M5.<\/p>\n<\/li>\n<li data-start=\"2702\" data-end=\"2824\">\n<p data-start=\"2704\" data-end=\"2824\"><strong data-start=\"2704\" data-end=\"2728\">Constru\u00e7\u00e3o duradoura<\/strong> &#8211; Fabricada em a\u00e7o galvanizado com revestimento em p\u00f3 para maior resist\u00eancia, isolamento e fiabilidade a longo prazo.<\/p>\n<\/li>\n<\/ul>\n<h2 data-start=\"2831\" data-end=\"2851\"><strong data-start=\"2834\" data-end=\"2851\">Informa\u00e7\u00f5es pormenorizadas<\/strong><\/h2>\n<ul data-start=\"2852\" data-end=\"3704\">\n<li data-start=\"2852\" data-end=\"3007\">\n<p data-start=\"2854\" data-end=\"3007\"><strong data-start=\"2854\" data-end=\"2876\">\u00c1reas de aplica\u00e7\u00e3o:<\/strong> Salas de aula, salas de confer\u00eancias, salas de reuni\u00f5es, escrit\u00f3rios e outros espa\u00e7os m\u00e9dios a grandes que exijam uma ventila\u00e7\u00e3o cont\u00ednua e eficiente.<\/p>\n<\/li>\n<li data-start=\"3008\" data-end=\"3155\">\n<p data-start=\"3010\" data-end=\"3155\"><strong data-start=\"3010\" data-end=\"3027\">Instala\u00e7\u00e3o:<\/strong> Concebida para instala\u00e7\u00e3o na parede com op\u00e7\u00f5es de espig\u00e3o traseiro ou superior; adequada para condutas curtas para maximizar o desempenho.<\/p>\n<\/li>\n<li data-start=\"3156\" data-end=\"3316\">\n<p data-start=\"3158\" data-end=\"3316\"><strong data-start=\"3158\" data-end=\"3179\">Carater\u00edsticas de controlo:<\/strong> Painel de controlo digital integrado com prote\u00e7\u00e3o por palavra-passe, ajuste autom\u00e1tico do fluxo de ar baseado em CO\u2082, programa\u00e7\u00e3o semanal e modos de impulso.<\/p>\n<\/li>\n<li data-start=\"3317\" data-end=\"3462\">\n<p data-start=\"3319\" data-end=\"3462\"><strong data-start=\"3319\" data-end=\"3343\">Bypass de arrefecimento livre:<\/strong> Melhora o conforto ao permitir a entrada direta de ar exterior quando adequado, reduzindo os custos de energia durante o tempo ameno.<\/p>\n<\/li>\n<li data-start=\"3463\" data-end=\"3592\">\n<p data-start=\"3465\" data-end=\"3592\"><strong data-start=\"3465\" data-end=\"3495\">Alertas de manuten\u00e7\u00e3o do filtro:<\/strong> Notifica\u00e7\u00f5es autom\u00e1ticas quando os filtros precisam de ser limpos ou substitu\u00eddos, garantindo um desempenho \u00f3timo.<\/p>\n<\/li>\n<li data-start=\"3593\" data-end=\"3704\">\n<p data-start=\"3595\" data-end=\"3704\"><strong data-start=\"3595\" data-end=\"3616\">Prote\u00e7\u00e3o contra o gelo:<\/strong> O programa de prote\u00e7\u00e3o contra congelamento incorporado mant\u00e9m o sistema a funcionar em seguran\u00e7a em condi\u00e7\u00f5es de frio.<\/p>\n<\/li>\n<\/ul>\n<h2 data-start=\"3711\" data-end=\"3742\"><strong data-start=\"3714\" data-end=\"3742\">Especifica\u00e7\u00f5es t\u00e9cnicas<\/strong><\/h2>\n<div class=\"_tableContainer_sk2ct_1\">\n<div class=\"_tableWrapper_sk2ct_13 group flex w-fit flex-col-reverse\">\n<table class=\"w-fit min-w-(--thread-content-width)\" data-start=\"3744\" data-end=\"4603\">\n<tbody data-start=\"3843\" data-end=\"4603\">\n<tr data-start=\"3843\" data-end=\"3891\">\n<td data-start=\"3843\" data-end=\"3871\" data-col-size=\"sm\"><strong data-start=\"3845\" data-end=\"3861\">Caudal de ar<\/strong><\/td>\n<td data-col-size=\"md\" data-start=\"3871\" data-end=\"3891\">700 m\u00b3\/h<\/td>\n<\/tr>\n<tr data-start=\"3892\" data-end=\"3941\">\n<td data-start=\"3892\" data-end=\"3923\" data-col-size=\"sm\"><strong data-start=\"3894\" data-end=\"3922\">Efici\u00eancia de recupera\u00e7\u00e3o de calor<\/strong><\/td>\n<td data-col-size=\"md\" data-start=\"3923\" data-end=\"3941\">At\u00e9 95 %<\/td>\n<\/tr>\n<tr data-start=\"3942\" data-end=\"3990\">\n<td data-start=\"3942\" data-end=\"3970\" data-col-size=\"sm\"><strong data-start=\"3944\" data-end=\"3960\">Alimenta\u00e7\u00e3o el\u00e9ctrica<\/strong><\/td>\n<td data-col-size=\"md\" data-start=\"3970\" data-end=\"3990\">230V \/ 50Hz<\/td>\n<\/tr>\n<tr data-start=\"3991\" data-end=\"4038\">\n<td data-start=\"3991\" data-end=\"4019\" data-col-size=\"sm\"><strong data-start=\"3993\" data-end=\"4010\">Pot\u00eancia m\u00e1xima<\/strong><\/td>\n<td data-col-size=\"md\" data-start=\"4019\" data-end=\"4038\">320 W<\/td>\n<\/tr>\n<tr data-start=\"4039\" data-end=\"4110\">\n<td data-start=\"4039\" data-end=\"4066\" data-col-size=\"sm\"><strong data-start=\"4041\" data-end=\"4056\">N\u00edvel sonoro<\/strong><\/td>\n<td data-col-size=\"md\" data-start=\"4066\" data-end=\"4110\">Design de baixo ru\u00eddo com silenciadores internos<\/td>\n<\/tr>\n<tr data-start=\"4111\" data-end=\"4159\">\n<td data-start=\"4111\" data-end=\"4139\" data-col-size=\"sm\"><strong data-start=\"4113\" data-end=\"4138\">Temperatura de funcionamento<\/strong><\/td>\n<td data-col-size=\"md\" data-start=\"4139\" data-end=\"4159\">-20 \u00b0C a +60 \u00b0C<\/td>\n<\/tr>\n<tr data-start=\"4160\" data-end=\"4231\">\n<td data-start=\"4160\" data-end=\"4188\" data-col-size=\"sm\"><strong data-start=\"4162\" data-end=\"4176\">Filtragem<\/strong><\/td>\n<td data-col-size=\"md\" data-start=\"4188\" data-end=\"4231\">G4, G5, F7 no ar de alimenta\u00e7\u00e3o; M5 no ar de exaust\u00e3o<\/td>\n<\/tr>\n<tr data-start=\"4232\" data-end=\"4291\">\n<td data-start=\"4232\" data-end=\"4259\" data-col-size=\"sm\"><strong data-start=\"4234\" data-end=\"4251\">Damper de deriva\u00e7\u00e3o<\/strong><\/td>\n<td data-col-size=\"md\" data-start=\"4259\" data-end=\"4291\">Arrefecimento livre autom\u00e1tico a 100 %<\/td>\n<\/tr>\n<tr data-start=\"4292\" data-end=\"4377\">\n<td data-start=\"4292\" data-end=\"4319\" data-col-size=\"sm\"><strong data-start=\"4294\" data-end=\"4306\">Controlos<\/strong><\/td>\n<td data-col-size=\"md\" data-start=\"4319\" data-end=\"4377\">Controlador digital, sensor de CO\u2082, integra\u00e7\u00e3o ModBus BMS<\/td>\n<\/tr>\n<tr data-start=\"4378\" data-end=\"4425\">\n<td data-start=\"4378\" data-end=\"4405\" data-col-size=\"sm\"><strong data-start=\"4380\" data-end=\"4399\">Di\u00e2metro do espig\u00e3o<\/strong><\/td>\n<td data-col-size=\"md\" data-start=\"4405\" data-end=\"4425\">180 mm<\/td>\n<\/tr>\n<tr data-start=\"4426\" data-end=\"4473\">\n<td data-start=\"4426\" data-end=\"4453\" data-col-size=\"sm\"><strong data-start=\"4428\" data-end=\"4450\">Dreno de condensa\u00e7\u00e3o<\/strong><\/td>\n<td data-col-size=\"md\" data-start=\"4453\" data-end=\"4473\">19 mm<\/td>\n<\/tr>\n<tr data-start=\"4474\" data-end=\"4556\">\n<td data-start=\"4474\" data-end=\"4500\" data-col-size=\"sm\"><strong data-start=\"4476\" data-end=\"4486\">Inv\u00f3lucro<\/strong><\/td>\n<td data-start=\"4500\" data-end=\"4556\" data-col-size=\"md\">A\u00e7o galvanizado de parede dupla com isolamento de 25 mm<\/td>\n<\/tr>\n<tr data-start=\"4557\" data-end=\"4603\">\n<td data-start=\"4557\" data-end=\"4583\" data-col-size=\"sm\"><strong data-start=\"4559\" data-end=\"4569\">Peso<\/strong><\/td>\n<td data-start=\"4583\" data-end=\"4603\" data-col-size=\"md\"><strong data-start=\"4585\" data-end=\"4595\">160 kg<\/strong><\/td>\n<\/tr>\n<\/tbody>\n<\/table>\n<\/div>\n<\/div>\n","protected":false},"excerpt":{"rendered":"<p>O <strong data-start=\"276\" data-end=\"295\">Scholar 700<\/strong> \u00e9 uma unidade de ventila\u00e7\u00e3o com recupera\u00e7\u00e3o de calor (HRV) de elevada capacidade para salas de aula, fornecendo at\u00e9 <strong data-start=\"380\" data-end=\"392\">700 m\u00b3\/h<\/strong> de ar fresco e filtrado, com at\u00e9 <strong data-start=\"427\" data-end=\"454\">95 % de efici\u00eancia t\u00e9rmica<\/strong>. Inclui controlo autom\u00e1tico da procura com base em CO\u2082, funcionamento ultra-silencioso, fun\u00e7\u00e3o de free-cooling e integra\u00e7\u00e3o total com BMS para uma gest\u00e3o inteligente da energia. Garante uma qualidade do ar interior consistente, recuperando at\u00e9 <strong data-start=\"1923\" data-end=\"1945\">95% da energia t\u00e9rmica<\/strong> que, de outra forma, se perderia. A tecnologia de ventiladores EC mant\u00e9m o consumo de energia baixo, mesmo com caudais de ar mais elevados. A filtragem de dupla etapa ajuda a reduzir poeiras e poluentes em suspens\u00e3o, enquanto o controlador digital intuitivo permite um ajuste preciso do caudal de ar e dos hor\u00e1rios de funcionamento. Ideal para salas de aula, espa\u00e7os de ensino e escrit\u00f3rios onde a ventila\u00e7\u00e3o fi\u00e1vel e baixos n\u00edveis de ru\u00eddo s\u00e3o essenciais.     <\/p>\n<p><strong>Documentos<\/strong><\/p>\n<ul>\n<li><a href=\"https:\/\/paxspain.com\/wp-content\/uploads\/2025\/08\/BSK-Scholar-User-manual.pdf\">Manual do utilizador da BSK Scholar &#8211; Ingl\u00eas<\/a><\/li>\n<li><a href=\"https:\/\/paxspain.com\/wp-content\/uploads\/2025\/08\/BSK-Scholar-User-manual-Spanish.pdf\">Manual do utilizador da BSK Scholar &#8211; Espanhol<\/a><\/li>\n<li><a href=\"https:\/\/paxspain.com\/wp-content\/uploads\/2025\/08\/BSK-Scholar-Digital-Panel-User-Guide.pdf\">Manual do utilizador do painel digital Scholar da BSK &#8211; Ingl\u00eas<\/a><\/li>\n<li><a href=\"https:\/\/paxspain.com\/wp-content\/uploads\/2025\/08\/BSK-Scholar-Digital-Panel-User-Guide-Spanish.pdf\">Manual do utilizador do painel digital Scholar da BSK &#8211; Espanhol<\/a><\/li>\n<li><a href=\"https:\/\/paxspain.com\/wp-content\/uploads\/2025\/08\/bsk-scholar-eng-1.pdf\">Cat\u00e1logo da BSK Scholar &#8211; Ingl\u00eas<\/a><\/li>\n<li><a href=\"https:\/\/paxspain.com\/wp-content\/uploads\/2025\/08\/BSK-Scholar-Catalog-SPAN.pdf\">Cat\u00e1logo da BSK Scholar &#8211; Espanhol<\/a><\/li>\n<\/ul>\n<p><iframe loading=\"lazy\" title=\"SCHOLAR Tipo de escola de alta efici\u00eancia HRU\" src=\"https:\/\/www.youtube.com\/embed\/AwKdtx_jn9E\" width=\"1372\" height=\"772\" frameborder=\"0\" allowfullscreen=\"allowfullscreen\"><\/iframe><\/p>\n","protected":false},"featured_media":8580,"comment_status":"closed","ping_status":"closed","template":"","meta":{"_et_pb_use_builder":"","_et_pb_old_content":"","_et_gb_content_width":""},"product_brand":[193],"product_cat":[104],"product_tag":[],"class_list":{"0":"post-8717","1":"product","2":"type-product","3":"status-publish","4":"has-post-thumbnail","6":"product_brand-bsk","7":"product_cat-recuperacao-descentralizada-de-calor","8":"pa_product-type-unidade-de-recuperacao-de-calor-para-salas-de-aula","10":"first","11":"instock","12":"taxable","13":"shipping-taxable","14":"purchasable","15":"product-type-simple"},"jetpack_sharing_enabled":true,"_links":{"self":[{"href":"https:\/\/paxspain.com\/pt-pt\/wp-json\/wp\/v2\/product\/8717","targetHints":{"allow":["GET"]}}],"collection":[{"href":"https:\/\/paxspain.com\/pt-pt\/wp-json\/wp\/v2\/product"}],"about":[{"href":"https:\/\/paxspain.com\/pt-pt\/wp-json\/wp\/v2\/types\/product"}],"replies":[{"embeddable":true,"href":"https:\/\/paxspain.com\/pt-pt\/wp-json\/wp\/v2\/comments?post=8717"}],"wp:featuredmedia":[{"embeddable":true,"href":"https:\/\/paxspain.com\/pt-pt\/wp-json\/wp\/v2\/media\/8580"}],"wp:attachment":[{"href":"https:\/\/paxspain.com\/pt-pt\/wp-json\/wp\/v2\/media?parent=8717"}],"wp:term":[{"taxonomy":"product_brand","embeddable":true,"href":"https:\/\/paxspain.com\/pt-pt\/wp-json\/wp\/v2\/product_brand?post=8717"},{"taxonomy":"product_cat","embeddable":true,"href":"https:\/\/paxspain.com\/pt-pt\/wp-json\/wp\/v2\/product_cat?post=8717"},{"taxonomy":"product_tag","embeddable":true,"href":"https:\/\/paxspain.com\/pt-pt\/wp-json\/wp\/v2\/product_tag?post=8717"}],"curies":[{"name":"wp","href":"https:\/\/api.w.org\/{rel}","templated":true}]}}