{"id":8719,"date":"2025-08-21T17:03:43","date_gmt":"2025-08-21T15:03:43","guid":{"rendered":"https:\/\/paxspain.com\/product\/vent-axia-silhouette-100-ventilador-de-casa-de-banho-temporizador-100mm\/"},"modified":"2026-02-26T18:58:45","modified_gmt":"2026-02-26T17:58:45","slug":"vent-axia-silhouette-100-ventilador-de-casa-de-banho-temporizador-100mm","status":"publish","type":"product","link":"https:\/\/paxspain.com\/pt-pt\/produto\/vent-axia-silhouette-100-ventilador-de-casa-de-banho-temporizador-100mm\/","title":{"rendered":"Silhouette 100 (com Temporizador)"},"content":{"rendered":"<p data-start=\"566\" data-end=\"896\">O <strong data-start=\"570\" data-end=\"617\">Vent-Axia Silhouette 100 Bathroom Fan Timer<\/strong> combina um design elegante com um desempenho poderoso, tornando-o ideal para casas de banho e WCs modernos. Com uma grelha de baixo perfil de apenas 17 mm, encaixa na parede ou no teto para uma instala\u00e7\u00e3o discreta, ao mesmo tempo que proporciona uma ventila\u00e7\u00e3o eficiente para manter o ar fresco e saud\u00e1vel. <\/p>\n<p data-start=\"898\" data-end=\"1224\">Este ventilador de velocidade \u00fanica inclui um <strong data-start=\"932\" data-end=\"969\">temporizador ajust\u00e1vel integral<\/strong> (5 a 30 minutos), permitindo uma ventila\u00e7\u00e3o cont\u00ednua depois de o interrutor de luz ligado ser desligado. Concebido para montagem vertical ou horizontal, o Silhouette 100 suporta instala\u00e7\u00f5es em paredes, tectos, pain\u00e9is e at\u00e9 janelas, o que o torna altamente vers\u00e1til. <\/p>\n<p data-start=\"1226\" data-end=\"1620\">Com um caudal de ar m\u00e1ximo de <strong data-start=\"1252\" data-end=\"1272\">75 m\u00b3\/h (21 l\/s)<\/strong>, remove eficazmente a humidade para evitar bolor e humidade. O ventilador funciona silenciosamente, com uma classifica\u00e7\u00e3o de apenas <strong data-start=\"1377\" data-end=\"1401\">30 dB(A) a 3 metros<\/strong>, e vem equipado com um obturador de retorno para evitar fluxos de ar indesejados. Com classifica\u00e7\u00e3o IPX4, est\u00e1 totalmente em conformidade com o <strong data-start=\"1517\" data-end=\"1561\">Documento F aprovado pelos regulamentos de constru\u00e7\u00e3o<\/strong>, garantindo o desempenho e a seguran\u00e7a em ambientes de casa de banho.  <\/p>\n","protected":false},"excerpt":{"rendered":"<p data-start=\"185\" data-end=\"533\">O <strong data-start=\"189\" data-end=\"236\">Vent-Axia Silhouette 100 Bathroom Fan Timer<\/strong> \u00e9 um exaustor axial ultrafino de 100 mm concebido para uma ventila\u00e7\u00e3o discreta e eficiente da casa de banho. Com um design de baixo perfil de 17 mm, temporizador de funcionamento ajust\u00e1vel incorporado e desempenho silencioso, proporciona um controlo eficaz da humidade e dos odores, integrando-se perfeitamente em qualquer interior. <\/p>\n<p><strong>Documentos<br \/>\n<\/strong><\/p>\n<ul>\n<li><a href=\"https:\/\/paxspain.com\/wp-content\/uploads\/2025\/08\/VA-Silhouette-Installation-English.pdf\">Instru\u00e7\u00f5es de instala\u00e7\u00e3o do Vent-Axia Silhouette 100 &#8211; Ingl\u00eas<\/a><\/li>\n<li><a href=\"https:\/\/paxspain.com\/wp-content\/uploads\/2025\/08\/VA-Silhouette-Installation-Spanish.pdf\">Instru\u00e7\u00f5es de instala\u00e7\u00e3o do Vent-Axia Silhouette 100 &#8211; Espanhol<\/a><\/li>\n<li><a href=\"https:\/\/paxspain.com\/wp-content\/uploads\/2025\/08\/VA-Silhouette-Brochure-English.pdf\">Vent-Axia Silhouette 100 Cat\u00e1logo &#8211; Ingl\u00eas<\/a><\/li>\n<li><a href=\"https:\/\/paxspain.com\/wp-content\/uploads\/2025\/08\/VA-Silhouette-Brochure-Spanish.pdf\">Vent-Axia Silhouette 100 Cat\u00e1logo &#8211; Espanhol<\/a><\/li>\n<\/ul>\n","protected":false},"featured_media":8544,"comment_status":"closed","ping_status":"closed","template":"","meta":{"_et_pb_use_builder":"","_et_pb_old_content":"","_et_gb_content_width":""},"product_brand":[194],"product_cat":[79],"product_tag":[],"class_list":{"0":"post-8719","1":"product","2":"type-product","3":"status-publish","4":"has-post-thumbnail","6":"product_brand-vent-axia","7":"product_cat-produtos-de-ventilacao","8":"pa_product-type-ventilador-de-casa-de-banho","10":"first","11":"instock","12":"taxable","13":"shipping-taxable","14":"purchasable","15":"product-type-simple"},"jetpack_sharing_enabled":true,"_links":{"self":[{"href":"https:\/\/paxspain.com\/pt-pt\/wp-json\/wp\/v2\/product\/8719","targetHints":{"allow":["GET"]}}],"collection":[{"href":"https:\/\/paxspain.com\/pt-pt\/wp-json\/wp\/v2\/product"}],"about":[{"href":"https:\/\/paxspain.com\/pt-pt\/wp-json\/wp\/v2\/types\/product"}],"replies":[{"embeddable":true,"href":"https:\/\/paxspain.com\/pt-pt\/wp-json\/wp\/v2\/comments?post=8719"}],"wp:featuredmedia":[{"embeddable":true,"href":"https:\/\/paxspain.com\/pt-pt\/wp-json\/wp\/v2\/media\/8544"}],"wp:attachment":[{"href":"https:\/\/paxspain.com\/pt-pt\/wp-json\/wp\/v2\/media?parent=8719"}],"wp:term":[{"taxonomy":"product_brand","embeddable":true,"href":"https:\/\/paxspain.com\/pt-pt\/wp-json\/wp\/v2\/product_brand?post=8719"},{"taxonomy":"product_cat","embeddable":true,"href":"https:\/\/paxspain.com\/pt-pt\/wp-json\/wp\/v2\/product_cat?post=8719"},{"taxonomy":"product_tag","embeddable":true,"href":"https:\/\/paxspain.com\/pt-pt\/wp-json\/wp\/v2\/product_tag?post=8719"}],"curies":[{"name":"wp","href":"https:\/\/api.w.org\/{rel}","templated":true}]}}