{"id":8721,"date":"2025-08-21T18:51:09","date_gmt":"2025-08-21T16:51:09","guid":{"rendered":"https:\/\/paxspain.com\/product\/bsk-purifa-300\/"},"modified":"2026-02-26T18:58:55","modified_gmt":"2026-02-26T17:58:55","slug":"bsk-purifa-300","status":"publish","type":"product","link":"https:\/\/paxspain.com\/pt-pt\/produto\/bsk-purifa-300\/","title":{"rendered":"Purifa 300"},"content":{"rendered":"<p data-start=\"681\" data-end=\"1037\">O <strong data-start=\"685\" data-end=\"703\">Purifa 300<\/strong> \u00e9 um dispositivo avan\u00e7ado de purifica\u00e7\u00e3o de ar concebido para proporcionar ambientes interiores mais saud\u00e1veis e seguros. Ideal para salas de aula, salas de reuni\u00f5es, instala\u00e7\u00f5es de sa\u00fade e outros espa\u00e7os comerciais, combina tecnologia de filtra\u00e7\u00e3o de ponta com esteriliza\u00e7\u00e3o UV-C para remover poluentes atmosf\u00e9ricos, v\u00edrus, bact\u00e9rias, alerg\u00e9nios e odores. <\/p>\n<p data-start=\"1039\" data-end=\"1418\">O seu <strong data-start=\"1043\" data-end=\"1076\">sistema de filtragem multicamadas<\/strong> inclui um <strong data-start=\"1088\" data-end=\"1105\">pr\u00e9-filtro G4<\/strong> para capturar part\u00edculas grandes, um <strong data-start=\"1137\" data-end=\"1156\">filtro HEPA H13<\/strong> para reter at\u00e9 <strong data-start=\"1171\" data-end=\"1182\">99,95%<\/strong> dos poluentes microsc\u00f3picos e um <strong data-start=\"1217\" data-end=\"1244\">filtro de carv\u00e3o ativado<\/strong> para neutralizar odores e gases nocivos. A <strong data-start=\"1300\" data-end=\"1313\">l\u00e2mpada UV-C<\/strong> integrada proporciona uma camada adicional de prote\u00e7\u00e3o, esterilizando os microorganismos que passam pelo sistema. <\/p>\n<p data-start=\"1420\" data-end=\"1709\">Alimentado por um <strong data-start=\"1433\" data-end=\"1454\">ventilador EC de baixo consumo de<\/strong> energia, o Purifa 300 oferece um funcionamento silencioso e eficiente com um consumo m\u00ednimo de energia. Com o seu <strong data-start=\"1546\" data-end=\"1572\">design compacto e robusto<\/strong> e capacidades avan\u00e7adas de limpeza do ar, \u00e9 a solu\u00e7\u00e3o ideal para melhorar a qualidade do ar interior em escolas, escrit\u00f3rios e espa\u00e7os partilhados. <\/p>\n<h2 data-start=\"1716\" data-end=\"1735\"><strong data-start=\"1719\" data-end=\"1735\">Carater\u00edsticas principais<\/strong><\/h2>\n<ul data-start=\"1736\" data-end=\"2629\">\n<li data-start=\"1736\" data-end=\"1851\">\n<p data-start=\"1738\" data-end=\"1851\"><strong data-start=\"1738\" data-end=\"1768\">Elevada capacidade de limpeza do ar<\/strong> &#8211; Fornece at\u00e9 <strong data-start=\"1786\" data-end=\"1798\">300 m\u00b3\/h<\/strong> de ar purificado, ideal para salas de aula e escrit\u00f3rios.<\/p>\n<\/li>\n<li data-start=\"1852\" data-end=\"1989\">\n<p data-start=\"1854\" data-end=\"1989\"><strong data-start=\"1854\" data-end=\"1880\">Filtragem em v\u00e1rias fases<\/strong> &#8211; Combina o pr\u00e9-filtro G4, o filtro HEPA H13, o filtro de carv\u00e3o ativado e o silenciador para um desempenho superior.<\/p>\n<\/li>\n<li data-start=\"1990\" data-end=\"2105\">\n<p data-start=\"1992\" data-end=\"2105\"><strong data-start=\"1992\" data-end=\"2011\">Filtro HEPA H13<\/strong> &#8211; Remove at\u00e9 <strong data-start=\"2028\" data-end=\"2039\">99,95%<\/strong> das part\u00edculas transportadas pelo ar, incluindo p\u00f3, alerg\u00e9nios e micr\u00f3bios.<\/p>\n<\/li>\n<li data-start=\"2106\" data-end=\"2203\">\n<p data-start=\"2108\" data-end=\"2203\"><strong data-start=\"2108\" data-end=\"2130\">Esteriliza\u00e7\u00e3o UV-C<\/strong> &#8211; Destr\u00f3i v\u00edrus, bact\u00e9rias e esporos de bolor para um ar mais limpo e seguro.<\/p>\n<\/li>\n<li data-start=\"2204\" data-end=\"2315\">\n<p data-start=\"2206\" data-end=\"2315\"><strong data-start=\"2206\" data-end=\"2233\">Filtro de carv\u00e3o ativado<\/strong> &#8211; neutraliza eficazmente os odores e os compostos org\u00e2nicos vol\u00e1teis (COV) nocivos.<\/p>\n<\/li>\n<li data-start=\"2316\" data-end=\"2426\">\n<p data-start=\"2318\" data-end=\"2426\"><strong data-start=\"2318\" data-end=\"2344\">Ventilador EC de alta efici\u00eancia<\/strong> &#8211; Proporciona um fluxo de ar potente e silencioso, mantendo um baixo consumo de energia.<\/p>\n<\/li>\n<li data-start=\"2427\" data-end=\"2529\">\n<p data-start=\"2429\" data-end=\"2529\"><strong data-start=\"2429\" data-end=\"2453\">Constru\u00e7\u00e3o duradoura<\/strong> &#8211; Constru\u00edda com materiais robustos e de alta qualidade para um desempenho duradouro.<\/p>\n<\/li>\n<li data-start=\"2530\" data-end=\"2629\">\n<p data-start=\"2532\" data-end=\"2629\"><strong data-start=\"2532\" data-end=\"2550\">Design compacto<\/strong> &#8211; Poupan\u00e7a de espa\u00e7o e adequado para integra\u00e7\u00e3o numa vasta gama de ambientes.<\/p>\n<\/li>\n<\/ul>\n<h2 data-start=\"2636\" data-end=\"2656\"><strong data-start=\"2639\" data-end=\"2656\">Informa\u00e7\u00f5es pormenorizadas<\/strong><\/h2>\n<ul data-start=\"2657\" data-end=\"3268\">\n<li data-start=\"2657\" data-end=\"2777\">\n<p data-start=\"2659\" data-end=\"2777\"><strong data-start=\"2659\" data-end=\"2681\">\u00c1reas de aplica\u00e7\u00e3o:<\/strong> Salas de aula, escrit\u00f3rios, cl\u00ednicas, hospitais, salas de reuni\u00f5es e outros espa\u00e7os interiores de m\u00e9dia dimens\u00e3o.<\/p>\n<\/li>\n<li data-start=\"2778\" data-end=\"3187\">\n<p data-start=\"2780\" data-end=\"2805\"><strong data-start=\"2780\" data-end=\"2803\">Processo de filtragem:<\/strong><\/p>\n<ol data-start=\"2808\" data-end=\"3187\">\n<li data-start=\"2808\" data-end=\"2872\">\n<p data-start=\"2811\" data-end=\"2872\"><strong data-start=\"2811\" data-end=\"2828\">Pr\u00e9-filtro G4<\/strong> &#8211; Captura grandes part\u00edculas de p\u00f3 e cabelos.<\/p>\n<\/li>\n<li data-start=\"2875\" data-end=\"2960\">\n<p data-start=\"2878\" data-end=\"2960\"><strong data-start=\"2878\" data-end=\"2897\">Filtro HEPA H13<\/strong> &#8211; Remove part\u00edculas finas como p\u00f3len, bact\u00e9rias e v\u00edrus.<\/p>\n<\/li>\n<li data-start=\"2963\" data-end=\"3031\">\n<p data-start=\"2966\" data-end=\"3031\"><strong data-start=\"2966\" data-end=\"2993\">Filtro de carv\u00e3o ativado<\/strong> &#8211; Absorve odores, fumo e gases.<\/p>\n<\/li>\n<li data-start=\"3034\" data-end=\"3105\">\n<p data-start=\"3037\" data-end=\"3105\"><strong data-start=\"3037\" data-end=\"3059\">Esteriliza\u00e7\u00e3o UV-C<\/strong> &#8211; Neutraliza os microorganismos e os agentes patog\u00e9nicos.<\/p>\n<\/li>\n<li data-start=\"3108\" data-end=\"3187\">\n<p data-start=\"3111\" data-end=\"3187\"><strong data-start=\"3111\" data-end=\"3131\">Silenciador especial<\/strong> &#8211; Reduz o ru\u00eddo operacional para ambientes mais silenciosos.<\/p>\n<\/li>\n<\/ol>\n<\/li>\n<li data-start=\"3188\" data-end=\"3268\">\n<p data-start=\"3190\" data-end=\"3268\"><strong data-start=\"3190\" data-end=\"3206\">Manuten\u00e7\u00e3o:<\/strong> Filtros de f\u00e1cil acesso com processo de substitui\u00e7\u00e3o simples.<\/p>\n<\/li>\n<\/ul>\n<h2 data-start=\"3275\" data-end=\"3306\"><strong data-start=\"3278\" data-end=\"3306\">Especifica\u00e7\u00f5es t\u00e9cnicas<\/strong><\/h2>\n<div class=\"_tableContainer_sk2ct_1\">\n<div class=\"_tableWrapper_sk2ct_13 group flex w-fit flex-col-reverse\">\n<table class=\"w-fit min-w-(--thread-content-width)\" data-start=\"3308\" data-end=\"4007\">\n<tbody data-start=\"3403\" data-end=\"4007\">\n<tr data-start=\"3403\" data-end=\"3449\">\n<td data-start=\"3403\" data-end=\"3429\" data-col-size=\"sm\"><strong data-start=\"3405\" data-end=\"3421\">Taxa de fluxo de ar<\/strong><\/td>\n<td data-col-size=\"md\" data-start=\"3429\" data-end=\"3449\">300 m\u00b3\/h<\/td>\n<\/tr>\n<tr data-start=\"3450\" data-end=\"3496\">\n<td data-start=\"3450\" data-end=\"3476\" data-col-size=\"sm\"><strong data-start=\"3452\" data-end=\"3473\">Consumo de energia<\/strong><\/td>\n<td data-col-size=\"md\" data-start=\"3476\" data-end=\"3496\">45 W &#8211; 92 W<\/td>\n<\/tr>\n<tr data-start=\"3497\" data-end=\"3543\">\n<td data-start=\"3497\" data-end=\"3523\" data-col-size=\"sm\"><strong data-start=\"3499\" data-end=\"3518\">Pot\u00eancia da l\u00e2mpada UV-C<\/strong><\/td>\n<td data-col-size=\"md\" data-start=\"3523\" data-end=\"3543\">36 W<\/td>\n<\/tr>\n<tr data-start=\"3544\" data-end=\"3596\">\n<td data-start=\"3544\" data-end=\"3570\" data-col-size=\"sm\"><strong data-start=\"3546\" data-end=\"3558\">Tipo de ventilador<\/strong><\/td>\n<td data-col-size=\"md\" data-start=\"3570\" data-end=\"3596\">Ventilador EC de alta efici\u00eancia<\/td>\n<\/tr>\n<tr data-start=\"3597\" data-end=\"3678\">\n<td data-start=\"3597\" data-end=\"3623\" data-col-size=\"sm\"><strong data-start=\"3599\" data-end=\"3620\">Fases de filtragem<\/strong><\/td>\n<td data-col-size=\"md\" data-start=\"3623\" data-end=\"3678\">Pr\u00e9-filtro G4, H13 HEPA, carv\u00e3o ativado, silenciador<\/td>\n<\/tr>\n<tr data-start=\"3679\" data-end=\"3731\">\n<td data-start=\"3679\" data-end=\"3705\" data-col-size=\"sm\"><strong data-start=\"3681\" data-end=\"3700\">Efici\u00eancia HEPA<\/strong><\/td>\n<td data-col-size=\"md\" data-start=\"3705\" data-end=\"3731\">99,95 % (norma H13)<\/td>\n<\/tr>\n<tr data-start=\"3732\" data-end=\"3805\">\n<td data-start=\"3732\" data-end=\"3757\" data-col-size=\"sm\"><strong data-start=\"3734\" data-end=\"3749\">N\u00edvel sonoro<\/strong><\/td>\n<td data-col-size=\"md\" data-start=\"3757\" data-end=\"3805\">Funcionamento silencioso com silenciador integrado<\/td>\n<\/tr>\n<tr data-start=\"3806\" data-end=\"3851\">\n<td data-start=\"3806\" data-end=\"3831\" data-col-size=\"sm\"><strong data-start=\"3808\" data-end=\"3829\">Tens\u00e3o de funcionamento<\/strong><\/td>\n<td data-col-size=\"md\" data-start=\"3831\" data-end=\"3851\">230V \/ 50Hz<\/td>\n<\/tr>\n<tr data-start=\"3852\" data-end=\"3899\">\n<td data-start=\"3852\" data-end=\"3877\" data-col-size=\"sm\"><strong data-start=\"3854\" data-end=\"3868\">Dimens\u00f5es<\/strong><\/td>\n<td data-col-size=\"md\" data-start=\"3877\" data-end=\"3899\">520 \u00d7 505 \u00d7 840 mm<\/td>\n<\/tr>\n<tr data-start=\"3900\" data-end=\"3944\">\n<td data-start=\"3900\" data-end=\"3924\" data-col-size=\"sm\"><strong data-start=\"3902\" data-end=\"3912\">Peso<\/strong><\/td>\n<td data-col-size=\"md\" data-start=\"3924\" data-end=\"3944\"><strong data-start=\"3926\" data-end=\"3935\">40 kg<\/strong><\/td>\n<\/tr>\n<tr data-start=\"3945\" data-end=\"4007\">\n<td data-start=\"3945\" data-end=\"3969\" data-col-size=\"sm\"><strong data-start=\"3947\" data-end=\"3957\">Caixa<\/strong><\/td>\n<td data-col-size=\"md\" data-start=\"3969\" data-end=\"4007\">A\u00e7o com revestimento em p\u00f3 para maior durabilidade<\/td>\n<\/tr>\n<\/tbody>\n<\/table>\n<\/div>\n<\/div>\n<p data-start=\"1420\" data-end=\"1709\">\n","protected":false},"excerpt":{"rendered":"<p>O <strong data-start=\"281\" data-end=\"299\">Purifa 300<\/strong> \u00e9 uma <strong data-start=\"322\" data-end=\"347\">unidade de purifica\u00e7\u00e3o de ar<\/strong> de alto desempenho concebida para salas de aula, escrit\u00f3rios, instala\u00e7\u00f5es de sa\u00fade e espa\u00e7os comerciais. Com um <strong data-start=\"440\" data-end=\"473\">sistema de filtra\u00e7\u00e3o multi-etapas<\/strong> que inclui <strong data-start=\"479\" data-end=\"558\">pr\u00e9-filtro G4, filtro HEPA H13, filtro de carv\u00e3o ativado, esteriliza\u00e7\u00e3o UV-C<\/strong> e uma <strong data-start=\"566\" data-end=\"592\">ventoinha EC de alta efici\u00eancia<\/strong>, proporciona at\u00e9 <strong data-start=\"612\" data-end=\"624\">300 m\u00b3\/h<\/strong> de ar limpo e purificado. <\/p>\n<p>Ideal para WCs, vesti\u00e1rios e casas de banho compactas, oferece uma forma simples e discreta de apoiar a ventila\u00e7\u00e3o di\u00e1ria. O seu design discreto permite integrar-se facilmente em interiores modernos, enquanto o fluxo de ar fi\u00e1vel ajuda a evitar que o ar viciado persista. F\u00e1cil de integrar em sistemas de ventila\u00e7\u00e3o existentes, o <strong>Purifa 300<\/strong> \u00e9 uma escolha pr\u00e1tica para casas que necessitam de ventila\u00e7\u00e3o eficaz sem equipamento volumoso.  <\/p>\n<p><strong>Documentos<\/strong><\/p>\n<ul>\n<li><a href=\"https:\/\/paxspain.com\/wp-content\/uploads\/2025\/08\/BSK-Purifa-user-manual.pdf\">Manual do utilizador da BSK Purifa 300 &#8211; Ingl\u00eas<\/a><\/li>\n<li><a href=\"https:\/\/paxspain.com\/wp-content\/uploads\/2025\/08\/BSK-Purifa-User-Manual-Spanish.pdf\">Manual do utilizador da BSK Purifa 300 &#8211; Espanhol<\/a><\/li>\n<\/ul>\n<p>&nbsp;<\/p>\n","protected":false},"featured_media":8597,"comment_status":"closed","ping_status":"closed","template":"","meta":{"_et_pb_use_builder":"","_et_pb_old_content":"","_et_gb_content_width":""},"product_brand":[193],"product_cat":[110],"product_tag":[],"class_list":{"0":"post-8721","1":"product","2":"type-product","3":"status-publish","4":"has-post-thumbnail","6":"product_brand-bsk","7":"product_cat-purificadores-de-ar","8":"pa_product-type-purificador-de-ar","10":"first","11":"instock","12":"taxable","13":"shipping-taxable","14":"purchasable","15":"product-type-simple"},"jetpack_sharing_enabled":true,"_links":{"self":[{"href":"https:\/\/paxspain.com\/pt-pt\/wp-json\/wp\/v2\/product\/8721","targetHints":{"allow":["GET"]}}],"collection":[{"href":"https:\/\/paxspain.com\/pt-pt\/wp-json\/wp\/v2\/product"}],"about":[{"href":"https:\/\/paxspain.com\/pt-pt\/wp-json\/wp\/v2\/types\/product"}],"replies":[{"embeddable":true,"href":"https:\/\/paxspain.com\/pt-pt\/wp-json\/wp\/v2\/comments?post=8721"}],"wp:featuredmedia":[{"embeddable":true,"href":"https:\/\/paxspain.com\/pt-pt\/wp-json\/wp\/v2\/media\/8597"}],"wp:attachment":[{"href":"https:\/\/paxspain.com\/pt-pt\/wp-json\/wp\/v2\/media?parent=8721"}],"wp:term":[{"taxonomy":"product_brand","embeddable":true,"href":"https:\/\/paxspain.com\/pt-pt\/wp-json\/wp\/v2\/product_brand?post=8721"},{"taxonomy":"product_cat","embeddable":true,"href":"https:\/\/paxspain.com\/pt-pt\/wp-json\/wp\/v2\/product_cat?post=8721"},{"taxonomy":"product_tag","embeddable":true,"href":"https:\/\/paxspain.com\/pt-pt\/wp-json\/wp\/v2\/product_tag?post=8721"}],"curies":[{"name":"wp","href":"https:\/\/api.w.org\/{rel}","templated":true}]}}