{"id":8723,"date":"2025-08-19T13:05:32","date_gmt":"2025-08-19T11:05:32","guid":{"rendered":"https:\/\/paxspain.com\/product\/vent-axia-lo-carbon-ventilador-silencioso-continuo-humidade-temporizador-grelha-fechada\/"},"modified":"2026-02-26T18:58:48","modified_gmt":"2026-02-26T17:58:48","slug":"vent-axia-lo-carbon-ventilador-silencioso-continuo-humidade-temporizador-grelha-fechada","status":"publish","type":"product","link":"https:\/\/paxspain.com\/pt-pt\/produto\/vent-axia-lo-carbon-ventilador-silencioso-continuo-humidade-temporizador-grelha-fechada\/","title":{"rendered":"Grelha Fechada Silenciosa Lo-Carbon (com fun\u00e7\u00e3o Cont\u00ednua + Humid\u00f3stato + Temporizador)"},"content":{"rendered":"<h2>Informa\u00e7\u00f5es t\u00e9cnicas<\/h2>\n<div class=\"field field--name-field-product-ventilation-type field--type-entity-reference field--label-inline clearfix\">\n<div>\n<table>\n<tbody>\n<tr>\n<td><strong>N\u00edvel de ru\u00eddo<\/strong><\/td>\n<td>A partir de 12 dB(A) a 3 m (baixa velocidade)<\/td>\n<\/tr>\n<tr>\n<td><strong>Fluxo de ar (l\/s)<\/strong><\/td>\n<td>Fluxo lento: 6 l\/s; Boost: ajust\u00e1vel +10 l\/s at\u00e9 24 l\/s<\/td>\n<\/tr>\n<tr>\n<td><strong>Consumo de energia<\/strong><\/td>\n<td>1,7 W a baixa velocidade; 7,5 W a alta velocidade (aprox.)<\/td>\n<\/tr>\n<tr>\n<td><strong>Vida \u00fatil do motor<\/strong><\/td>\n<td>Classificado at\u00e9 40.000 horas<\/td>\n<\/tr>\n<tr>\n<td><strong>Garantia<\/strong><\/td>\n<td>5 anos<\/td>\n<\/tr>\n<tr>\n<td><strong>Classifica\u00e7\u00e3o IP<\/strong><\/td>\n<td>IPX5<\/td>\n<\/tr>\n<tr>\n<td><strong>Classifica\u00e7\u00e3o da zona<\/strong><\/td>\n<td>Adequado para a Zona 1<\/td>\n<\/tr>\n<tr>\n<td><strong>Constru\u00e7\u00e3o<\/strong><\/td>\n<td>Grelha fechada; inclui persiana de contra-corrente; 0,7 kg<\/td>\n<\/tr>\n<tr>\n<td><strong>Op\u00e7\u00f5es de montagem<\/strong><\/td>\n<td>Montagem em parede, teto, janela ou painel<\/td>\n<\/tr>\n<\/tbody>\n<\/table>\n<h2 data-start=\"449\" data-end=\"474\"><\/h2>\n<h2 data-start=\"449\" data-end=\"474\"><strong data-start=\"452\" data-end=\"472\">Descri\u00e7\u00e3o<\/strong><\/h2>\n<p data-start=\"475\" data-end=\"1065\">O <strong data-start=\"479\" data-end=\"503\">Lo-Carbon Silent Fan<\/strong> \u00e9 um elegante ventilador de extra\u00e7\u00e3o axial de 100 mm da gama Silent da Vent-Axia, concebido para ventila\u00e7\u00e3o cont\u00ednua com controlo inteligente da humidade. As suas defini\u00e7\u00f5es de velocidade vari\u00e1vel permitem uma afina\u00e7\u00e3o precisa do caudal de ar na instala\u00e7\u00e3o, de modo a satisfazer as necessidades de fluxo e de impulso. Quando a humidade excede um limiar predefinido, o ventilador muda automaticamente para o modo de impulso, continuando depois a funcionar durante um per\u00edodo fixo de 15 minutos. O ventilador foi concebido para um funcionamento ultra-silencioso &#8211; a partir de apenas 12 dB(A) a 3 metros &#8211; tornando-o ideal para casas de banho, sanit\u00e1rios, cozinhas e outras \u00e1reas sens\u00edveis.   <\/p>\n<p data-start=\"1067\" data-end=\"1411\">Constru\u00edda com um motor de alta efici\u00eancia e longa dura\u00e7\u00e3o, classificado at\u00e9 40.000 horas de funcionamento, e apoiada por uma garantia de 5 anos, esta unidade com classifica\u00e7\u00e3o IPX5 est\u00e1 em conformidade com a Zona 1 e cumpre os Documentos Aprovados F e L dos Regulamentos de Constru\u00e7\u00e3o.<\/p>\n<h2 data-start=\"1418\" data-end=\"1437\"><strong data-start=\"1421\" data-end=\"1437\">Carater\u00edsticas principais<\/strong><\/h2>\n<ul data-start=\"1438\" data-end=\"2073\">\n<li data-start=\"1438\" data-end=\"1506\">\n<p data-start=\"1440\" data-end=\"1506\"><strong data-start=\"1440\" data-end=\"1465\">Funcionamento ultra-silencioso<\/strong> &#8211; Ru\u00eddo t\u00e3o baixo como 12 dB(A) a 3 metros<\/p>\n<\/li>\n<li data-start=\"1507\" data-end=\"1612\">\n<p data-start=\"1509\" data-end=\"1612\"><strong data-start=\"1509\" data-end=\"1535\">Controlo de velocidade vari\u00e1vel<\/strong> &#8211; Defini\u00e7\u00f5es ajust\u00e1veis de caudal de ar de impulso e de gotejamento para uma coloca\u00e7\u00e3o em funcionamento flex\u00edvel<\/p>\n<\/li>\n<li data-start=\"1613\" data-end=\"1719\">\n<p data-start=\"1615\" data-end=\"1719\"><strong data-start=\"1615\" data-end=\"1643\">Refor\u00e7o ativado pela humidade<\/strong> &#8211; Refor\u00e7o autom\u00e1tico quando os n\u00edveis de humidade aumentam, mais um temporizador de 15 minutos<\/p>\n<\/li>\n<li data-start=\"1720\" data-end=\"1792\">\n<p data-start=\"1722\" data-end=\"1792\"><strong data-start=\"1722\" data-end=\"1741\">Motor de longa dura\u00e7\u00e3o<\/strong> &#8211; Classificado at\u00e9 40.000 horas, com 5 anos de garantia<\/p>\n<\/li>\n<li data-start=\"1793\" data-end=\"1858\">\n<p data-start=\"1795\" data-end=\"1858\"><strong data-start=\"1795\" data-end=\"1818\">Classifica\u00e7\u00e3o IPX5 e Zona 1<\/strong> &#8211; Adequado para instala\u00e7\u00f5es na casa de banho<\/p>\n<\/li>\n<li data-start=\"1859\" data-end=\"1946\">\n<p data-start=\"1861\" data-end=\"1946\"><strong data-start=\"1861\" data-end=\"1885\">Em conformidade com os<\/strong> regulamentos &#8211; Cumpre os regulamentos de constru\u00e7\u00e3o do Reino Unido (documentos aprovados F e L)<\/p>\n<\/li>\n<li data-start=\"1947\" data-end=\"2073\">\n<p data-start=\"1949\" data-end=\"2073\"><strong data-start=\"1949\" data-end=\"1975\">Instala\u00e7\u00e3o vers\u00e1til<\/strong> &#8211; Modelo de grelha fechada; adapta-se \u00e0 parede, ao teto, \u00e0 janela ou ao painel com as persianas de contra-corrente inclu\u00eddas<\/p>\n<\/li>\n<\/ul>\n<h2 data-start=\"2080\" data-end=\"2100\"><\/h2>\n<h2 data-start=\"2080\" data-end=\"2100\"><strong data-start=\"2083\" data-end=\"2100\">Informa\u00e7\u00f5es pormenorizadas<\/strong><\/h2>\n<ul data-start=\"2101\" data-end=\"2659\">\n<li data-start=\"2101\" data-end=\"2250\">\n<p data-start=\"2103\" data-end=\"2250\"><strong data-start=\"2103\" data-end=\"2119\">Instala\u00e7\u00e3o<\/strong>: Recorte m\u00ednimo na parede ou no teto; inclui persiana de contra-corrente. A velocidade vari\u00e1vel \u00e9 definida na instala\u00e7\u00e3o de acordo com os requisitos de caudal de ar. <\/p>\n<\/li>\n<li data-start=\"2251\" data-end=\"2390\">\n<p data-start=\"2253\" data-end=\"2390\"><strong data-start=\"2253\" data-end=\"2272\">Ciclo de funcionamento<\/strong>: Funciona continuamente; aumenta a pot\u00eancia quando \u00e9 detectada humidade; ap\u00f3s o aumento, continua durante 15 minutos antes de voltar a funcionar por gotejamento.<\/p>\n<\/li>\n<li data-start=\"2391\" data-end=\"2524\">\n<p data-start=\"2393\" data-end=\"2524\"><strong data-start=\"2393\" data-end=\"2412\">Op\u00e7\u00f5es de controlo<\/strong>: Sem controlo remoto manual &#8211; os limiares de velocidade e humidade s\u00e3o definidos atrav\u00e9s de ajustes internos do potenci\u00f3metro durante a instala\u00e7\u00e3o.<\/p>\n<\/li>\n<li data-start=\"2525\" data-end=\"2659\">\n<p data-start=\"2527\" data-end=\"2659\"><strong data-start=\"2527\" data-end=\"2548\">\u00c1reas de aplica\u00e7\u00e3o<\/strong>: Ideal para casas de banho, sanit\u00e1rios, salas de servi\u00e7o, cozinhas &#8211; em qualquer lugar onde seja necess\u00e1ria uma ventila\u00e7\u00e3o discreta e eficiente.<\/p>\n<\/li>\n<\/ul>\n<\/div>\n<\/div>\n","protected":false},"excerpt":{"rendered":"<p>A <strong data-start=\"166\" data-end=\"226\">ventoinha silenciosa Lo-Carbon de 100 mm (cont\u00ednua, temporizador de humidade)<\/strong> proporciona uma ventila\u00e7\u00e3o silenciosa e eficiente em termos energ\u00e9ticos, com velocidade ajust\u00e1vel, refor\u00e7o autom\u00e1tico ativado pela humidade e um motor duradouro de longa dura\u00e7\u00e3o &#8211; ideal para uma ventila\u00e7\u00e3o discreta e fi\u00e1vel em casas de banho e espa\u00e7os utilit\u00e1rios.<\/p>\n<p>Documentos:<\/p>\n<ul>\n<li><a href=\"https:\/\/paxspain.com\/wp-content\/uploads\/2025\/08\/silent_fan_fw.pdf\">Vent-Axia Lo-Carbon ventilador silencioso Guia de Instala\u00e7\u00e3o &#8211; Ingl\u00eas<\/a><\/li>\n<li><a href=\"https:\/\/paxspain.com\/wp-content\/uploads\/2025\/08\/VA-Silent-Fan-VG479089VA-Spanish.pdf\">Vent-Axia Lo-Carbon ventilador silencioso guia de instala\u00e7\u00e3o &#8211; Espanhol<\/a><\/li>\n<li><a href=\"https:\/\/paxspain.com\/wp-content\/uploads\/2025\/08\/VA_LC_Silent_Fan_Catalogue.pdf\">Vent-Axia Lo-Carbon ventilador silencioso Catalogue &#8211; Ingl\u00eas<\/a><\/li>\n<li><a href=\"https:\/\/paxspain.com\/wp-content\/uploads\/2025\/08\/VA_LC_Silent_Fan_Homeowner.pdf\">Vent-Axia Lo-Carbon ventilador silencioso Guia do Propriet\u00e1rio &#8211; Ingl\u00eas<\/a><\/li>\n<\/ul>\n<p><iframe loading=\"lazy\" title=\"Ventilador Silencioso Lo-Carbon - Grelha Fechada\" src=\"https:\/\/www.youtube.com\/embed\/d3cvsyqTNEI\" width=\"990\" height=\"557\" frameborder=\"0\" allowfullscreen=\"allowfullscreen\"><\/iframe><\/p>\n<p>&nbsp;<\/p>\n","protected":false},"featured_media":8500,"comment_status":"closed","ping_status":"closed","template":"","meta":{"_et_pb_use_builder":"","_et_pb_old_content":"","_et_gb_content_width":""},"product_brand":[194],"product_cat":[79],"product_tag":[],"class_list":{"0":"post-8723","1":"product","2":"type-product","3":"status-publish","4":"has-post-thumbnail","6":"product_brand-vent-axia","7":"product_cat-produtos-de-ventilacao","8":"pa_product-type-ventilador-de-casa-de-banho","10":"first","11":"instock","12":"sale","13":"taxable","14":"shipping-taxable","15":"purchasable","16":"product-type-simple"},"jetpack_sharing_enabled":true,"_links":{"self":[{"href":"https:\/\/paxspain.com\/pt-pt\/wp-json\/wp\/v2\/product\/8723","targetHints":{"allow":["GET"]}}],"collection":[{"href":"https:\/\/paxspain.com\/pt-pt\/wp-json\/wp\/v2\/product"}],"about":[{"href":"https:\/\/paxspain.com\/pt-pt\/wp-json\/wp\/v2\/types\/product"}],"replies":[{"embeddable":true,"href":"https:\/\/paxspain.com\/pt-pt\/wp-json\/wp\/v2\/comments?post=8723"}],"wp:featuredmedia":[{"embeddable":true,"href":"https:\/\/paxspain.com\/pt-pt\/wp-json\/wp\/v2\/media\/8500"}],"wp:attachment":[{"href":"https:\/\/paxspain.com\/pt-pt\/wp-json\/wp\/v2\/media?parent=8723"}],"wp:term":[{"taxonomy":"product_brand","embeddable":true,"href":"https:\/\/paxspain.com\/pt-pt\/wp-json\/wp\/v2\/product_brand?post=8723"},{"taxonomy":"product_cat","embeddable":true,"href":"https:\/\/paxspain.com\/pt-pt\/wp-json\/wp\/v2\/product_cat?post=8723"},{"taxonomy":"product_tag","embeddable":true,"href":"https:\/\/paxspain.com\/pt-pt\/wp-json\/wp\/v2\/product_tag?post=8723"}],"curies":[{"name":"wp","href":"https:\/\/api.w.org\/{rel}","templated":true}]}}