{"id":9233,"date":"2025-11-10T11:12:06","date_gmt":"2025-11-10T10:12:06","guid":{"rendered":"https:\/\/paxspain.com\/product\/pax-salsa-duo\/"},"modified":"2026-02-26T18:58:56","modified_gmt":"2026-02-26T17:58:56","slug":"pax-salsa-duo","status":"publish","type":"product","link":"https:\/\/paxspain.com\/pt-pt\/produto\/pax-salsa-duo\/","title":{"rendered":"Salsa Duo"},"content":{"rendered":"<h3><span style=\"color: #666666; font-size: 14px;\">O aquecedor de toalhas Pax Duo Salsa traz funcionalidade e requinte a qualquer casa de banho. Com os seus seis degraus suavemente curvados, oferece um amplo espa\u00e7o para v\u00e1rias toalhas, mantendo um perfil fino e elegante. Fabricado em a\u00e7o inoxid\u00e1vel, o Salsa est\u00e1 dispon\u00edvel em preto polido ou mate para se adequar \u00e0 tua decora\u00e7\u00e3o.  <\/span><\/h3>\n<h3 class=\"hidden-lg\"><span style=\"color: #666666; font-size: 14px;\">Concebida para maior comodidade, a Salsa inclui temporizadores \u00fanicos e repetitivos (3 ou 6 horas), n\u00edveis de pot\u00eancia ajust\u00e1veis (75% ou 50%) e uma liga\u00e7\u00e3o el\u00e9ctrica de dupla face para uma instala\u00e7\u00e3o flex\u00edvel. Cumprindo as normas de conce\u00e7\u00e3o ecol\u00f3gica de 2025, combina tecnologia \u00e0 prova de futuro com artesanato escandinavo &#8211; uma adi\u00e7\u00e3o elegante e eficiente a qualquer casa. <\/span><\/h3>\n<h3 class=\"hidden-lg\">Medidas<\/h3>\n<div class=\"content\">\n<div class=\"row js-clear-empty \" data-rowid=\"190\">\n<div class=\"col-sm-12 \" data-columnid=\"308\">\n<div class=\"row attribute-categories js-hide-row \" data-rowid=\"192\">\n<div class=\"col-sm-12 \" data-columnid=\"312\">\n<section id=\"section_440\" class=\"section section_ProductAttributes section_440 \" data-lazysection-routevalues=\"{\"sectionid\":440}\" data-lazyload=\"false\" data-action=\"ProductDetail\/AttributeSection\" data-sectionid=\"440\" data-view=\"ProductDetail\/_AttributePlaceholders_Single_List\">\n<div class=\"product-additional-content\">\n<dl class=\"dl-horizontal\">\n<dt>Largura do produto:<\/dt>\n<dd>540 mm<\/dd>\n<dt>Altura do produto:<\/dt>\n<dd>700 mm<\/dd>\n<dt>Profundidade do produto:<\/dt>\n<dd>120 mm<\/dd>\n<dt>Peso do produto:<\/dt>\n<dd>2,632 kg<\/dd>\n<\/dl>\n<\/div>\n<\/section>\n<\/div>\n<\/div>\n<div class=\"row attribute-categories js-hide-row \" data-rowid=\"193\">\n<div class=\"col-sm-12 \" data-columnid=\"314\">\n<section id=\"section_445\" class=\"section section_Content section_445 \" data-lazysection-routevalues=\"{\"sectionid\":445}\" data-lazyload=\"false\" data-action=\"Home\/ContentSection\" data-sectionid=\"445\" data-view=\"Content\/_ContentDetail\">\n<h3>Carater\u00edsticas<\/h3>\n<\/section>\n<section id=\"section_442\" class=\"section section_ProductAttributes section_442 \" data-lazysection-routevalues=\"{\"sectionid\":442}\" data-lazyload=\"false\" data-action=\"ProductDetail\/AttributeSection\" data-sectionid=\"442\" data-view=\"ProductDetail\/_AttributePlaceholders_Single_List\">\n<div class=\"product-additional-content\">\n<dl class=\"dl-horizontal\">\n<dt>Funciona:<\/dt>\n<dd>Controlo de pot\u00eancia, Temporizador repetitivo, Temporizador<\/dd>\n<dt>Tipo de instala\u00e7\u00e3o, parede, teto, etc:<\/dt>\n<dd>Parede<\/dd>\n<dt>Max Watt(W):<\/dt>\n<dd>55 W<\/dd>\n<dt>Tens\u00e3o de alimenta\u00e7\u00e3o (12V-400V):<\/dt>\n<dd>230V AC<\/dd>\n<dt>Fase de alimenta\u00e7\u00e3o el\u00e9ctrica:<\/dt>\n<dd>1 fase<\/dd>\n<dt>Classe de isolamento:<\/dt>\n<dd>I (deve ser ligado \u00e0 terra de forma protetora)<\/dd>\n<dt>Prote\u00e7\u00e3o ( Ip ):<\/dt>\n<dd>IP X4<\/dd>\n<dt>Material:<\/dt>\n<dd>A\u00e7o inoxid\u00e1vel<\/dd>\n<\/dl>\n<\/div>\n<\/section>\n<\/div>\n<\/div>\n<\/div>\n<\/div>\n<\/div>\n","protected":false},"excerpt":{"rendered":"<p>Um elegante toalheiro de seis barras que combina curvas modernas com controlos inteligentes. O Pax Duo Salsa oferece luxo quotidiano com efici\u00eancia energ\u00e9tica e apelo intemporal \u2013 dispon\u00edvel em a\u00e7o inoxid\u00e1vel polido ou preto mate. <\/p>\n","protected":false},"featured_media":9158,"comment_status":"closed","ping_status":"closed","template":"","meta":{"_et_pb_use_builder":"","_et_pb_old_content":"","_et_gb_content_width":""},"product_brand":[133],"product_cat":[77,78],"product_tag":[],"class_list":{"0":"post-9233","1":"product","2":"type-product","3":"status-publish","4":"has-post-thumbnail","6":"product_brand-pax","7":"product_cat-aquecedores-de-toalhas","8":"product_cat-edicao-preta","9":"product_shipping_class-aquecedor-de-toalhas-envio-gratuito","10":"pa_product-type-toalheiro-aquecido","12":"first","13":"instock","14":"taxable","15":"shipping-taxable","16":"purchasable","17":"product-type-variable"},"jetpack_sharing_enabled":true,"_links":{"self":[{"href":"https:\/\/paxspain.com\/pt-pt\/wp-json\/wp\/v2\/product\/9233","targetHints":{"allow":["GET"]}}],"collection":[{"href":"https:\/\/paxspain.com\/pt-pt\/wp-json\/wp\/v2\/product"}],"about":[{"href":"https:\/\/paxspain.com\/pt-pt\/wp-json\/wp\/v2\/types\/product"}],"replies":[{"embeddable":true,"href":"https:\/\/paxspain.com\/pt-pt\/wp-json\/wp\/v2\/comments?post=9233"}],"wp:featuredmedia":[{"embeddable":true,"href":"https:\/\/paxspain.com\/pt-pt\/wp-json\/wp\/v2\/media\/9158"}],"wp:attachment":[{"href":"https:\/\/paxspain.com\/pt-pt\/wp-json\/wp\/v2\/media?parent=9233"}],"wp:term":[{"taxonomy":"product_brand","embeddable":true,"href":"https:\/\/paxspain.com\/pt-pt\/wp-json\/wp\/v2\/product_brand?post=9233"},{"taxonomy":"product_cat","embeddable":true,"href":"https:\/\/paxspain.com\/pt-pt\/wp-json\/wp\/v2\/product_cat?post=9233"},{"taxonomy":"product_tag","embeddable":true,"href":"https:\/\/paxspain.com\/pt-pt\/wp-json\/wp\/v2\/product_tag?post=9233"}],"curies":[{"name":"wp","href":"https:\/\/api.w.org\/{rel}","templated":true}]}}