{"id":9239,"date":"2025-11-10T11:21:23","date_gmt":"2025-11-10T10:21:23","guid":{"rendered":"https:\/\/paxspain.com\/product\/pax-samba-duo\/"},"modified":"2026-02-26T18:59:01","modified_gmt":"2026-02-26T17:59:01","slug":"pax-samba-duo","status":"publish","type":"product","link":"https:\/\/paxspain.com\/pt-pt\/produto\/pax-samba-duo\/","title":{"rendered":"Samba Duo"},"content":{"rendered":"<p data-start=\"1829\" data-end=\"2119\">Perfeita para <strong data-start=\"1841\" data-end=\"1875\">casas de banho mais pequenas ou para as suites<\/strong>, a <strong data-start=\"1881\" data-end=\"1898\">Pax Duo Samba<\/strong> combina efici\u00eancia de espa\u00e7o com um design intemporal. Os seus <strong data-start=\"1951\" data-end=\"1973\">cinco degraus arredondados<\/strong> oferecem uma excelente coloca\u00e7\u00e3o de toalhas, enquanto a <strong data-start=\"2017\" data-end=\"2041\">largura mais fina de 450 mm<\/strong> garante que se encaixa perfeitamente em espa\u00e7os mais apertados sem comprometer o desempenho. <\/p>\n<p data-start=\"2121\" data-end=\"2428\">Tal como o resto da gama Pax Duo, o Samba possui <strong data-start=\"2176\" data-end=\"2219\">controlos de temporizador intuitivos (3 ou 6 horas)<\/strong>, <strong data-start=\"2221\" data-end=\"2248\">sa\u00edda de pot\u00eancia ajust\u00e1vel<\/strong> e <strong data-start=\"2254\" data-end=\"2283\">cablagem do lado esquerdo ou direito<\/strong> para uma instala\u00e7\u00e3o f\u00e1cil. Escolhe entre <strong data-start=\"2322\" data-end=\"2350\">a\u00e7o inoxid\u00e1vel polido<\/strong> para um acabamento brilhante e cl\u00e1ssico ou <strong data-start=\"2383\" data-end=\"2398\">preto mate<\/strong> para uma afirma\u00e7\u00e3o contempor\u00e2nea. <\/p>\n<p data-start=\"2430\" data-end=\"2558\">Amigo do ambiente e com a marca CE\/S para seguran\u00e7a, o Samba \u00e9 um aquecedor de toalhas fi\u00e1vel e de baixo consumo, constru\u00eddo para o conforto e a durabilidade.<\/p>\n<h3 class=\"hidden-lg\">Medidas<\/h3>\n<div class=\"content\">\n<div class=\"row js-clear-empty \" data-rowid=\"190\">\n<div class=\"col-sm-12 \" data-columnid=\"308\">\n<div class=\"row attribute-categories js-hide-row \" data-rowid=\"191\">\n<div class=\"col-sm-12 \" data-columnid=\"310\">\n<section id=\"section_437\" class=\"section section_ProductAttributes section_437 \" data-lazysection-routevalues=\"{\"sectionid\":437}\" data-lazyload=\"false\" data-action=\"ProductDetail\/AttributeSection\" data-sectionid=\"437\" data-view=\"ProductDetail\/_AttributePlaceholders_Single_List\">\n<div class=\"product-additional-content\">\n<dl class=\"dl-horizontal\">\n<dt>\n<div class=\"row attribute-categories js-hide-row \" data-rowid=\"192\">\n<div class=\"col-sm-12 \" data-columnid=\"312\">\n<section id=\"section_440\" class=\"section section_ProductAttributes section_440 \" data-lazysection-routevalues=\"{\"sectionid\":440}\" data-lazyload=\"false\" data-action=\"ProductDetail\/AttributeSection\" data-sectionid=\"440\" data-view=\"ProductDetail\/_AttributePlaceholders_Single_List\">\n<div class=\"product-additional-content\">\n<dl class=\"dl-horizontal\">\n<dt>Largura do produto:<\/dt>\n<dd>450 mm<\/dd>\n<dt>Altura do produto:<\/dt>\n<dd>700 mm<\/dd>\n<dt>Profundidade do produto:<\/dt>\n<dd>120 mm<\/dd>\n<dt>Peso do produto:<\/dt>\n<dd>2.297 kg<\/dd>\n<\/dl>\n<\/div>\n<\/section>\n<\/div>\n<\/div>\n<div class=\"row attribute-categories js-hide-row \" data-rowid=\"193\">\n<div class=\"col-sm-12 \" data-columnid=\"314\">\n<section id=\"section_445\" class=\"section section_Content section_445 \" data-lazysection-routevalues=\"{\"sectionid\":445}\" data-lazyload=\"false\" data-action=\"Home\/ContentSection\" data-sectionid=\"445\" data-view=\"Content\/_ContentDetail\">\n<h3>Carater\u00edsticas<\/h3>\n<\/section>\n<section id=\"section_442\" class=\"section section_ProductAttributes section_442 \" data-lazysection-routevalues=\"{\"sectionid\":442}\" data-lazyload=\"false\" data-action=\"ProductDetail\/AttributeSection\" data-sectionid=\"442\" data-view=\"ProductDetail\/_AttributePlaceholders_Single_List\">\n<div class=\"product-additional-content\">\n<dl class=\"dl-horizontal\">\n<dt>Funciona:<\/dt>\n<dd>Controlo de pot\u00eancia, Temporizador repetitivo, Temporizador<\/dd>\n<dt>Tipo de instala\u00e7\u00e3o, parede, teto, etc:<\/dt>\n<dd>Parede<\/dd>\n<dt>Max Watt(W):<\/dt>\n<dd>40 W<\/dd>\n<dt>Tens\u00e3o de alimenta\u00e7\u00e3o (12V-400V):<\/dt>\n<dd>230V AC<\/dd>\n<dt>Fase de alimenta\u00e7\u00e3o el\u00e9ctrica:<\/dt>\n<dd>1 fase<\/dd>\n<dt>Classe de isolamento:<\/dt>\n<dd>I (deve ser ligado \u00e0 terra de forma protetora)<\/dd>\n<dt>Prote\u00e7\u00e3o ( Ip ):<\/dt>\n<dd>IP X4<\/dd>\n<dt>Material:<\/dt>\n<dd>A\u00e7o inoxid\u00e1vel<\/dd>\n<\/dl>\n<\/div>\n<\/section>\n<\/div>\n<\/div>\n<\/dt>\n<\/dl>\n<\/div>\n<\/section>\n<\/div>\n<\/div>\n<\/div>\n<\/div>\n<\/div>\n","protected":false},"excerpt":{"rendered":"<p>Compacto e cl\u00e1ssico, o Pax Duo Samba \u00e9 um aquecedor de toalhas de cinco passos concebido para espa\u00e7os mais pequenos. Uma solu\u00e7\u00e3o refinada e economizadora de energia que fornece toalhas quentes e secas com estilo. <\/p>\n","protected":false},"featured_media":9197,"comment_status":"closed","ping_status":"closed","template":"","meta":{"_et_pb_use_builder":"","_et_pb_old_content":"","_et_gb_content_width":""},"product_brand":[133],"product_cat":[77,78],"product_tag":[],"class_list":{"0":"post-9239","1":"product","2":"type-product","3":"status-publish","4":"has-post-thumbnail","6":"product_brand-pax","7":"product_cat-aquecedores-de-toalhas","8":"product_cat-edicao-preta","9":"product_shipping_class-aquecedor-de-toalhas-envio-gratuito","10":"pa_product-type-toalheiro-aquecido","12":"first","13":"instock","14":"taxable","15":"shipping-taxable","16":"purchasable","17":"product-type-variable"},"jetpack_sharing_enabled":true,"_links":{"self":[{"href":"https:\/\/paxspain.com\/pt-pt\/wp-json\/wp\/v2\/product\/9239","targetHints":{"allow":["GET"]}}],"collection":[{"href":"https:\/\/paxspain.com\/pt-pt\/wp-json\/wp\/v2\/product"}],"about":[{"href":"https:\/\/paxspain.com\/pt-pt\/wp-json\/wp\/v2\/types\/product"}],"replies":[{"embeddable":true,"href":"https:\/\/paxspain.com\/pt-pt\/wp-json\/wp\/v2\/comments?post=9239"}],"wp:featuredmedia":[{"embeddable":true,"href":"https:\/\/paxspain.com\/pt-pt\/wp-json\/wp\/v2\/media\/9197"}],"wp:attachment":[{"href":"https:\/\/paxspain.com\/pt-pt\/wp-json\/wp\/v2\/media?parent=9239"}],"wp:term":[{"taxonomy":"product_brand","embeddable":true,"href":"https:\/\/paxspain.com\/pt-pt\/wp-json\/wp\/v2\/product_brand?post=9239"},{"taxonomy":"product_cat","embeddable":true,"href":"https:\/\/paxspain.com\/pt-pt\/wp-json\/wp\/v2\/product_cat?post=9239"},{"taxonomy":"product_tag","embeddable":true,"href":"https:\/\/paxspain.com\/pt-pt\/wp-json\/wp\/v2\/product_tag?post=9239"}],"curies":[{"name":"wp","href":"https:\/\/api.w.org\/{rel}","templated":true}]}}