{"id":9245,"date":"2025-11-10T12:33:07","date_gmt":"2025-11-10T11:33:07","guid":{"rendered":"https:\/\/paxspain.com\/product\/pax-tango-duo\/"},"modified":"2026-02-26T18:37:18","modified_gmt":"2026-02-26T17:37:18","slug":"pax-tango-duo","status":"publish","type":"product","link":"https:\/\/paxspain.com\/pt-pt\/produto\/pax-tango-duo\/","title":{"rendered":"Tango Duo"},"content":{"rendered":"<div class=\"row attribute-categories js-hide-row \" data-rowid=\"192\">\n<div class=\"col-sm-12 \" data-columnid=\"312\">\n<section id=\"section_444\" class=\"section section_Content section_444 \" data-lazysection-routevalues=\"{\"sectionid\":444}\" data-lazyload=\"false\" data-action=\"Home\/ContentSection\" data-sectionid=\"444\" data-view=\"Content\/_ContentDetail\">\n<p data-start=\"2915\" data-end=\"3137\">O <strong data-start=\"2919\" data-end=\"2936\">Pax Duo Tango<\/strong> d\u00e1 um toque arquitet\u00f3nico moderno \u00e0 tua casa de banho. Com os seus <strong data-start=\"3000\" data-end=\"3032\">tubos quadrados de linhas rectas<\/strong> e o seu design de seis degraus, oferece um aspeto estruturado e sofisticado &#8211; ideal para interiores contempor\u00e2neos. <\/p>\n<p data-start=\"3139\" data-end=\"3504\">Constru\u00eddo em <strong data-start=\"3158\" data-end=\"3177\">a\u00e7o inoxid\u00e1vel<\/strong> de primeira qualidade, o Tango est\u00e1 dispon\u00edvel nos acabamentos <strong data-start=\"3210\" data-end=\"3222\">polido<\/strong> e <strong data-start=\"3227\" data-end=\"3242\">preto mate<\/strong>. O seu temporizador de f\u00e1cil utiliza\u00e7\u00e3o permite-lhe selecionar <strong data-start=\"3293\" data-end=\"3323\">ciclos de aquecimento de 3 ou 6 horas<\/strong>, uma vez ou diariamente, enquanto a <strong data-start=\"3369\" data-end=\"3407\">pot\u00eancia pode ser reduzida para 75% ou 50%<\/strong> para poupar energia. As <strong data-start=\"3432\" data-end=\"3459\">op\u00e7\u00f5es de liga\u00e7\u00e3o dupla<\/strong> facilitam a instala\u00e7\u00e3o em ambos os lados.  <\/p>\n<p data-start=\"3506\" data-end=\"3641\">O Tango combina um estilo discreto com um desempenho inovador &#8211; uma escolha inteligente para quem valoriza tanto a est\u00e9tica como o sentido pr\u00e1tico.<\/p>\n<h3>Medidas<\/h3>\n<\/section>\n<section id=\"section_440\" class=\"section section_ProductAttributes section_440 \" data-lazysection-routevalues=\"{\"sectionid\":440}\" data-lazyload=\"false\" data-action=\"ProductDetail\/AttributeSection\" data-sectionid=\"440\" data-view=\"ProductDetail\/_AttributePlaceholders_Single_List\">\n<div class=\"product-additional-content\">\n<dl class=\"dl-horizontal\">\n<dt>Largura do produto:<\/dt>\n<dd>540 mm<\/dd>\n<dt>Altura do produto:<\/dt>\n<dd>700 mm<\/dd>\n<dt>Profundidade do produto:<\/dt>\n<dd>110 mm<\/dd>\n<dt>Peso do produto:<\/dt>\n<dd>3,086 kg<\/dd>\n<\/dl>\n<\/div>\n<\/section>\n<\/div>\n<\/div>\n<div class=\"row attribute-categories js-hide-row \" data-rowid=\"193\">\n<div class=\"col-sm-12 \" data-columnid=\"314\">\n<section id=\"section_445\" class=\"section section_Content section_445 \" data-lazysection-routevalues=\"{\"sectionid\":445}\" data-lazyload=\"false\" data-action=\"Home\/ContentSection\" data-sectionid=\"445\" data-view=\"Content\/_ContentDetail\">\n<h3>Carater\u00edsticas<\/h3>\n<\/section>\n<section id=\"section_442\" class=\"section section_ProductAttributes section_442 \" data-lazysection-routevalues=\"{\"sectionid\":442}\" data-lazyload=\"false\" data-action=\"ProductDetail\/AttributeSection\" data-sectionid=\"442\" data-view=\"ProductDetail\/_AttributePlaceholders_Single_List\">\n<div class=\"product-additional-content\">\n<dl class=\"dl-horizontal\">\n<dt>Funciona:<\/dt>\n<dd>Controlo de pot\u00eancia, Temporizador repetitivo, Temporizador<\/dd>\n<dt>Tipo de instala\u00e7\u00e3o, parede, teto, etc:<\/dt>\n<dd>Parede<\/dd>\n<dt>Max Watt(W):<\/dt>\n<dd>50 W<\/dd>\n<dt>Tens\u00e3o de alimenta\u00e7\u00e3o (12V-400V):<\/dt>\n<dd>230V AC<\/dd>\n<dt>Fase de alimenta\u00e7\u00e3o el\u00e9ctrica:<\/dt>\n<dd>1 fase<\/dd>\n<dt>Classe de isolamento:<\/dt>\n<dd>I (deve ser ligado \u00e0 terra de forma protetora)<\/dd>\n<dt>Prote\u00e7\u00e3o ( Ip ):<\/dt>\n<dd>IP X4<\/dd>\n<dt>Material:<\/dt>\n<dd>A\u00e7o inoxid\u00e1vel<\/dd>\n<\/dl>\n<\/div>\n<\/section>\n<\/div>\n<\/div>\n<div class=\"content\">\n<div class=\"row js-clear-empty \" data-rowid=\"190\">\n<div class=\"col-sm-12 \" data-columnid=\"308\">\n<div class=\"row attribute-categories js-hide-row \" data-rowid=\"193\">\n<div class=\"col-sm-12 \" data-columnid=\"314\">\n<section id=\"section_442\" class=\"section section_ProductAttributes section_442 \" data-lazysection-routevalues=\"{\"sectionid\":442}\" data-lazyload=\"false\" data-action=\"ProductDetail\/AttributeSection\" data-sectionid=\"442\" data-view=\"ProductDetail\/_AttributePlaceholders_Single_List\">\n<p data-start=\"1829\" data-end=\"2119\">.<\/p>\n<\/section>\n<\/div>\n<\/div>\n<\/div>\n<\/div>\n<\/div>\n","protected":false},"excerpt":{"rendered":"<p>Um aquecedor de toalhas minimalista de seis passos com linhas simples e quadradas. O Pax Duo Tango oferece um design moderno, controlo de precis\u00e3o e conforto sustent\u00e1vel em acabamentos em preto polido ou mate. <\/p>\n","protected":false},"featured_media":9204,"comment_status":"closed","ping_status":"closed","template":"","meta":{"_et_pb_use_builder":"","_et_pb_old_content":"","_et_gb_content_width":""},"product_brand":[133],"product_cat":[77,78],"product_tag":[],"class_list":{"0":"post-9245","1":"product","2":"type-product","3":"status-publish","4":"has-post-thumbnail","6":"product_brand-pax","7":"product_cat-aquecedores-de-toalhas","8":"product_cat-edicao-preta","9":"product_shipping_class-aquecedor-de-toalhas-envio-gratuito","10":"pa_product-type-toalheiro-aquecido","12":"first","13":"instock","14":"taxable","15":"shipping-taxable","16":"purchasable","17":"product-type-variable"},"jetpack_sharing_enabled":true,"_links":{"self":[{"href":"https:\/\/paxspain.com\/pt-pt\/wp-json\/wp\/v2\/product\/9245","targetHints":{"allow":["GET"]}}],"collection":[{"href":"https:\/\/paxspain.com\/pt-pt\/wp-json\/wp\/v2\/product"}],"about":[{"href":"https:\/\/paxspain.com\/pt-pt\/wp-json\/wp\/v2\/types\/product"}],"replies":[{"embeddable":true,"href":"https:\/\/paxspain.com\/pt-pt\/wp-json\/wp\/v2\/comments?post=9245"}],"wp:featuredmedia":[{"embeddable":true,"href":"https:\/\/paxspain.com\/pt-pt\/wp-json\/wp\/v2\/media\/9204"}],"wp:attachment":[{"href":"https:\/\/paxspain.com\/pt-pt\/wp-json\/wp\/v2\/media?parent=9245"}],"wp:term":[{"taxonomy":"product_brand","embeddable":true,"href":"https:\/\/paxspain.com\/pt-pt\/wp-json\/wp\/v2\/product_brand?post=9245"},{"taxonomy":"product_cat","embeddable":true,"href":"https:\/\/paxspain.com\/pt-pt\/wp-json\/wp\/v2\/product_cat?post=9245"},{"taxonomy":"product_tag","embeddable":true,"href":"https:\/\/paxspain.com\/pt-pt\/wp-json\/wp\/v2\/product_tag?post=9245"}],"curies":[{"name":"wp","href":"https:\/\/api.w.org\/{rel}","templated":true}]}}