{"id":9251,"date":"2025-11-10T12:47:37","date_gmt":"2025-11-10T11:47:37","guid":{"rendered":"https:\/\/paxspain.com\/product\/pax-foxtrot-duo\/"},"modified":"2026-02-26T18:59:05","modified_gmt":"2026-02-26T17:59:05","slug":"pax-foxtrot-duo","status":"publish","type":"product","link":"https:\/\/paxspain.com\/pt-pt\/produto\/pax-foxtrot-duo\/","title":{"rendered":"Foxtrot Duo"},"content":{"rendered":"<div class=\"row attribute-categories js-hide-row \" data-rowid=\"192\">\n<div class=\"col-sm-12 \" data-columnid=\"312\">\n<section id=\"section_444\" class=\"section section_Content section_444 \" data-lazysection-routevalues=\"{\"sectionid\":444}\" data-lazyload=\"false\" data-action=\"Home\/ContentSection\" data-sectionid=\"444\" data-view=\"Content\/_ContentDetail\">\n<div class=\"row attribute-categories js-hide-row \" data-rowid=\"192\">\n<div class=\"col-sm-12 \" data-columnid=\"312\">\n<section id=\"section_444\" class=\"section section_Content section_444 \" data-lazysection-routevalues=\"{\"sectionid\":444}\" data-lazyload=\"false\" data-action=\"Home\/ContentSection\" data-sectionid=\"444\" data-view=\"Content\/_ContentDetail\">\n<p data-start=\"3993\" data-end=\"4305\">Para quem precisa de mais capacidade de secagem e calor, o <strong data-start=\"4048\" data-end=\"4067\">Pax Duo Foxtrot<\/strong> \u00e9 o derradeiro aquecedor de toalhas. Com <strong data-start=\"4108\" data-end=\"4130\">oito degraus curvos<\/strong> e uma estrutura mais larga, proporciona um desempenho e um impacto visual excepcionais. A sua <strong data-start=\"4209\" data-end=\"4223\">pot\u00eancia de 80 W<\/strong> torna-o ideal para casas de banho maiores, espa\u00e7os familiares partilhados ou ambientes de estilo spa.  <\/p>\n<p data-start=\"4307\" data-end=\"4639\">Fabricado em <strong data-start=\"4317\" data-end=\"4336\">a\u00e7o inoxid\u00e1vel<\/strong> e dispon\u00edvel em <strong data-start=\"4370\" data-end=\"4385\">preto<\/strong> <strong data-start=\"4354\" data-end=\"4366\">polido<\/strong> ou <strong data-start=\"4370\" data-end=\"4385\">mate<\/strong>, o Foxtrot equilibra for\u00e7a e eleg\u00e2ncia. Desfruta de um controlo flex\u00edvel com <strong data-start=\"4459\" data-end=\"4481\">temporizadores de 3 ou 6 horas<\/strong>, <strong data-start=\"4483\" data-end=\"4502\">modo cont\u00ednuo<\/strong> e <strong data-start=\"4508\" data-end=\"4535\">pot\u00eancia de sa\u00edda ajust\u00e1vel<\/strong> (75% ou 50%). A <strong data-start=\"4554\" data-end=\"4584\">liga\u00e7\u00e3o el\u00e9ctrica dupla<\/strong> garante uma instala\u00e7\u00e3o simples e adapt\u00e1vel a qualquer disposi\u00e7\u00e3o.  <\/p>\n<p data-start=\"4641\" data-end=\"4787\">Em conformidade com os pr\u00f3ximos <strong data-start=\"4665\" data-end=\"4690\">regulamentos de conce\u00e7\u00e3o ecol\u00f3gica<\/strong>, o Foxtrot \u00e9 uma escolha preparada para o futuro que une a inova\u00e7\u00e3o escandinava ao conforto quotidiano.<\/p>\n<h3>Medidas<\/h3>\n<\/section>\n<section id=\"section_440\" class=\"section section_ProductAttributes section_440 \" data-lazysection-routevalues=\"{\"sectionid\":440}\" data-lazyload=\"false\" data-action=\"ProductDetail\/AttributeSection\" data-sectionid=\"440\" data-view=\"ProductDetail\/_AttributePlaceholders_Single_List\">\n<div class=\"product-additional-content\">\n<dl class=\"dl-horizontal\">\n<dt>Largura do produto:<\/dt>\n<dd>530 mm<\/dd>\n<dt>Altura do produto:<\/dt>\n<dd>815 mm<\/dd>\n<dt>Profundidade do produto:<\/dt>\n<dd>119 mm<\/dd>\n<dt>Peso do produto:<\/dt>\n<dd>3,134 kg<\/dd>\n<\/dl>\n<\/div>\n<\/section>\n<\/div>\n<\/div>\n<div class=\"row attribute-categories js-hide-row \" data-rowid=\"193\">\n<div class=\"col-sm-12 \" data-columnid=\"314\">\n<section id=\"section_445\" class=\"section section_Content section_445 \" data-lazysection-routevalues=\"{\"sectionid\":445}\" data-lazyload=\"false\" data-action=\"Home\/ContentSection\" data-sectionid=\"445\" data-view=\"Content\/_ContentDetail\">\n<h3>Carater\u00edsticas<\/h3>\n<\/section>\n<section id=\"section_442\" class=\"section section_ProductAttributes section_442 \" data-lazysection-routevalues=\"{\"sectionid\":442}\" data-lazyload=\"false\" data-action=\"ProductDetail\/AttributeSection\" data-sectionid=\"442\" data-view=\"ProductDetail\/_AttributePlaceholders_Single_List\">\n<div class=\"product-additional-content\">\n<dl class=\"dl-horizontal\">\n<dt>Funciona:<\/dt>\n<dd>Controlo de pot\u00eancia, Temporizador repetitivo, Temporizador<\/dd>\n<dt>Tipo de instala\u00e7\u00e3o, parede, teto, etc:<\/dt>\n<dd>Parede<\/dd>\n<dt>Max Watt(W):<\/dt>\n<dd>80 W<\/dd>\n<dt>Tens\u00e3o de alimenta\u00e7\u00e3o (12V-400V):<\/dt>\n<dd>230V AC<\/dd>\n<dt>Fase de alimenta\u00e7\u00e3o el\u00e9ctrica:<\/dt>\n<dd>1 fase<\/dd>\n<dt>Classe de isolamento:<\/dt>\n<dd>I (deve ser ligado \u00e0 terra de forma protetora)<\/dd>\n<dt>Prote\u00e7\u00e3o ( Ip ):<\/dt>\n<dd>IP X4<\/dd>\n<dt>Material:<\/dt>\n<dd>A\u00e7o inoxid\u00e1vel<\/dd>\n<\/dl>\n<\/div>\n<\/section>\n<\/div>\n<\/div>\n<\/section>\n<\/div>\n<\/div>\n<div class=\"content\">\n<div class=\"row js-clear-empty \" data-rowid=\"190\">\n<div class=\"col-sm-12 \" data-columnid=\"308\">\n<div class=\"row attribute-categories js-hide-row \" data-rowid=\"193\">\n<div class=\"col-sm-12 \" data-columnid=\"314\">\n<section id=\"section_442\" class=\"section section_ProductAttributes section_442 \" data-lazysection-routevalues=\"{\"sectionid\":442}\" data-lazyload=\"false\" data-action=\"ProductDetail\/AttributeSection\" data-sectionid=\"442\" data-view=\"ProductDetail\/_AttributePlaceholders_Single_List\">\n<p data-start=\"1829\" data-end=\"2119\">.<\/p>\n<\/section>\n<\/div>\n<\/div>\n<\/div>\n<\/div>\n<\/div>\n","protected":false},"excerpt":{"rendered":"<p>O <strong data-start=\"1504\" data-end=\"1523\">PAX Foxtrot Duo<\/strong> \u00e9 um <strong data-start=\"1559\" data-end=\"1584\">aquecedor de toalhas el\u00e9trico<\/strong> elegante e eficiente, concebido para manter as toalhas secas, quentes e prontas a usar. Com uma pot\u00eancia de 80 W e oito barras arredondadas, \u00e9 ideal para casas de banho maiores, espa\u00e7os familiares ou ambientes tipo spa. Escolha entre acabamento em a\u00e7o inoxid\u00e1vel polido ou preto mate para um visual moderno. O temporizador integrado e as defini\u00e7\u00f5es de pot\u00eancia ajust\u00e1veis facilitam o controlo do aquecimento e do consumo de energia. A liga\u00e7\u00e3o el\u00e9trica dupla flex\u00edvel permite uma instala\u00e7\u00e3o compat\u00edvel com a maioria dos layouts. Toalhas confort\u00e1veis tornam-se uma realidade todos os dias.     <\/p>\n","protected":false},"featured_media":9222,"comment_status":"closed","ping_status":"closed","template":"","meta":{"_et_pb_use_builder":"","_et_pb_old_content":"","_et_gb_content_width":""},"product_brand":[133],"product_cat":[77,78],"product_tag":[],"class_list":{"0":"post-9251","1":"product","2":"type-product","3":"status-publish","4":"has-post-thumbnail","6":"product_brand-pax","7":"product_cat-aquecedores-de-toalhas","8":"product_cat-edicao-preta","9":"product_shipping_class-aquecedor-de-toalhas-envio-gratuito","10":"pa_product-type-toalheiro-aquecido","12":"first","13":"instock","14":"taxable","15":"shipping-taxable","16":"purchasable","17":"product-type-variable"},"jetpack_sharing_enabled":true,"_links":{"self":[{"href":"https:\/\/paxspain.com\/pt-pt\/wp-json\/wp\/v2\/product\/9251","targetHints":{"allow":["GET"]}}],"collection":[{"href":"https:\/\/paxspain.com\/pt-pt\/wp-json\/wp\/v2\/product"}],"about":[{"href":"https:\/\/paxspain.com\/pt-pt\/wp-json\/wp\/v2\/types\/product"}],"replies":[{"embeddable":true,"href":"https:\/\/paxspain.com\/pt-pt\/wp-json\/wp\/v2\/comments?post=9251"}],"wp:featuredmedia":[{"embeddable":true,"href":"https:\/\/paxspain.com\/pt-pt\/wp-json\/wp\/v2\/media\/9222"}],"wp:attachment":[{"href":"https:\/\/paxspain.com\/pt-pt\/wp-json\/wp\/v2\/media?parent=9251"}],"wp:term":[{"taxonomy":"product_brand","embeddable":true,"href":"https:\/\/paxspain.com\/pt-pt\/wp-json\/wp\/v2\/product_brand?post=9251"},{"taxonomy":"product_cat","embeddable":true,"href":"https:\/\/paxspain.com\/pt-pt\/wp-json\/wp\/v2\/product_cat?post=9251"},{"taxonomy":"product_tag","embeddable":true,"href":"https:\/\/paxspain.com\/pt-pt\/wp-json\/wp\/v2\/product_tag?post=9251"}],"curies":[{"name":"wp","href":"https:\/\/api.w.org\/{rel}","templated":true}]}}