{"id":9268,"date":"2025-11-10T17:13:46","date_gmt":"2025-11-10T16:13:46","guid":{"rendered":"https:\/\/paxspain.com\/?post_type=product&#038;p=9268"},"modified":"2026-02-26T18:37:34","modified_gmt":"2026-02-26T17:37:34","slug":"tr65-i-momento-ii-copy","status":"publish","type":"product","link":"https:\/\/paxspain.com\/pt-pt\/produto\/tr65-i-momento-ii-copy\/","title":{"rendered":"TR55 M2 Lite A\u00e7o Inoxid\u00e1vel"},"content":{"rendered":"<div class=\"row attribute-categories js-hide-row \" data-rowid=\"191\">\n<div class=\"col-sm-12 \" data-columnid=\"310\">\n<section id=\"section_437\" class=\"section section_ProductAttributes section_437 \" data-lazysection-routevalues=\"{\"sectionid\":437}\" data-lazyload=\"false\" data-action=\"ProductDetail\/AttributeSection\" data-sectionid=\"437\" data-view=\"ProductDetail\/_AttributePlaceholders_Single_List\">\n<div class=\"product-additional-content\">\n<dl class=\"dl-horizontal\">\n<dt><\/dt>\n<\/dl>\n<p data-start=\"1496\" data-end=\"2129\">O <strong data-start=\"1500\" data-end=\"1516\">TR55 M2 Lite<\/strong> \u00e9 um elegante <strong data-start=\"1529\" data-end=\"1570\">toalheiro el\u00e9trico em a\u00e7o inoxid\u00e1vel<\/strong> concebido para proporcionar conforto di\u00e1rio \u00e0 sua casa de banho. O seu acabamento polido e design de barras retas facilitam pendurar e secar toalhas. O <strong data-start=\"1724\" data-end=\"1749\">temporizador Momento II Lite<\/strong> integrado permite definir um per\u00edodo de aquecimento de 6 horas ou repeti\u00e7\u00e3o di\u00e1ria com um toque longo, para que as suas toalhas estejam quentes quando necessitar. Com uma pot\u00eancia de 38 W e liga\u00e7\u00e3o \u00e0 parede adapt\u00e1vel, a instala\u00e7\u00e3o \u00e9 simples. Dur\u00e1vel, eficiente em termos energ\u00e9ticos e em conformidade com as normas de ecodesign, este toalheiro acrescenta praticidade e estilo \u00e0s casas de banho modernas.    <\/p>\n<dl class=\"dl-horizontal\">\n<dt><\/dt>\n<dt>Art. n:<\/dt>\n<dd>3515-1<\/dd>\n<dt>EAN 13:<\/dt>\n<dd>7391477351515<\/dd>\n<dt>ETIM:<\/dt>\n<dd>EC003624<\/dd>\n<dt>E-nr:<\/dt>\n<dd>9412063<\/dd>\n<dt>RSK:<\/dt>\n<dd>8753168<\/dd>\n<\/dl>\n<\/div>\n<\/section>\n<\/div>\n<\/div>\n<div class=\"row attribute-categories js-hide-row \" data-rowid=\"192\">\n<div class=\"col-sm-12 \" data-columnid=\"312\">\n<section id=\"section_444\" class=\"section section_Content section_444 \" data-lazysection-routevalues=\"{\"sectionid\":444}\" data-lazyload=\"false\" data-action=\"Home\/ContentSection\" data-sectionid=\"444\" data-view=\"Content\/_ContentDetail\">\n<h3>Medidas<\/h3>\n<\/section>\n<section id=\"section_440\" class=\"section section_ProductAttributes section_440 \" data-lazysection-routevalues=\"{\"sectionid\":440}\" data-lazyload=\"false\" data-action=\"ProductDetail\/AttributeSection\" data-sectionid=\"440\" data-view=\"ProductDetail\/_AttributePlaceholders_Single_List\">\n<div class=\"product-additional-content\">\n<dl class=\"dl-horizontal\">\n<dt>Largura do produto:<\/dt>\n<dd>460 mm<\/dd>\n<dt>Altura do produto:<\/dt>\n<dd>740 mm<\/dd>\n<dt>Profundidade do produto:<\/dt>\n<dd>112 mm<\/dd>\n<dt>Peso do produto:<\/dt>\n<dd>2,5 kg<\/dd>\n<\/dl>\n<\/div>\n<\/section>\n<\/div>\n<\/div>\n<div class=\"row attribute-categories js-hide-row \" data-rowid=\"193\">\n<div class=\"col-sm-12 \" data-columnid=\"314\">\n<section id=\"section_445\" class=\"section section_Content section_445 \" data-lazysection-routevalues=\"{\"sectionid\":445}\" data-lazyload=\"false\" data-action=\"Home\/ContentSection\" data-sectionid=\"445\" data-view=\"Content\/_ContentDetail\">\n<h3>Carater\u00edsticas<\/h3>\n<\/section>\n<section id=\"section_442\" class=\"section section_ProductAttributes section_442 \" data-lazysection-routevalues=\"{\"sectionid\":442}\" data-lazyload=\"false\" data-action=\"ProductDetail\/AttributeSection\" data-sectionid=\"442\" data-view=\"ProductDetail\/_AttributePlaceholders_Single_List\">\n<div class=\"product-additional-content\">\n<dl class=\"dl-horizontal\">\n<dt>Funciona:<\/dt>\n<dd>Temporizador repetitivo, Temporizador<\/dd>\n<dt>Tipo de instala\u00e7\u00e3o, parede, teto, etc:<\/dt>\n<dd>Parede<\/dd>\n<dt>Max Watt(W):<\/dt>\n<dd>38 W<\/dd>\n<dt>Tens\u00e3o de alimenta\u00e7\u00e3o (12V-400V):<\/dt>\n<dd>230V AC<\/dd>\n<dt>Fase de alimenta\u00e7\u00e3o el\u00e9ctrica:<\/dt>\n<dd>1 fase<\/dd>\n<dt>Classe de isolamento:<\/dt>\n<dd>II (n\u00e3o deve ser ligado \u00e0 terra de forma protetora)<\/dd>\n<dt>Prote\u00e7\u00e3o ( Ip ):<\/dt>\n<dd>IP 44<\/dd>\n<dt>Termina:<\/dt>\n<dd>Polido<\/dd>\n<dt>Material:<\/dt>\n<dd>Pl\u00e1stico, a\u00e7o inoxid\u00e1vel<\/dd>\n<dt>Detalhe do material pl\u00e1stico:<\/dt>\n<dd>ABS<\/dd>\n<\/dl>\n<\/div>\n<\/section>\n<\/div>\n<\/div>\n","protected":false},"excerpt":{"rendered":"<p>Os aquecedores TR s\u00e3o revers\u00edveis, o que te d\u00e1 v\u00e1rias op\u00e7\u00f5es. Podes decidir se queres um sistema fixo ou rotativo. Para uma instala\u00e7\u00e3o fixa na parede, monta com o suporte de montagem extra fornecido. Estes aquecedores de toalhas s\u00e3o revers\u00edveis e podem ser instalados com a liga\u00e7\u00e3o \u00e0 rede el\u00e9ctrica em qualquer canto, o que torna o TR facilmente posicion\u00e1vel em todos os ambientes.<\/p>\n<p>Escolhe entre tr\u00eas larguras, 460, 500 ou 730 mm, todas com uma altura de 750 mm.<\/p>\n<p>TR vem com Momento II&#x2122; instalado para instala\u00e7\u00e3o el\u00e9ctrica oculta.<\/p>\n<p>O temporizador Momento II&#x2122; incorporado pode ser controlado atrav\u00e9s da aplica\u00e7\u00e3o ou manualmente. Atrav\u00e9s da app, tamb\u00e9m \u00e9 poss\u00edvel definir diferentes n\u00edveis de pot\u00eancia, definir hor\u00e1rios em que o secador de toalhas aquece e emparelhar com a ventoinha de casa de banho Pax Norte.  Depois, o aquecedor de toalhas liga-se automaticamente quando o sensor de humidade do ventilador detecta um aumento do n\u00edvel de humidade, por exemplo, quando come\u00e7as a tomar banho.<\/p>\n","protected":false},"featured_media":9277,"comment_status":"open","ping_status":"closed","template":"","meta":{"_et_pb_use_builder":"","_et_pb_old_content":"","_et_gb_content_width":""},"product_brand":[133],"product_cat":[77],"product_tag":[],"class_list":{"0":"post-9268","1":"product","2":"type-product","3":"status-publish","4":"has-post-thumbnail","6":"product_brand-pax","7":"product_cat-aquecedores-de-toalhas","8":"product_shipping_class-aquecedor-de-toalhas-envio-gratuito","9":"pa_product-type-toalheiro-aquecido","11":"first","12":"instock","13":"taxable","14":"shipping-taxable","15":"purchasable","16":"product-type-simple"},"jetpack_sharing_enabled":true,"_links":{"self":[{"href":"https:\/\/paxspain.com\/pt-pt\/wp-json\/wp\/v2\/product\/9268","targetHints":{"allow":["GET"]}}],"collection":[{"href":"https:\/\/paxspain.com\/pt-pt\/wp-json\/wp\/v2\/product"}],"about":[{"href":"https:\/\/paxspain.com\/pt-pt\/wp-json\/wp\/v2\/types\/product"}],"replies":[{"embeddable":true,"href":"https:\/\/paxspain.com\/pt-pt\/wp-json\/wp\/v2\/comments?post=9268"}],"wp:featuredmedia":[{"embeddable":true,"href":"https:\/\/paxspain.com\/pt-pt\/wp-json\/wp\/v2\/media\/9277"}],"wp:attachment":[{"href":"https:\/\/paxspain.com\/pt-pt\/wp-json\/wp\/v2\/media?parent=9268"}],"wp:term":[{"taxonomy":"product_brand","embeddable":true,"href":"https:\/\/paxspain.com\/pt-pt\/wp-json\/wp\/v2\/product_brand?post=9268"},{"taxonomy":"product_cat","embeddable":true,"href":"https:\/\/paxspain.com\/pt-pt\/wp-json\/wp\/v2\/product_cat?post=9268"},{"taxonomy":"product_tag","embeddable":true,"href":"https:\/\/paxspain.com\/pt-pt\/wp-json\/wp\/v2\/product_tag?post=9268"}],"curies":[{"name":"wp","href":"https:\/\/api.w.org\/{rel}","templated":true}]}}