{"id":9288,"date":"2025-11-10T19:30:20","date_gmt":"2025-11-10T18:30:20","guid":{"rendered":"https:\/\/paxspain.com\/?post_type=product&#038;p=9288"},"modified":"2026-03-18T17:38:10","modified_gmt":"2026-03-18T16:38:10","slug":"viola-550x1200","status":"publish","type":"product","link":"https:\/\/paxspain.com\/pt-pt\/produto\/viola-550x1200\/","title":{"rendered":"Viola 550&#215;1200 (com Momento II separado inclu\u00eddo)"},"content":{"rendered":"<div class=\"row attribute-categories js-hide-row \" data-rowid=\"191\">\n<div class=\"col-sm-12 \" data-columnid=\"310\">\n<section id=\"section_443\" class=\"section section_Content section_443 \" data-lazysection-routevalues=\"{\"sectionid\":443}\" data-lazyload=\"false\" data-action=\"Home\/ContentSection\" data-sectionid=\"443\" data-view=\"Content\/_ContentDetail\">O toalheiro aquecido Viola 550 \u00d7 1200 foi concebido para casas de banho que precisam de um aquecimento de toalhas fi\u00e1vel, sem sobrecarregar o espa\u00e7o. Com propor\u00e7\u00f5es equilibradas, adapta-se a uma vasta gama de layouts, desde casas de banho familiares a suites. O formato vertical oferece um espa\u00e7o generoso para pendurar toalhas, ao mesmo tempo que proporciona um calor de fundo suave \u00e0 divis\u00e3o. Simples no aspeto e pr\u00e1tico na utiliza\u00e7\u00e3o, este toalheiro aquecido \u00e9 uma escolha s\u00f3lida para o conforto di\u00e1rio na casa de banho.   <\/p>\n<h3>C\u00f3digos dos artigos<\/h3>\n<\/section>\n<section id=\"section_579\" class=\"section section_ProductAttributes section_579 \" data-lazysection-routevalues=\"{\"sectionid\":579}\" data-lazyload=\"false\" data-action=\"ProductDetail\/AttributeSection\" data-sectionid=\"579\" data-view=\"ProductDetail\/_AttributePlaceholders_Single_List\">\n<div class=\"product-additional-content\">\n<dl class=\"dl-horizontal\">\n<dt>\n<div class=\"row attribute-categories js-hide-row \" data-rowid=\"191\">\n<div class=\"col-sm-12 \" data-columnid=\"310\">\n<section id=\"section_437\" class=\"section section_ProductAttributes section_437 \" data-lazysection-routevalues=\"{\"sectionid\":437}\" data-lazyload=\"false\" data-action=\"ProductDetail\/AttributeSection\" data-sectionid=\"437\" data-view=\"ProductDetail\/_AttributePlaceholders_Single_List\">\n<div class=\"product-additional-content\">\n<dl class=\"dl-horizontal\">\n<dt>Art. n:<\/dt>\n<dd>24-4307<\/dd>\n<dt>EAN 13:<\/dt>\n<dd>7391477443074<\/dd>\n<dt>ETIM:<\/dt>\n<dd>EC011023<\/dd>\n<dt>E-nr:<\/dt>\n<dd>9411226<\/dd>\n<dt>RSK:<\/dt>\n<dd>8684777<\/dd>\n<\/dl>\n<\/div>\n<\/section>\n<\/div>\n<\/div>\n<div class=\"row attribute-categories js-hide-row \" data-rowid=\"192\">\n<div class=\"col-sm-12 \" data-columnid=\"312\">\n<section id=\"section_444\" class=\"section section_Content section_444 \" data-lazysection-routevalues=\"{\"sectionid\":444}\" data-lazyload=\"false\" data-action=\"Home\/ContentSection\" data-sectionid=\"444\" data-view=\"Content\/_ContentDetail\">\n<h3>Medidas<\/h3>\n<\/section>\n<section id=\"section_440\" class=\"section section_ProductAttributes section_440 \" data-lazysection-routevalues=\"{\"sectionid\":440}\" data-lazyload=\"false\" data-action=\"ProductDetail\/AttributeSection\" data-sectionid=\"440\" data-view=\"ProductDetail\/_AttributePlaceholders_Single_List\">\n<div class=\"product-additional-content\">\n<dl class=\"dl-horizontal\">\n<dt>Largura do produto:<\/dt>\n<dd>550 mm<\/dd>\n<dt>Altura do produto:<\/dt>\n<dd>1200 mm<\/dd>\n<dt>Profundidade do produto:<\/dt>\n<dd>160 mm<\/dd>\n<dt>Peso do produto:<\/dt>\n<dd>10 kg<\/dd>\n<\/dl>\n<\/div>\n<\/section>\n<\/div>\n<\/div>\n<div class=\"row attribute-categories js-hide-row \" data-rowid=\"193\">\n<div class=\"col-sm-12 \" data-columnid=\"314\">\n<section id=\"section_445\" class=\"section section_Content section_445 \" data-lazysection-routevalues=\"{\"sectionid\":445}\" data-lazyload=\"false\" data-action=\"Home\/ContentSection\" data-sectionid=\"445\" data-view=\"Content\/_ContentDetail\">\n<h3>Carater\u00edsticas<\/h3>\n<\/section>\n<section id=\"section_442\" class=\"section section_ProductAttributes section_442 \" data-lazysection-routevalues=\"{\"sectionid\":442}\" data-lazyload=\"false\" data-action=\"ProductDetail\/AttributeSection\" data-sectionid=\"442\" data-view=\"ProductDetail\/_AttributePlaceholders_Single_List\">\n<div class=\"product-additional-content\">\n<dl class=\"dl-horizontal\">\n<dt>Tipo de instala\u00e7\u00e3o, parede, teto, etc:<\/dt>\n<dd>Parede<\/dd>\n<dt>Termina:<\/dt>\n<dd>Polido<\/dd>\n<dt>Material:<\/dt>\n<dd>A\u00e7o inoxid\u00e1vel<\/dd>\n<\/dl>\n<\/div>\n<\/section>\n<\/div>\n<\/div>\n<\/dt>\n<\/dl>\n<\/div>\n<\/section>\n<\/div>\n<\/div>\n","protected":false},"excerpt":{"rendered":"<p>Viola \u00e9 perfeita para casas de banho que precisam de um aquecedor de toalhas com bom aspeto. Tubos laterais quadrados e tubos horizontais redondos em a\u00e7o inoxid\u00e1vel polido. <\/p>\n<p>Os aquecedores combinados Pax s\u00e3o enchidos com \u00e1gua no momento da instala\u00e7\u00e3o e s\u00e3o aquecidos com um elemento el\u00e9trico Pax com o temporizador Momento II&#x2122; exclusivo e\/ou atrav\u00e9s da liga\u00e7\u00e3o ao seu sistema de aquecimento fechado existente atrav\u00e9s da v\u00e1lvula do radiador.<\/p>\n<p>Largura: 550 mm<br \/>\nAltura: 1200 mm<br \/>\nAcabamento: Brilhante<br \/>\nMaterial: A\u00e7o inoxid\u00e1vel<br \/>\nPonto de liga\u00e7\u00e3o: Inferior, direita\/esquerda<br \/>\nFornecido: N\u00e3o preenchido com acess\u00f3rios de suspens\u00e3o, parafusos, buchas, buchas cegas e v\u00e1lvula de arejamento.<\/p>\n<p><strong>Vem com elemento el\u00e9trico e temporizador Pax Momento II&#x2122; separados (VG28-1012P).<\/strong><\/p>\n<p><img loading=\"lazy\" decoding=\"async\" class=\"alignnone size-medium wp-image-6515\" src=\"https:\/\/paxspain.com\/wp-content\/uploads\/2024\/12\/Momento-2-300x300.jpeg\" alt=\"\" width=\"300\" height=\"300\"><\/p>\n","protected":false},"featured_media":9294,"comment_status":"closed","ping_status":"closed","template":"","meta":{"_et_pb_use_builder":"","_et_pb_old_content":"","_et_gb_content_width":""},"product_brand":[133],"product_cat":[77],"product_tag":[],"class_list":{"0":"post-9288","1":"product","2":"type-product","3":"status-publish","4":"has-post-thumbnail","6":"product_brand-pax","7":"product_cat-aquecedores-de-toalhas","8":"product_shipping_class-aquecedor-de-toalhas-envio-gratuito","9":"pa_product-type-toalheiro-aquecido","11":"first","12":"instock","13":"taxable","14":"shipping-taxable","15":"purchasable","16":"product-type-simple"},"jetpack_sharing_enabled":true,"_links":{"self":[{"href":"https:\/\/paxspain.com\/pt-pt\/wp-json\/wp\/v2\/product\/9288","targetHints":{"allow":["GET"]}}],"collection":[{"href":"https:\/\/paxspain.com\/pt-pt\/wp-json\/wp\/v2\/product"}],"about":[{"href":"https:\/\/paxspain.com\/pt-pt\/wp-json\/wp\/v2\/types\/product"}],"replies":[{"embeddable":true,"href":"https:\/\/paxspain.com\/pt-pt\/wp-json\/wp\/v2\/comments?post=9288"}],"wp:featuredmedia":[{"embeddable":true,"href":"https:\/\/paxspain.com\/pt-pt\/wp-json\/wp\/v2\/media\/9294"}],"wp:attachment":[{"href":"https:\/\/paxspain.com\/pt-pt\/wp-json\/wp\/v2\/media?parent=9288"}],"wp:term":[{"taxonomy":"product_brand","embeddable":true,"href":"https:\/\/paxspain.com\/pt-pt\/wp-json\/wp\/v2\/product_brand?post=9288"},{"taxonomy":"product_cat","embeddable":true,"href":"https:\/\/paxspain.com\/pt-pt\/wp-json\/wp\/v2\/product_cat?post=9288"},{"taxonomy":"product_tag","embeddable":true,"href":"https:\/\/paxspain.com\/pt-pt\/wp-json\/wp\/v2\/product_tag?post=9288"}],"curies":[{"name":"wp","href":"https:\/\/api.w.org\/{rel}","templated":true}]}}